{"id":15160,"date":"2025-10-20T20:36:55","date_gmt":"2025-10-20T17:36:55","guid":{"rendered":"https:\/\/excursionsworld.com\/?post_type=product&#038;p=15160"},"modified":"2026-04-24T01:26:56","modified_gmt":"2026-04-23T22:26:56","slug":"quad-safari-alanya","status":"publish","type":"product","link":"https:\/\/excursionsworld.com\/tours\/alanya-quad-safari\/","title":{"rendered":"Excursion en quad Safari \u00e0 Alanya \u2013 Aventure off-road"},"content":{"rendered":"<h2><span style=\"color: #000000;\"><strong>\ud83c\udfdd\ufe0f Vue d'ensemble<\/strong><\/span><\/h2>\n<p>Allumez votre sens de l'aventure avec le <strong><a href=\"https:\/\/en.wikipedia.org\/wiki\/Alanya\" target=\"_blank\" rel=\"noopener\">Alanya<\/a> Safari en quad<\/strong>! Explorez les contreforts couverts de pins des montagnes du Taurus au cours d'un parcours en quad tout-terrain de 20 km et d'une dur\u00e9e de 2 heures. Adapt\u00e9 \u00e0 tous les niveaux d'exp\u00e9rience, ce circuit combine adr\u00e9naline, nature et plaisir inoubliable.<\/p>\n<h3><span style=\"color: #000000;\"><strong>\u00a0Inclus :<\/strong><\/span><\/h3>\n<p><strong><span style=\"color: #00ff00;\">\u2713<\/span><\/strong> Prise en charge et retour \u00e0 l'h\u00f4tel \u00e0 Alanya<br \/>\n<strong><span style=\"color: #00ff00;\">\u2713 <\/span><\/strong>Guides et instructeurs professionnels<br \/>\n<strong><span style=\"color: #00ff00;\">\u2713 <\/span><\/strong>Casque et \u00e9quipement de s\u00e9curit\u00e9<br \/>\n<strong><span style=\"color: #00ff00;\">\u2713 <\/span><\/strong>Randonn\u00e9e en quad de 2 heures (parcours de 20 km)<\/p>\n<h3>\u00a0<span style=\"color: #000000;\"><strong>Non inclus :<\/strong><\/span><\/h3>\n<p><span style=\"color: #ff0000;\"><strong>\u2717<\/strong><\/span> D\u00e9penses personnelles<br \/>\n<span style=\"color: #ff0000;\"><strong>\u2717 <\/strong><\/span>Boissons<br \/>\n<span style=\"color: #ff0000;\"><strong>\u2717 <\/strong><\/span>Photos et vid\u00e9os professionnelles<\/p>\n<h2><span style=\"color: #000000;\"><strong>\ud83c\udf1f Points forts de la visite<\/strong><\/span><\/h2>\n<p>\ud83d\udd39 Excursion de 20 km hors route dans les montagnes du Taurus<br \/>\n\ud83d\udd39 Sentiers forestiers, chemins rocailleux et cours d'eau<br \/>\n\ud83d\udd39 Des paysages naturels \u00e9poustouflants et des occasions de prendre des photos<br \/>\n\ud83d\udd39 Convient aux d\u00e9butants et \u00e0 tous les niveaux de comp\u00e9tence<br \/>\n\ud83d\udd39 Pauses rafra\u00eechissantes pendant le trajet<\/p>\n<h2><span style=\"color: #000000;\"><strong>\ud83d\udcd6 Description compl\u00e8te<\/strong><\/span><\/h2>\n<p>L'aventure commence par un transfert de l'h\u00f4tel d'Alanya et des environs \u00e0 la base de quad, situ\u00e9e dans une zone foresti\u00e8re pittoresque au bord d'une rivi\u00e8re. Apr\u00e8s un briefing complet sur la s\u00e9curit\u00e9, les instructeurs vous proposent un court essai pour vous familiariser avec les quads enti\u00e8rement automatiques. Ensuite, vous partirez pour une randonn\u00e9e palpitante de 20 km \u00e0 travers les sentiers forestiers, les chemins boueux et les collines des monts Taurus. Des pauses sont pr\u00e9vues pour se d\u00e9tendre, admirer le paysage et prendre des photos. Des instructeurs vous accompagnent pour vous aider en cas de besoin. Apr\u00e8s la randonn\u00e9e, retournez \u00e0 la base et profitez d'un transfert confortable vers votre h\u00f4tel.<\/p>\n<h3><span style=\"color: #000000;\"><strong>\ud83d\uddfa\ufe0f Itin\u00e9raire de la visite<\/strong><\/span><\/h3>\n<p>\ud83d\udd39 Prise en charge \u00e0 partir des h\u00f4tels\/appartements d'Alanya<br \/>\n\ud83d\udd39 Arriv\u00e9e \u00e0 la station de safari quadruple<br \/>\n\ud83d\udd39 Briefing sur la s\u00e9curit\u00e9 et mise en place de l'\u00e9quipement<br \/>\n\ud83d\udd39 Court essai pour se familiariser avec le quad<br \/>\n\ud83d\udd39 Randonn\u00e9e guid\u00e9e de 20 km \u00e0 travers les montagnes et les sentiers forestiers<br \/>\n\ud83d\udd39 Pauses pour prendre des photos, se rafra\u00eechir et se d\u00e9tendre<br \/>\nRetour \u00e0 la base de quad et d\u00e9p\u00f4t \u00e0 l'h\u00f4tel<\/p>\n<h3><span style=\"color: #000000;\"><strong>\u2139\ufe0f Informations utiles<\/strong><\/span><\/h3>\n<p>Dur\u00e9e : Environ 3 heures<br \/>\nDur\u00e9e du trajet : 2 heures (parcours de 20 km)<br \/>\n\ud83d\udd39 Pas d'exp\u00e9rience pr\u00e9alable ni de permis de conduire requis<br \/>\n\ud83d\udd39 \u00c2ge minimum du conducteur : 17 ans<br \/>\n\ud83d\udd39 Quads automatiques, faciles \u00e0 utiliser<br \/>\n\ud83d\udd39 Niveau d'activit\u00e9 physique mod\u00e9r\u00e9 \u00e0 \u00e9lev\u00e9<\/p>\n<h2><span style=\"color: #000000;\"><strong>\ud83c\udf92 Ce qu'il faut apporter<\/strong><\/span><\/h2>\n<p>\ud83d\udd39 V\u00eatements et chaussures confortables (s'attendre \u00e0 \u00eatre poussi\u00e9reux)<br \/>\nLunettes de soleil et bandana pour se prot\u00e9ger de la poussi\u00e8re<br \/>\n\ud83d\udd39 Cr\u00e8me solaire<br \/>\n\ud83d\udd39 Argent liquide pour les d\u00e9penses personnelles (boissons, photos, etc.)<\/p>\n<h3><span style=\"color: #000000;\"><strong>\ud83d\udeab Ne convient pas pour<\/strong><\/span><\/h3>\n<p>\ud83d\udd39 Femmes enceintes<br \/>\n\ud83d\udd39 Invit\u00e9s sous l'emprise de l'alcool<br \/>\n\ud83d\udd39 Personnes \u00e0 mobilit\u00e9 r\u00e9duite<\/p>\n<h2 dir=\"ltr\">\ud83d\udcb8\u00a0<strong>Prix et r\u00e9servation<\/strong><\/h2>\n<p dir=\"ltr\"><strong>\ud83d\udd39 R\u00e9server maintenant, payer le jour de la visite<\/strong><br \/>\n\ud83d\udd39 Contactez-nous via WhatsApp, Telegram, Viber, ou remplissez le formulaire de r\u00e9servation ci-dessous. \ud83d\udc47\ud83c\udffc<\/p>\n<p>\u00c0 la recherche d'alternatives ? Parcourir <a href=\"https:\/\/excursionsworld.com\/fr\/excursions-a-alanya\/\">plus de visites \u00e0 Alanya<\/a>.<\/p>","protected":false},"excerpt":{"rendered":"<p data-start=\"2866\" data-end=\"3089\">R\u00e9servez votre <b>Alanya Quad Safari Tour<\/b>! Profitez d'un <b>2-hour ATV trip<\/b> in the <b>Monts Taurus<\/b>. <b>Off-Road<\/b> adventure and <b>adrenaline excursion<\/b>. <b>Transfert inclus<\/b>, no license needed.<\/p>","protected":false},"featured_media":15085,"comment_status":"open","ping_status":"closed","template":"","meta":[],"product_brand":[],"product_cat":[128],"product_tag":[111],"class_list":{"0":"post-15160","1":"product","2":"type-product","3":"status-publish","4":"has-post-thumbnail","6":"tour_phys-alanya-tours","7":"product_cat-alanya-tours","8":"product_tag-alanya","9":"pa_destination-alanya-tours","11":"first","12":"instock","13":"sale","14":"shipping-taxable","15":"purchasable","16":"product-type-tour_phys"},"aioseo_notices":[],"_links":{"self":[{"href":"https:\/\/excursionsworld.com\/fr\/wp-json\/wp\/v2\/product\/15160","targetHints":{"allow":["GET"]}}],"collection":[{"href":"https:\/\/excursionsworld.com\/fr\/wp-json\/wp\/v2\/product"}],"about":[{"href":"https:\/\/excursionsworld.com\/fr\/wp-json\/wp\/v2\/types\/product"}],"replies":[{"embeddable":true,"href":"https:\/\/excursionsworld.com\/fr\/wp-json\/wp\/v2\/comments?post=15160"}],"wp:featuredmedia":[{"embeddable":true,"href":"https:\/\/excursionsworld.com\/fr\/wp-json\/wp\/v2\/media\/15085"}],"wp:attachment":[{"href":"https:\/\/excursionsworld.com\/fr\/wp-json\/wp\/v2\/media?parent=15160"}],"wp:term":[{"taxonomy":"product_brand","embeddable":true,"href":"https:\/\/excursionsworld.com\/fr\/wp-json\/wp\/v2\/product_brand?post=15160"},{"taxonomy":"product_cat","embeddable":true,"href":"https:\/\/excursionsworld.com\/fr\/wp-json\/wp\/v2\/product_cat?post=15160"},{"taxonomy":"product_tag","embeddable":true,"href":"https:\/\/excursionsworld.com\/fr\/wp-json\/wp\/v2\/product_tag?post=15160"}],"curies":[{"name":"wp","href":"https:\/\/api.w.org\/{rel}","templated":true}]}}