{"id":15167,"date":"2025-10-21T14:40:32","date_gmt":"2025-10-21T11:40:32","guid":{"rendered":"https:\/\/excursionsworld.com\/?post_type=product&#038;p=15167"},"modified":"2026-04-24T01:26:57","modified_gmt":"2026-04-23T22:26:57","slug":"alanya-peche-en-mer","status":"publish","type":"product","link":"https:\/\/excursionsworld.com\/tours\/alanya-sea-fishing\/","title":{"rendered":"Alanya : P\u00eache en mer en bateau \u2013 Tout inclus"},"content":{"rendered":"<h2><span style=\"color: #000000;\"><strong>\ud83c\udfdd\ufe0f Vue d'ensemble<\/strong><\/span><\/h2>\n<p>Rejoindre le <a href=\"https:\/\/en.wikipedia.org\/wiki\/Alanya\" target=\"_blank\" rel=\"noopener\">Alanya<\/a> Excursion de p\u00eache et vivez le m\u00e9lange parfait de p\u00eache, de d\u00e9tente et de beaut\u00e9 m\u00e9diterran\u00e9enne ! Que vous soyez un p\u00eacheur d\u00e9butant ou exp\u00e9riment\u00e9, cette paisible excursion en bateau vous offre la chance de p\u00eacher, de nager et de vous d\u00e9tendre tout en naviguant le long du magnifique littoral d'Alanya.<\/p>\n<h3><span style=\"color: #000000;\"><strong>\u00a0Inclus :<\/strong><\/span><\/h3>\n<p><span style=\"color: #00ff00;\"><strong>\u2713<\/strong> <\/span>Prise en charge et retour \u00e0 l'h\u00f4tel<br \/>\n<span style=\"color: #00ff00;\"><strong>\u2713<\/strong> <\/span>Capitaine et p\u00eacheur professionnel<br \/>\n<span style=\"color: #00ff00;\"><strong>\u2713<\/strong> <\/span>Tout le mat\u00e9riel de p\u00eache (canne \u00e0 p\u00eache, app\u00e2t, ligne)<br \/>\n<span style=\"color: #00ff00;\"><strong>\u2713<\/strong> <\/span>D\u00e9jeuner servi \u00e0 bord<br \/>\n<span style=\"color: #00ff00;\"><strong>\u2713<\/strong> <\/span>Boissons non alcoolis\u00e9es<br \/>\n<span style=\"color: #00ff00;\"><strong>\u2713<\/strong> <\/span>Couverture d'assurance compl\u00e8te<\/p>\n<h3>\u00a0<span style=\"color: #000000;\"><strong>Non inclus :<\/strong><\/span><\/h3>\n<p><span style=\"color: #ff0000;\"><strong>\u2717<\/strong> <\/span>Boissons alcoolis\u00e9es<br \/>\n<span style=\"color: #ff0000;\"><strong>\u2717<\/strong> <\/span>D\u00e9penses personnelles<\/p>\n<h2><span style=\"color: #000000;\"><strong>\ud83c\udf1f Points forts de la visite<\/strong><\/span><\/h2>\n<p>\ud83d\udd39 Excursion en bateau en petit groupe pour une exp\u00e9rience de p\u00eache paisible<br \/>\n\ud83d\udd39 Attraper des poissons tels que le bar, la daurade, le thon et le corail.<br \/>\n\ud83d\udd39 Profitez des pauses baignade et bronzage dans les eaux claires de la M\u00e9diterran\u00e9e<br \/>\n\ud83d\udd39 D\u00e9jeuner d\u00e9licieux et boissons non alcoolis\u00e9es servis \u00e0 bord<br \/>\n\ud83d\udd39 P\u00eacheur local professionnel pour vous aider et vous guider<br \/>\n\ud83d\udd39 Parfait pour les couples, les familles et les amoureux de la nature<\/p>\n<h2><span style=\"color: #000000;\"><strong>\ud83d\udcd6 Description compl\u00e8te<\/strong><\/span><\/h2>\n<p>Votre voyage commence par une prise en charge confortable \u00e0 votre h\u00f4tel d'Alanya et un transfert vers le port de Turkler. Apr\u00e8s avoir embarqu\u00e9 sur le bateau de p\u00eache, vous rencontrerez votre capitaine et un p\u00eacheur exp\u00e9riment\u00e9 qui vous pr\u00e9sentera l'\u00e9quipement et vous expliquera les principes de base.<br \/>\nLorsque vous vous dirigez vers le large, lancez votre ligne dans les eaux riches de la M\u00e9diterran\u00e9e o\u00f9 une vari\u00e9t\u00e9 de poissons vous attend - y compris le bar, la bonite et le m\u00e9rou. Si vous attrapez quelque chose, vous pourrez m\u00eame griller et d\u00e9guster votre poisson directement sur le bateau ! Entre les sessions de p\u00eache, faites des pauses pour vous rafra\u00eechir ou pour vous d\u00e9tendre au soleil. Avec le bruit paisible des vagues et la douce brise marine, cette excursion est l'\u00e9chappatoire parfaite \u00e0 la vie urbaine tr\u00e9pidante.<\/p>\n<h3><span style=\"color: #000000;\"><strong>\ud83d\uddfa\ufe0f Itin\u00e9raire de la visite<\/strong><\/span><\/h3>\n<p>\ud83d\udd39 Prise en charge \u00e0 partir d'h\u00f4tels et d'appartements \u00e0 Alanya<br \/>\n\ud83d\udd39 Arriv\u00e9e au port de Turkler<br \/>\n\ud83d\udd39 D\u00e9part en haute mer et d\u00e9but de la p\u00eache<br \/>\n\ud83d\udd39 P\u00eache, baignade et pauses d\u00e9tente<br \/>\n\ud83d\udd39 D\u00e9jeuner servi \u00e0 bord<br \/>\n\ud83d\udd39 Retour au port d'Alanya<br \/>\nRetour \u00e0 l'h\u00f4tel<\/p>\n<h3><span style=\"color: #000000;\"><strong>\u2139\ufe0f Informations utiles<\/strong><\/span><\/h3>\n<p>Dur\u00e9e : Environ 5 heures (transferts compris)<br \/>\n\ud83d\udd39 Heure de d\u00e9part : S\u00e9ances du matin (09:00) et de l'apr\u00e8s-midi (14:00) disponibles.<br \/>\n\ud83d\udd39 Equipement du bateau : WC et douche disponibles \u00e0 bord<br \/>\n\ud83d\udd39 Recommand\u00e9 : pr\u00e9voir cr\u00e8me solaire, chapeau, serviette et maillot de bain.<br \/>\n\ud83d\udd39 Taille du groupe : petits groupes pour plus de confort et une exp\u00e9rience personnalis\u00e9e<\/p>\n<h2><strong>\ud83c\udf92 Ce qu'il faut apporter<\/strong><\/h2>\n<p>Maillot de bain et serviette de bain<br \/>\n\ud83d\udd39 Cr\u00e8me solaire et chapeau<br \/>\n\ud83d\udd39 Lunettes de soleil<br \/>\n\ud83d\udd39 Appareil photo ou t\u00e9l\u00e9phone pour les photos<\/p>\n<h3><span style=\"color: #000000;\"><strong>\ud83d\udeab Ne convient pas pour<\/strong><\/span><\/h3>\n<p>\ud83d\udd39 Les h\u00f4tes souffrant d'un grave mal des transports<br \/>\n\ud83d\udd39 Personnes \u00e0 mobilit\u00e9 r\u00e9duite<\/p>\n<h2 dir=\"ltr\">\ud83d\udcb8\u00a0<strong>Prix et r\u00e9servation<\/strong><\/h2>\n<p dir=\"ltr\"><strong>\ud83d\udd39 R\u00e9server maintenant, payer le jour de la visite<\/strong><br \/>\n\ud83d\udd39 Contactez-nous via WhatsApp, Telegram, Viber, ou remplissez le formulaire de r\u00e9servation ci-dessous. \ud83d\udc47\ud83c\udffc<\/p>\n<p>\u00c0 la recherche d'alternatives ? Parcourir <a href=\"https:\/\/excursionsworld.com\/fr\/excursions-a-alanya\/\">plus de visites \u00e0 Alanya<\/a>.<\/p>","protected":false},"excerpt":{"rendered":"<p data-start=\"171\" data-end=\"381\">R\u00e9servez votre <b>Excursion de p\u00eache \u00e0 Alanya<\/b>! Profitez d'un moment de d\u00e9tente <b>Voyage de p\u00eache<\/b> et nager sur un bateau de la M\u00e9diterran\u00e9e <b>excursion<\/b>. Mat\u00e9riel, d\u00e9jeuner et <b>transfert inclus<\/b>. Amateurs bienvenus !<\/p>","protected":false},"featured_media":15809,"comment_status":"open","ping_status":"closed","template":"","meta":[],"product_brand":[],"product_cat":[128],"product_tag":[111],"class_list":{"0":"post-15167","1":"product","2":"type-product","3":"status-publish","4":"has-post-thumbnail","6":"tour_phys-alanya-tours","7":"product_cat-alanya-tours","8":"product_tag-alanya","9":"pa_destination-alanya-tours","11":"first","12":"instock","13":"sale","14":"shipping-taxable","15":"purchasable","16":"product-type-tour_phys"},"aioseo_notices":[],"_links":{"self":[{"href":"https:\/\/excursionsworld.com\/fr\/wp-json\/wp\/v2\/product\/15167","targetHints":{"allow":["GET"]}}],"collection":[{"href":"https:\/\/excursionsworld.com\/fr\/wp-json\/wp\/v2\/product"}],"about":[{"href":"https:\/\/excursionsworld.com\/fr\/wp-json\/wp\/v2\/types\/product"}],"replies":[{"embeddable":true,"href":"https:\/\/excursionsworld.com\/fr\/wp-json\/wp\/v2\/comments?post=15167"}],"wp:featuredmedia":[{"embeddable":true,"href":"https:\/\/excursionsworld.com\/fr\/wp-json\/wp\/v2\/media\/15809"}],"wp:attachment":[{"href":"https:\/\/excursionsworld.com\/fr\/wp-json\/wp\/v2\/media?parent=15167"}],"wp:term":[{"taxonomy":"product_brand","embeddable":true,"href":"https:\/\/excursionsworld.com\/fr\/wp-json\/wp\/v2\/product_brand?post=15167"},{"taxonomy":"product_cat","embeddable":true,"href":"https:\/\/excursionsworld.com\/fr\/wp-json\/wp\/v2\/product_cat?post=15167"},{"taxonomy":"product_tag","embeddable":true,"href":"https:\/\/excursionsworld.com\/fr\/wp-json\/wp\/v2\/product_tag?post=15167"}],"curies":[{"name":"wp","href":"https:\/\/api.w.org\/{rel}","templated":true}]}}