{"id":15187,"date":"2025-10-21T19:01:50","date_gmt":"2025-10-21T16:01:50","guid":{"rendered":"https:\/\/excursionsworld.com\/?post_type=product&#038;p=15187"},"modified":"2025-11-22T17:37:36","modified_gmt":"2025-11-22T14:37:36","slug":"alanya-plongee-snorkeling","status":"publish","type":"product","link":"https:\/\/excursionsworld.com\/tours\/alanya-scuba-diving-snorkeling\/","title":{"rendered":"Plong\u00e9e &amp; snorkeling \u00e0 Alanya \u2013 tour scuba diving"},"content":{"rendered":"<h3 dir=\"ltr\" data-pm-slice=\"1 1 []\"><strong>\ud83c\udf0a Vue d'ensemble<\/strong><\/h3>\n<p data-start=\"218\" data-end=\"479\">Plongez dans le monde sous-marin fascinant de Side et d\u00e9couvrez le plus grand mus\u00e9e sous-marin d'Europe ! Parfaite pour les d\u00e9butants comme pour les plongeurs certifi\u00e9s, cette excursion propose deux plong\u00e9es guid\u00e9es, un d\u00e9licieux d\u00e9jeuner \u00e0 bord et des transferts vers l'h\u00f4tel, le tout en une journ\u00e9e inoubliable.<\/p>\n<h3 data-start=\"481\" data-end=\"496\"><span style=\"color: #000000;\"><strong>\u00a0Inclus :<\/strong><\/span><\/h3>\n<p data-start=\"498\" data-end=\"664\"><span style=\"color: #00ff00;\"><strong>\u2713<\/strong> <\/span>Prise en charge et retour \u00e0 l'h\u00f4tel<br data-start=\"525\" data-end=\"528\" \/><span style=\"color: #00ff00;\"><strong>\u2713<\/strong> <\/span>Assurance compl\u00e8te<br data-start=\"544\" data-end=\"547\" \/><span style=\"color: #00ff00;\"><strong>\u2713<\/strong> <\/span>Instructeurs de plong\u00e9e professionnels<br data-start=\"580\" data-end=\"583\" \/><span style=\"color: #00ff00;\"><strong>\u2713<\/strong> <\/span>\u00c9quipement de plong\u00e9e complet<br data-start=\"606\" data-end=\"609\" \/><span style=\"color: #00ff00;\"><strong>\u2713<\/strong> <\/span>Deux plong\u00e9es (Mus\u00e9e sous-marin)<br data-start=\"640\" data-end=\"643\" \/><span style=\"color: #00ff00;\"><strong>\u2713<\/strong> <\/span>D\u00e9jeuner sur le bateau<\/p>\n<h3 data-start=\"666\" data-end=\"685\">\u00a0<span style=\"color: #000000;\"><strong>Non inclus :<\/strong><\/span><\/h3>\n<p data-start=\"687\" data-end=\"719\"><strong><span style=\"color: #ff0000;\">\u2717<\/span> <\/strong>D\u00e9penses personnelles<br data-start=\"706\" data-end=\"709\" \/><strong><span style=\"color: #ff0000;\">\u2717<\/span> <\/strong>Boissons<\/p>\n<h3 data-start=\"721\" data-end=\"744\"><span style=\"color: #000000;\"><strong>\ud83c\udf1f Points forts de la visite<\/strong><\/span><\/h3>\n<p data-start=\"746\" data-end=\"990\">\ud83d\udd39 Explorez le plus grand mus\u00e9e sous-marin d'Europe<br data-start=\"791\" data-end=\"794\" \/>\ud83d\udd39 Deux plong\u00e9es guid\u00e9es par des instructeurs certifi\u00e9s<br data-start=\"844\" data-end=\"847\" \/>\ud83d\udd39 Parfait pour les d\u00e9butants et les plongeurs exp\u00e9riment\u00e9s<br data-start=\"899\" data-end=\"902\" \/>\ud83d\udd39 D\u00e9tente et d\u00e9jeuner \u00e0 bord entre les plong\u00e9es<br data-start=\"948\" data-end=\"951\" \/>Transfert gratuit depuis tous les h\u00f4tels de la r\u00e9gion<\/p>\n<h3 data-start=\"992\" data-end=\"1016\"><span style=\"color: #000000;\"><strong>\ud83d\udcd6 Description compl\u00e8te<\/strong><\/span><\/h3>\n<p data-start=\"1018\" data-end=\"1480\">Commencez votre journ\u00e9e par une prise en charge \u00e0 l'h\u00f4tel vers 09h00 et dirigez-vous vers Side Harbour. Apr\u00e8s l'embarquement, vous recevrez une formation compl\u00e8te et des instructions de s\u00e9curit\u00e9 de la part d'instructeurs professionnels. Profitez de deux plong\u00e9es au mus\u00e9e sous-marin - chaque plong\u00e9e dure 20 minutes pour les d\u00e9butants et jusqu'\u00e0 40 minutes pour les plongeurs certifi\u00e9s. Entre les plong\u00e9es, profitez d'un d\u00e9jeuner fra\u00eechement pr\u00e9par\u00e9 \u00e0 bord et d\u00e9tendez-vous au soleil. Apr\u00e8s la deuxi\u00e8me plong\u00e9e, retour au port et retour \u00e0 l'h\u00f4tel vers 16h00.<\/p>\n<h3 data-start=\"1482\" data-end=\"1505\"><span style=\"color: #000000;\"><strong>\ud83d\uddfa\ufe0f Itin\u00e9raire de la visite<\/strong><\/span><\/h3>\n<p data-start=\"1507\" data-end=\"1764\">\ud83d\udd39 09:00 - Prise en charge \u00e0 l'h\u00f4tel<br data-start=\"1530\" data-end=\"1533\" \/>\ud83d\udd39 Arriv\u00e9e \u00e0 Side Harbour et embarquement<br data-start=\"1570\" data-end=\"1573\" \/>\ud83d\udd39 Navigation vers le site de plong\u00e9e<br data-start=\"1600\" data-end=\"1603\" \/>\ud83d\udd39 Briefing sur la formation et la s\u00e9curit\u00e9<br data-start=\"1634\" data-end=\"1637\" \/>\ud83d\udd39 Premi\u00e8re plong\u00e9e (20-40 minutes)<br data-start=\"1666\" data-end=\"1669\" \/>\ud83d\udd39 D\u00e9jeuner sur le bateau<br data-start=\"1689\" data-end=\"1692\" \/>\ud83d\udd39 Deuxi\u00e8me plong\u00e9e (20-40 minutes)<br data-start=\"1722\" data-end=\"1725\" \/>Retour au port et d\u00e9p\u00f4t \u00e0 l'h\u00f4tel<\/p>\n<h3 data-start=\"1766\" data-end=\"1792\"><span style=\"color: #000000;\"><strong>\u2139\ufe0f Informations utiles<\/strong><\/span><\/h3>\n<p data-start=\"1794\" data-end=\"1938\">\ud83d\udd39 Disponible tous les jours<br data-start=\"1816\" data-end=\"1819\" \/>\ud83d\udd39 \u00c2ge minimum pour plonger : 14 ans<br data-start=\"1850\" data-end=\"1853\" \/>\ud83d\udd39 Les non-plongeurs peuvent s'inscrire \u00e0 moiti\u00e9 prix<br data-start=\"1890\" data-end=\"1893\" \/>\ud83d\udd39 Ne pas oublier : maillot de bain, serviette, cr\u00e8me solaire<\/p>\n<h3 data-start=\"2037\" data-end=\"2058\"><span style=\"color: #000000;\"><strong>\ud83c\udf92 Ce qu'il faut apporter<\/strong><\/span><\/h3>\n<p data-start=\"2060\" data-end=\"2158\">Maillot de bain et serviette de bain<br data-start=\"2081\" data-end=\"2084\" \/>\ud83d\udd39 Cr\u00e8me solaire et chapeau<br data-start=\"2104\" data-end=\"2107\" \/>\ud83d\udd39 V\u00eatements confortables<br data-start=\"2129\" data-end=\"2132\" \/>\ud83d\udd39 Un peu d'argent pour les extras<\/p>\n<h3 data-start=\"1940\" data-end=\"1964\"><span style=\"color: #000000;\"><strong>\ud83d\udeab Ne convient pas pour<\/strong><\/span><\/h3>\n<p data-start=\"1966\" data-end=\"2035\">\ud83d\udd39 Femmes enceintes<br data-start=\"1983\" data-end=\"1986\" \/>\ud83d\udd39 Les h\u00f4tes souffrant de graves probl\u00e8mes de dos ou de c\u0153ur<\/p>\n<h3 dir=\"ltr\">\ud83d\udcb8\u00a0<strong>Prix et r\u00e9servation<\/strong><\/h3>\n<p dir=\"ltr\"><strong>\ud83d\udd39 R\u00e9server maintenant, payer le jour de la visite<\/strong><br \/>\n\ud83d\udd39 Contactez-nous via WhatsApp, Telegram, Viber, ou remplissez le formulaire de r\u00e9servation ci-dessous. \ud83d\udc47\ud83c\udffc<\/p>","protected":false},"excerpt":{"rendered":"<p>R\u00e9server le <b>Tour de plong\u00e9e sous-marine \u00e0 Alanya<\/b>! D\u00e9couvrez le monde sous-marin avec <b>deux plong\u00e9es<\/b> pr\u00e8s de <b>Ch\u00e2teau d'Alanya<\/b>. <b>Excursion<\/b> pour <b>d\u00e9butants<\/b> et les plongeurs certifi\u00e9s. <b>Transfert inclus<\/b>!<\/p>","protected":false},"featured_media":15811,"comment_status":"open","ping_status":"closed","template":"","meta":[],"product_brand":[],"product_cat":[128],"product_tag":[111],"class_list":{"0":"post-15187","1":"product","2":"type-product","3":"status-publish","4":"has-post-thumbnail","6":"tour_phys-alanya-tours","7":"product_cat-alanya-tours","8":"product_tag-alanya","9":"pa_destination-alanya-tours","11":"first","12":"instock","13":"sale","14":"shipping-taxable","15":"purchasable","16":"product-type-tour_phys"},"aioseo_notices":[],"_links":{"self":[{"href":"https:\/\/excursionsworld.com\/fr\/wp-json\/wp\/v2\/product\/15187","targetHints":{"allow":["GET"]}}],"collection":[{"href":"https:\/\/excursionsworld.com\/fr\/wp-json\/wp\/v2\/product"}],"about":[{"href":"https:\/\/excursionsworld.com\/fr\/wp-json\/wp\/v2\/types\/product"}],"replies":[{"embeddable":true,"href":"https:\/\/excursionsworld.com\/fr\/wp-json\/wp\/v2\/comments?post=15187"}],"wp:featuredmedia":[{"embeddable":true,"href":"https:\/\/excursionsworld.com\/fr\/wp-json\/wp\/v2\/media\/15811"}],"wp:attachment":[{"href":"https:\/\/excursionsworld.com\/fr\/wp-json\/wp\/v2\/media?parent=15187"}],"wp:term":[{"taxonomy":"product_brand","embeddable":true,"href":"https:\/\/excursionsworld.com\/fr\/wp-json\/wp\/v2\/product_brand?post=15187"},{"taxonomy":"product_cat","embeddable":true,"href":"https:\/\/excursionsworld.com\/fr\/wp-json\/wp\/v2\/product_cat?post=15187"},{"taxonomy":"product_tag","embeddable":true,"href":"https:\/\/excursionsworld.com\/fr\/wp-json\/wp\/v2\/product_tag?post=15187"}],"curies":[{"name":"wp","href":"https:\/\/api.w.org\/{rel}","templated":true}]}}