{"id":15189,"date":"2025-10-21T20:52:22","date_gmt":"2025-10-21T17:52:22","guid":{"rendered":"https:\/\/excursionsworld.com\/?post_type=product&#038;p=15189"},"modified":"2026-04-24T01:26:58","modified_gmt":"2026-04-23T22:26:58","slug":"canyon-sapadere-riviere-dim-alanya","status":"publish","type":"product","link":"https:\/\/excursionsworld.com\/tours\/alanya-sapadere-canyon-dim-river-dim-cave\/","title":{"rendered":"Alanya : Canyon Sapadere, Rivi\u00e8re Dim &amp; Grotte Dim \u2013 Journ\u00e9e compl\u00e8te"},"content":{"rendered":"<h2><span style=\"color: #000000;\"><strong>\ud83c\udfdd\ufe0f Vue d'ensemble<\/strong><\/span><\/h2>\n<p>\u00c9chappez \u00e0 la chaleur m\u00e9diterran\u00e9enne et explorez <a href=\"https:\/\/en.wikipedia.org\/wiki\/Alanya\" target=\"_blank\" rel=\"noopener\">Alanya<\/a>\u2019s merveilles naturelles les plus \u00e9poustouflantes avec le <strong>Circuit du canyon de Sapadere et de la rivi\u00e8re Dim<\/strong>. Cette aventure d'une journ\u00e9e combine nature rafra\u00eechissante, paysages de montagne et d\u00e9tente au bord de la c\u00e9l\u00e8bre rivi\u00e8re Dim - le moyen id\u00e9al pour s'\u00e9vader de la c\u00f4te.<\/p>\n<h3>\u00a0<span style=\"color: #000000;\"><strong>Inclus :<\/strong><\/span><\/h3>\n<p><strong><span style=\"color: #00ff00;\">\u2713<\/span> <\/strong>Prise en charge et retour \u00e0 l'h\u00f4tel<br \/>\n<strong><span style=\"color: #00ff00;\">\u2713<\/span> <\/strong>Service de guide professionnel<br \/>\n<strong><span style=\"color: #00ff00;\">\u2713<\/span> <\/strong>Assurance compl\u00e8te<br \/>\n<strong><span style=\"color: #00ff00;\">\u2713<\/span> <\/strong>D\u00e9jeuner \u00e0 Dim River<br \/>\n<strong><span style=\"color: #00ff00;\">\u2713<\/span> <\/strong>Entr\u00e9e du canyon de Sapadere<\/p>\n<h3>\u00a0<span style=\"color: #000000;\"><strong>Non inclus :<\/strong><\/span><\/h3>\n<p><strong><span style=\"color: #ff0000;\">\u2717<\/span> <\/strong>Entr\u00e9e \u00e0 la grotte de Dim (en option)<br \/>\n<strong><span style=\"color: #ff0000;\">\u2717<\/span> <\/strong>Boissons<br \/>\n<strong><span style=\"color: #ff0000;\">\u2717<\/span> <\/strong>D\u00e9penses personnelles (photos, souvenirs, etc.)<\/p>\n<h2><span style=\"color: #000000;\"><strong>\ud83c\udf1f Points forts de la visite<\/strong><\/span><\/h2>\n<p>\ud83d\udd39 Marcher sur le sentier en bois de 600 m\u00e8tres \u00e0 travers la ville. <strong>Canyon de Sapadere<\/strong>, L'h\u00f4tel est entour\u00e9 de cascades et de bassins aux eaux cristallines.<br \/>\n\ud83d\udd39 Explorer <strong>Dim Cave<\/strong>, L'une des plus impressionnantes grottes naturelles de calcaire d'Alanya.<br \/>\n\ud83d\udd39 Profitez d'un moment de d\u00e9tente <strong>d\u00e9jeuner \u00e0 Dim River<\/strong>, Les jardins d'hiver, avec des tonnelles construites au-dessus de l'eau fra\u00eeche et claire, sont tr\u00e8s appr\u00e9ci\u00e9s.<br \/>\n\ud83d\udd39 Parfait pour les amoureux de la nature, les photographes et les familles \u00e0 la recherche d'une escapade rafra\u00eechissante.<\/p>\n<h2><span style=\"color: #000000;\"><strong>\ud83d\udcd6 Description compl\u00e8te<\/strong><\/span><\/h2>\n<p>Votre voyage commence par une prise en charge \u00e0 l'h\u00f4tel \u00e0 Alanya et un trajet pittoresque \u00e0 travers les montagnes du Taurus dans des v\u00e9hicules \u00e0 toit ouvert.<br \/>\nLe premier arr\u00eat est <strong>Canyon de Sapadere<\/strong>, Le parc national de la ville, un joyau naturel cach\u00e9, offre des sentiers de promenade, des cascades et des piscines naturelles o\u00f9 vous pouvez m\u00eame prendre un bain froid. Ensuite, explorez <strong>Dim Cave<\/strong>, Un monde souterrain de stalactites et de stalagmites vieilles de plusieurs milliers d'ann\u00e9es.<br \/>\nEnfin, dirigez-vous vers <strong>Rivi\u00e8re Dim<\/strong>, Vous y d\u00e9gusterez un d\u00e9licieux d\u00e9jeuner dans des pavillons ombrag\u00e9s au bord de la rivi\u00e8re avant de retourner \u00e0 votre h\u00f4tel.<\/p>\n<h3><span style=\"color: #000000;\"><strong>\ud83d\uddfa\ufe0f Itin\u00e9raire de la visite<\/strong><\/span><\/h3>\n<p>\ud83d\udd39 Prise en charge dans les h\u00f4tels de la r\u00e9gion d'Alanya<br \/>\n\ud83d\udd39 Route panoramique et pause photo avec vue sur la mer<br \/>\n\ud83d\udd39 Visite du canyon de Sapadere<br \/>\n\ud83d\udd39 Visite de la grotte de Dim (facultatif)<br \/>\nD\u00e9jeuner et pause baignade \u00e0 la rivi\u00e8re Dim<br \/>\n\ud83d\udd39 Transfert aller-retour vers les h\u00f4tels<\/p>\n<h3><span style=\"color: #000000;\"><strong>\u2139\ufe0f Informations utiles<\/strong><\/span><\/h3>\n<p>Dur\u00e9e : Environ 7-8 heures<br \/>\n\ud83d\udd39 Disponible tous les jours<br \/>\n\ud83d\udd39 Recommand\u00e9 : Chaussures confortables et maillot de bain<br \/>\n\ud83d\udd39 Apportez : Cr\u00e8me solaire, serviette et eau<br \/>\n\ud83d\udd39 V\u00e9hicules : Jeeps ou fourgonnettes \u00e0 toit ouvert utilis\u00e9es pour une meilleure vue.<\/p>\n<h2><span style=\"color: #000000;\"><strong>\ud83c\udf92 Ce qu'il faut apporter<\/strong><\/span><\/h2>\n<p>\ud83d\udd39 Chaussures confortables<br \/>\nMaillot de bain et serviette de bain<br \/>\nLunettes de soleil et cr\u00e8me solaire<br \/>\n\ud83d\udd39 Petite somme d'argent pour les d\u00e9penses personnelles<\/p>\n<h3><span style=\"color: #000000;\"><strong>\ud83d\udeab Ne convient pas pour<\/strong><\/span><\/h3>\n<p>\ud83d\udd39 Familles avec b\u00e9b\u00e9s<br \/>\n\ud83d\udd39 Les h\u00f4tes ayant des probl\u00e8mes de mobilit\u00e9 ou des probl\u00e8mes de sant\u00e9 graves<\/p>\n<h2 dir=\"ltr\">\ud83d\udcb8\u00a0<strong>Prix et r\u00e9servation<\/strong><\/h2>\n<p dir=\"ltr\"><strong>\ud83d\udd39 R\u00e9server maintenant, payer le jour de la visite<\/strong><br \/>\n\ud83d\udd39 Contactez-nous via WhatsApp, Telegram, Viber, ou remplissez le formulaire de r\u00e9servation ci-dessous. \ud83d\udc47\ud83c\udffc<\/p>\n<p>\u00c0 la recherche d'alternatives ? Parcourir <a href=\"https:\/\/excursionsworld.com\/fr\/excursions-a-alanya\/\">plus de visites \u00e0 Alanya<\/a>.<\/p>","protected":false},"excerpt":{"rendered":"<p>S'\u00e9vader dans la nature avec le <b>Alanya - Circuit du canyon de Sapadere<\/b>! Explorez le canyon de 600m, <b>Dim Cave<\/b>, et se d\u00e9tendre en <b>Rivi\u00e8re Dim<\/b>. Grande nature <b>excursion<\/b> avec <b>d\u00e9jeuner<\/b> et <b>transfert inclus<\/b>.<\/p>","protected":false},"featured_media":15203,"comment_status":"open","ping_status":"closed","template":"","meta":[],"product_brand":[],"product_cat":[128],"product_tag":[111],"class_list":{"0":"post-15189","1":"product","2":"type-product","3":"status-publish","4":"has-post-thumbnail","6":"tour_phys-alanya-tours","7":"product_cat-alanya-tours","8":"product_tag-alanya","9":"pa_destination-alanya-tours","11":"first","12":"instock","13":"sale","14":"shipping-taxable","15":"purchasable","16":"product-type-tour_phys"},"aioseo_notices":[],"_links":{"self":[{"href":"https:\/\/excursionsworld.com\/fr\/wp-json\/wp\/v2\/product\/15189","targetHints":{"allow":["GET"]}}],"collection":[{"href":"https:\/\/excursionsworld.com\/fr\/wp-json\/wp\/v2\/product"}],"about":[{"href":"https:\/\/excursionsworld.com\/fr\/wp-json\/wp\/v2\/types\/product"}],"replies":[{"embeddable":true,"href":"https:\/\/excursionsworld.com\/fr\/wp-json\/wp\/v2\/comments?post=15189"}],"wp:featuredmedia":[{"embeddable":true,"href":"https:\/\/excursionsworld.com\/fr\/wp-json\/wp\/v2\/media\/15203"}],"wp:attachment":[{"href":"https:\/\/excursionsworld.com\/fr\/wp-json\/wp\/v2\/media?parent=15189"}],"wp:term":[{"taxonomy":"product_brand","embeddable":true,"href":"https:\/\/excursionsworld.com\/fr\/wp-json\/wp\/v2\/product_brand?post=15189"},{"taxonomy":"product_cat","embeddable":true,"href":"https:\/\/excursionsworld.com\/fr\/wp-json\/wp\/v2\/product_cat?post=15189"},{"taxonomy":"product_tag","embeddable":true,"href":"https:\/\/excursionsworld.com\/fr\/wp-json\/wp\/v2\/product_tag?post=15189"}],"curies":[{"name":"wp","href":"https:\/\/api.w.org\/{rel}","templated":true}]}}