{"id":15251,"date":"2025-10-23T13:20:24","date_gmt":"2025-10-23T10:20:24","guid":{"rendered":"https:\/\/excursionsworld.com\/?post_type=product&#038;p=15251"},"modified":"2026-03-14T21:26:54","modified_gmt":"2026-03-14T18:26:54","slug":"green-canyon-jeep-safari-alanya","status":"publish","type":"product","link":"https:\/\/excursionsworld.com\/tours\/green-canyon-jeep-safari-alanya\/","title":{"rendered":"Green Canyon Safari Jeep  depuis Alanya \u2013 Canyon Vert"},"content":{"rendered":"<h3 data-start=\"0\" data-end=\"19\"><span style=\"color: #000000;\"><strong>\ud83c\udfde\ufe0f Vue d'ensemble<\/strong><\/span><\/h3>\n<p data-start=\"21\" data-end=\"375\">Rejoindre le <strong data-start=\"30\" data-end=\"63\">Safari en jeep dans le canyon vert<\/strong> pour une journ\u00e9e pleine de <strong data-start=\"82\" data-end=\"112\">l'aventure, la nature et le plaisir<\/strong>! Explorez les magnifiques <strong data-start=\"135\" data-end=\"167\">Barrage d'Oymap\u0131nar (Green Canyon)<\/strong> et le <strong data-start=\"176\" data-end=\"196\">Monts Taurus<\/strong> \u00e0 bord de jeeps Land Rover \u00e0 toit ouvert et de bus cabriolet. Ce voyage hors des sentiers battus est id\u00e9al pour les amateurs de sensations fortes et les amoureux de la nature qui souhaitent d\u00e9couvrir la beaut\u00e9 sauvage de la Turquie au-del\u00e0 de la plage.<\/p>\n<h3 data-start=\"377\" data-end=\"392\"><span style=\"color: #000000;\"><strong>Inclus :<\/strong><\/span><\/h3>\n<p data-start=\"393\" data-end=\"575\"><strong><span style=\"color: #00ff00;\">\u2713<\/span><\/strong> Prise en charge et retour \u00e0 l'h\u00f4tel<br data-start=\"439\" data-end=\"442\" \/><strong><span style=\"color: #00ff00;\">\u2713 <\/span><\/strong>Guide professionnel<br data-start=\"462\" data-end=\"465\" \/><strong><span style=\"color: #00ff00;\">\u2713 <\/span><\/strong>Safari en jeep tout-terrain<br data-start=\"487\" data-end=\"490\" \/><strong><span style=\"color: #00ff00;\">\u2713 <\/span><\/strong>Excursion d'une heure en bateau sur le lac Green<br data-start=\"524\" data-end=\"527\" \/><strong><span style=\"color: #00ff00;\">\u2713 <\/span><\/strong>D\u00e9jeuner dans un restaurant au bord du lac<br data-start=\"559\" data-end=\"562\" \/><strong><span style=\"color: #00ff00;\">\u2713 <\/span><\/strong>Assurance<\/p>\n<h3 data-start=\"577\" data-end=\"596\"><span style=\"color: #000000;\"><strong>Non inclus :<\/strong><\/span><\/h3>\n<p data-start=\"597\" data-end=\"651\"><strong><span style=\"color: #ff0000;\">\u2717<\/span><\/strong> Boissons<br data-start=\"605\" data-end=\"608\" \/><strong><span style=\"color: #ff0000;\">\u2717<\/span><\/strong> D\u00e9penses personnelles<br data-start=\"627\" data-end=\"630\" \/><strong><span style=\"color: #ff0000;\">\u2717<\/span><\/strong> Photos et vid\u00e9os<\/p>\n<h3 data-start=\"653\" data-end=\"678\"><span style=\"color: #000000;\"><strong>\ud83c\udf1f Points forts de la visite<\/strong><\/span><\/h3>\n<p data-start=\"679\" data-end=\"989\">\ud83d\udd39 Aventure hors route passionnante autour du Green Canyon<br data-start=\"729\" data-end=\"732\" \/>\ud83d\udd39 Excursion relaxante d'une heure en bateau sur le lac vert<br data-start=\"780\" data-end=\"783\" \/>\ud83d\udd39 Visite d'un village nomade turc et de jardins fruitiers<br data-start=\"833\" data-end=\"836\" \/>\ud83d\udd39 Arr\u00eats photos panoramiques avec vue sur le canyon et la mer<br data-start=\"888\" data-end=\"891\" \/>\ud83d\udd39 Nager, faire du cano\u00eb ou p\u00eacher dans le lac<br data-start=\"936\" data-end=\"939\" \/>\ud83d\udd39 Visite familiale avec des guides professionnels<\/p>\n<h3 data-start=\"991\" data-end=\"1017\"><span style=\"color: #000000;\"><strong>\ud83d\udcd6 Description compl\u00e8te<\/strong><\/span><\/h3>\n<div data-start=\"1019\" data-end=\"1301\">Vivez l'exp\u00e9rience d'un <strong data-start=\"1046\" data-end=\"1061\">safari en jeep<\/strong> \u00e0 travers les paysages \u00e0 couper le souffle de la <strong data-start=\"1105\" data-end=\"1126\">R\u00e9gion de Green Canyon<\/strong>, La visite commence par une prise en charge \u00e0 l'h\u00f4tel et un trajet pittoresque jusqu'\u00e0 la ville d'Alanya. L'excursion commence par une prise en charge \u00e0 l'h\u00f4tel et un trajet pittoresque jusqu'\u00e0 la ville d'Alanya. <strong data-start=\"1225\" data-end=\"1245\">Monts Taurus<\/strong>, Les for\u00eats de pins et les vues panoramiques vous entourent. Votre aventure comprend <strong data-start=\"1327\" data-end=\"1352\">deux sections hors route<\/strong>, arr\u00eats photos dans des lieux anciens <strong data-start=\"1377\" data-end=\"1396\">Aqueducs romains<\/strong>, et des visites \u00e0 un <strong data-start=\"1414\" data-end=\"1437\">village nomade local<\/strong>, <strong data-start=\"1439\" data-end=\"1456\">jardins fruitiers<\/strong>, et un <strong data-start=\"1464\" data-end=\"1477\">petit zoo<\/strong> - vous donnant un aper\u00e7u de la vie rurale authentique. \u00c0 midi, vous profiterez d'un <strong data-start=\"1548\" data-end=\"1567\">d\u00e9licieux d\u00e9jeuner<\/strong> dans un restaurant au bord du lac, avec vue sur la <strong data-start=\"1609\" data-end=\"1631\">lac \u00e9meraude-vert<\/strong>. Apr\u00e8s le d\u00e9jeuner, vous pourrez vous d\u00e9tendre avec un <strong data-start=\"1659\" data-end=\"1672\">excursion en bateau<\/strong> sur les eaux calmes du lac Green, suivi d'un temps libre pour <strong data-start=\"1733\" data-end=\"1767\">la natation, le cano\u00eb ou la p\u00eache<\/strong>. La journ\u00e9e se termine par la deuxi\u00e8me partie de la <strong data-start=\"1813\" data-end=\"1831\">sentier hors route<\/strong>, Le retour se fait par des routes de montagne pittoresques avant de revenir \u00e0 l'h\u00f4tel \u00e0 Alanya.<\/div>\n<h3 data-start=\"1924\" data-end=\"1949\"><span style=\"color: #000000;\"><strong>\ud83d\uddfa\ufe0f Itin\u00e9raire de la visite<\/strong><\/span><\/h3>\n<p data-start=\"1950\" data-end=\"2378\">\ud83d\udd39 Prise en charge dans les h\u00f4tels de la r\u00e9gion d'Alanya<br data-start=\"1988\" data-end=\"1991\" \/>\ud83d\udd39 Conduite vers le Green Canyon en jeep \u00e0 toit ouvert<br data-start=\"2033\" data-end=\"2036\" \/>\ud83d\udd39 Premier tron\u00e7on hors route et arr\u00eat photo aux aqueducs romains<br data-start=\"2095\" data-end=\"2098\" \/>\ud83d\udd39 Visite d'un village nomade, de jardins fruitiers et d'un mini zoo<br data-start=\"2149\" data-end=\"2152\" \/>\ud83d\udd39 Point de vue panoramique sur la M\u00e9diterran\u00e9e<br data-start=\"2201\" data-end=\"2204\" \/>D\u00e9jeuner dans un restaurant au bord du lac<br data-start=\"2235\" data-end=\"2238\" \/>\ud83d\udd39 Excursion d'une heure en bateau sur le lac Green<br data-start=\"2273\" data-end=\"2276\" \/>\ud83d\udd39 Temps libre pour la baignade et la d\u00e9tente<br data-start=\"2316\" data-end=\"2319\" \/>\ud83d\udd39 Deuxi\u00e8me section hors route<br data-start=\"2345\" data-end=\"2348\" \/>\ud83d\udd39 Transfert aller-retour vers les h\u00f4tels<\/p>\n<h3 data-start=\"2380\" data-end=\"2408\"><span style=\"color: #000000;\"><strong>\u2139\ufe0f Informations utiles<\/strong><\/span><\/h3>\n<p data-start=\"2409\" data-end=\"2631\">Dur\u00e9e : environ 7-8 heures<br data-start=\"2445\" data-end=\"2448\" \/>\ud83d\udd39 Convient aux familles et aux amateurs d'aventure<br data-start=\"2493\" data-end=\"2496\" \/>\ud83d\udd39 Apportez un maillot de bain si vous voulez vous baigner dans le lac<br data-start=\"2545\" data-end=\"2548\" \/>\ud83d\udd39 Guides anglophones<br data-start=\"2574\" data-end=\"2577\" \/>\ud83d\udd39 Les enfants de moins de 5 ans voyagent gratuitement mais partagent un si\u00e8ge dans le bus<\/p>\n<h3 data-start=\"2633\" data-end=\"2656\"><span style=\"color: #000000;\"><strong>\ud83c\udf92 Ce qu'il faut apporter<\/strong><\/span><\/h3>\n<p data-start=\"2657\" data-end=\"2787\">Maillot de bain et serviette de bain<br data-start=\"2678\" data-end=\"2681\" \/>\ud83d\udd39 Cr\u00e8me solaire et lunettes de soleil<br data-start=\"2708\" data-end=\"2711\" \/>\ud83d\udd39 Chapeau ou casquette<br data-start=\"2724\" data-end=\"2727\" \/>Appareil photo ou t\u00e9l\u00e9phone<br data-start=\"2745\" data-end=\"2748\" \/>\ud83d\udd39 Petite somme d'argent pour les boissons ou les souvenirs<\/p>\n<h3 data-start=\"2789\" data-end=\"2815\"><span style=\"color: #000000;\"><strong>\ud83d\udeab Ne convient pas pour<\/strong><\/span><\/h3>\n<p data-start=\"2816\" data-end=\"2874\">\ud83d\udd39 Les h\u00f4tes ayant des probl\u00e8mes de dos ou de cou<br data-start=\"2852\" data-end=\"2855\" \/>\ud83d\udd39 Femmes enceintes<\/p>\n<h3 dir=\"ltr\">\ud83d\udcb8\u00a0<strong>Prix et r\u00e9servation<\/strong><\/h3>\n<p dir=\"ltr\"><strong>\ud83d\udd39 R\u00e9server maintenant, payer le jour de la visite<\/strong><br \/>\n\ud83d\udd39 Contactez-nous via WhatsApp, Telegram, Viber, ou remplissez le formulaire de r\u00e9servation ci-dessous. \ud83d\udc47\ud83c\udffc<\/p>","protected":false},"excerpt":{"rendered":"<p>R\u00e9server le <b>Safari en jeep dans le canyon vert d'Alanya<\/b>! Des sensations fortes hors des sentiers battus <b>excursion<\/b> dans les montagnes du Taurus. Comprend <b>excursion en bateau<\/b>, <b>d\u00e9jeuner<\/b>, Les activit\u00e9s sont vari\u00e9es, la natation et l'amusement. Aventure <b>tourn\u00e9e<\/b>!<\/p>","protected":false},"featured_media":15297,"comment_status":"open","ping_status":"closed","template":"","meta":[],"product_brand":[],"product_cat":[128],"product_tag":[111],"class_list":{"0":"post-15251","1":"product","2":"type-product","3":"status-publish","4":"has-post-thumbnail","6":"tour_phys-alanya-tours","7":"product_cat-alanya-tours","8":"product_tag-alanya","9":"pa_destination-alanya-tours","11":"first","12":"instock","13":"sale","14":"shipping-taxable","15":"purchasable","16":"product-type-tour_phys"},"aioseo_notices":[],"_links":{"self":[{"href":"https:\/\/excursionsworld.com\/fr\/wp-json\/wp\/v2\/product\/15251","targetHints":{"allow":["GET"]}}],"collection":[{"href":"https:\/\/excursionsworld.com\/fr\/wp-json\/wp\/v2\/product"}],"about":[{"href":"https:\/\/excursionsworld.com\/fr\/wp-json\/wp\/v2\/types\/product"}],"replies":[{"embeddable":true,"href":"https:\/\/excursionsworld.com\/fr\/wp-json\/wp\/v2\/comments?post=15251"}],"wp:featuredmedia":[{"embeddable":true,"href":"https:\/\/excursionsworld.com\/fr\/wp-json\/wp\/v2\/media\/15297"}],"wp:attachment":[{"href":"https:\/\/excursionsworld.com\/fr\/wp-json\/wp\/v2\/media?parent=15251"}],"wp:term":[{"taxonomy":"product_brand","embeddable":true,"href":"https:\/\/excursionsworld.com\/fr\/wp-json\/wp\/v2\/product_brand?post=15251"},{"taxonomy":"product_cat","embeddable":true,"href":"https:\/\/excursionsworld.com\/fr\/wp-json\/wp\/v2\/product_cat?post=15251"},{"taxonomy":"product_tag","embeddable":true,"href":"https:\/\/excursionsworld.com\/fr\/wp-json\/wp\/v2\/product_tag?post=15251"}],"curies":[{"name":"wp","href":"https:\/\/api.w.org\/{rel}","templated":true}]}}