{"id":15304,"date":"2025-10-24T23:50:09","date_gmt":"2025-10-24T20:50:09","guid":{"rendered":"https:\/\/excursionsworld.com\/?post_type=product&#038;p=15304"},"modified":"2026-04-24T01:26:59","modified_gmt":"2026-04-23T22:26:59","slug":"pamukkale-montgolfiere-alanya","status":"publish","type":"product","link":"https:\/\/excursionsworld.com\/tours\/pamukkale-hot-air-balloon-alanya\/","title":{"rendered":"Excursion Montgolfi\u00e8re Pamukkale depuis Alanya \u2013 Journ\u00e9e compl\u00e8te"},"content":{"rendered":"<h2><span style=\"color: #000000;\"><strong>\ud83c\udfdd\ufe0f Vue d'ensemble<\/strong><\/span><\/h2>\n<p>Vivez la magie de <a href=\"https:\/\/en.wikipedia.org\/wiki\/Pamukkale\" target=\"_blank\" rel=\"noopener\">Pamukkale<\/a> Avec un vol en montgolfi\u00e8re au lever du soleil depuis Alanya. Des transferts h\u00f4teliers pratiques sont disponibles depuis Alanya, Mahmutlar, Oba, Keykubat et les environs. Apr\u00e8s le vol, profitez d'une visite guid\u00e9e de Pamukkale et de la cit\u00e9 antique de Hi\u00e9rapolis, suivie d'un d\u00e9licieux d\u00e9jeuner.<\/p>\n<h3><span style=\"color: #000000;\"><strong>\u00a0Inclus :<\/strong><\/span><\/h3>\n<p><span style=\"color: #00ff00;\"><strong>\u2713<\/strong> <\/span>Prise en charge et retour \u00e0 l'h\u00f4tel<br \/>\n<span style=\"color: #00ff00;\"><strong>\u2713<\/strong> <\/span>Transfert en bus climatis\u00e9<br \/>\n<span style=\"color: #00ff00;\"><strong>\u2713<\/strong> <\/span>Vol en montgolfi\u00e8re au lever du soleil<br \/>\n<span style=\"color: #00ff00;\"><strong>\u2713<\/strong> <\/span>Frais d'entr\u00e9e \u00e0 Pamukkale et Hierapolis<br \/>\n<span style=\"color: #00ff00;\"><strong>\u2713<\/strong> <\/span>Guide historien anglophone<br \/>\n<span style=\"color: #00ff00;\"><strong>\u2713<\/strong> <\/span>D\u00e9jeuner<br \/>\n<span style=\"color: #00ff00;\"><strong>\u2713<\/strong> <\/span>Pilote professionnel<br \/>\n<span style=\"color: #00ff00;\"><strong>\u2713<\/strong> <\/span>Certificat de vol<br \/>\n<span style=\"color: #00ff00;\"><strong>\u2713<\/strong> <\/span>Assurance compl\u00e8te<\/p>\n<h3>\u00a0<span style=\"color: #000000;\"><strong>Non inclus :<\/strong><\/span><\/h3>\n<p><span style=\"color: #ff0000;\"><strong>\u2717<\/strong> <\/span>Entr\u00e9e de la piscine de Cl\u00e9op\u00e2tre<br \/>\n<span style=\"color: #ff0000;\"><strong>\u2717<\/strong> <\/span>D\u00e9penses personnelles<br \/>\n<span style=\"color: #ff0000;\"><strong>\u2717<\/strong> <\/span>Boissons<\/p>\n<h2><span style=\"color: #000000;\"><strong>\ud83c\udf1f Points forts de la visite<\/strong><\/span><\/h2>\n<p>\ud83d\udd39 Montgolfi\u00e8re au lever du soleil au-dessus des terrasses blanches de Pamukkale<br \/>\n\ud83d\udd39 Des vues panoramiques \u00e9poustouflantes et des occasions uniques de prendre des photos<br \/>\nChampagne et certificat de vol \u00e0 l'atterrissage<br \/>\n\ud83d\udd39 Visite guid\u00e9e de Hierapolis, y compris le th\u00e9\u00e2tre romain et les tombes<br \/>\nBaignade facultative dans la piscine de Cl\u00e9op\u00e2tre (en suppl\u00e9ment)<\/p>\n<h2><span style=\"color: #000000;\"><strong>\ud83d\udcd6 Description compl\u00e8te<\/strong><\/span><\/h2>\n<p>La journ\u00e9e commence par une prise en charge matinale \u00e0 l'h\u00f4tel \u00e0 Alanya, suivie d'un trajet confortable de 3,5 heures en voiture jusqu'\u00e0 Pamukkale. Embarquez pour un vol en montgolfi\u00e8re au lever du soleil au-dessus des terrasses blanches et des ruines antiques de Pamukkale. Prenez des photos inoubliables et d\u00e9gustez une coupe de champagne \u00e0 l'atterrissage, accompagn\u00e9e de votre certificat de vol. Ensuite, explorez l'ancienne ville de Hierapolis avec votre guide professionnel, en visitant le th\u00e9\u00e2tre romain, les thermes et d'autres sites historiques. Les clients qui le souhaitent peuvent se baigner dans la piscine de Cl\u00e9op\u00e2tre moyennant un suppl\u00e9ment. L'excursion se termine par un d\u00e9licieux d\u00e9jeuner avant le retour \u00e0 l'h\u00f4tel \u00e0 Alanya.<\/p>\n<h3><span style=\"color: #000000;\"><strong>\ud83d\uddfa\ufe0f Itin\u00e9raire de la visite<\/strong><\/span><\/h3>\n<p>\ud83d\udd39 Prise en charge matinale \u00e0 l'h\u00f4tel \u00e0 Alanya<br \/>\n\ud83d\udd39 Transfert \u00e0 Pamukkale<br \/>\n\ud83d\udd39 Vol en montgolfi\u00e8re au lever du soleil<br \/>\nChampagne et certificat de vol<br \/>\n\ud83d\udd39 Visite guid\u00e9e de Pamukkale et Hierapolis<br \/>\nBaignade facultative dans la piscine de Cl\u00e9op\u00e2tre<br \/>\n\ud83d\udd39 D\u00e9jeuner<br \/>\n\ud83d\udd39 Transfert retour \u00e0 l'h\u00f4tel<\/p>\n<h3><span style=\"color: #000000;\"><strong>\u2139\ufe0f Informations utiles<\/strong><\/span><\/h3>\n<p>Dur\u00e9e : environ 12 heures<br \/>\nLes vols en montgolfi\u00e8re peuvent \u00eatre annul\u00e9s en raison des conditions m\u00e9t\u00e9orologiques (remboursement int\u00e9gral de la partie vol).<br \/>\n\ud83d\udd39 Brefs arr\u00eats pr\u00e9vus en cours de route<br \/>\n\ud83d\udd39 Les enfants de moins de 5 ans voyagent gratuitement mais n'ont pas de si\u00e8ge s\u00e9par\u00e9 ; si le bus est plein, ils s'assoient sur les genoux d'un adulte ou un si\u00e8ge s\u00e9par\u00e9 peut \u00eatre r\u00e9serv\u00e9.<\/p>\n<h2><span style=\"color: #000000;\"><strong>\ud83c\udf92 Ce qu'il faut apporter<\/strong><\/span><\/h2>\n<p>\ud83d\udd39 Lunettes de soleil<br \/>\n\ud83d\udd39 Chapeau ou casquette<br \/>\nMaillot de bain et serviette de bain<br \/>\n\ud83d\udd39 V\u00eatements et chaussures de sport confortables<br \/>\n\ud83d\udd39 Argent liquide pour les d\u00e9penses personnelles<\/p>\n<h3><span style=\"color: #000000;\"><strong>\ud83d\udeab Ne convient pas pour<\/strong><\/span><\/h3>\n<p>\ud83d\udd39 Enfants de moins de 7 ans<br \/>\n\ud83d\udd39 Femmes enceintes<\/p>\n<h2 dir=\"ltr\">\ud83d\udcb8\u00a0<strong>Prix et r\u00e9servation<\/strong><\/h2>\n<p dir=\"ltr\"><strong>\ud83d\udd39 R\u00e9server maintenant, payer le jour de la visite<\/strong><br \/>\n\ud83d\udd39 Contactez-nous via WhatsApp, Telegram, Viber, ou remplissez le formulaire de r\u00e9servation ci-dessous. \ud83d\udc47\ud83c\udffc<\/p>\n<p>\u00c0 la recherche d'alternatives ? Parcourir <a href=\"https:\/\/excursionsworld.com\/fr\/excursions-a-alanya\/\">Plus de circuits \u00e0 Alanya \u00e0 Pamukkale<\/a>.<\/p>","protected":false},"excerpt":{"rendered":"<p><b>Alanya to Pamukkale tour<\/b>! L'exp\u00e9rience d'un <b>vol en montgolfi\u00e8re<\/b> &amp; <b>Voyage \u00e0 Hi\u00e9rapolis<\/b>. <b>Excursion tout compris<\/b> avec <b>guide<\/b>, d\u00e9jeuner, &amp; <b>transfert<\/b> inclus.<\/p>","protected":false},"featured_media":12607,"comment_status":"open","ping_status":"closed","template":"","meta":[],"product_brand":[],"product_cat":[128],"product_tag":[111],"class_list":{"0":"post-15304","1":"product","2":"type-product","3":"status-publish","4":"has-post-thumbnail","6":"tour_phys-alanya-tours","7":"product_cat-alanya-tours","8":"product_tag-alanya","9":"pa_destination-alanya-tours","11":"first","12":"instock","13":"sale","14":"shipping-taxable","15":"purchasable","16":"product-type-tour_phys"},"aioseo_notices":[],"_links":{"self":[{"href":"https:\/\/excursionsworld.com\/fr\/wp-json\/wp\/v2\/product\/15304","targetHints":{"allow":["GET"]}}],"collection":[{"href":"https:\/\/excursionsworld.com\/fr\/wp-json\/wp\/v2\/product"}],"about":[{"href":"https:\/\/excursionsworld.com\/fr\/wp-json\/wp\/v2\/types\/product"}],"replies":[{"embeddable":true,"href":"https:\/\/excursionsworld.com\/fr\/wp-json\/wp\/v2\/comments?post=15304"}],"wp:featuredmedia":[{"embeddable":true,"href":"https:\/\/excursionsworld.com\/fr\/wp-json\/wp\/v2\/media\/12607"}],"wp:attachment":[{"href":"https:\/\/excursionsworld.com\/fr\/wp-json\/wp\/v2\/media?parent=15304"}],"wp:term":[{"taxonomy":"product_brand","embeddable":true,"href":"https:\/\/excursionsworld.com\/fr\/wp-json\/wp\/v2\/product_brand?post=15304"},{"taxonomy":"product_cat","embeddable":true,"href":"https:\/\/excursionsworld.com\/fr\/wp-json\/wp\/v2\/product_cat?post=15304"},{"taxonomy":"product_tag","embeddable":true,"href":"https:\/\/excursionsworld.com\/fr\/wp-json\/wp\/v2\/product_tag?post=15304"}],"curies":[{"name":"wp","href":"https:\/\/api.w.org\/{rel}","templated":true}]}}