{"id":15308,"date":"2025-10-25T11:53:22","date_gmt":"2025-10-25T08:53:22","guid":{"rendered":"https:\/\/excursionsworld.com\/?post_type=product&#038;p=15308"},"modified":"2025-11-22T17:15:24","modified_gmt":"2025-11-22T14:15:24","slug":"demre-myra-kekova-alanya","status":"publish","type":"product","link":"https:\/\/excursionsworld.com\/tours\/demre-myra-kekova-tour-from-alanya\/","title":{"rendered":"Excursion Demre, Myra &amp; Kekova depuis Alanya \u2013 \u00c9glise Saint-Nicolas"},"content":{"rendered":"<h3 data-start=\"121\" data-end=\"138\"><span style=\"color: #000000;\"><strong>\ud83c\udfdd\ufe0f Vue d'ensemble<\/strong><\/span><\/h3>\n<p data-start=\"140\" data-end=\"514\">Embarquez pour une excursion inoubliable d'une journ\u00e9e enti\u00e8re au d\u00e9part d'Alanya dans l'ancienne r\u00e9gion de Lycie ! Naviguez sur la cit\u00e9 engloutie de Kekova \u00e0 bord d'un yacht \u00e0 fond de verre, explorez les tombes rupestres de Myra et visitez l'\u00e9glise Saint-Nicolas \u00e0 Demre - la maison l\u00e9gendaire du P\u00e8re No\u00ebl. Ce circuit allie parfaitement l'histoire, la culture et la beaut\u00e9 m\u00e9diterran\u00e9enne, ce qui le rend id\u00e9al pour les familles et les explorateurs.<\/p>\n<h3 data-start=\"516\" data-end=\"530\"><span style=\"color: #000000;\"><strong>Inclus :<\/strong><\/span><\/h3>\n<p data-start=\"532\" data-end=\"743\"><span style=\"color: #00ff00;\"><strong>\u2713<\/strong> <\/span>Prise en charge et retour \u00e0 l'h\u00f4tel\u00a0<br data-start=\"575\" data-end=\"578\" \/><span style=\"color: #00ff00;\"><strong>\u2713<\/strong> <\/span>Bus confortable et climatis\u00e9<br data-start=\"611\" data-end=\"614\" \/><span style=\"color: #00ff00;\"><strong>\u2713<\/strong> <\/span>Croisi\u00e8re en yacht \u00e0 fond de verre<br data-start=\"641\" data-end=\"644\" \/><span style=\"color: #00ff00;\"><strong>\u2713<\/strong> <\/span>Frais d'entr\u00e9e \u00e0 Myra<br data-start=\"667\" data-end=\"670\" \/><span style=\"color: #00ff00;\"><strong>\u2713<\/strong> <\/span>Guide professionnel<br data-start=\"690\" data-end=\"693\" \/><span style=\"color: #00ff00;\"><strong>\u2713<\/strong> <\/span>Assurance compl\u00e8te<br data-start=\"709\" data-end=\"712\" \/><span style=\"color: #00ff00;\"><strong>\u2713<\/strong> <\/span>D\u00e9jeuner dans un restaurant local<\/p>\n<h3 data-start=\"745\" data-end=\"763\"><span style=\"color: #000000;\"><strong>Non inclus :<\/strong><\/span><\/h3>\n<p data-start=\"765\" data-end=\"866\"><span style=\"color: #ff0000;\"><strong>\u2717<\/strong> <\/span>Entr\u00e9e \u00e0 l'\u00e9glise Saint-Nicolas (facultatif)<br data-start=\"809\" data-end=\"812\" \/><span style=\"color: #ff0000;\"><strong>\u2717<\/strong> <\/span>D\u00e9penses personnelles<br data-start=\"831\" data-end=\"834\" \/><span style=\"color: #ff0000;\"><strong>\u2717<\/strong> <\/span>Photos et vid\u00e9os<br data-start=\"853\" data-end=\"856\" \/><span style=\"color: #ff0000;\"><strong>\u2717<\/strong> <\/span>Boissons<\/p>\n<h3 data-start=\"868\" data-end=\"891\"><span style=\"color: #000000;\"><strong>\ud83c\udf1f Points forts de la visite<\/strong><\/span><\/h3>\n<p data-start=\"893\" data-end=\"1261\">\ud83d\udd39 Route panoramique d'Alanya le long de la c\u00f4te m\u00e9diterran\u00e9enne<br data-start=\"954\" data-end=\"957\" \/>\ud83d\udd39 Croisi\u00e8re sur la cit\u00e9 engloutie de Kekova \u00e0 bord d'un yacht \u00e0 fond de verre<br data-start=\"1021\" data-end=\"1024\" \/>\ud83d\udd39 Exploration des tombes rupestres et du th\u00e9\u00e2tre romain \u00e0 Myra<br data-start=\"1079\" data-end=\"1082\" \/>\ud83d\udd39 Visite de l'\u00e9glise Saint-Nicolas \u00e0 Demre - le lieu de naissance de la l\u00e9gende du P\u00e8re No\u00ebl<br data-start=\"1158\" data-end=\"1161\" \/>\ud83d\udd39 Nager dans les eaux turquoises de la M\u00e9diterran\u00e9e<br data-start=\"1202\" data-end=\"1205\" \/>\ud83d\udd39 Admirer la vue sur le ch\u00e2teau de Simena depuis le yacht<\/p>\n<h3 data-start=\"1263\" data-end=\"1287\"><span style=\"color: #000000;\"><strong>\ud83d\udcd6 Description compl\u00e8te<\/strong><\/span><\/h3>\n<p data-start=\"1289\" data-end=\"1490\">Votre aventure lycienne commence par une prise en charge matinale \u00e0 votre h\u00f4tel d'Alanya. Profitez d'un trajet relaxant le long de la magnifique c\u00f4te en direction de Demre et Myra, deux des sites historiques les plus fascinants de Turquie. Le voyage commence \u00e0 Myra, o\u00f9 vous verrez d'impressionnantes tombes lyciennes taill\u00e9es dans la roche et un th\u00e9\u00e2tre romain remarquablement bien pr\u00e9serv\u00e9. Continuez jusqu'\u00e0 l'\u00e9glise Saint-Nicolas, construite en l'honneur de l'\u00e9v\u00eaque bien-aim\u00e9 qui a inspir\u00e9 la l\u00e9gende du P\u00e8re No\u00ebl. Ensuite, vous d\u00e9gusterez un d\u00e9jeuner turc traditionnel dans un restaurant local. Ensuite, dirigez-vous vers le port de \u00c7aya\u011fz\u0131 et montez \u00e0 bord d'un yacht \u00e0 fond de verre pour une croisi\u00e8re de 2,5 heures jusqu'\u00e0 l'\u00eele de Kekova. Admirez les ruines myst\u00e9rieuses de la ville engloutie sous la mer d'un bleu limpide, nagez dans une baie paisible et admirez le ch\u00e2teau de Simena qui se dresse au-dessus de la c\u00f4te. Apr\u00e8s une journ\u00e9e incroyable d'histoire, de culture et de nature, vous serez confortablement transf\u00e9r\u00e9 \u00e0 votre h\u00f4tel \u00e0 Alanya.<\/p>\n<h3 data-start=\"2167\" data-end=\"2190\"><span style=\"color: #000000;\"><strong>\ud83d\uddfa\ufe0f Itin\u00e9raire de la visite<\/strong><\/span><\/h3>\n<p data-start=\"2192\" data-end=\"2473\">\ud83d\udd39 Prise en charge \u00e0 partir des h\u00f4tels de Alanya<br data-start=\"2223\" data-end=\"2226\" \/>\ud83d\udd39 Visite des tombes rupestres de Myra et du th\u00e9\u00e2tre romain<br data-start=\"2271\" data-end=\"2274\" \/>Visite de l'\u00e9glise Saint-Nicolas (entr\u00e9e facultative)<br data-start=\"2324\" data-end=\"2327\" \/>D\u00e9jeuner dans un restaurant local<br data-start=\"2357\" data-end=\"2360\" \/>\ud83d\udd39 Croisi\u00e8re en yacht \u00e0 fond de verre \u00e0 Kekova<br data-start=\"2398\" data-end=\"2401\" \/>Arr\u00eat baignade et visites touristiques<br data-start=\"2433\" data-end=\"2436\" \/>Transfert aller-retour vers les h\u00f4tels d'Alanya<\/p>\n<h3 data-start=\"2475\" data-end=\"2501\"><span style=\"color: #000000;\"><strong>\u2139\ufe0f Informations utiles<\/strong><\/span><\/h3>\n<p data-start=\"2503\" data-end=\"2669\">Dur\u00e9e : environ 9-10 heures<br data-start=\"2540\" data-end=\"2543\" \/>\ud83d\udd39 L'itin\u00e9raire peut varier en fonction des conditions m\u00e9t\u00e9orologiques ou maritimes.<br data-start=\"2597\" data-end=\"2600\" \/>\ud83d\udd39 Les enfants de moins de 6 ans voyagent gratuitement mais partagent un si\u00e8ge si le bus est plein.<\/p>\n<h3 data-start=\"2671\" data-end=\"2692\"><span style=\"color: #000000;\"><strong>\ud83c\udf92 Ce qu'il faut apporter<\/strong><\/span><\/h3>\n<p data-start=\"2694\" data-end=\"2810\">\ud83d\udd39 Chaussures de marche confortables<br data-start=\"2722\" data-end=\"2725\" \/>Lunettes de soleil et cr\u00e8me solaire<br data-start=\"2752\" data-end=\"2755\" \/>Maillot de bain et serviette de bain<br data-start=\"2776\" data-end=\"2779\" \/>\ud83d\udd39 Argent liquide pour les d\u00e9penses personnelles<\/p>\n<h3 data-start=\"2812\" data-end=\"2836\"><span style=\"color: #000000;\"><strong>\ud83d\udeab Ne convient pas pour<\/strong><\/span><\/h3>\n<p data-start=\"2838\" data-end=\"2918\">\ud83d\udd39 Personnes \u00e0 mobilit\u00e9 r\u00e9duite<br data-start=\"2869\" data-end=\"2872\" \/>\ud83d\udd39 Voyageurs souffrant de troubles m\u00e9dicaux graves<\/p>\n<h3 dir=\"ltr\">\ud83d\udcb8\u00a0<strong>Prix et r\u00e9servation<\/strong><\/h3>\n<p dir=\"ltr\"><strong>\ud83d\udd39 R\u00e9server maintenant, payer le jour de la visite<\/strong><br \/>\n\ud83d\udd39 Contactez-nous via WhatsApp, Telegram, Viber, ou remplissez le formulaire de r\u00e9servation ci-dessous. \ud83d\udc47\ud83c\udffc<\/p>","protected":false},"excerpt":{"rendered":"<p>R\u00e9server l'histoire <b>excursion<\/b> de <b>Alanya<\/b>! Inoubliable <b>excursion d'une journ\u00e9e<\/b> aux tombes de Myra, \u00e0 l'\u00e9glise Saint-Nicolas et \u00e0 la ville engloutie de Kekova <b>excursion en bateau<\/b>. L'histoire vous attend !<\/p>","protected":false},"featured_media":12563,"comment_status":"open","ping_status":"closed","template":"","meta":[],"product_brand":[],"product_cat":[128],"product_tag":[111],"class_list":{"0":"post-15308","1":"product","2":"type-product","3":"status-publish","4":"has-post-thumbnail","6":"tour_phys-alanya-tours","7":"product_cat-alanya-tours","8":"product_tag-alanya","9":"pa_destination-alanya-tours","11":"first","12":"instock","13":"sale","14":"shipping-taxable","15":"purchasable","16":"product-type-tour_phys"},"aioseo_notices":[],"_links":{"self":[{"href":"https:\/\/excursionsworld.com\/fr\/wp-json\/wp\/v2\/product\/15308","targetHints":{"allow":["GET"]}}],"collection":[{"href":"https:\/\/excursionsworld.com\/fr\/wp-json\/wp\/v2\/product"}],"about":[{"href":"https:\/\/excursionsworld.com\/fr\/wp-json\/wp\/v2\/types\/product"}],"replies":[{"embeddable":true,"href":"https:\/\/excursionsworld.com\/fr\/wp-json\/wp\/v2\/comments?post=15308"}],"wp:featuredmedia":[{"embeddable":true,"href":"https:\/\/excursionsworld.com\/fr\/wp-json\/wp\/v2\/media\/12563"}],"wp:attachment":[{"href":"https:\/\/excursionsworld.com\/fr\/wp-json\/wp\/v2\/media?parent=15308"}],"wp:term":[{"taxonomy":"product_brand","embeddable":true,"href":"https:\/\/excursionsworld.com\/fr\/wp-json\/wp\/v2\/product_brand?post=15308"},{"taxonomy":"product_cat","embeddable":true,"href":"https:\/\/excursionsworld.com\/fr\/wp-json\/wp\/v2\/product_cat?post=15308"},{"taxonomy":"product_tag","embeddable":true,"href":"https:\/\/excursionsworld.com\/fr\/wp-json\/wp\/v2\/product_tag?post=15308"}],"curies":[{"name":"wp","href":"https:\/\/api.w.org\/{rel}","templated":true}]}}