{"id":15309,"date":"2025-10-25T13:55:51","date_gmt":"2025-10-25T10:55:51","guid":{"rendered":"https:\/\/excursionsworld.com\/?post_type=product&#038;p=15309"},"modified":"2026-04-24T01:26:59","modified_gmt":"2026-04-23T22:26:59","slug":"pamukkale-salda-lac-alanya","status":"publish","type":"product","link":"https:\/\/excursionsworld.com\/tours\/pamukkale-salda-lake-alanya\/","title":{"rendered":"Pamukkale et lac Salda au d\u00e9part d'Alanya - Excursion d'une journ\u00e9e"},"content":{"rendered":"<h2><span style=\"color: #000000;\"><strong>\ud83c\udfdd\ufe0f Vue d'ensemble<\/strong><\/span><\/h2>\n<p>D\u00e9couvrez les terrasses \u00e0 couper le souffle de <a href=\"https:\/\/en.wikipedia.org\/wiki\/Pamukkale\" target=\"_blank\" rel=\"noopener\">Pamukkale<\/a>, l'ancienne cit\u00e9 de Hi\u00e9rapolis et les eaux turquoise \u00e9poustouflantes du lac de Salda lors d'une excursion d'une journ\u00e9e depuis Alanya ! Profitez de transferts pratiques depuis les h\u00f4tels de la r\u00e9gion d'Alanya pour un voyage sans encombre. Baignez-vous dans des sources thermales, explorez des ruines historiques, \u00e9merveillez-vous devant les \u201c Maldives \u201d de Turquie au lac de Salda, et savourez un d\u00e9licieux petit-d\u00e9jeuner, d\u00e9jeuner et d\u00eener lors de cette aventure inoubliable.<\/p>\n<h3><span style=\"color: #000000;\"><strong>Inclus :<\/strong><\/span><\/h3>\n<p><strong><span style=\"color: #00ff00;\">\u2713<\/span> <\/strong>Prise en charge et retour \u00e0 l'h\u00f4tel<br \/>\n<strong><span style=\"color: #00ff00;\">\u2713<\/span> <\/strong>Bus climatis\u00e9<br \/>\n<strong><span style=\"color: #00ff00;\">\u2713<\/span> <\/strong>Frais d'entr\u00e9e \u00e0 Pamukkale et Hierapolis<br \/>\n<strong><span style=\"color: #00ff00;\">\u2713<\/span> <\/strong>Assurance compl\u00e8te<br \/>\n<strong><span style=\"color: #00ff00;\">\u2713<\/span> <\/strong>Guide historien anglophone<br \/>\n<strong><span style=\"color: #00ff00;\">\u2713<\/span> <\/strong>Petit d\u00e9jeuner<br \/>\n<strong><span style=\"color: #00ff00;\">\u2713<\/span> <\/strong>D\u00e9jeuner (buffet)<br \/>\n<strong><span style=\"color: #00ff00;\">\u2713<\/span> <\/strong>D\u00eener<\/p>\n<h3><span style=\"color: #000000;\"><strong>Non inclus :<\/strong><\/span><\/h3>\n<p><span style=\"color: #ff0000;\"><strong>\u2717<\/strong> <\/span>Entr\u00e9e de la piscine de Cl\u00e9op\u00e2tre<br \/>\n<span style=\"color: #ff0000;\"><strong>\u2717<\/strong> <\/span>D\u00e9penses personnelles<br \/>\n<span style=\"color: #ff0000;\"><strong>\u2717<\/strong> <\/span>Boissons<\/p>\n<h2><span style=\"color: #000000;\"><strong>\ud83c\udf1f Points forts de la visite<\/strong><\/span><\/h2>\n<p>\ud83d\udd39 S'\u00e9merveiller devant les travertins blancs comme neige de Pamukkale<br \/>\n\ud83d\udd39 Explorer le th\u00e9\u00e2tre romain et les ruines de Hi\u00e9rapolis<br \/>\n\ud83d\udd39 Se d\u00e9tendre dans des piscines thermales naturelles<br \/>\n\ud83d\udd39 Visitez les rives turquoises du lac Salda, les \u201cMaldives\u201d de la Turquie\u201d<br \/>\nBaignade facultative dans la piscine de Cl\u00e9op\u00e2tre (en suppl\u00e9ment)<br \/>\n\ud83d\udd39 Petit-d\u00e9jeuner, d\u00e9jeuner et d\u00eener traditionnels turcs<br \/>\n\ud83d\udd39 Visite d'un site du patrimoine mondial de l'UNESCO<\/p>\n<h2><span style=\"color: #000000;\"><strong>\ud83d\udcd6 Description compl\u00e8te<\/strong><\/span><\/h2>\n<div>La journ\u00e9e commence par un transfert confortable depuis votre h\u00f4tel \u00e0 Alanya. Apr\u00e8s un copieux petit-d\u00e9jeuner en route, vous traverserez des paysages pittoresques jusqu'\u00e0 Pamukkale, connu sous le nom de \u201cch\u00e2teau de coton\u201d pour ses terrasses d'un blanc \u00e9blouissant. \u00c0 l'arriv\u00e9e, vous d\u00e9gusterez un d\u00e9jeuner buffet avant d'explorer les travertins riches en min\u00e9raux de Pamukkale. Ensuite, embarquez pour une visite guid\u00e9e de l'ancienne ville de Hi\u00e9rapolis, en visitant le th\u00e9\u00e2tre romain, le temple d'Apollon et d'autres sites historiques. D\u00e9tendez-vous dans les piscines thermales ou optez pour une baignade dans la piscine de Cl\u00e9op\u00e2tre (en suppl\u00e9ment). L'excursion se poursuit par la visite du lac Salda, souvent appel\u00e9 les \u201cMaldives\u201d de la Turquie pour ses eaux turquoise cristallines et ses rives de sable blanc. Prenez le temps de vous promener le long du lac, de prendre des photos ou simplement de vous impr\u00e9gner de sa beaut\u00e9 sereine. La journ\u00e9e se termine par un d\u00e9licieux d\u00eener et un retour \u00e0 l'h\u00f4tel \u00e0 Alanya, rempli de souvenirs m\u00e9morables.<\/div>\n<h3><span style=\"color: #000000;\"><strong>\ud83d\uddfa\ufe0f Itin\u00e9raire de la visite<\/strong><\/span><\/h3>\n<p>\ud83d\udd39 Prise en charge \u00e0 partir des h\u00f4tels de Alanya<br \/>\n\ud83d\udd39 Petit d\u00e9jeuner en cours de route<br \/>\n\ud83d\udd39 Voyage \u00e0 Pamukkale<br \/>\nD\u00e9jeuner buffet<br \/>\n\ud83d\udd39 Visite des travertins de Pamukkale<br \/>\nVisite des ruines de Hierapolis<br \/>\nTemps libre pour la piscine de Cl\u00e9op\u00e2tre (facultatif)<br \/>\n\ud83d\udd39 Visite du lac Salda pour le tourisme et les photos<br \/>\n\ud83d\udd39 D\u00eener<br \/>\n\ud83d\udd39 Voyage de retour<br \/>\nTransfert de retour \u00e0 l'h\u00f4tel<\/p>\n<h3><span style=\"color: #000000;\"><strong>\u2139\ufe0f Informations utiles<\/strong><\/span><\/h3>\n<p>Dur\u00e9e : environ 12 heures<br \/>\n\ud83d\udd39 L'itin\u00e9raire peut \u00eatre modifi\u00e9 en fonction des conditions m\u00e9t\u00e9orologiques.<br \/>\n\ud83d\udd39 Activit\u00e9 physique mod\u00e9r\u00e9e (marche, natation facultative)<br \/>\n\ud83d\udd39 Les enfants de moins de 5 ans voyageant gratuitement n'ont pas de si\u00e8ge s\u00e9par\u00e9 dans le bus. Si le bus est plein, ils s'assoient sur les genoux d'un adulte, ou un si\u00e8ge s\u00e9par\u00e9 peut \u00eatre r\u00e9serv\u00e9<\/p>\n<h2><span style=\"color: #000000;\"><strong>\ud83c\udf92 Ce qu'il faut apporter<\/strong><\/span><\/h2>\n<p>\ud83d\udd39 Passeport ou carte d'identit\u00e9<br \/>\n\ud83d\udd39 Chaussures confortables<br \/>\n\ud83d\udd39 Lunettes de soleil et couvre-chefs<br \/>\nMaillot de bain et serviette de bain<br \/>\n\ud83d\udd39 Cr\u00e8me solaire<br \/>\n\ud83d\udd39 Argent liquide pour les d\u00e9penses personnelles<\/p>\n<h3><span style=\"color: #000000;\"><strong>\ud83d\udeab Ne convient pas pour<\/strong><\/span><\/h3>\n<p>\ud83d\udd39 Personnes \u00e0 mobilit\u00e9 r\u00e9duite<br \/>\n\ud83d\udd39 Les personnes souffrant de troubles m\u00e9dicaux graves<\/p>\n<h2 dir=\"ltr\">\ud83d\udcb8\u00a0<strong>Prix et r\u00e9servation<\/strong><\/h2>\n<p dir=\"ltr\"><strong>\ud83d\udd39 R\u00e9server maintenant, payer le jour de la visite<\/strong><br \/>\n\ud83d\udd39 Contactez-nous via WhatsApp, Telegram, Viber, ou remplissez le formulaire de r\u00e9servation ci-dessous. \ud83d\udc47\ud83c\udffc<\/p>\n<p>\u00c0 la recherche d'alternatives ? Parcourir <a href=\"https:\/\/excursionsworld.com\/fr\/excursions-a-alanya\/\">Plus de circuits \u00e0 Alanya \u00e0 Pamukkale<\/a>.<\/p>","protected":false},"excerpt":{"rendered":"<p>R\u00e9server le <b>Alanya Pamukkale Tour<\/b>! Visite des ruines de Hierapolis et du lac Salda (les Maldives de Turquie). Toute la journ\u00e9e <b>excursion<\/b> avec des sources thermales, des repas et des <b>excursion d'une journ\u00e9e<\/b>.<\/p>","protected":false},"featured_media":14072,"comment_status":"open","ping_status":"closed","template":"","meta":[],"product_brand":[],"product_cat":[128],"product_tag":[111],"class_list":{"0":"post-15309","1":"product","2":"type-product","3":"status-publish","4":"has-post-thumbnail","6":"tour_phys-alanya-tours","7":"product_cat-alanya-tours","8":"product_tag-alanya","9":"pa_destination-alanya-tours","11":"first","12":"instock","13":"sale","14":"shipping-taxable","15":"purchasable","16":"product-type-tour_phys"},"aioseo_notices":[],"_links":{"self":[{"href":"https:\/\/excursionsworld.com\/fr\/wp-json\/wp\/v2\/product\/15309","targetHints":{"allow":["GET"]}}],"collection":[{"href":"https:\/\/excursionsworld.com\/fr\/wp-json\/wp\/v2\/product"}],"about":[{"href":"https:\/\/excursionsworld.com\/fr\/wp-json\/wp\/v2\/types\/product"}],"replies":[{"embeddable":true,"href":"https:\/\/excursionsworld.com\/fr\/wp-json\/wp\/v2\/comments?post=15309"}],"wp:featuredmedia":[{"embeddable":true,"href":"https:\/\/excursionsworld.com\/fr\/wp-json\/wp\/v2\/media\/14072"}],"wp:attachment":[{"href":"https:\/\/excursionsworld.com\/fr\/wp-json\/wp\/v2\/media?parent=15309"}],"wp:term":[{"taxonomy":"product_brand","embeddable":true,"href":"https:\/\/excursionsworld.com\/fr\/wp-json\/wp\/v2\/product_brand?post=15309"},{"taxonomy":"product_cat","embeddable":true,"href":"https:\/\/excursionsworld.com\/fr\/wp-json\/wp\/v2\/product_cat?post=15309"},{"taxonomy":"product_tag","embeddable":true,"href":"https:\/\/excursionsworld.com\/fr\/wp-json\/wp\/v2\/product_tag?post=15309"}],"curies":[{"name":"wp","href":"https:\/\/api.w.org\/{rel}","templated":true}]}}