{"id":15331,"date":"2025-10-25T23:09:42","date_gmt":"2025-10-25T20:09:42","guid":{"rendered":"https:\/\/excursionsworld.com\/?post_type=product&#038;p=15331"},"modified":"2025-12-09T21:15:15","modified_gmt":"2025-12-09T18:15:15","slug":"antalya-vieille-ville-cascades-alanya","status":"publish","type":"product","link":"https:\/\/excursionsworld.com\/tours\/antalya-city-old-town-waterfalls-alanya\/","title":{"rendered":"Excursion Antalya depuis Alanya \u2013 Vieille Ville, Cascades &amp; Croisi\u00e8re"},"content":{"rendered":"<h3 data-start=\"5236\" data-end=\"5254\"><span style=\"color: #000000;\"><strong>\u2600\ufe0f Vue d'ensemble<\/strong><\/span><\/h3>\n<p data-start=\"5255\" data-end=\"5552\">D\u00e9couvrez la beaut\u00e9 et le charme de <strong data-start=\"5288\" data-end=\"5299\">Antalya<\/strong> pour une excursion d'une journ\u00e9e \u00e0 partir de <strong data-start=\"5323\" data-end=\"5333\">Alanya<\/strong> et ses environs. Comprend une excursion en bateau, des visites \u00e0 <strong data-start=\"5389\" data-end=\"5409\">Cascades de D\u00fcden<\/strong>, un d\u00e9jeuner turc, et une promenade dans les rues de la ville. <strong data-start=\"5449\" data-end=\"5460\">Kalei\u00e7i<\/strong>. Les transferts sont inclus depuis les h\u00f4tels d'Alanya, Mahmutlar, Konakl\u0131, Kestel et Okurcalar.<\/p>\n<h3 data-start=\"594\" data-end=\"609\"><span style=\"color: #000000;\"><strong>Inclus :<\/strong><\/span><\/h3>\n<div data-start=\"610\" data-end=\"863\"><span style=\"color: #00ff00;\"><strong>\u2713<\/strong> <\/span>Prise en charge et retour \u00e0 l'h\u00f4tel<br data-start=\"637\" data-end=\"640\" \/><span style=\"color: #00ff00;\"><strong>\u2713<\/strong> <\/span>Droits d'entr\u00e9e aux chutes d'eau de D\u00fcden (sup\u00e9rieures et inf\u00e9rieures)<br data-start=\"693\" data-end=\"696\" \/><span style=\"color: #00ff00;\"><strong>\u2713<\/strong> <\/span>Bus confortable et climatis\u00e9<br data-start=\"729\" data-end=\"732\" \/><span style=\"color: #00ff00;\"><strong>\u2713<\/strong> <\/span>Guide professionnel anglophone<br data-start=\"769\" data-end=\"772\" \/><span style=\"color: #00ff00;\"><strong>\u2713<\/strong> <\/span>D\u00e9jeuner dans un restaurant local<br data-start=\"801\" data-end=\"804\" \/><span style=\"color: #00ff00;\"><strong>\u2713<\/strong> <\/span>Assurance compl\u00e8te<\/div>\n<div data-start=\"610\" data-end=\"863\"><span style=\"color: #00ff00;\"><strong>\u2713<\/strong> <\/span>D\u00e9jeuner<\/div>\n<h3 data-start=\"865\" data-end=\"884\"><span style=\"color: #000000;\"><strong>Non inclus :<\/strong><\/span><\/h3>\n<p data-start=\"885\" data-end=\"975\"><span style=\"color: #ff0000;\"><strong>\u2717<\/strong> <\/span>Excursion en bateau (si choisie en option)<br data-start=\"923\" data-end=\"926\" \/><span style=\"color: #ff0000;\"><strong>\u2717<\/strong> <\/span>Boissons<br data-start=\"934\" data-end=\"937\" \/><span style=\"color: #ff0000;\"><strong>\u2717<\/strong> <\/span>D\u00e9penses personnelles (photos, vid\u00e9os)<\/p>\n<h3 data-start=\"977\" data-end=\"1002\"><span style=\"color: #000000;\"><strong>\ud83c\udf1f Points forts de la visite<\/strong><\/span><\/h3>\n<p data-start=\"1003\" data-end=\"1329\">\ud83d\udd39 Admirer la chute d'eau de Lower D\u00fcden, qui se jette en cascade de 40 m\u00e8tres dans la mer.<br data-start=\"1072\" data-end=\"1075\" \/>\ud83d\udd39 Promenade dans la vieille ville (Kalei\u00e7i) : Porte d'Hadrien, Minaret Yivli, Tour de l'Horloge<br data-start=\"1159\" data-end=\"1162\" \/>\ud83d\udd39 D\u00e9tendez-vous lors d'une excursion d'une heure en bateau depuis le vieux port d'Antalya.<br data-start=\"1218\" data-end=\"1221\" \/>\ud83d\udd39 Profitez de la verdure et de la fra\u00eecheur de la cascade du Haut-D\u00fcden<br data-start=\"1284\" data-end=\"1287\" \/>\ud83d\udd39 Visite d'un atelier local de fabrication de bijoux en argent<\/p>\n<h3 data-start=\"6276\" data-end=\"6302\"><span style=\"color: #000000;\"><strong>\ud83d\udcdd Description compl\u00e8te<\/strong><\/span><\/h3>\n<p data-start=\"6303\" data-end=\"6648\">Prise en charge \u00e0 votre h\u00f4tel \u00e0 <strong data-start=\"6329\" data-end=\"6355\">Alanya ou r\u00e9gions avoisinantes<\/strong>. Traverser <strong data-start=\"6370\" data-end=\"6381\">Kalei\u00e7i<\/strong>, La porte d'Hadrien, les rues, les mosqu\u00e9es et les boutiques. Profitez d'une heure de <strong data-start=\"6453\" data-end=\"6466\">excursion en bateau<\/strong> (en option), suivi d'un d\u00e9jeuner dans un restaurant local. Visite <strong data-start=\"6526\" data-end=\"6562\">Cascades de D\u00fcden inf\u00e9rieure et sup\u00e9rieure<\/strong>, et se termine par un <strong data-start=\"6580\" data-end=\"6607\">atelier de bijoux en argent<\/strong>. Retournez \u00e0 Alanya avec de vifs souvenirs.<\/p>\n<h3 data-start=\"1895\" data-end=\"1919\"><span style=\"color: #000000;\"><strong>\ud83d\udccd Itin\u00e9raire de la visite<\/strong><\/span><\/h3>\n<p data-start=\"1920\" data-end=\"2193\">\ud83d\udd39 Prise en charge \u00e0 l'h\u00f4tel<br data-start=\"1940\" data-end=\"1943\" \/>\ud83d\udd39 Promenade dans la vieille ville (Kalei\u00e7i)<br data-start=\"1981\" data-end=\"1984\" \/>\ud83d\udd39 Excursion en bateau depuis le vieux port (1 heure, en option)<br data-start=\"2033\" data-end=\"2036\" \/>D\u00e9jeuner dans un restaurant local<br data-start=\"2066\" data-end=\"2069\" \/>\ud83d\udd39 Visite de la cascade de D\u00fcden inf\u00e9rieur<br data-start=\"2102\" data-end=\"2105\" \/>\ud83d\udd39 Visite de la cascade de D\u00fcden sup\u00e9rieur<br data-start=\"2138\" data-end=\"2141\" \/>\ud83d\udd39 S'arr\u00eater \u00e0 un atelier de bijouterie<br data-start=\"2170\" data-end=\"2173\" \/>Retour \u00e0 l'h\u00f4tel<\/p>\n<h3 data-start=\"2195\" data-end=\"2223\"><span style=\"color: #000000;\"><strong>\u2139\ufe0f Informations utiles<\/strong><\/span><\/h3>\n<p data-start=\"2224\" data-end=\"2576\">\ud83d\udd39 L'excursion en bateau peut \u00eatre annul\u00e9e ou modifi\u00e9e en raison des conditions m\u00e9t\u00e9orologiques.<br data-start=\"2294\" data-end=\"2297\" \/>\ud83d\udd39 L'itin\u00e9raire peut \u00eatre modifi\u00e9 pour am\u00e9liorer l'exp\u00e9rience du voyage.<br data-start=\"2355\" data-end=\"2358\" \/>Il s'agit d'une visite touristique ; la baignade n'est pas incluse.<br data-start=\"2413\" data-end=\"2416\" \/>\ud83d\udd39 Les enfants de moins de 5 ans voyageant gratuitement n'ont pas de si\u00e8ge s\u00e9par\u00e9 dans le bus. Si le bus est plein, ils s'assoient sur les genoux d'un adulte ou un si\u00e8ge s\u00e9par\u00e9 peut \u00eatre r\u00e9serv\u00e9<\/p>\n<h3 data-start=\"2578\" data-end=\"2601\"><span style=\"color: #000000;\"><strong>\ud83c\udf92 Ce qu'il faut apporter<\/strong><\/span><\/h3>\n<p data-start=\"2602\" data-end=\"2745\">\ud83d\udd39 Chaussures de marche confortables<br data-start=\"2630\" data-end=\"2633\" \/>\ud83d\udd39 Lunettes de soleil et couvre-chefs<br data-start=\"2659\" data-end=\"2662\" \/>\ud83d\udd39 Cr\u00e8me solaire<br data-start=\"2674\" data-end=\"2677\" \/>\ud83d\udd39 Appareil photo ou smartphone<br data-start=\"2700\" data-end=\"2703\" \/>\ud83d\udd39 Argent liquide pour les boissons et les d\u00e9penses personnelles<\/p>\n<h3 data-start=\"2747\" data-end=\"2773\"><span style=\"color: #000000;\"><strong>\ud83d\udeab Ne convient pas pour<\/strong><\/span><\/h3>\n<p data-start=\"2774\" data-end=\"2829\">\ud83d\udd39 Utilisateurs de fauteuils roulants<br data-start=\"2793\" data-end=\"2796\" \/>\ud83d\udd39 Personnes \u00e0 mobilit\u00e9 r\u00e9duite<\/p>\n<h3 data-start=\"2831\" data-end=\"2858\"><span style=\"color: #000000;\"><strong>\ud83d\udcb8 Prix et r\u00e9servation<\/strong><\/span><\/h3>\n<p data-start=\"2859\" data-end=\"2995\"><strong>\ud83d\udd39 R\u00e9server maintenant, payer le jour de la visite<\/strong><br data-start=\"2898\" data-end=\"2901\" \/>\ud83d\udd39 Contactez-nous via <strong data-start=\"2919\" data-end=\"2931\">WhatsApp<\/strong>, <strong data-start=\"2933\" data-end=\"2945\">T\u00e9l\u00e9gramme<\/strong>, <strong data-start=\"2947\" data-end=\"2956\">Viber<\/strong>, ou remplissez le formulaire de r\u00e9servation ci-dessous. \ud83d\udc47\ud83c\udffc<\/p>","protected":false},"excerpt":{"rendered":"<p>R\u00e9server le <b>Antalya City Tour from Alanya<\/b>! Visit D\u00fcden Waterfalls &amp; historic Kalei\u00e7i. Full-day <b>voyage<\/b> avec <b>excursion en bateau<\/b>, lunch, and city <b>excursion<\/b>.<\/p>","protected":false},"featured_media":15468,"comment_status":"open","ping_status":"closed","template":"","meta":[],"product_brand":[],"product_cat":[128],"product_tag":[111],"class_list":{"0":"post-15331","1":"product","2":"type-product","3":"status-publish","4":"has-post-thumbnail","6":"tour_phys-alanya-tours","7":"product_cat-alanya-tours","8":"product_tag-alanya","9":"pa_destination-alanya-tours","11":"first","12":"instock","13":"sale","14":"shipping-taxable","15":"purchasable","16":"product-type-tour_phys"},"aioseo_notices":[],"_links":{"self":[{"href":"https:\/\/excursionsworld.com\/fr\/wp-json\/wp\/v2\/product\/15331","targetHints":{"allow":["GET"]}}],"collection":[{"href":"https:\/\/excursionsworld.com\/fr\/wp-json\/wp\/v2\/product"}],"about":[{"href":"https:\/\/excursionsworld.com\/fr\/wp-json\/wp\/v2\/types\/product"}],"replies":[{"embeddable":true,"href":"https:\/\/excursionsworld.com\/fr\/wp-json\/wp\/v2\/comments?post=15331"}],"wp:featuredmedia":[{"embeddable":true,"href":"https:\/\/excursionsworld.com\/fr\/wp-json\/wp\/v2\/media\/15468"}],"wp:attachment":[{"href":"https:\/\/excursionsworld.com\/fr\/wp-json\/wp\/v2\/media?parent=15331"}],"wp:term":[{"taxonomy":"product_brand","embeddable":true,"href":"https:\/\/excursionsworld.com\/fr\/wp-json\/wp\/v2\/product_brand?post=15331"},{"taxonomy":"product_cat","embeddable":true,"href":"https:\/\/excursionsworld.com\/fr\/wp-json\/wp\/v2\/product_cat?post=15331"},{"taxonomy":"product_tag","embeddable":true,"href":"https:\/\/excursionsworld.com\/fr\/wp-json\/wp\/v2\/product_tag?post=15331"}],"curies":[{"name":"wp","href":"https:\/\/api.w.org\/{rel}","templated":true}]}}