{"id":15332,"date":"2025-10-26T10:24:02","date_gmt":"2025-10-26T07:24:02","guid":{"rendered":"https:\/\/excursionsworld.com\/?post_type=product&#038;p=15332"},"modified":"2026-04-24T01:27:01","modified_gmt":"2026-04-23T22:27:01","slug":"excursion-aquarium-antalya-side","status":"publish","type":"product","link":"https:\/\/excursionsworld.com\/tours\/antalya-tunnel-aquarium-from-side\/","title":{"rendered":"Excursion \u00e0 l'Aquarium d'Antalya au D\u00e9part de Side \u2013 Demi-Journ\u00e9e"},"content":{"rendered":"<h2>\ud83c\udfdd\ufe0f Vue d'ensemble<\/h2>\n<p>Partir de <strong><a href=\"https:\/\/en.wikipedia.org\/wiki\/Side,_Turkey\" target=\"_blank\" rel=\"noopener\">Side<\/a><\/strong> pour une visite passionnante d'une demi-journ\u00e9e \u00e0 la <strong>Aquarium d'Antalya<\/strong>, L'aquarium de la ville, qui abrite l'un des plus longs tunnels aquariums du monde, est un lieu de rencontre id\u00e9al pour les familles et les amoureux de la nature. Parfaite pour les familles et les amoureux de la nature, cette excursion allie plaisir, confort et \u00e9ducation en un seul voyage inoubliable.<\/p>\n<h3>\u00a0Inclus :<\/h3>\n<p><strong><span style=\"color: #00ff00;\">\u2713<\/span> <\/strong>Prise en charge et retour \u00e0 l'h\u00f4tel<br \/>\n<strong><span style=\"color: #00ff00;\">\u2713<\/span> <\/strong>Assurance<br \/>\n<strong><span style=\"color: #00ff00;\">\u2713<\/span> <\/strong>Bus climatis\u00e9<br \/>\n<strong><span style=\"color: #00ff00;\">\u2713<\/span> <\/strong>Billet d'entr\u00e9e \u00e0 l'aquarium d'Antalya<\/p>\n<h3>\u00a0Non inclus :<\/h3>\n<p><span style=\"color: #ff0000;\"><strong>\u2717<\/strong> <\/span>Boissons<br \/>\n<span style=\"color: #ff0000;\"><strong>\u2717<\/strong> <\/span>D\u00e9penses personnelles<br \/>\n<span style=\"color: #ff0000;\"><strong>\u2717<\/strong> <\/span>Photos et vid\u00e9os<\/p>\n<h2>\ud83c\udf0a Points forts de la visite de ce tunnel d'aquarium \u00e0 Antalya<\/h2>\n<p>\ud83d\udd39 Tunnel de 131 m\u00e8tres avec des requins et des animaux marins<br \/>\n\ud83d\udd39 Zones oc\u00e9aniques mondiales th\u00e9matiques<br \/>\n\ud83d\udd39 L'exp\u00e9rience du Monde des Neiges<br \/>\n\ud83d\udd39 Id\u00e9al pour les familles et les enfants<br \/>\n\ud83d\udd39 Transfert confortable depuis le c\u00f4t\u00e9<\/p>\n<h2>\ud83d\udcd6 Description compl\u00e8te : Votre exp\u00e9rience de visite de l'aquarium du tunnel d'Antalya<\/h2>\n<p>Commencez votre voyage par un trajet confortable depuis votre h\u00f4tel de Side jusqu'\u00e0 l'a\u00e9roport. <strong>Aquarium d'Antalya<\/strong>. Explorez des tunnels sous-marins fascinants remplis de cr\u00e9atures marines color\u00e9es et de requins g\u00e9ants. Ensuite, entrez dans <strong>Monde de la neige<\/strong>, o\u00f9 vous pourrez d\u00e9couvrir une v\u00e9ritable atmosph\u00e8re hivernale, construire des bonshommes de neige et vous amuser dans le froid !<br \/>\nApr\u00e8s 1,5 \u00e0 2 heures de temps libre, votre chauffeur vous ram\u00e8nera \u00e0 votre h\u00f4tel en toute s\u00e9curit\u00e9 et confortablement.<\/p>\n<h3>\ud83d\uddfa\ufe0f Itin\u00e9raire de la visite<\/h3>\n<p>\ud83d\udd39 Prise en charge \u00e0 Side et dans la r\u00e9gion de Manavgat<br \/>\nArriv\u00e9e \u00e0 l'aquarium d'Antalya<br \/>\n\ud83d\udd39 Exploration de l'aquarium du tunnel et du monde de la neige (1,5-2 heures)<br \/>\n\ud83d\udd39 Transfert retour \u00e0 l'h\u00f4tel<\/p>\n<h3>\u2139\ufe0f Informations utiles<\/h3>\n<p>Dur\u00e9e : ~4 heures<br \/>\n\ud83d\udd39 Facile et agr\u00e9able pour tous les \u00e2ges<br \/>\n\ud83d\udd39 Aucune condition physique particuli\u00e8re n'est requise<br \/>\n\ud83d\udd39 La photographie au flash n'est pas autoris\u00e9e<br \/>\n\ud83d\udd39 Les enfants qui voyagent librement partagent les si\u00e8ges si le bus est plein<\/p>\n<h2>\ud83c\udf92 Ce qu'il faut apporter<\/h2>\n<p>\ud83d\udd39 Chaussures confortables<br \/>\n\ud83d\udd39 Argent liquide pour les collations ou les souvenirs<br \/>\n\ud83d\udd39 Appareil photo (flash interdit)<\/p>\n<h3>\ud83d\udeab Ne convient pas pour<\/h3>\n<p>\ud83d\udd39 Personnes ayant des probl\u00e8mes de mobilit\u00e9<br \/>\n\ud83d\udd39 Nourrissons de moins de 2 ans<\/p>\n<h2>\ud83d\udcb8 Prix et r\u00e9servation<\/h2>\n<p><strong>\ud83d\udd39 R\u00e9server maintenant, payer le jour de la visite<\/strong><br \/>\n\ud83d\udd39 Contactez-nous via WhatsApp, Telegram, ou Viber pour les r\u00e9servations \ud83d\udc47\ud83c\udffc<\/p>\n<p>\u00c0 la recherche d'alternatives ? Parcourir <a href=\"https:\/\/excursionsworld.com\/fr\/excursions-a-side\/\">plus d'excursions<\/a>.<\/p>","protected":false},"excerpt":{"rendered":"<p>R\u00e9server le <b>Visite de l'aquarium d'Antalya<\/b>! Demi-journ\u00e9e <b>excursion<\/b> jusqu'au 131m<strong> tunnel<\/strong> aquarium et Snow World. Id\u00e9al pour les familles <b>voyage<\/b>. <b>Transfert inclus<\/b>.<\/p>","protected":false},"featured_media":12743,"comment_status":"open","ping_status":"closed","template":"","meta":[],"product_brand":[],"product_cat":[127],"product_tag":[105],"class_list":{"0":"post-15332","1":"product","2":"type-product","3":"status-publish","4":"has-post-thumbnail","6":"tour_phys-side-tours","7":"product_cat-side-tours","8":"product_tag-kemer","9":"pa_destination-side-tours","11":"first","12":"instock","13":"sale","14":"shipping-taxable","15":"purchasable","16":"product-type-tour_phys"},"aioseo_notices":[],"_links":{"self":[{"href":"https:\/\/excursionsworld.com\/fr\/wp-json\/wp\/v2\/product\/15332","targetHints":{"allow":["GET"]}}],"collection":[{"href":"https:\/\/excursionsworld.com\/fr\/wp-json\/wp\/v2\/product"}],"about":[{"href":"https:\/\/excursionsworld.com\/fr\/wp-json\/wp\/v2\/types\/product"}],"replies":[{"embeddable":true,"href":"https:\/\/excursionsworld.com\/fr\/wp-json\/wp\/v2\/comments?post=15332"}],"wp:featuredmedia":[{"embeddable":true,"href":"https:\/\/excursionsworld.com\/fr\/wp-json\/wp\/v2\/media\/12743"}],"wp:attachment":[{"href":"https:\/\/excursionsworld.com\/fr\/wp-json\/wp\/v2\/media?parent=15332"}],"wp:term":[{"taxonomy":"product_brand","embeddable":true,"href":"https:\/\/excursionsworld.com\/fr\/wp-json\/wp\/v2\/product_brand?post=15332"},{"taxonomy":"product_cat","embeddable":true,"href":"https:\/\/excursionsworld.com\/fr\/wp-json\/wp\/v2\/product_cat?post=15332"},{"taxonomy":"product_tag","embeddable":true,"href":"https:\/\/excursionsworld.com\/fr\/wp-json\/wp\/v2\/product_tag?post=15332"}],"curies":[{"name":"wp","href":"https:\/\/api.w.org\/{rel}","templated":true}]}}