{"id":15334,"date":"2025-10-26T10:46:33","date_gmt":"2025-10-26T07:46:33","guid":{"rendered":"https:\/\/excursionsworld.com\/?post_type=product&#038;p=15334"},"modified":"2026-04-24T00:20:43","modified_gmt":"2026-04-23T21:20:43","slug":"antalya-tunnel-aquarium-belek","status":"publish","type":"product","link":"https:\/\/excursionsworld.com\/tours\/antalya-tunnel-aquarium-from-belek\/","title":{"rendered":"Excursion Antalya Tunnel Aquarium depuis Belek \u2013 Demi-journ\u00e9e"},"content":{"rendered":"<h2>\ud83c\udfdd\ufe0f Vue d'ensemble<\/h2>\n<p>Profitez d'une excursion confortable d'une demi-journ\u00e9e \u00e0 partir de <strong><a href=\"https:\/\/en.wikipedia.org\/wiki\/Belek\" target=\"_blank\" rel=\"noopener\">Belek<\/a> \u00e0 l'Aquarium d'Antalya<\/strong>, Un des plus grands complexes d'aquariums d'Europe ! Parfait pour les familles, les enfants et les amoureux de la mer : explorez le tunnel aquarium, observez les requins de pr\u00e8s et amusez-vous dans le Snow World.<\/p>\n<h3>\u00a0Inclus :<\/h3>\n<p><span style=\"color: #00ff00;\"><strong>\u2713<\/strong> <\/span>Prise en charge et retour \u00e0 l'h\u00f4tel<br \/><span style=\"color: #00ff00;\"><strong>\u2713<\/strong> <\/span>Assurance<br \/><span style=\"color: #00ff00;\"><strong>\u2713<\/strong> <\/span>Bus confortable et climatis\u00e9<br \/><span style=\"color: #00ff00;\"><strong>\u2713<\/strong> <\/span>Billet d'entr\u00e9e \u00e0 l'aquarium d'Antalya<\/p>\n<h3>\u00a0Non inclus :<\/h3>\n<p><span style=\"color: #ff0000;\"><strong>\u2717<\/strong> <\/span>Boissons<br \/><span style=\"color: #ff0000;\"><strong>\u2717<\/strong> <\/span>D\u00e9penses personnelles<br \/><span style=\"color: #ff0000;\"><strong>\u2717<\/strong> <\/span>Photos et vid\u00e9os<\/p>\n<h2>\ud83c\udf0a Points forts de la visite de ce tunnel d'aquarium \u00e0 Antalya<\/h2>\n<p>\ud83d\udd39 Aquarium tunnel de 131 m\u00e8tres rempli de requins et de poissons exotiques<br \/>\ud83d\udd39 Sections th\u00e9matiques de diff\u00e9rentes mers et oc\u00e9ans<br \/>\ud83d\udd39 Monde de la neige et mus\u00e9e de la glace<br \/>\ud83d\udd39 Exp\u00e9rience amusante et \u00e9ducative pour tous les \u00e2ges<br \/>Transfert depuis Belek et les h\u00f4tels voisins<\/p>\n<h2>\ud83d\udcd6 Description compl\u00e8te : Votre exp\u00e9rience de visite de l'aquarium du tunnel d'Antalya<\/h2>\n<p>Apr\u00e8s avoir \u00e9t\u00e9 pris en charge \u00e0 votre h\u00f4tel de Belek, vous vous rendrez confortablement jusqu'\u00e0 la c\u00e9l\u00e8bre ville de Belek. <strong>Aquarium d'Antalya<\/strong>. Faites l'exp\u00e9rience d'un voyage fascinant \u00e0 travers la vie marine mondiale, en marchant sous d'\u00e9normes r\u00e9servoirs tunnels remplis de requins, de raies et de milliers de poissons color\u00e9s.<br \/>Saisissez ensuite <strong>Monde de la neige<\/strong>, L'exposition de Belek, o\u00f9 les temp\u00e9ratures descendent en dessous de z\u00e9ro, offre un contraste magique avec le climat chaud d'Antalya ! Apr\u00e8s avoir profit\u00e9 des expositions, retournez \u00e0 Belek avec de belles photos et des souvenirs.<\/p>\n<h3>\ud83d\uddfa\ufe0f Itin\u00e9raire de la visite<\/h3>\n<p>\ud83d\udd39 Prise en charge dans la r\u00e9gion de Belek, Kadriye, Bo\u011fazkent<br \/>Arriv\u00e9e \u00e0 l'aquarium d'Antalya<br \/>\ud83d\udd39 Temps libre \u00e0 l'aquarium et au Snow World (1,5-2 heures)<br \/>\ud83d\udd39 Transfert retour \u00e0 l'h\u00f4tel<\/p>\n<h3>\u2139\ufe0f Informations utiles<\/h3>\n<p>Dur\u00e9e : ~4 heures<br \/>\ud83d\udd39 Id\u00e9al pour les familles et les enfants<br \/>\ud83d\udd39 Itin\u00e9raires de randonn\u00e9e faciles<br \/>\ud83d\udd39 La photographie au flash est interdite<br \/>\ud83d\udd39 Les enfants qui voyagent librement partagent les si\u00e8ges si le bus est plein<\/p>\n<h2>\ud83c\udf92 Ce qu'il faut apporter<\/h2>\n<p>\ud83d\udd39 Chaussures confortables<br \/>\ud83d\udd39 Argent liquide pour les souvenirs ou les boissons<br \/>\ud83d\udd39 Appareil photo (sans flash)<\/p>\n<h3>\ud83d\udeab Ne convient pas pour<\/h3>\n<p>\ud83d\udd39 Personnes ayant des probl\u00e8mes de mobilit\u00e9<br \/>\ud83d\udd39 Nourrissons de moins de 2 ans<\/p>\n<h2 dir=\"ltr\">\ud83d\udcb8\u00a0<strong>Prix et r\u00e9servation<\/strong><\/h2>\n<p dir=\"ltr\"><strong>\ud83d\udd39 R\u00e9server maintenant, payer le jour de la visite<\/strong><br \/>\n\ud83d\udd39 Contactez-nous via WhatsApp, Telegram, Viber, ou remplissez le formulaire de r\u00e9servation ci-dessous.<\/p>\n<h3>\u2139\ufe0f Informations utiles<\/h3>\n<p>Dur\u00e9e : environ 5-5,5 heures<br \/>\ud83d\udd39 D\u00e9parts quotidiens le matin\u00a0<br \/>\ud83d\udd39 Aucune exp\u00e9rience requise<br \/>\ud83d\udd39 Circuit en petit groupe pour plus de confort<\/p>\n<h3>\ud83d\udeab Ne convient pas pour<\/h3>\n<p>\ud83d\udd39 Femmes enceintes<br \/>\ud83d\udd39 Les h\u00f4tes souffrant de graves probl\u00e8mes de dos ou de c\u0153ur<\/p>\n<h2>\ud83c\udf92 Ce qu'il faut apporter<\/h2>\n<p>Lunettes de soleil, chapeau et cr\u00e8me solaire<br \/>\ud83d\udd39 V\u00eatements et maillots de bain confortables<br \/>\ud83d\udd39 Un peu d'argent pour les extras<\/p>\n<div class=\"elementor-element elementor-element-884d539 e-con-full e-flex e-con e-child\" data-id=\"884d539\" data-element_type=\"container\">\n<div id=\"description\" class=\"elementor-element elementor-element-337037cc elementor-widget elementor-widget-thim-ekits-tours-content\" data-id=\"337037cc\" data-element_type=\"widget\" data-widget_type=\"thim-ekits-tours-content.default\">\n<div class=\"elementor-widget-container\">\n<h2 class=\"thim-ekit-single-tour__content\">\ud83d\udcb8\u00a0<strong>Prix et r\u00e9servation<\/strong><\/h2>\n<div class=\"thim-ekit-single-tour__content\">\n<p><strong>\ud83d\udd39 R\u00e9server maintenant, payer le jour de la visite<\/strong><br \/>\ud83d\udd39 Contactez-nous via WhatsApp, Telegram, Viber, ou remplissez le formulaire de r\u00e9servation ci-dessous \ud83d\udc47\ud83c\udffc<\/p>\n<\/div>\n<\/div>\n<\/div>\n<\/div>\n<p>\u00c0 la recherche d'alternatives ? Parcourir <a href=\"https:\/\/excursionsworld.com\/fr\/excursions-a-belek\/\">plus de visites \u00e0 Belek<\/a>.<\/p>","protected":false},"excerpt":{"rendered":"<p>R\u00e9server le <b>Visite de l'aquarium de Belek Antalya<\/b>! Demi-journ\u00e9e <b>excursion<\/b> pour voir le 131m <strong>aquarium tunnel<\/strong> et Snow World. Famille amusante <b>voyage<\/b>. <b>Transfert inclus<\/b>.<\/p>","protected":false},"featured_media":12743,"comment_status":"open","ping_status":"closed","template":"","meta":[],"product_brand":[],"product_cat":[126],"product_tag":[120],"class_list":{"0":"post-15334","1":"product","2":"type-product","3":"status-publish","4":"has-post-thumbnail","6":"tour_phys-belek-tours","7":"product_cat-belek-tours","8":"product_tag-belek","9":"pa_destination-belek-tours","11":"first","12":"instock","13":"sale","14":"shipping-taxable","15":"purchasable","16":"product-type-tour_phys"},"aioseo_notices":[],"_links":{"self":[{"href":"https:\/\/excursionsworld.com\/fr\/wp-json\/wp\/v2\/product\/15334","targetHints":{"allow":["GET"]}}],"collection":[{"href":"https:\/\/excursionsworld.com\/fr\/wp-json\/wp\/v2\/product"}],"about":[{"href":"https:\/\/excursionsworld.com\/fr\/wp-json\/wp\/v2\/types\/product"}],"replies":[{"embeddable":true,"href":"https:\/\/excursionsworld.com\/fr\/wp-json\/wp\/v2\/comments?post=15334"}],"wp:featuredmedia":[{"embeddable":true,"href":"https:\/\/excursionsworld.com\/fr\/wp-json\/wp\/v2\/media\/12743"}],"wp:attachment":[{"href":"https:\/\/excursionsworld.com\/fr\/wp-json\/wp\/v2\/media?parent=15334"}],"wp:term":[{"taxonomy":"product_brand","embeddable":true,"href":"https:\/\/excursionsworld.com\/fr\/wp-json\/wp\/v2\/product_brand?post=15334"},{"taxonomy":"product_cat","embeddable":true,"href":"https:\/\/excursionsworld.com\/fr\/wp-json\/wp\/v2\/product_cat?post=15334"},{"taxonomy":"product_tag","embeddable":true,"href":"https:\/\/excursionsworld.com\/fr\/wp-json\/wp\/v2\/product_tag?post=15334"}],"curies":[{"name":"wp","href":"https:\/\/api.w.org\/{rel}","templated":true}]}}