{"id":15336,"date":"2025-10-26T10:59:33","date_gmt":"2025-10-26T07:59:33","guid":{"rendered":"https:\/\/excursionsworld.com\/?post_type=product&#038;p=15336"},"modified":"2026-04-24T01:27:01","modified_gmt":"2026-04-23T22:27:01","slug":"excursion-aquarium-antalya","status":"publish","type":"product","link":"https:\/\/excursionsworld.com\/tours\/antalya-tunnel-aquarium-tour\/","title":{"rendered":"Excursion \u00e0 l\u2019Aquarium Tunnel d\u2019Antalya \u2013 Aventure Marine d\u2019une Demi-Journ\u00e9e"},"content":{"rendered":"<h2>\ud83c\udfdd\ufe0f Vue d'ensemble<\/h2>\n<p>D\u00e9couvrez le monde sous-marin fascinant avec un <strong>demi-journ\u00e9e <a href=\"https:\/\/en.wikipedia.org\/wiki\/Antalya\" target=\"_blank\" rel=\"noopener\">Antalya<\/a> Visite de l'aquarium<\/strong>! Visitez l'un des plus grands aquariums-tunnels du monde, explorez Snow World et profitez d'une journ\u00e9e de divertissement adapt\u00e9e aux familles et \u00e0 tous les \u00e2ges. Cette visite de 4 heures combine confort, \u00e9ducation et divertissement en une exp\u00e9rience inoubliable.<\/p>\n<h3>\u00a0Inclus :<\/h3>\n<p><span style=\"color: #00ff00;\"><strong>\u2713<\/strong> <\/span>Prise en charge et retour \u00e0 l'h\u00f4tel<br \/>\n<span style=\"color: #00ff00;\"><strong>\u2713<\/strong> <\/span>Assurance<br \/>\n<span style=\"color: #00ff00;\"><strong>\u2713<\/strong> <\/span>Bus confortable et climatis\u00e9<br \/>\n<span style=\"color: #00ff00;\"><strong>\u2713<\/strong> <\/span>Billet d'entr\u00e9e \u00e0 l'aquarium d'Antalya<\/p>\n<h3>\u00a0Non inclus :<\/h3>\n<p><span style=\"color: #ff0000;\"><strong>\u2717<\/strong> <\/span>Boissons<br \/>\n<span style=\"color: #ff0000;\"><strong>\u2717<\/strong> <\/span>D\u00e9penses personnelles<br \/>\n<span style=\"color: #ff0000;\"><strong>\u2717<\/strong> <\/span>Photos et vid\u00e9os<\/p>\n<h2>\ud83c\udf0a Points forts de la visite de ce tunnel d'aquarium \u00e0 Antalya<\/h2>\n<p>\ud83d\udd39 Aquarium tunnel de 131 m\u00e8tres de long avec des requins<br \/>\n\ud83d\udd39 Des milliers de poissons exotiques et une vie marine color\u00e9e<br \/>\n\ud83d\udd39 Aquariums th\u00e9matiques du monde entier<br \/>\n\ud83d\udd39 Le monde des merveilles de l'hiver au Snow World<br \/>\n\ud83d\udd39 Transferts pratiques depuis Antalya<\/p>\n<h2>\ud83d\udcd6 Description compl\u00e8te : Votre exp\u00e9rience de visite de l'aquarium du tunnel d'Antalya<\/h2>\n<p>Participez \u00e0 une excursion m\u00e9morable d'une demi-journ\u00e9e \u00e0 <strong>Aquarium d'Antalya<\/strong>, L'aquarium est un lieu de rencontre entre l'aventure et la d\u00e9tente. Apr\u00e8s une prise en charge \u00e0 votre h\u00f4tel, vous vous rendrez confortablement au complexe de l'aquarium. Traversez le tunnel de 131 m\u00e8tres rempli de requins, de raies et de centaines d'esp\u00e8ces de poissons. Ensuite, entrez dans <strong>Monde de la neige<\/strong> pour une escapade hivernale - jouez dans la neige, admirez les sculptures de glace et prenez des photos amusantes.<br \/>\nApr\u00e8s 1,5 \u00e0 2 heures d'exploration, d\u00e9tendez-vous lors du transfert de retour \u00e0 l'h\u00f4tel.<\/p>\n<h3>\ud83d\uddfa\ufe0f Itin\u00e9raire de la visite<\/h3>\n<p>\ud83d\udd39 Prise en charge \u00e0 partir des h\u00f4tels d'Antalya et des environs<br \/>\nArriv\u00e9e \u00e0 l'aquarium d'Antalya<br \/>\nTemps libre pour explorer l'aquarium du tunnel et le monde de la neige (1,5-2 heures)<br \/>\nTransfert retour \u00e0 l'h\u00f4tel<\/p>\n<h3>\u2139\ufe0f Informations utiles<\/h3>\n<p>Dur\u00e9e : ~4 heures (demi-journ\u00e9e)<br \/>\n\ud83d\udd39 Convient \u00e0 tous les groupes d'\u00e2ge<br \/>\n\ud83d\udd39 Marche minimale, faible effort physique<br \/>\n\ud83d\udd39 La photographie au flash n'est pas autoris\u00e9e \u00e0 l'int\u00e9rieur.<br \/>\n\ud83d\udd39 Les enfants voyageant librement n'ont pas de si\u00e8ge s\u00e9par\u00e9 dans le bus (possibilit\u00e9 de r\u00e9servation sur demande).<\/p>\n<h2>\ud83c\udf92 Ce qu'il faut apporter<\/h2>\n<p>\ud83d\udd39 Chaussures confortables<br \/>\n\ud83d\udd39 Argent liquide pour les d\u00e9penses personnelles<br \/>\n\ud83d\udd39 Appareil photo (flash interdit)<\/p>\n<h3>\ud83d\udeab Ne convient pas pour<\/h3>\n<p>\ud83d\udd39 Personnes \u00e0 mobilit\u00e9 r\u00e9duite<br \/>\n\ud83d\udd39 Nourrissons de moins de 2 ans<\/p>\n<h2>\ud83d\udcb8 Prix et r\u00e9servation<\/h2>\n<p><strong>\ud83d\udd39 R\u00e9server maintenant, payer le jour de la visite<\/strong><br \/>\n\ud83d\udd39 Contactez-nous via WhatsApp, Telegram, ou Viber pour les r\u00e9servations et les questions \ud83d\udc47\ud83c\udffc<\/p>\n<p>\u00c0 la recherche d'alternatives ? Parcourir <a href=\"https:\/\/excursionsworld.com\/fr\/excursions-a-antalya\/\">plus de visites \u00e0 Antalya<\/a>.<\/p>","protected":false},"excerpt":{"rendered":"<p>R\u00e9server le <b>Visite de l'aquarium d'Antalya<\/b>! Demi-journ\u00e9e <b>voyage<\/b> jusqu'au 131m <strong>aquarium tunnel<\/strong> et Snow World. Une famille parfaite <b>excursion<\/b>. <b>Transfert inclus<\/b>.<\/p>","protected":false},"featured_media":12743,"comment_status":"open","ping_status":"closed","template":"","meta":[],"product_brand":[],"product_cat":[125],"product_tag":[107],"class_list":{"0":"post-15336","1":"product","2":"type-product","3":"status-publish","4":"has-post-thumbnail","6":"tour_phys-antalya-tours","7":"product_cat-antalya-tours","8":"product_tag-antalya","9":"pa_destination-antalya-tours","11":"first","12":"instock","13":"sale","14":"shipping-taxable","15":"purchasable","16":"product-type-tour_phys"},"aioseo_notices":[],"_links":{"self":[{"href":"https:\/\/excursionsworld.com\/fr\/wp-json\/wp\/v2\/product\/15336","targetHints":{"allow":["GET"]}}],"collection":[{"href":"https:\/\/excursionsworld.com\/fr\/wp-json\/wp\/v2\/product"}],"about":[{"href":"https:\/\/excursionsworld.com\/fr\/wp-json\/wp\/v2\/types\/product"}],"replies":[{"embeddable":true,"href":"https:\/\/excursionsworld.com\/fr\/wp-json\/wp\/v2\/comments?post=15336"}],"wp:featuredmedia":[{"embeddable":true,"href":"https:\/\/excursionsworld.com\/fr\/wp-json\/wp\/v2\/media\/12743"}],"wp:attachment":[{"href":"https:\/\/excursionsworld.com\/fr\/wp-json\/wp\/v2\/media?parent=15336"}],"wp:term":[{"taxonomy":"product_brand","embeddable":true,"href":"https:\/\/excursionsworld.com\/fr\/wp-json\/wp\/v2\/product_brand?post=15336"},{"taxonomy":"product_cat","embeddable":true,"href":"https:\/\/excursionsworld.com\/fr\/wp-json\/wp\/v2\/product_cat?post=15336"},{"taxonomy":"product_tag","embeddable":true,"href":"https:\/\/excursionsworld.com\/fr\/wp-json\/wp\/v2\/product_tag?post=15336"}],"curies":[{"name":"wp","href":"https:\/\/api.w.org\/{rel}","templated":true}]}}