{"id":15337,"date":"2025-10-26T13:52:54","date_gmt":"2025-10-26T10:52:54","guid":{"rendered":"https:\/\/excursionsworld.com\/?post_type=product&#038;p=15337"},"modified":"2026-04-24T01:27:01","modified_gmt":"2026-04-23T22:27:01","slug":"balade-cheval-side","status":"publish","type":"product","link":"https:\/\/excursionsworld.com\/tours\/side-horseback-riding-tour\/","title":{"rendered":"Excursion \u00c9questre \u00e0 Side \u2013 Randonn\u00e9e Cheval Plage et Nature Tout Compris"},"content":{"rendered":"<h2>\ud83d\udc34 Vue d'ensemble<\/h2>\n<p>Faites l'exp\u00e9rience de la paix et de la beaut\u00e9 de la nature sur le <strong><a href=\"https:\/\/en.wikipedia.org\/wiki\/Side,_Turkey\" target=\"_blank\" rel=\"noopener\">Side<\/a> Tour \u00e0 cheval<\/strong>, Cette excursion est un voyage relaxant et inoubliable \u00e0 travers les paysages pittoresques de Side et de Manavgat. Parfaite pour les d\u00e9butants comme pour les cavaliers exp\u00e9riment\u00e9s, cette excursion vous permet de vous rapprocher de la nature tout en explorant les for\u00eats, les plantations d'agrumes et les plages sur des chevaux arabes et locaux bien entra\u00een\u00e9s.<\/p>\n<h3>Inclus :<\/h3>\n<p><span style=\"color: #00ff00;\"><strong>\u2713<\/strong> <\/span>Prise en charge et retour \u00e0 l'h\u00f4tel<br \/>\n<span style=\"color: #00ff00;\"><strong>\u2713<\/strong> <\/span>Instructeur et guide professionnels<br \/>\n<span style=\"color: #00ff00;\"><strong>\u2713<\/strong> <\/span>Briefing sur le port du casque et la s\u00e9curit\u00e9<br \/>\n<span style=\"color: #00ff00;\"><strong>\u2713<\/strong> <\/span>Assurance compl\u00e8te<br \/>\n<span style=\"color: #00ff00;\"><strong>\u2713<\/strong> <\/span>Option d'\u00e9quitation d'une heure ou de deux heures<\/p>\n<h3>Non inclus :<\/h3>\n<p><span style=\"color: #ff0000;\"><strong>\u2717<\/strong> <\/span>Boissons<br \/>\n<span style=\"color: #ff0000;\"><strong>\u2717<\/strong> <\/span>Boissons alcoolis\u00e9es<br \/>\n<span style=\"color: #ff0000;\"><strong>\u2717<\/strong> <\/span>D\u00e9penses personnelles (photos, vid\u00e9os)<\/p>\n<h2>\ud83c\udf1f Points forts de l'excursion \u00e0 cheval de ce c\u00f4t\u00e9<\/h2>\n<p>\ud83d\udd39 Traverser des for\u00eats de pins luxuriantes, des vergers et des sentiers de campagne<br \/>\n\ud83d\udd39 Profiter d'une connexion paisible avec des chevaux doux et entra\u00een\u00e9s<br \/>\n\ud83d\udd39 Choisir entre des itin\u00e9raires en for\u00eat, en montagne ou sur la plage<br \/>\n\ud83d\udd39 Admirez un coucher de soleil \u00e0 couper le souffle lors de la promenade de 2 heures sur la plage.<br \/>\n\ud83d\udd39 Convient \u00e0 tous les niveaux d'exp\u00e9rience - une formation est dispens\u00e9e avant l'excursion.<\/p>\n<h2>\ud83d\udcd6 Description compl\u00e8te : Votre exp\u00e9rience de randonn\u00e9e \u00e0 cheval sur mesure<\/h2>\n<div>L'aventure commence par un transfert confortable \u00e0 l'h\u00f4tel jusqu'\u00e0 l'auberge de jeunesse. <strong>Ferme \u00e9questre<\/strong> \u00e0 proximit\u00e9. \u00c0 votre arriv\u00e9e, vous recevrez un bref briefing sur la s\u00e9curit\u00e9 et une formation de base pour vous aider \u00e0 vous familiariser avec votre cheval.<\/div>\n<div>Vous pouvez ensuite choisir votre itin\u00e9raire pr\u00e9f\u00e9r\u00e9 :<\/div>\n<div><strong>Promenade \u00e0 terre :<\/strong> Un galop relaxant le long de la c\u00f4te sablonneuse de Side avec la mer M\u00e9diterran\u00e9e en toile de fond.<\/div>\n<div><strong>Piste de campagne :<\/strong> Une promenade rafra\u00eechissante \u00e0 travers les for\u00eats de pins et les plantations d'agrumes autour de Manavgat.<\/div>\n<div><strong>Fili\u00e8re :<\/strong> Une route pittoresque \u00e0 travers les contreforts des montagnes du Taurus, offrant des vues panoramiques \u00e9poustouflantes.<\/div>\n<div>Pour les 2 heures <strong>Aventure au coucher du soleil<\/strong>, Vous profiterez \u00e0 la fois d'une balade en for\u00eat et d'un galop magique sur la plage au coucher du soleil - la fa\u00e7on id\u00e9ale de terminer votre journ\u00e9e \u00e0 Side.<\/div>\n<h3>\ud83d\uddfa\ufe0f Itin\u00e9raire de la visite<\/h3>\n<p>\ud83d\udd39 Prise en charge \u00e0 l'h\u00f4tel<br \/>\n\ud83d\udd39 Arriv\u00e9e \u00e0 la ferme \u00e9questre et briefing sur la s\u00e9curit\u00e9<br \/>\n\ud83d\udd39 Activit\u00e9 \u00e9questre (1 ou 2 heures selon l'option)<br \/>\n\ud83d\udd39 Temps libre pour les photos et la d\u00e9tente<br \/>\n\ud83d\udd39 Transfert retour \u00e0 l'h\u00f4tel<\/p>\n<h3>\u2139\ufe0f Informations utiles<\/h3>\n<p>\ud83d\udd39 Aucune exp\u00e9rience pr\u00e9alable de l'\u00e9quitation n'est requise - une formation de base est dispens\u00e9e.<br \/>\n\ud83d\udd39 V\u00eatements confortables et chaussures ferm\u00e9es recommand\u00e9s<br \/>\n\ud83d\udd39 Les enfants peuvent participer sous la supervision d'un adulte<br \/>\n\ud83d\udd39 La dur\u00e9e d\u00e9pend de l'option choisie (1 ou 2 heures)<br \/>\n\ud83d\udd39 L'activit\u00e9 est quotidienne et d\u00e9pend des conditions m\u00e9t\u00e9orologiques.<\/p>\n<h2>\ud83c\udf92 Ce qu'il faut apporter<\/h2>\n<p>\ud83d\udd39 V\u00eatements et chaussures confortables<br \/>\n\ud83d\udd39 Lunettes de soleil et couvre-chefs<br \/>\n\ud83d\udd39 Cr\u00e8me solaire<br \/>\n\ud83d\udd39 De l'eau et un peu d'argent pour les d\u00e9penses personnelles<\/p>\n<h3>\ud83d\udeab Ne convient pas pour<\/h3>\n<p>\ud83d\udd39 Les personnes souffrant de probl\u00e8mes de dos ou de cou<br \/>\n\ud83d\udd39 Femmes enceintes<br \/>\n\ud83d\udd39 Enfants de moins de 5 ans<\/p>\n<h2>\ud83d\udcb8 Prix et r\u00e9servation<\/h2>\n<p><strong>\ud83d\udd39 R\u00e9server maintenant, payer le jour de la visite<\/strong><br \/>\n\ud83d\udd39 Contactez-nous via WhatsApp, Telegram, ou Viber pour les r\u00e9servations et les d\u00e9tails \ud83d\udc47\ud83c\udffd<\/p>\n<p>\u00c0 la recherche d'alternatives ? Parcourir <a href=\"https:\/\/excursionsworld.com\/fr\/excursions-a-side\/\">plus d'excursions<\/a>.<\/p>","protected":false},"excerpt":{"rendered":"<p>R\u00e9server le <b>Randonn\u00e9e \u00e0 cheval sur le c\u00f4t\u00e9<\/b>! Choisissez votre itin\u00e9raire : for\u00eat, montagne, ou <b>galop de plage au coucher du soleil<\/b>. Comprend <b>transfert, formation et casque<\/b>. Une nature inoubliable <b>excursion<\/b>!<\/p>","protected":false},"featured_media":15133,"comment_status":"open","ping_status":"closed","template":"","meta":[],"product_brand":[],"product_cat":[127],"product_tag":[122],"class_list":{"0":"post-15337","1":"product","2":"type-product","3":"status-publish","4":"has-post-thumbnail","6":"tour_phys-side-tours","7":"product_cat-side-tours","8":"product_tag-side","9":"pa_destination-side-tours","11":"first","12":"instock","13":"sale","14":"shipping-taxable","15":"purchasable","16":"product-type-tour_phys"},"aioseo_notices":[],"_links":{"self":[{"href":"https:\/\/excursionsworld.com\/fr\/wp-json\/wp\/v2\/product\/15337","targetHints":{"allow":["GET"]}}],"collection":[{"href":"https:\/\/excursionsworld.com\/fr\/wp-json\/wp\/v2\/product"}],"about":[{"href":"https:\/\/excursionsworld.com\/fr\/wp-json\/wp\/v2\/types\/product"}],"replies":[{"embeddable":true,"href":"https:\/\/excursionsworld.com\/fr\/wp-json\/wp\/v2\/comments?post=15337"}],"wp:featuredmedia":[{"embeddable":true,"href":"https:\/\/excursionsworld.com\/fr\/wp-json\/wp\/v2\/media\/15133"}],"wp:attachment":[{"href":"https:\/\/excursionsworld.com\/fr\/wp-json\/wp\/v2\/media?parent=15337"}],"wp:term":[{"taxonomy":"product_brand","embeddable":true,"href":"https:\/\/excursionsworld.com\/fr\/wp-json\/wp\/v2\/product_brand?post=15337"},{"taxonomy":"product_cat","embeddable":true,"href":"https:\/\/excursionsworld.com\/fr\/wp-json\/wp\/v2\/product_cat?post=15337"},{"taxonomy":"product_tag","embeddable":true,"href":"https:\/\/excursionsworld.com\/fr\/wp-json\/wp\/v2\/product_tag?post=15337"}],"curies":[{"name":"wp","href":"https:\/\/api.w.org\/{rel}","templated":true}]}}