{"id":15338,"date":"2025-10-26T14:25:16","date_gmt":"2025-10-26T11:25:16","guid":{"rendered":"https:\/\/excursionsworld.com\/?post_type=product&#038;p=15338"},"modified":"2026-04-24T01:27:02","modified_gmt":"2026-04-23T22:27:02","slug":"belek-excursion-cheval","status":"publish","type":"product","link":"https:\/\/excursionsworld.com\/tours\/belek-horseback-riding-tour\/","title":{"rendered":"Belek : Excursion \u00e0 cheval \u2013 Balade dans la nature"},"content":{"rendered":"<h2>\ud83d\udc34 Vue d'ensemble<\/h2>\n<p>Profitez d'une exp\u00e9rience d'\u00e9quitation paisible et excitante \u00e0 <a href=\"https:\/\/en.wikipedia.org\/wiki\/Belek\" target=\"_blank\" rel=\"noopener\">Belek<\/a> \u2014 \u00e0 travers les luxuriantes for\u00eats de pins et les sables dor\u00e9s de la plage de Lara. Parfait pour les d\u00e9butants comme pour les cavaliers exp\u00e9riment\u00e9s, cette visite relaxante combine la beaut\u00e9 de la nature avec la joie de monter des chevaux calmes et amicaux le long de la c\u00f4te m\u00e9diterran\u00e9enne.<\/p>\n<h3>\u00a0Inclus :<\/h3>\n<p><span style=\"color: #00ff00;\"><strong>\u2713<\/strong> <\/span>Prise en charge et retour \u00e0 l'h\u00f4tel<br \/>\n<span style=\"color: #00ff00;\"><strong>\u2713<\/strong> <\/span>Service de guides et de formateurs professionnels<br \/>\n<span style=\"color: #00ff00;\"><strong>\u2713<\/strong> <\/span>Environ 1 heure 40 minutes d'\u00e9quitation<br \/>\n<span style=\"color: #00ff00;\"><strong>\u2713<\/strong> <\/span>Tout l'\u00e9quipement d'\u00e9quitation (casque, etc.)<br \/>\n<span style=\"color: #00ff00;\"><strong>\u2713<\/strong> <\/span>Assurance compl\u00e8te<\/p>\n<h3>\u00a0Non inclus :<\/h3>\n<p><strong><span style=\"color: #ff0000;\">\u2717<\/span> <\/strong>Nourriture et boissons<br \/>\n<strong><span style=\"color: #ff0000;\">\u2717<\/span> <\/strong>D\u00e9penses personnelles<br \/>\n<strong><span style=\"color: #ff0000;\">\u2717<\/span> <\/strong>Photos et vid\u00e9os (achat facultatif)<\/p>\n<h2>\ud83c\udf1f Points forts de ce circuit \u00e0 cheval \u00e0 Belek<\/h2>\n<p>\ud83d\udd39 Randonn\u00e9e \u00e0 cheval dans les for\u00eats de pins et le long de la plage de Lara<br \/>\n\ud83d\udd39 Respirer l'air frais de la for\u00eat et admirer la vue sur la mer M\u00e9diterran\u00e9e<br \/>\n\ud83d\udd39 Des chevaux s\u00fbrs, calmes et bien entra\u00een\u00e9s, adapt\u00e9s \u00e0 tous les niveaux<br \/>\n\ud83d\udd39 Des instructeurs et des guides professionnels pour votre s\u00e9curit\u00e9 et votre confort<br \/>\n\ud83d\udd39 Possibilit\u00e9 de prendre des photos et des vid\u00e9os m\u00e9morables pendant le trajet<\/p>\n<h2>\ud83d\udcd6 Description compl\u00e8te : Votre exp\u00e9rience de balade \u00e0 cheval \u00e0 Belek<\/h2>\n<p>L'excursion \u00e0 cheval \u00e0 Belek commence par une prise en charge \u00e0 votre h\u00f4tel et un transfert confortable vers le ranch de chevaux situ\u00e9 pr\u00e8s de la plage de Lara. Apr\u00e8s un bref briefing sur la s\u00e9curit\u00e9 donn\u00e9 par des instructeurs professionnels, vous commencerez votre voyage \u00e0 travers les paisibles for\u00eats de pins.<br \/>\nL'aventure se poursuit le long du littoral, o\u00f9 vous pourrez sentir la brise marine et profiter de la vue turquoise de la M\u00e9diterran\u00e9e.<br \/>\nLa dur\u00e9e totale de l'\u00e9quitation est d'environ 1 heure et 40 minutes, ce qui la rend id\u00e9ale pour tous les \u00e2ges et tous les niveaux d'exp\u00e9rience. De retour \u00e0 la ferme, vous aurez le temps de vous reposer et de regarder ou d'acheter des photos et des vid\u00e9os en option avant d'\u00eatre transf\u00e9r\u00e9 \u00e0 votre h\u00f4tel.<\/p>\n<h3>\ud83d\uddfa\ufe0f Itin\u00e9raire de la visite<\/h3>\n<p>\ud83d\udd39 Prise en charge \u00e0 l'h\u00f4tel \u00e0 partir de Belek et des environs<br \/>\n\ud83d\udd39 Arriv\u00e9e au ranch de chevaux pr\u00e8s de Lara Beach<br \/>\n\ud83d\udd39 Briefing sur la s\u00e9curit\u00e9 et v\u00e9rification de l'\u00e9quipement<br \/>\n\ud83d\udd39 Randonn\u00e9e \u00e0 cheval dans la for\u00eat de pins et le long de la c\u00f4te<br \/>\nRetour au ranch et temps libre pour les photos<br \/>\n\ud83d\udd39 Transfert retour \u00e0 l'h\u00f4tel<\/p>\n<h3>\u2139\ufe0f Informations utiles<\/h3>\n<p>Dur\u00e9e : Environ 3,5-4 heures (transfert compris)<br \/>\nDur\u00e9e du trajet : 1 heure 40 minutes<br \/>\n\ud83d\udd39 Limite de poids maximale : 100 kg<br \/>\n\ud83d\udd39 \u00c2ge minimum : 8 ans (pour rouler seul, avec l'accord du moniteur)<br \/>\n\ud83d\udd39 Chevaux calmes et entra\u00een\u00e9s convenant aux d\u00e9butants<br \/>\n\ud83d\udd39 Interdit aux femmes enceintes et aux personnes en \u00e9tat d'\u00e9bri\u00e9t\u00e9<\/p>\n<h2>\ud83c\udf92 Ce qu'il faut apporter<\/h2>\n<p>\ud83d\udd39 V\u00eatements confortables et chaussures ferm\u00e9es<br \/>\nLunettes de soleil et cr\u00e8me solaire<br \/>\n\ud83d\udd39 Appareil photo ou smartphone pour les photos<br \/>\n\ud83d\udd39 Argent liquide pour les achats facultatifs<\/p>\n<h3>\ud83d\udeab Ne convient pas pour<\/h3>\n<p>\ud83d\udd39 Femmes enceintes<br \/>\n\ud83d\udd39 Personnes pesant plus de 100 kg<br \/>\n\ud83d\udd39 Personnes ayant des probl\u00e8mes de mobilit\u00e9<\/p>\n<div class=\"elementor-element elementor-element-884d539 e-con-full e-flex e-con e-child\" data-id=\"884d539\" data-element_type=\"container\">\n<div id=\"description\" class=\"elementor-element elementor-element-337037cc elementor-widget elementor-widget-thim-ekits-tours-content\" data-id=\"337037cc\" data-element_type=\"widget\" data-widget_type=\"thim-ekits-tours-content.default\">\n<div class=\"elementor-widget-container\">\n<h2 class=\"thim-ekit-single-tour__content\">\ud83d\udcb8\u00a0<strong>Prix et r\u00e9servation<\/strong><\/h2>\n<div class=\"thim-ekit-single-tour__content\">\n<p><strong>\ud83d\udd39 R\u00e9server maintenant, payer le jour de la visite<\/strong><br \/>\n\ud83d\udd39 Contactez-nous via WhatsApp, Telegram, Viber, ou remplissez le formulaire de r\u00e9servation ci-dessous \ud83d\udc47\ud83c\udffc<\/p>\n<\/div>\n<\/div>\n<\/div>\n<\/div>\n<p>\u00c0 la recherche d'alternatives ? Parcourir <a href=\"https:\/\/excursionsworld.com\/fr\/excursions-a-belek\/\">plus de visites \u00e0 Belek<\/a>.<\/p>","protected":false},"excerpt":{"rendered":"<p>R\u00e9server le <b>Randonn\u00e9e \u00e0 cheval \u00e0 Belek<\/b>! Profitez d'un <b>Voyage de 100 minutes<\/b> en passant par la plage de Lara et le pin <b>for\u00eats<\/b>. Amusant, pittoresque <b>excursion<\/b> avec des guides professionnels. <b>Transfert inclus<\/b>!<\/p>","protected":false},"featured_media":15133,"comment_status":"open","ping_status":"closed","template":"","meta":[],"product_brand":[],"product_cat":[126],"product_tag":[120],"class_list":{"0":"post-15338","1":"product","2":"type-product","3":"status-publish","4":"has-post-thumbnail","6":"tour_phys-belek-tours","7":"product_cat-belek-tours","8":"product_tag-belek","9":"pa_destination-belek-tours","11":"first","12":"instock","13":"sale","14":"shipping-taxable","15":"purchasable","16":"product-type-tour_phys"},"aioseo_notices":[],"_links":{"self":[{"href":"https:\/\/excursionsworld.com\/fr\/wp-json\/wp\/v2\/product\/15338","targetHints":{"allow":["GET"]}}],"collection":[{"href":"https:\/\/excursionsworld.com\/fr\/wp-json\/wp\/v2\/product"}],"about":[{"href":"https:\/\/excursionsworld.com\/fr\/wp-json\/wp\/v2\/types\/product"}],"replies":[{"embeddable":true,"href":"https:\/\/excursionsworld.com\/fr\/wp-json\/wp\/v2\/comments?post=15338"}],"wp:featuredmedia":[{"embeddable":true,"href":"https:\/\/excursionsworld.com\/fr\/wp-json\/wp\/v2\/media\/15133"}],"wp:attachment":[{"href":"https:\/\/excursionsworld.com\/fr\/wp-json\/wp\/v2\/media?parent=15338"}],"wp:term":[{"taxonomy":"product_brand","embeddable":true,"href":"https:\/\/excursionsworld.com\/fr\/wp-json\/wp\/v2\/product_brand?post=15338"},{"taxonomy":"product_cat","embeddable":true,"href":"https:\/\/excursionsworld.com\/fr\/wp-json\/wp\/v2\/product_cat?post=15338"},{"taxonomy":"product_tag","embeddable":true,"href":"https:\/\/excursionsworld.com\/fr\/wp-json\/wp\/v2\/product_tag?post=15338"}],"curies":[{"name":"wp","href":"https:\/\/api.w.org\/{rel}","templated":true}]}}