{"id":15339,"date":"2025-10-26T14:37:15","date_gmt":"2025-10-26T11:37:15","guid":{"rendered":"https:\/\/excursionsworld.com\/?post_type=product&#038;p=15339"},"modified":"2026-04-24T01:27:02","modified_gmt":"2026-04-23T22:27:02","slug":"cheval-antalya-nature","status":"publish","type":"product","link":"https:\/\/excursionsworld.com\/tours\/antalya-horseback-riding\/","title":{"rendered":"Excursion \u00e0 Cheval \u00e0 Antalya \u2013 Balade \u00e0 Travers la Nature"},"content":{"rendered":"<h2>\ud83d\udc34 Vue d'ensemble<\/h2>\n<p>Rejoignez une aventure inoubliable d'une heure \u00e0 cheval \u00e0 travers les for\u00eats pittoresques et les plages dor\u00e9es de Lara \u00e0 <a href=\"https:\/\/en.wikipedia.org\/wiki\/Antalya\" target=\"_blank\" rel=\"noopener\">Antalya<\/a>. Cette courte mais enrichissante excursion est parfaite pour les d\u00e9butants et les cavaliers exp\u00e9riment\u00e9s qui souhaitent profiter de la nature, de l'air frais et de la libert\u00e9 de monter des chevaux calmes et bien entra\u00een\u00e9s le long de la c\u00f4te m\u00e9diterran\u00e9enne.<\/p>\n<h3>\u00a0Inclus :<\/h3>\n<p><span style=\"color: #00ff00;\"><strong>\u2713<\/strong> <\/span>Prise en charge et retour \u00e0 l'h\u00f4tel<br \/>\n<span style=\"color: #00ff00;\"><strong>\u2713<\/strong> <\/span>Service de guides et de formateurs professionnels<br \/>\n<span style=\"color: #00ff00;\"><strong>\u2713<\/strong> <\/span>60 minutes d'\u00e9quitation<br \/>\n<span style=\"color: #00ff00;\"><strong>\u2713<\/strong> <\/span>Tous les \u00e9quipements de s\u00e9curit\u00e9 (casque, etc.)<br \/>\n<span style=\"color: #00ff00;\"><strong>\u2713<\/strong> <\/span>Formation de base \u00e0 l'\u00e9quitation<br \/>\n<span style=\"color: #00ff00;\"><strong>\u2713<\/strong> <\/span>Assurance compl\u00e8te<\/p>\n<h3>\u00a0Non inclus :<\/h3>\n<p><span style=\"color: #ff0000;\"><strong>\u2717<\/strong> <\/span>Boissons et nourriture<br \/>\n<span style=\"color: #ff0000;\"><strong>\u2717<\/strong> <\/span>D\u00e9penses personnelles<\/p>\n<h2>\ud83c\udf1f Faits saillants de l'excursion : Tour \u00e0 cheval \u00e0 Antalya<\/h2>\n<p>\ud83d\udd39 Chevaucher \u00e0 travers les for\u00eats de pins verts et les sentiers sablonneux de Lara<br \/>\n\ud83d\udd39 Profitez de l'exp\u00e9rience relaxante d'une balade sur la plage au bord de la M\u00e9diterran\u00e9e<br \/>\n\ud83d\udd39 Des chevaux calmes et amicaux, parfaitement adapt\u00e9s \u00e0 votre taille et \u00e0 votre niveau.<br \/>\n\ud83d\udd39 Apprendre les techniques de base de l'\u00e9quitation avec des entra\u00eeneurs professionnels<br \/>\n\ud83d\udd39 Id\u00e9al pour les adultes et les enfants - aucune exp\u00e9rience pr\u00e9alable n'est requise<\/p>\n<h2>\ud83d\udcd6 Description compl\u00e8te : Votre exp\u00e9rience de balade \u00e0 cheval \u00e0 Antalya<\/h2>\n<p>L'excursion \u00e9questre \u00e0 Antalya commence par une prise en charge confortable \u00e0 l'h\u00f4tel et un transfert vers un ranch \u00e9questre professionnel dans la r\u00e9gion de Lara. \u00c0 votre arriv\u00e9e, des instructeurs professionnels vous donneront une courte s\u00e9ance d'entra\u00eenement et vous attribueront un cheval adapt\u00e9 \u00e0 votre exp\u00e9rience et \u00e0 votre niveau de confort.<br \/>\nVotre promenade de 60 minutes commence par de magnifiques sentiers forestiers avant d'atteindre la superbe plage, o\u00f9 vous pouvez trotter ou promener votre cheval le long du rivage, en sentant la douce brise marine et en admirant les eaux turquoise de la M\u00e9diterran\u00e9e.<br \/>\nL'excursion est con\u00e7ue pour \u00eatre \u00e0 la fois relaxante et \u00e9ducative, offrant aux d\u00e9butants une introduction s\u00fbre \u00e0 l'\u00e9quitation, tandis que les cavaliers exp\u00e9riment\u00e9s peuvent profiter d'une promenade calme et pittoresque dans la nature.<\/p>\n<h3>\ud83d\uddfa\ufe0f Itin\u00e9raire de la visite<\/h3>\n<p>\ud83d\udd39 Prise en charge \u00e0 l'h\u00f4tel \u00e0 partir d'Antalya et des environs<br \/>\n\ud83d\udd39 Arriv\u00e9e au ranch de chevaux dans la r\u00e9gion de Lara<br \/>\n\ud83d\udd39 Briefing sur la s\u00e9curit\u00e9 et instruction de base sur le pilotage<br \/>\n\ud83d\udd39 Randonn\u00e9e \u00e9questre guid\u00e9e de 60 minutes \u00e0 travers les sentiers de la for\u00eat et de la plage<br \/>\nRetour au ranch et temps libre pour les photos<br \/>\n\ud83d\udd39 Transfert retour \u00e0 l'h\u00f4tel<\/p>\n<h3>\u2139\ufe0f Informations utiles<\/h3>\n<p>Dur\u00e9e : Environ 2,5-3 heures (transfert compris)<br \/>\nDur\u00e9e du trajet : 60 minutes<br \/>\n\ud83d\udd39 Limite de poids maximale : 100 kg<br \/>\n\ud83d\udd39 Convient \u00e0 tous les niveaux d'exp\u00e9rience<br \/>\n\ud83d\udd39 Chevaux calmes et entra\u00een\u00e9s<br \/>\n\ud83d\udd39 Interdit aux femmes enceintes et aux personnes en \u00e9tat d'\u00e9bri\u00e9t\u00e9<\/p>\n<h2>\ud83c\udf92 Ce qu'il faut apporter<\/h2>\n<p>\ud83d\udd39 V\u00eatements confortables et chaussures ferm\u00e9es<br \/>\nLunettes de soleil et cr\u00e8me solaire<br \/>\n\ud83d\udd39 Appareil photo ou smartphone pour les photos<br \/>\n\ud83d\udd39 Argent liquide pour les achats facultatifs<\/p>\n<h3>\ud83d\udeab Ne convient pas pour<\/h3>\n<p>\ud83d\udd39 Femmes enceintes<br \/>\n\ud83d\udd39 Personnes pesant plus de 100 kg<br \/>\n\ud83d\udd39 Personnes ayant des probl\u00e8mes de mobilit\u00e9<\/p>\n<h2>\ud83d\udcb8 Prix et r\u00e9servation<\/h2>\n<p><strong>\ud83d\udd39 R\u00e9server maintenant, payer le jour de la visite<\/strong><br \/>\n\ud83d\udd39 Contactez-nous via WhatsApp, Telegram, ou Viber pour les r\u00e9servations et plus de d\u00e9tails \ud83d\udc47\ud83c\udffc<\/p>\n<p>\u00c0 la recherche d'alternatives ? Parcourir <a href=\"https:\/\/excursionsworld.com\/fr\/excursions-a-antalya\/\">plus de visites \u00e0 Antalya<\/a>.<\/p>","protected":false},"excerpt":{"rendered":"<p>R\u00e9server le <b>Antalya Horse Riding Tour<\/b>! Profitez d'un <b>60-minute safari<\/b> through <b>Lara&#8217;s forests and beaches<\/b>. Parfait <b>aventure<\/b> for all levels. <b>Transfer and helmet included<\/b>.<\/p>","protected":false},"featured_media":15133,"comment_status":"open","ping_status":"closed","template":"","meta":[],"product_brand":[],"product_cat":[125],"product_tag":[107],"class_list":{"0":"post-15339","1":"product","2":"type-product","3":"status-publish","4":"has-post-thumbnail","6":"tour_phys-antalya-tours","7":"product_cat-antalya-tours","8":"product_tag-antalya","9":"pa_destination-antalya-tours","11":"first","12":"instock","13":"sale","14":"shipping-taxable","15":"purchasable","16":"product-type-tour_phys"},"aioseo_notices":[],"_links":{"self":[{"href":"https:\/\/excursionsworld.com\/fr\/wp-json\/wp\/v2\/product\/15339","targetHints":{"allow":["GET"]}}],"collection":[{"href":"https:\/\/excursionsworld.com\/fr\/wp-json\/wp\/v2\/product"}],"about":[{"href":"https:\/\/excursionsworld.com\/fr\/wp-json\/wp\/v2\/types\/product"}],"replies":[{"embeddable":true,"href":"https:\/\/excursionsworld.com\/fr\/wp-json\/wp\/v2\/comments?post=15339"}],"wp:featuredmedia":[{"embeddable":true,"href":"https:\/\/excursionsworld.com\/fr\/wp-json\/wp\/v2\/media\/15133"}],"wp:attachment":[{"href":"https:\/\/excursionsworld.com\/fr\/wp-json\/wp\/v2\/media?parent=15339"}],"wp:term":[{"taxonomy":"product_brand","embeddable":true,"href":"https:\/\/excursionsworld.com\/fr\/wp-json\/wp\/v2\/product_brand?post=15339"},{"taxonomy":"product_cat","embeddable":true,"href":"https:\/\/excursionsworld.com\/fr\/wp-json\/wp\/v2\/product_cat?post=15339"},{"taxonomy":"product_tag","embeddable":true,"href":"https:\/\/excursionsworld.com\/fr\/wp-json\/wp\/v2\/product_tag?post=15339"}],"curies":[{"name":"wp","href":"https:\/\/api.w.org\/{rel}","templated":true}]}}