{"id":15340,"date":"2025-10-26T16:29:09","date_gmt":"2025-10-26T13:29:09","guid":{"rendered":"https:\/\/excursionsworld.com\/?post_type=product&#038;p=15340"},"modified":"2026-04-24T01:27:02","modified_gmt":"2026-04-23T22:27:02","slug":"parapente-tandem-tahtali-antalya","status":"publish","type":"product","link":"https:\/\/excursionsworld.com\/tours\/antalya-tandem-paragliding-tahtali-mountain\/","title":{"rendered":"Parapente Tandem du Mont Tahtal\u0131 Antalya \u2013 Vol depuis 2365m Altitude"},"content":{"rendered":"<h2 dir=\"ltr\" data-pm-slice=\"1 1 []\"><span style=\"color: #000000;\"><strong>\ud83e\ude82 Vue d'ensemble<\/strong><\/span><\/h2>\n<p dir=\"ltr\">Envolez-vous du sommet du mont Tahtal\u0131 (2365 m) pour une aventure en parapente depuis <a href=\"https:\/\/en.wikipedia.org\/wiki\/Antalya\" target=\"_blank\" rel=\"noopener\">Antalya<\/a>, Lara et Kundu ! Admirez les vues sur la mer M\u00e9diterran\u00e9e, les montagnes et les for\u00eats, puis baignez-vous \u00e0 la plage de Tekirova. Cette aventure d'une demi-journ\u00e9e dure environ 4 \u00e0 5 heures.<\/p>\n<h3 dir=\"ltr\"><span style=\"color: #000000;\"><strong>Inclus :<\/strong><\/span><\/h3>\n<p dir=\"ltr\"><span style=\"color: #00ff00;\"><strong>\u2713<\/strong><\/span> Prise en charge et retour \u00e0 l'h\u00f4tel<br \/>\n<span style=\"color: #00ff00;\"><strong>\u2713 <\/strong><\/span>Pilotes professionnels et \u00e9quipement de vol<br \/>\n<span style=\"color: #00ff00;\"><strong>\u2713 <\/strong><\/span>Briefing de s\u00e9curit\u00e9 et formation au parapente<br \/>\n<span style=\"color: #00ff00;\"><strong>\u2713 <\/strong><\/span>Billet pour le t\u00e9l\u00e9ph\u00e9rique Olympos Teleferik<br \/>\n<span style=\"color: #00ff00;\"><strong>\u2713 <\/strong><\/span>Assurance<br \/>\n<span style=\"color: #00ff00;\"><strong>\u2713 <\/strong><\/span>Pause baignade \u00e0 la plage de Tekirova<\/p>\n<h3 dir=\"ltr\"><span style=\"color: #000000;\"><strong>Non inclus :<\/strong><\/span><\/h3>\n<p dir=\"ltr\"><span style=\"color: #ff0000;\"><strong>\u2717<\/strong><\/span> D\u00e9penses personnelles<br \/>\n<span style=\"color: #ff0000;\"><strong>\u2717 <\/strong><\/span>Photos et vid\u00e9os (facultatif)<br \/>\n<span style=\"color: #ff0000;\"><strong>\u2717 <\/strong><\/span>Boissons<\/p>\n<h2 dir=\"ltr\">\ud83c\udfd4\ufe0f Points forts<\/h2>\n<p dir=\"ltr\">\ud83d\udd39 Vol depuis Tahtal\u0131 - le plus haut spot de parapente de la M\u00e9diterran\u00e9e<br \/>\n\ud83d\udd39 Vues panoramiques sur les monts Taurus et le littoral<br \/>\n\ud83d\udd39 Vol en toute s\u00e9curit\u00e9 avec des pilotes exp\u00e9riment\u00e9s<br \/>\n\ud83d\udd39 Atterrissage sur la plage de Tekirova<br \/>\n\ud83d\udd39 Enregistrement photo et vid\u00e9o en option<\/p>\n<h2 dir=\"ltr\"><span style=\"color: #000000;\"><strong>\ud83d\udcd6 Description compl\u00e8te<\/strong><\/span><\/h2>\n<p dir=\"ltr\">Commencez votre aventure par un transfert VIP depuis Antalya Lara ou Kundu jusqu'\u00e0 la base du mont Tahtal\u0131. Montez au sommet (2365 m) par le t\u00e9l\u00e9ph\u00e9rique Olympos Teleferik, le point de d\u00e9part de parapente le plus \u00e9lev\u00e9 de la r\u00e9gion. Apr\u00e8s un briefing, des pilotes experts vous pr\u00e9pareront pour le vol. Vous survolerez des for\u00eats de pins, des pics escarp\u00e9s et la c\u00f4te turquoise, tout en admirant le parc national d'Olympos. Le vol de 35 \u00e0 45 minutes se termine par un atterrissage en douceur sur la plage de Tekirova, o\u00f9 vous pourrez vous baigner et vous d\u00e9tendre avant de retourner \u00e0 votre h\u00f4tel.<\/p>\n<h3 dir=\"ltr\">\ud83d\uddfa\ufe0f Itin\u00e9raire de la visite<\/h3>\n<p dir=\"ltr\">\ud83d\udd39 Prise en charge \u00e0 Antalya, Kundu ou Lara<br \/>\n\ud83d\udd39 Arriv\u00e9e \u00e0 la base Olympos Teleferik<br \/>\n\ud83d\udd39 Mont\u00e9e en t\u00e9l\u00e9ph\u00e9rique au sommet du Tahtal\u0131 (2365 m)<br \/>\n\ud83d\udd39 Briefing sur la s\u00e9curit\u00e9 et mise en place de l'\u00e9quipement<br \/>\n\ud83d\udd39 Vol en parapente (35-45 minutes)<br \/>\n\ud83d\udd39 Atterrissage et baignade \u00e0 la plage de Tekirova<br \/>\nRetour \u00e0 l'h\u00f4tel<\/p>\n<h3 dir=\"ltr\"><span style=\"color: #000000;\"><strong>\u2139\ufe0f Informations utiles<\/strong><\/span><\/h3>\n<p dir=\"ltr\">Dur\u00e9e : ~4-5 heures (demi-journ\u00e9e)<br \/>\n\ud83d\udd39 Activit\u00e9 physique mod\u00e9r\u00e9e<br \/>\n\ud83d\udd39 Indiquer le nom de l'h\u00f4tel, le poids et la taille lors de la r\u00e9servation<br \/>\n\ud83d\udd39 Les vols d\u00e9pendent des conditions m\u00e9t\u00e9orologiques<br \/>\n\ud83d\udd39 Les enfants de moins de 5 ans ne sont pas autoris\u00e9s<\/p>\n<h2 dir=\"ltr\"><span style=\"color: #000000;\"><strong>\ud83c\udf92 Ce qu'il faut apporter<\/strong><\/span><\/h2>\n<p dir=\"ltr\">\ud83d\udd39 Chaussures de sport confortables<br \/>\nLunettes de soleil et cr\u00e8me solaire<br \/>\nMaillot de bain et serviette de bain<br \/>\n\ud83d\udd39 Eau et collations l\u00e9g\u00e8res<br \/>\n\ud83d\udd39 Paiement en esp\u00e8ces pour des services suppl\u00e9mentaires<\/p>\n<h3 dir=\"ltr\"><span style=\"color: #000000;\"><strong>\ud83d\udeab Ne convient pas pour<\/strong><\/span><\/h3>\n<p dir=\"ltr\">\ud83d\udd39 Enfants de moins de 5 ans<br \/>\n\ud83d\udd39 Femmes enceintes<br \/>\n\ud83d\udd39 Les personnes souffrant d'\u00e9pilepsie, de troubles cardiaques ou respiratoires<br \/>\n\ud83d\udd39 Hommes de plus de 110 kg, femmes de plus de 90 kg<\/p>\n<h2 dir=\"ltr\"><span style=\"color: #000000;\"><strong>\ud83d\udcb8 Prix et r\u00e9servation<\/strong><\/span><\/h2>\n<p dir=\"ltr\"><strong>\ud83d\udd39 R\u00e9server maintenant - payer le jour de la visite<\/strong><br \/>\n\ud83d\udd39 Contactez-nous via WhatsApp, Telegram, Viber, ou remplissez le formulaire de r\u00e9servation ci-dessous. \ud83d\udc47\ud83c\udffc<\/p>\n<p>\u00c0 la recherche d'alternatives ? Parcourir <a href=\"https:\/\/excursionsworld.com\/fr\/excursions-a-antalya\/\">plus de visites \u00e0 Antalya<\/a>.<\/p>","protected":false},"excerpt":{"rendered":"<p>Livre <b>Parapente de Kemer<\/b>! S'envoler de <b>Montagne Tahtal\u0131<\/b> (2365m) d'Antalya pour un voyage d'une beaut\u00e9 saisissante. <b>points de vue<\/b> et atterrir sur <b>Plage de Tekirova<\/b>. <b>T\u00e9l\u00e9ph\u00e9rique<\/b> &amp; <b>transfert<\/b> inclus.<\/p>","protected":false},"featured_media":12830,"comment_status":"open","ping_status":"closed","template":"","meta":[],"product_brand":[],"product_cat":[125],"product_tag":[107],"class_list":{"0":"post-15340","1":"product","2":"type-product","3":"status-publish","4":"has-post-thumbnail","6":"tour_phys-antalya-tours","7":"product_cat-antalya-tours","8":"product_tag-antalya","9":"pa_destination-antalya-tours","11":"first","12":"instock","13":"sale","14":"shipping-taxable","15":"purchasable","16":"product-type-tour_phys"},"aioseo_notices":[],"_links":{"self":[{"href":"https:\/\/excursionsworld.com\/fr\/wp-json\/wp\/v2\/product\/15340","targetHints":{"allow":["GET"]}}],"collection":[{"href":"https:\/\/excursionsworld.com\/fr\/wp-json\/wp\/v2\/product"}],"about":[{"href":"https:\/\/excursionsworld.com\/fr\/wp-json\/wp\/v2\/types\/product"}],"replies":[{"embeddable":true,"href":"https:\/\/excursionsworld.com\/fr\/wp-json\/wp\/v2\/comments?post=15340"}],"wp:featuredmedia":[{"embeddable":true,"href":"https:\/\/excursionsworld.com\/fr\/wp-json\/wp\/v2\/media\/12830"}],"wp:attachment":[{"href":"https:\/\/excursionsworld.com\/fr\/wp-json\/wp\/v2\/media?parent=15340"}],"wp:term":[{"taxonomy":"product_brand","embeddable":true,"href":"https:\/\/excursionsworld.com\/fr\/wp-json\/wp\/v2\/product_brand?post=15340"},{"taxonomy":"product_cat","embeddable":true,"href":"https:\/\/excursionsworld.com\/fr\/wp-json\/wp\/v2\/product_cat?post=15340"},{"taxonomy":"product_tag","embeddable":true,"href":"https:\/\/excursionsworld.com\/fr\/wp-json\/wp\/v2\/product_tag?post=15340"}],"curies":[{"name":"wp","href":"https:\/\/api.w.org\/{rel}","templated":true}]}}