{"id":15342,"date":"2025-10-26T16:43:09","date_gmt":"2025-10-26T13:43:09","guid":{"rendered":"https:\/\/excursionsworld.com\/?post_type=product&#038;p=15342"},"modified":"2026-04-24T01:27:03","modified_gmt":"2026-04-23T22:27:03","slug":"spectacle-dauphins-bain-antalya","status":"publish","type":"product","link":"https:\/\/excursionsworld.com\/tours\/dolphin-show-swim-antalya\/","title":{"rendered":"Spectacle de Dauphins \u00e0 Antalya &amp; Nager avec les Dauphins \u2013 Famille"},"content":{"rendered":"<h2>\ud83d\udc2c Vue d'ensemble<\/h2>\n<p>Profitez d'une exp\u00e9rience amusante et \u00e9ducative \u00e0 la <strong><a href=\"https:\/\/en.wikipedia.org\/wiki\/Antalya\" target=\"_blank\" rel=\"noopener\">Antalya<\/a> Spectacle de dauphins<\/strong>, o\u00f9 les familles et les amoureux des animaux peuvent rencontrer les cr\u00e9atures les plus intelligentes et les plus amicales de l'oc\u00e9an : les dauphins, les otaries \u00e0 fourrure et les b\u00e9lugas. Ce spectacle allie le divertissement, l'\u00e9ducation et le lien \u00e9motionnel en une exp\u00e9rience magique adapt\u00e9e \u00e0 tous les \u00e2ges.<\/p>\n<h3>\u00a0Inclus :<\/h3>\n<p><span style=\"color: #00ff00;\"><strong>\u2713<\/strong> <\/span>Prise en charge et retour \u00e0 l'h\u00f4tel<br \/>\n<span style=\"color: #00ff00;\"><strong>\u2713<\/strong> <\/span>Billet d'entr\u00e9e au Dolphinarium<br \/>\n<span style=\"color: #00ff00;\"><strong>\u2713<\/strong> <\/span>Assistance d'un guide professionnel<br \/>\n<span style=\"color: #00ff00;\"><strong>\u2713<\/strong> <\/span>Transport confortable avec climatisation<br \/>\n<span style=\"color: #00ff00;\"><strong>\u2713<\/strong> <\/span>Assurance compl\u00e8te<\/p>\n<h3>\u00a0Non inclus :<\/h3>\n<div><span style=\"color: #ff0000;\"><strong>\u2717<\/strong><\/span>\u00a0Nager avec les dauphins (optionnel)<\/div>\n<div><span style=\"color: #ff0000;\"><strong>\u2717<\/strong><\/span>Nourriture et boissons<br \/>\n<span style=\"color: #ff0000;\"><strong>\u2717<\/strong><\/span>Photos et vid\u00e9os avec les dauphins (achat facultatif)<\/div>\n<h2>\ud83c\udf1f Points forts du spectacle et de la baignade avec les dauphins \u00e0 Antalya<\/h2>\n<p>\ud83d\udd39 Assister \u00e0 un spectacle impressionnant mettant en sc\u00e8ne des dauphins, des otaries \u00e0 fourrure et des b\u00e9lugas.<br \/>\n\ud83d\udd39 Des acrobaties, des jeux de balle, des sauts et une joyeuse \u201cdisco marine\u201d.\u201d<br \/>\n\ud83d\udd39 Apprendre des faits fascinants sur les mammif\u00e8res marins et leur intelligence<br \/>\n\ud83d\udd39 Possibilit\u00e9 de toucher, nourrir ou prendre des photos avec les dauphins apr\u00e8s le spectacle<br \/>\n\ud83d\udd39 Parfait pour les familles avec enfants et les passionn\u00e9s d'animaux<\/p>\n<h2>Description compl\u00e8te : Votre exp\u00e9rience de dauphins et de nage \u00e0 Antalya<\/h2>\n<p>Le <strong>Spectacle de dauphins \u00e0 Antalya<\/strong> offre une occasion unique d'observer la beaut\u00e9, l'intelligence et l'espi\u00e8glerie des mammif\u00e8res marins dans un environnement joyeux et s\u00fbr.<br \/>\nVous assisterez \u00e0 un spectacle passionnant d'une heure au cours duquel les dauphins sautent, jouent et interagissent avec les dresseurs par le biais de danses synchronis\u00e9es, de sauts en hauteur, de jeux de balle et de cerceaux. M\u00eame les otaries \u00e0 fourrure et les majestueux b\u00e9lugas participent au spectacle et ex\u00e9cutent des tours qui \u00e9merveillent petits et grands.<br \/>\nApr\u00e8s le spectacle, vous pouvez choisir de rencontrer les animaux, de prendre des photos avec eux ou de les nourrir (en option). Les si\u00e8ges confortables du Dolphinarium permettent \u00e0 chacun d'avoir une bonne vue de la sc\u00e8ne, tandis que le personnel amical vous assiste tout au long de votre visite.<br \/>\nCette visite n'est pas seulement divertissante, elle est aussi porteuse d'\u00e9motions - de nombreux visiteurs la d\u00e9crivent comme une exp\u00e9rience r\u00e9confortante qui relie l'homme et la nature.<\/p>\n<h3>\ud83d\uddfa\ufe0f Itin\u00e9raire de la visite<\/h3>\n<p>\ud83d\udd39 12:30 - Prise en charge \u00e0 l'h\u00f4tel \u00e0 partir d'Antalya et des environs<br \/>\n\ud83d\udd39 Arriv\u00e9e au Dolphinarium et r\u00e9servation des places<br \/>\n\ud83d\udd39 Spectacle de dauphins, de phoques et de b\u00e9lugas<br \/>\n\ud83d\udd39 Temps de photo et d'interaction facultatif apr\u00e8s le spectacle<br \/>\n\ud83d\udd39 17:00 - Transfert retour \u00e0 l'h\u00f4tel<\/p>\n<h3>\u2139\ufe0f Informations utiles<\/h3>\n<p>Dur\u00e9e : Environ 4-5 heures (transfert compris)<br \/>\n\ud83d\udd39 Show time : Environ 1 heure<br \/>\n\ud83d\udd39 Lieu : Dolphinarium d'Antalya<br \/>\n\ud83d\udd39 Familiale, adapt\u00e9e \u00e0 tous les \u00e2ges<br \/>\n\ud83d\udd39 Accessible aux fauteuils roulants<br \/>\nPossibilit\u00e9 d'une photographie professionnelle (achat facultatif)<br \/>\n\ud83d\udd39 Fonctionne toute l'ann\u00e9e<\/p>\n<h2>\ud83c\udf92 Ce qu'il faut apporter<\/h2>\n<p>\ud83d\udd39 V\u00eatements et chaussures confortables<br \/>\n\ud83d\udd39 Appareil photo ou smartphone<br \/>\n\ud83d\udd39 Argent liquide pour les photos facultatives ou les rafra\u00eechissements<br \/>\n\ud83d\udd39 Chapeau et lunettes de soleil<\/p>\n<h3>\ud83d\udeab Ne convient pas pour<\/h3>\n<p>\ud83d\udd39 Les personnes souffrant d'allergies animales graves<br \/>\n\ud83d\udd39 Les h\u00f4tes sensibles aux bruits forts ou \u00e0 la foule<\/p>\n<h2>\ud83d\udcb8 Prix et r\u00e9servation<\/h2>\n<p><strong>\ud83d\udd39 R\u00e9server maintenant, payer le jour de la visite<\/strong><br \/>\n\ud83d\udd39 Contactez-nous via WhatsApp, Telegram, ou Viber pour les r\u00e9servations et plus de d\u00e9tails \ud83d\udc47\ud83c\udffc<\/p>\n<p>\u00c0 la recherche d'alternatives ? Parcourir <a href=\"https:\/\/excursionsworld.com\/fr\/excursions-a-antalya\/\">plus de visites \u00e0 Antalya<\/a>.<\/p>","protected":false},"excerpt":{"rendered":"<p>ook the <b>Spectacle de dauphins \u00e0 Antalya<\/b>! See dolphins, fur seals, and beluga whales in a thrilling <b>show<\/b>. Perfect family <b>excursion<\/b> and memorable <b>voyage<\/b>.<\/p>","protected":false},"featured_media":15137,"comment_status":"open","ping_status":"closed","template":"","meta":[],"product_brand":[],"product_cat":[125],"product_tag":[107],"class_list":{"0":"post-15342","1":"product","2":"type-product","3":"status-publish","4":"has-post-thumbnail","6":"tour_phys-antalya-tours","7":"product_cat-antalya-tours","8":"product_tag-antalya","9":"pa_destination-antalya-tours","11":"first","12":"instock","13":"sale","14":"shipping-taxable","15":"purchasable","16":"product-type-tour_phys"},"aioseo_notices":[],"_links":{"self":[{"href":"https:\/\/excursionsworld.com\/fr\/wp-json\/wp\/v2\/product\/15342","targetHints":{"allow":["GET"]}}],"collection":[{"href":"https:\/\/excursionsworld.com\/fr\/wp-json\/wp\/v2\/product"}],"about":[{"href":"https:\/\/excursionsworld.com\/fr\/wp-json\/wp\/v2\/types\/product"}],"replies":[{"embeddable":true,"href":"https:\/\/excursionsworld.com\/fr\/wp-json\/wp\/v2\/comments?post=15342"}],"wp:featuredmedia":[{"embeddable":true,"href":"https:\/\/excursionsworld.com\/fr\/wp-json\/wp\/v2\/media\/15137"}],"wp:attachment":[{"href":"https:\/\/excursionsworld.com\/fr\/wp-json\/wp\/v2\/media?parent=15342"}],"wp:term":[{"taxonomy":"product_brand","embeddable":true,"href":"https:\/\/excursionsworld.com\/fr\/wp-json\/wp\/v2\/product_brand?post=15342"},{"taxonomy":"product_cat","embeddable":true,"href":"https:\/\/excursionsworld.com\/fr\/wp-json\/wp\/v2\/product_cat?post=15342"},{"taxonomy":"product_tag","embeddable":true,"href":"https:\/\/excursionsworld.com\/fr\/wp-json\/wp\/v2\/product_tag?post=15342"}],"curies":[{"name":"wp","href":"https:\/\/api.w.org\/{rel}","templated":true}]}}