{"id":15343,"date":"2025-10-26T17:08:14","date_gmt":"2025-10-26T14:08:14","guid":{"rendered":"https:\/\/excursionsworld.com\/?post_type=product&#038;p=15343"},"modified":"2026-04-24T00:20:44","modified_gmt":"2026-04-23T21:20:44","slug":"waterhill-aquaparc-antalya","status":"publish","type":"product","link":"https:\/\/excursionsworld.com\/tours\/waterhill-aquapark-antalya\/","title":{"rendered":"Parc Aquatique Waterhill \u00e0 Antalya \u2013 Journ\u00e9e Amusante &amp; Aventure"},"content":{"rendered":"<h2 dir=\"ltr\" data-pm-slice=\"1 1 []\"><span style=\"color: #000000;\"><strong>\ud83c\udf0a Vue d'ensemble<\/strong><\/span><\/h2>\n<p dir=\"ltr\">Plongez dans une journ\u00e9e compl\u00e8te de divertissement au Waterhill Aquapark avec transferts depuis <a href=\"https:\/\/en.wikipedia.org\/wiki\/Antalya\" target=\"_blank\" rel=\"noopener\">Antalya<\/a>, et les environs ! Profitez de toboggans sensationnels, de piscines relaxantes et d'un d\u00e9jeuner d\u00e9licieux. Parfait pour les familles et les amateurs d'aventure, ce tour d'environ 8 heures a ravi plus de 500 invit\u00e9s !<\/p>\n<h3 dir=\"ltr\"><span style=\"color: #000000;\"><strong>Inclus :<\/strong><\/span><\/h3>\n<p dir=\"ltr\"><span style=\"color: #00ff00;\"><strong>\u2713<\/strong><\/span> Prise en charge et retour \u00e0 l'h\u00f4tel<br \/>\n<span style=\"color: #00ff00;\"><strong>\u2713 <\/strong><\/span>D\u00e9jeuner (menu fixe)<br \/>\n<span style=\"color: #00ff00;\"><strong>\u2713 <\/strong><\/span>Billet d'entr\u00e9e au Waterhill Aquapark<br \/>\n<span style=\"color: #00ff00;\"><strong>\u2713 <\/strong><\/span>Assurance<br \/>\n<span style=\"color: #00ff00;\"><strong>\u2713 <\/strong><\/span>Bus confortable et climatis\u00e9<\/p>\n<h3 dir=\"ltr\"><span style=\"color: #000000;\"><strong>Non inclus :<\/strong><\/span><\/h3>\n<p dir=\"ltr\"><span style=\"color: #ff0000;\"><strong>\u2717<\/strong> <\/span>D\u00e9penses personnelles<br \/>\n<span style=\"color: #ff0000;\"><strong>\u2717 <\/strong><\/span>Photos et vid\u00e9os<br \/>\n<span style=\"color: #ff0000;\"><strong>\u2717 <\/strong><\/span>Boissons<\/p>\n<h2 dir=\"ltr\"><span style=\"color: #000000;\"><strong>\ud83c\udfa2 Faits marquants<\/strong><\/span><\/h2>\n<p dir=\"ltr\">Toboggans \u00e0 grande vitesse : Kamikaze, Boomerang, Tropical Tower<br \/>\n\ud83d\udd39 Piscine \u00e0 vagues massive avec des vagues semblables \u00e0 celles de l'oc\u00e9an<br \/>\n\ud83d\udd39 Piscines et aires de jeux s\u00e9curis\u00e9es pour les enfants<br \/>\n\ud83d\udd39 \u00c9quipe d'animation avec jeux au bord de la piscine<br \/>\n\ud83d\udd39 Piscines de d\u00e9tente et zones de bronzage<br \/>\n\ud83d\udd39 D\u00e9jeuner savoureux avec une boisson et une glace<\/p>\n<h2 dir=\"ltr\"><span style=\"color: #000000;\"><strong>\ud83d\udcd6 Description compl\u00e8te<\/strong><\/span><\/h2>\n<p dir=\"ltr\">Commencez votre aventure par un transfert pratique depuis Antalya ou les environs jusqu'au Waterhill Aquapark, l'un des meilleurs parcs aquatiques de la r\u00e9gion. Faites monter l'adr\u00e9naline sur des toboggans tels que Kamikaze ou Boomerang, ou d\u00e9tendez-vous dans la vaste piscine \u00e0 vagues. Les enfants adoreront les bassins peu profonds et s\u00fbrs, tandis que les adultes pourront se pr\u00e9lasser sur les transats ou participer aux jeux de l'\u00e9quipe d'animation. Savourez un d\u00e9licieux d\u00e9jeuner accompagn\u00e9 d'une boisson et d'une glace, puis replongez dans l'ambiance avec la danse et les divertissements. Apr\u00e8s une journ\u00e9e bien remplie, rentrez \u00e0 votre h\u00f4tel avec des souvenirs plein la t\u00eate.<\/p>\n<h3 dir=\"ltr\"><span style=\"color: #000000;\"><strong>\ud83d\uddfa\ufe0f Itin\u00e9raire de la visite<\/strong><\/span><\/h3>\n<p dir=\"ltr\">\ud83d\udd39 Prise en charge \u00e0 partir d'Antalya et des environs<br \/>\n\ud83d\udd39 Arriv\u00e9e \u00e0 l'Aquaparc de Waterhill<br \/>\n\ud83d\udd39 Br\u00e8ve introduction et temps libre<br \/>\n\ud83d\udd39 D\u00e9jeuner avec une boisson et une glace<br \/>\n\ud83d\udd39 Activit\u00e9s d'animation et de divertissement<br \/>\nRetour \u00e0 l'h\u00f4tel<\/p>\n<h3 dir=\"ltr\"><span style=\"color: #000000;\"><strong>\u2139\ufe0f Informations utiles<\/strong><\/span><\/h3>\n<p dir=\"ltr\">Dur\u00e9e : ~8 heures (journ\u00e9e compl\u00e8te)<br \/>\n\ud83d\udd39 Convient aux personnes \u00e0 mobilit\u00e9 r\u00e9duite<br \/>\n\ud83d\udd39 Activit\u00e9 physique mod\u00e9r\u00e9e<br \/>\n\ud83d\udd39 Casiers et vestiaires gratuits<br \/>\n\ud83d\udd39 Les enfants de moins de 6 ans voyageant gratuitement n'ont pas de si\u00e8ge s\u00e9par\u00e9 dans le bus. Si le bus est plein, ils s'assoient sur les genoux d'un adulte, ou un si\u00e8ge s\u00e9par\u00e9 peut \u00eatre r\u00e9serv\u00e9<br \/>\n\ud83d\udd39 Waterhill Aquapark, r\u00e9nov\u00e9 en 2022, est situ\u00e9 dans le quartier de Konyaalt\u0131 \u00e0 Antalya.<\/p>\n<h2 dir=\"ltr\"><span style=\"color: #000000;\"><strong>\ud83c\udf92 Ce qu'il faut apporter<\/strong><\/span><\/h2>\n<p dir=\"ltr\">\ud83d\udd39 D\u00e9penses en esp\u00e8ces<br \/>\nLunettes de soleil et cr\u00e8me solaire<br \/>\nMaillot de bain et serviette de bain<br \/>\n\ud83d\udd39 \u00c9tui de t\u00e9l\u00e9phone \u00e9tanche (facultatif)<\/p>\n<h3 dir=\"ltr\"><span style=\"color: #000000;\"><strong>\ud83d\udeab Ne convient pas pour<\/strong><\/span><\/h3>\n<p dir=\"ltr\">\ud83d\udd39 Les personnes souffrant de troubles m\u00e9dicaux graves<br \/>\n\ud83d\udd39 Personnes \u00e0 mobilit\u00e9 r\u00e9duite<\/p>\n<h2 dir=\"ltr\"><span style=\"color: #000000;\"><strong>\ud83d\udcb8 Prix et r\u00e9servation<\/strong><\/span><\/h2>\n<p dir=\"ltr\"><strong>\ud83d\udd39 R\u00e9server maintenant, payer le jour de la visite<\/strong><br \/>\n\ud83d\udd39 Contactez-nous via WhatsApp, Telegram, Viber, ou remplissez le formulaire de r\u00e9servation ci-dessous. \ud83d\udc47\ud83c\udffc<\/p>\n<p>\u00c0 la recherche d'alternatives ? Parcourir <a href=\"https:\/\/excursionsworld.com\/fr\/excursions-a-antalya\/\">plus de visites \u00e0 Antalya<\/a>.<\/p>","protected":false},"excerpt":{"rendered":"<p>R\u00e9server le <b>Excursion d'une journ\u00e9e au Waterhill Aquapark d'Antalya<\/b>! Profitez des toboggans \u00e0 sensations, des piscines \u00e0 vagues et du d\u00e9jeuner. Id\u00e9al pour les familles <b>excursion<\/b>. <b>Billets et transferts inclus<\/b>!<\/p>","protected":false},"featured_media":12762,"comment_status":"open","ping_status":"closed","template":"","meta":[],"product_brand":[],"product_cat":[125],"product_tag":[107],"class_list":{"0":"post-15343","1":"product","2":"type-product","3":"status-publish","4":"has-post-thumbnail","6":"tour_phys-antalya-tours","7":"product_cat-antalya-tours","8":"product_tag-antalya","9":"pa_destination-antalya-tours","11":"first","12":"instock","13":"sale","14":"shipping-taxable","15":"purchasable","16":"product-type-tour_phys"},"aioseo_notices":[],"_links":{"self":[{"href":"https:\/\/excursionsworld.com\/fr\/wp-json\/wp\/v2\/product\/15343","targetHints":{"allow":["GET"]}}],"collection":[{"href":"https:\/\/excursionsworld.com\/fr\/wp-json\/wp\/v2\/product"}],"about":[{"href":"https:\/\/excursionsworld.com\/fr\/wp-json\/wp\/v2\/types\/product"}],"replies":[{"embeddable":true,"href":"https:\/\/excursionsworld.com\/fr\/wp-json\/wp\/v2\/comments?post=15343"}],"wp:featuredmedia":[{"embeddable":true,"href":"https:\/\/excursionsworld.com\/fr\/wp-json\/wp\/v2\/media\/12762"}],"wp:attachment":[{"href":"https:\/\/excursionsworld.com\/fr\/wp-json\/wp\/v2\/media?parent=15343"}],"wp:term":[{"taxonomy":"product_brand","embeddable":true,"href":"https:\/\/excursionsworld.com\/fr\/wp-json\/wp\/v2\/product_brand?post=15343"},{"taxonomy":"product_cat","embeddable":true,"href":"https:\/\/excursionsworld.com\/fr\/wp-json\/wp\/v2\/product_cat?post=15343"},{"taxonomy":"product_tag","embeddable":true,"href":"https:\/\/excursionsworld.com\/fr\/wp-json\/wp\/v2\/product_tag?post=15343"}],"curies":[{"name":"wp","href":"https:\/\/api.w.org\/{rel}","templated":true}]}}