{"id":15346,"date":"2025-10-26T17:57:20","date_gmt":"2025-10-26T14:57:20","guid":{"rendered":"https:\/\/excursionsworld.com\/?post_type=product&#038;p=15346"},"modified":"2026-04-24T00:20:45","modified_gmt":"2026-04-23T21:20:45","slug":"peche-en-mer-antalya","status":"publish","type":"product","link":"https:\/\/excursionsworld.com\/tours\/antalya-sea-fishing\/","title":{"rendered":"P\u00eache en Mer \u00e0 Antalya en Bateau \u2013 Tout Compris"},"content":{"rendered":"<h2><span style=\"color: #000000;\"><strong>\ud83c\udfa3<\/strong><\/span>Vue d'ensemble<\/h2>\n<p>Rejoindre le <strong><a href=\"https:\/\/en.wikipedia.org\/wiki\/Antalya\" target=\"_blank\" rel=\"noopener\">Antalya<\/a> Tour de p\u00eache<\/strong> et profitez d'une demi-journ\u00e9e d'aventure en haute mer dans la M\u00e9diterran\u00e9e turquoise !<br \/>Parfaite pour les d\u00e9butants et les p\u00eacheurs exp\u00e9riment\u00e9s, cette excursion relaxante combine la p\u00eache, l'amusement et des vues c\u00f4ti\u00e8res \u00e9poustouflantes, le tout avec le transfert \u00e0 l'h\u00f4tel inclus.<\/p>\n<h3>\u00a0Inclus :<\/h3>\n<div><span style=\"color: #00ff00;\"><strong>\u2713<\/strong><\/span> Prise en charge et retour \u00e0 l'h\u00f4tel<br \/><span style=\"color: #00ff00;\"><strong>\u2713 <\/strong><\/span>Capitaine et guide professionnels<br \/><span style=\"color: #00ff00;\"><strong>\u2713 <\/strong><\/span>Mat\u00e9riel de p\u00eache et app\u00e2ts<br \/><span style=\"color: #00ff00;\"><strong>\u2713 <\/strong><\/span>Petit d\u00e9jeuner \u00e0 bord<\/div>\n<div><span style=\"color: #00ff00;\"><strong>\u2713 <\/strong><\/span>d\u00e9jeuner (incluant votre prise !)<br \/><span style=\"color: #00ff00;\"><strong>\u2713 <\/strong><\/span>Assurance compl\u00e8te<\/div>\n<div><span style=\"color: #00ff00;\"><strong>\u2713 <\/strong><\/span>Boissons non alcoolis\u00e9es<\/div>\n<h3>\u00a0Non inclus :<\/h3>\n<p><strong><span style=\"color: #ff0000;\">\u2717<\/span> <\/strong>Boissons alcoolis\u00e9es et non alcoolis\u00e9es<br \/><strong><span style=\"color: #ff0000;\">\u2717<\/span> <\/strong>D\u00e9penses personnelles<\/p>\n<h2>\ud83c\udf1f Points forts de cette excursion de p\u00eache en mer \u00e0 Antalya par<\/h2>\n<p>\ud83d\udd39 Attraper et griller son propre poisson pour le d\u00e9jeuner<br \/>\ud83d\udd39 Conseils d'experts et \u00e9quipement de p\u00eache moderne<br \/>\ud83d\udd39 Vues panoramiques sur le littoral d'Antalya et les montagnes du Taurus<br \/>\ud83d\udd39 Exp\u00e9rience en petit groupe et transfert gratuit \u00e0 l'h\u00f4tel<\/p>\n<h2>\ud83d\udcd6 Description compl\u00e8te : Votre excursion de p\u00eache en mer \u00e0 Antalya par Exp\u00e9rience<\/h2>\n<p>Votre journ\u00e9e commence par une prise en charge confortable \u00e0 l'h\u00f4tel et un transfert vers la marina d'Antalya. Apr\u00e8s un bref briefing de votre sympathique capitaine, le bateau navigue en haute mer o\u00f9 vous p\u00eacherez \u00e0 des profondeurs allant jusqu'\u00e0 60 m\u00e8tres \u00e0 l'aide d'un \u00e9quipement moderne et d'un sonar.<br \/>Vous n'avez pas d'exp\u00e9rience ? Pas de probl\u00e8me, votre guide vous assistera \u00e0 chaque \u00e9tape. Ressentez le frisson de la p\u00eache tout en profitant du soleil et de la brise marine.<br \/>Plus tard, faites griller votre p\u00eache fra\u00eeche \u00e0 bord et savourez un d\u00e9licieux d\u00e9jeuner entour\u00e9 du magnifique paysage m\u00e9diterran\u00e9en. Apr\u00e8s quelques moments de d\u00e9tente, retournez au port et \u00e0 votre h\u00f4tel avec des souvenirs inoubliables de cette journ\u00e9e.<\/p>\n<h3>\ud83d\uddfa\ufe0f Itin\u00e9raire de la visite<\/h3>\n<p>\ud83d\udd39 Prise en charge aux h\u00f4tels d'Antalya (vers 07:30)<br \/>\ud83d\udd39 Briefing de bienvenue au port de plaisance<br \/>3-4 heures de p\u00eache en haute mer<br \/>\ud83d\udd39 Grillez et d\u00e9gustez votre p\u00eache pour le d\u00e9jeuner<br \/>Croisi\u00e8re de retour au port et d\u00e9pose \u00e0 l'h\u00f4tel<\/p>\n<h3>\u2139\ufe0f Informations utiles<\/h3>\n<p>Dur\u00e9e : environ 5-5,5 heures<br \/>\ud83d\udd39 D\u00e9parts quotidiens le matin\u00a0<br \/>\ud83d\udd39 Aucune exp\u00e9rience requise<br \/>\ud83d\udd39 Circuit en petit groupe pour plus de confort<\/p>\n<h3>\ud83d\udeab Ne convient pas pour<\/h3>\n<p>\ud83d\udd39 Femmes enceintes<br \/>\ud83d\udd39 Les h\u00f4tes souffrant de graves probl\u00e8mes de dos ou de c\u0153ur<\/p>\n<h2>\ud83c\udf92 Ce qu'il faut apporter<\/h2>\n<p>Lunettes de soleil, chapeau et cr\u00e8me solaire<br \/>\ud83d\udd39 V\u00eatements et maillots de bain confortables<br \/>\ud83d\udd39 Un peu d'argent pour les extras<\/p>\n<div class=\"elementor-element elementor-element-884d539 e-con-full e-flex e-con e-child\" data-id=\"884d539\" data-element_type=\"container\">\n<div id=\"description\" class=\"elementor-element elementor-element-337037cc elementor-widget elementor-widget-thim-ekits-tours-content\" data-id=\"337037cc\" data-element_type=\"widget\" data-widget_type=\"thim-ekits-tours-content.default\">\n<div class=\"elementor-widget-container\">\n<h2 class=\"thim-ekit-single-tour__content\">\ud83d\udcb8\u00a0<strong>Prix et r\u00e9servation<\/strong><\/h2>\n<div class=\"thim-ekit-single-tour__content\">\n<p><strong>\ud83d\udd39 R\u00e9server maintenant, payer le jour de la visite<\/strong><br \/>\ud83d\udd39 Contactez-nous via WhatsApp, Telegram, Viber, ou remplissez le formulaire de r\u00e9servation ci-dessous \ud83d\udc47\ud83c\udffc<\/p>\n<\/div>\n<\/div>\n<\/div>\n<\/div>\n<p>\u00c0 la recherche d'alternatives ? Parcourir <a href=\"https:\/\/excursionsworld.com\/fr\/excursions-a-antalya\/\">plus de visites \u00e0 Antalya<\/a>.<\/p>","protected":false},"excerpt":{"rendered":"<p>R\u00e9server le <b>Tour de p\u00eache \u00e0 Antalya<\/b>! Profitez d'un <b>excursion de p\u00eache en haute mer<\/b> sur la M\u00e9diterran\u00e9e. Grillez vos prises pour <b>d\u00e9jeuner<\/b>! <b>Transfert inclus<\/b>, <b>excursion<\/b> utilise du mat\u00e9riel d'expert.<\/p>","protected":false},"featured_media":15809,"comment_status":"open","ping_status":"closed","template":"","meta":[],"product_brand":[],"product_cat":[125],"product_tag":[107],"class_list":{"0":"post-15346","1":"product","2":"type-product","3":"status-publish","4":"has-post-thumbnail","6":"tour_phys-antalya-tours","7":"product_cat-antalya-tours","8":"product_tag-antalya","9":"pa_destination-antalya-tours","11":"first","12":"instock","13":"sale","14":"shipping-taxable","15":"purchasable","16":"product-type-tour_phys"},"aioseo_notices":[],"_links":{"self":[{"href":"https:\/\/excursionsworld.com\/fr\/wp-json\/wp\/v2\/product\/15346","targetHints":{"allow":["GET"]}}],"collection":[{"href":"https:\/\/excursionsworld.com\/fr\/wp-json\/wp\/v2\/product"}],"about":[{"href":"https:\/\/excursionsworld.com\/fr\/wp-json\/wp\/v2\/types\/product"}],"replies":[{"embeddable":true,"href":"https:\/\/excursionsworld.com\/fr\/wp-json\/wp\/v2\/comments?post=15346"}],"wp:featuredmedia":[{"embeddable":true,"href":"https:\/\/excursionsworld.com\/fr\/wp-json\/wp\/v2\/media\/15809"}],"wp:attachment":[{"href":"https:\/\/excursionsworld.com\/fr\/wp-json\/wp\/v2\/media?parent=15346"}],"wp:term":[{"taxonomy":"product_brand","embeddable":true,"href":"https:\/\/excursionsworld.com\/fr\/wp-json\/wp\/v2\/product_brand?post=15346"},{"taxonomy":"product_cat","embeddable":true,"href":"https:\/\/excursionsworld.com\/fr\/wp-json\/wp\/v2\/product_cat?post=15346"},{"taxonomy":"product_tag","embeddable":true,"href":"https:\/\/excursionsworld.com\/fr\/wp-json\/wp\/v2\/product_tag?post=15346"}],"curies":[{"name":"wp","href":"https:\/\/api.w.org\/{rel}","templated":true}]}}