{"id":15356,"date":"2025-10-26T18:36:55","date_gmt":"2025-10-26T15:36:55","guid":{"rendered":"https:\/\/excursionsworld.com\/?post_type=product&#038;p=15356"},"modified":"2026-04-24T01:27:05","modified_gmt":"2026-04-23T22:27:05","slug":"spectacle-dauphins-bain-belek","status":"publish","type":"product","link":"https:\/\/excursionsworld.com\/tours\/belek-dolphin-show-swim-dolphins\/","title":{"rendered":"Belek : Spectacle de dauphins &amp; Nage avec dauphins \u2013 Sp\u00e9cial famille"},"content":{"rendered":"<h2><span style=\"color: #000000;\"><strong>\ud83c\udfdd\ufe0f Vue d'ensemble<\/strong><\/span><\/h2>\n<p>Profitez d'une aventure inoubliable d'une demi-journ\u00e9e au Spectacle de Dauphins \u00e0 <a href=\"https:\/\/en.wikipedia.org\/wiki\/Belek\" target=\"_blank\" rel=\"noopener\">Belek<\/a>! Assistez \u00e0 un spectacle captivant de dauphins et d'otaries, puis r\u00e9alisez votre r\u00eave avec une baignade optionnelle avec des dauphins. Parfait pour les familles et les amoureux des animaux, cette exp\u00e9rience joyeuse inclut des transferts confortables depuis les h\u00f4tels des r\u00e9gions de Belek, Bo\u011fazkent et Kadriye.<\/p>\n<h3><span style=\"color: #000000;\"><strong>Inclus :<\/strong><\/span><\/h3>\n<p><span style=\"color: #00ff00;\"><strong>\u2713<\/strong> <\/span>Prise en charge et retour \u00e0 l'h\u00f4tel f<br \/>\n<span style=\"color: #00ff00;\"><strong>\u2713<\/strong> <\/span>Billet d'entr\u00e9e pour le spectacle des dauphins et des otaries<br \/>\n<span style=\"color: #00ff00;\"><strong>\u2713<\/strong> <\/span>Formateurs professionnels et assistance au personnel du parc<br \/>\n<span style=\"color: #00ff00;\"><strong>\u2713<\/strong> <\/span>Couverture d'assurance compl\u00e8te<\/p>\n<h3><span style=\"color: #000000;\"><strong>Non inclus :<\/strong><\/span><\/h3>\n<div><strong><span style=\"color: #ff0000;\">\u2717 <\/span><\/strong>Nage facultative avec les dauphins<\/div>\n<div><strong><span style=\"color: #ff0000;\">\u2717<\/span><\/strong> D\u00e9penses personnelles, nourriture et boissons<br \/>\n<strong><span style=\"color: #ff0000;\">\u2717 <\/span><\/strong>Photos et vid\u00e9os<\/div>\n<h2><span style=\"color: #000000;\">\ud83c\udf1f <strong>Points forts de la visite<\/strong><\/span><\/h2>\n<p>\ud83d\udd39 Spectacle magique d'une heure mettant en sc\u00e8ne des dauphins et des otaries<br \/>\nS\u00e9ance facultative de 7 \u00e0 8 minutes de nage avec les dauphins<br \/>\n\ud83d\udd39 Exp\u00e9rience \u00e9ducative et ludique pour tous les \u00e2ges<br \/>\n\ud83d\udd39 Activit\u00e9 relaxante et \u00e0 \u00e9nergie positive avec les mammif\u00e8res marins<br \/>\n\ud83d\udd39 Transferts confortables aller-retour depuis la r\u00e9gion de Belek<\/p>\n<h2><span style=\"color: #000000;\">\ud83d\udcd6 <strong>Description compl\u00e8te<\/strong><\/span><\/h2>\n<p>Commencez votre exp\u00e9rience par une prise en charge facile \u00e0 l'h\u00f4tel depuis Belek, Bo\u011fazkent ou Kadriye. Apr\u00e8s un court transfert, vous arrivez au delphinarium o\u00f9 la magie commence ! Profitez d'un spectacle \u00e9tonnant o\u00f9 les dauphins et les otaries ex\u00e9cutent des acrobaties, des sauts et des tours ludiques avec leurs dresseurs - un d\u00e9lice pour les enfants comme pour les adultes. Pour ceux qui recherchent un contact plus profond, la s\u00e9ance optionnelle \"Nager avec les dauphins\" vous permet d'interagir \u00e9troitement avec ces animaux intelligents dans un environnement s\u00fbr et guid\u00e9. L'exp\u00e9rience dure environ 7 \u00e0 8 minutes et convient aux enfants de 3 ans et plus (avec l'aide de leurs parents). Apr\u00e8s le spectacle et la baignade facultative, prenez le temps de regarder des photos et des vid\u00e9os professionnelles avant votre transfert de retour \u00e0 l'h\u00f4tel.<\/p>\n<h3><span style=\"color: #000000;\">\ud83d\uddfa\ufe0f <strong>Itin\u00e9raire de la visite<\/strong><\/span><\/h3>\n<p>Prise en charge aux h\u00f4tels de Belek, Bo\u011fazkent et Kadriye<br \/>\n\ud83d\udd39Arriv\u00e9e au Dolphinarium<br \/>\nSpectacle de dauphins et d'otaries (1 heure)<br \/>\nS\u00e9ance facultative de nage avec les dauphins<br \/>\n\ud83d\udd39Visionnage de photos et de vid\u00e9os, temps libre<br \/>\nTransfert de retour \u00e0 l'h\u00f4tel<\/p>\n<h3><strong><span style=\"color: #000000;\">\u2139\ufe0f Informations utiles<\/span><\/strong><\/h3>\n<p>Dur\u00e9e : Environ 4 heures (transferts compris)<br \/>\nDur\u00e9e de la baignade : 7-8 minutes par personne<br \/>\n\ud83d\udd39 Les spectacles ont lieu deux fois par jour (v\u00e9rifier les horaires lors de la r\u00e9servation)<br \/>\n\ud83d\udd39 Les s\u00e9ances de natation doivent \u00eatre r\u00e9serv\u00e9es \u00e0 l'avance<br \/>\nLes personnes \u00e9pileptiques ou souffrant d'un handicap physique grave ne peuvent pas participer \u00e0 la baignade.<br \/>\n\ud83d\udd39 Aucun bijou ou accessoire n'est autoris\u00e9 pendant les s\u00e9ances de natation.<\/p>\n<h2><strong><span style=\"color: #000000;\">\ud83c\udf92 Ce qu'il faut apporter<\/span><\/strong><\/h2>\n<p>Maillot de bain et serviette (pour les participants qui nagent)<br \/>\nLunettes de soleil et chapeau<br \/>\n\ud83d\udd39 Appareil photo ou t\u00e9l\u00e9phone pour les photos personnelles<br \/>\n\ud83d\udd39 Argent liquide pour les photos facultatives ou les souvenirs<\/p>\n<h3><strong><span style=\"color: #000000;\">\ud83d\udeab Ne convient pas pour<\/span><\/strong><\/h3>\n<p>\ud83d\udd39 Enfants de moins de 3 ans (ne peuvent pas participer \u00e0 la baignade)<br \/>\n\ud83d\udd39 Les h\u00f4tes \u00e9pileptiques ou souffrant d'un handicap physique grave<\/p>\n<h2 dir=\"ltr\">\ud83d\udcb8\u00a0<strong>Prix et r\u00e9servation<\/strong><\/h2>\n<p dir=\"ltr\"><strong>\ud83d\udd39 R\u00e9server maintenant, payer le jour de la visite<\/strong><br \/>\n\ud83d\udd39 Contactez-nous via WhatsApp, Telegram, Viber, ou remplissez le formulaire de r\u00e9servation ci-dessous.<\/p>\n<h3>\u2139\ufe0f Informations utiles<\/h3>\n<p>Dur\u00e9e : environ 5-5,5 heures<br \/>\n\ud83d\udd39 D\u00e9parts quotidiens le matin<br \/>\n\ud83d\udd39 Aucune exp\u00e9rience requise<br \/>\n\ud83d\udd39 Circuit en petit groupe pour plus de confort<\/p>\n<h3>\ud83d\udeab Ne convient pas pour<\/h3>\n<p>\ud83d\udd39 Femmes enceintes<br \/>\n\ud83d\udd39 Les h\u00f4tes souffrant de graves probl\u00e8mes de dos ou de c\u0153ur<\/p>\n<h2>\ud83c\udf92 Ce qu'il faut apporter<\/h2>\n<p>Lunettes de soleil, chapeau et cr\u00e8me solaire<br \/>\n\ud83d\udd39 V\u00eatements et maillots de bain confortables<br \/>\n\ud83d\udd39 Un peu d'argent pour les extras<\/p>\n<div class=\"elementor-element elementor-element-884d539 e-con-full e-flex e-con e-child\" data-id=\"884d539\" data-element_type=\"container\">\n<div id=\"description\" class=\"elementor-element elementor-element-337037cc elementor-widget elementor-widget-thim-ekits-tours-content\" data-id=\"337037cc\" data-element_type=\"widget\" data-widget_type=\"thim-ekits-tours-content.default\">\n<div class=\"elementor-widget-container\">\n<h2 class=\"thim-ekit-single-tour__content\">\ud83d\udcb8\u00a0<strong>Prix et r\u00e9servation<\/strong><\/h2>\n<div class=\"thim-ekit-single-tour__content\">\n<p><strong>\ud83d\udd39 R\u00e9server maintenant, payer le jour de la visite<\/strong><br \/>\n\ud83d\udd39 Contactez-nous via WhatsApp, Telegram, Viber, ou remplissez le formulaire de r\u00e9servation ci-dessous \ud83d\udc47\ud83c\udffc<\/p>\n<\/div>\n<\/div>\n<\/div>\n<\/div>\n<p>\u00c0 la recherche d'alternatives ? Parcourir <a href=\"https:\/\/excursionsworld.com\/fr\/excursions-a-belek\/\">plus de visites \u00e0 Belek<\/a>.<\/p>","protected":false},"excerpt":{"rendered":"<p>R\u00e9servez votre <b>Belek Dolphin Show<\/b> <b>excursion<\/b>! Enjoy a magical show, plus an optional <b>nager avec les dauphins<\/b>. Parfait <b>family trip<\/b> avec <b>transfert<\/b> included. Easy booking!<\/p>","protected":false},"featured_media":15137,"comment_status":"open","ping_status":"closed","template":"","meta":[],"product_brand":[],"product_cat":[126],"product_tag":[120],"class_list":{"0":"post-15356","1":"product","2":"type-product","3":"status-publish","4":"has-post-thumbnail","6":"tour_phys-belek-tours","7":"product_cat-belek-tours","8":"product_tag-belek","9":"pa_destination-belek-tours","11":"first","12":"instock","13":"sale","14":"shipping-taxable","15":"purchasable","16":"product-type-tour_phys"},"aioseo_notices":[],"_links":{"self":[{"href":"https:\/\/excursionsworld.com\/fr\/wp-json\/wp\/v2\/product\/15356","targetHints":{"allow":["GET"]}}],"collection":[{"href":"https:\/\/excursionsworld.com\/fr\/wp-json\/wp\/v2\/product"}],"about":[{"href":"https:\/\/excursionsworld.com\/fr\/wp-json\/wp\/v2\/types\/product"}],"replies":[{"embeddable":true,"href":"https:\/\/excursionsworld.com\/fr\/wp-json\/wp\/v2\/comments?post=15356"}],"wp:featuredmedia":[{"embeddable":true,"href":"https:\/\/excursionsworld.com\/fr\/wp-json\/wp\/v2\/media\/15137"}],"wp:attachment":[{"href":"https:\/\/excursionsworld.com\/fr\/wp-json\/wp\/v2\/media?parent=15356"}],"wp:term":[{"taxonomy":"product_brand","embeddable":true,"href":"https:\/\/excursionsworld.com\/fr\/wp-json\/wp\/v2\/product_brand?post=15356"},{"taxonomy":"product_cat","embeddable":true,"href":"https:\/\/excursionsworld.com\/fr\/wp-json\/wp\/v2\/product_cat?post=15356"},{"taxonomy":"product_tag","embeddable":true,"href":"https:\/\/excursionsworld.com\/fr\/wp-json\/wp\/v2\/product_tag?post=15356"}],"curies":[{"name":"wp","href":"https:\/\/api.w.org\/{rel}","templated":true}]}}