{"id":15358,"date":"2025-10-26T18:39:45","date_gmt":"2025-10-26T15:39:45","guid":{"rendered":"https:\/\/excursionsworld.com\/?post_type=product&#038;p=15358"},"modified":"2026-04-24T00:20:46","modified_gmt":"2026-04-23T21:20:46","slug":"aquaparc-waterhill-antalya-belek","status":"publish","type":"product","link":"https:\/\/excursionsworld.com\/tours\/antalya-waterhill-aquapark-tour-from-belek\/","title":{"rendered":"Aquaparc Waterhill Antalya depuis Belek \u2013 Excursion"},"content":{"rendered":"<h2 dir=\"ltr\" data-pm-slice=\"1 1 []\"><span style=\"color: #000000;\"><strong>\ud83c\udf0a Vue d'ensemble<\/strong><\/span><\/h2>\n<p dir=\"ltr\">Plongez dans une journ\u00e9e compl\u00e8te de divertissement au Waterhill Aquapark avec transferts depuis <a href=\"https:\/\/en.wikipedia.org\/wiki\/Belek\" target=\"_blank\" rel=\"noopener\">Belek<\/a>, et les environs ! Profitez de toboggans sensationnels, de piscines relaxantes et d'un d\u00e9jeuner d\u00e9licieux. Parfait pour les familles et les amateurs d'aventure, ce tour d'environ 8 heures a ravi plus de 500 invit\u00e9s !<\/p>\n<h3 dir=\"ltr\"><span style=\"color: #000000;\"><strong>Inclus :<\/strong><\/span><\/h3>\n<p dir=\"ltr\"><span style=\"color: #00ff00;\"><strong>\u2713<\/strong><\/span> Prise en charge et retour \u00e0 l'h\u00f4tel<br \/>\n<span style=\"color: #00ff00;\"><strong>\u2713 <\/strong><\/span>D\u00e9jeuner (menu fixe)<br \/>\n<span style=\"color: #00ff00;\"><strong>\u2713 <\/strong><\/span>Billet d'entr\u00e9e au Waterhill Aquapark<br \/>\n<span style=\"color: #00ff00;\"><strong>\u2713 <\/strong><\/span>Assurance<br \/>\n<span style=\"color: #00ff00;\"><strong>\u2713 <\/strong><\/span>Bus confortable et climatis\u00e9<\/p>\n<h3 dir=\"ltr\"><span style=\"color: #000000;\"><strong>Non inclus :<\/strong><\/span><\/h3>\n<p dir=\"ltr\"><span style=\"color: #ff0000;\"><strong>\u2717<\/strong> <\/span>D\u00e9penses personnelles<br \/>\n<span style=\"color: #ff0000;\"><strong>\u2717 <\/strong><\/span>Photos et vid\u00e9os<br \/>\n<span style=\"color: #ff0000;\"><strong>\u2717 <\/strong><\/span>Boissons<\/p>\n<h2 dir=\"ltr\"><span style=\"color: #000000;\"><strong>\ud83c\udfa2 Faits marquants<\/strong><\/span><\/h2>\n<p dir=\"ltr\">Toboggans \u00e0 grande vitesse : Kamikaze, Boomerang, Tropical Tower<br \/>\n\ud83d\udd39 Piscine \u00e0 vagues massive avec des vagues semblables \u00e0 celles de l'oc\u00e9an<br \/>\n\ud83d\udd39 Piscines et aires de jeux s\u00e9curis\u00e9es pour les enfants<br \/>\n\ud83d\udd39 \u00c9quipe d'animation avec jeux au bord de la piscine<br \/>\n\ud83d\udd39 Piscines de d\u00e9tente et zones de bronzage<br \/>\n\ud83d\udd39 D\u00e9jeuner savoureux avec une boisson et une glace<\/p>\n<h2 dir=\"ltr\"><span style=\"color: #000000;\"><strong>\ud83d\udcd6 Description compl\u00e8te<\/strong><\/span><\/h2>\n<p dir=\"ltr\">Commencez votre aventure par un transfert pratique depuis Belek ou les environs jusqu'au Waterhill Aquapark, l'un des meilleurs parcs aquatiques de la r\u00e9gion. Faites monter l'adr\u00e9naline sur des toboggans tels que Kamikaze ou Boomerang, ou d\u00e9tendez-vous dans la vaste piscine \u00e0 vagues. Les enfants adoreront les bassins peu profonds et s\u00fbrs, tandis que les adultes pourront se pr\u00e9lasser sur les transats ou participer aux jeux de l'\u00e9quipe d'animation. Savourez un d\u00e9licieux d\u00e9jeuner accompagn\u00e9 d'une boisson et d'une glace, puis replongez dans l'ambiance avec la danse et les divertissements. Apr\u00e8s une journ\u00e9e bien remplie, rentrez \u00e0 votre h\u00f4tel avec des souvenirs plein la t\u00eate.<\/p>\n<h3 dir=\"ltr\"><span style=\"color: #000000;\"><strong>\ud83d\uddfa\ufe0f Itin\u00e9raire de la visite<\/strong><\/span><\/h3>\n<p dir=\"ltr\">\ud83d\udd39 Prise en charge \u00e0 partir de Belek et des environs<br \/>\n\ud83d\udd39 Arriv\u00e9e \u00e0 l'Aquaparc de Waterhill<br \/>\n\ud83d\udd39 Br\u00e8ve introduction et temps libre<br \/>\n\ud83d\udd39 D\u00e9jeuner avec une boisson et une glace<br \/>\n\ud83d\udd39 Activit\u00e9s d'animation et de divertissement<br \/>\nRetour \u00e0 l'h\u00f4tel<\/p>\n<h3 dir=\"ltr\"><span style=\"color: #000000;\"><strong>\u2139\ufe0f Informations utiles<\/strong><\/span><\/h3>\n<p dir=\"ltr\">Dur\u00e9e : ~8 heures (journ\u00e9e compl\u00e8te)<br \/>\n\ud83d\udd39 Convient aux personnes \u00e0 mobilit\u00e9 r\u00e9duite<br \/>\n\ud83d\udd39 Activit\u00e9 physique mod\u00e9r\u00e9e<br \/>\n\ud83d\udd39 Casiers et vestiaires gratuits<br \/>\n\ud83d\udd39 Les enfants de moins de 6 ans voyageant gratuitement n'ont pas de si\u00e8ge s\u00e9par\u00e9 dans le bus. Si le bus est plein, ils s'assoient sur les genoux d'un adulte, ou un si\u00e8ge s\u00e9par\u00e9 peut \u00eatre r\u00e9serv\u00e9<\/p>\n<h2 dir=\"ltr\"><span style=\"color: #000000;\"><strong>\ud83c\udf92 Ce qu'il faut apporter<\/strong><\/span><\/h2>\n<p dir=\"ltr\">\ud83d\udd39 D\u00e9penses en esp\u00e8ces<br \/>\nLunettes de soleil et cr\u00e8me solaire<br \/>\nMaillot de bain et serviette de bain<br \/>\n\ud83d\udd39 \u00c9tui de t\u00e9l\u00e9phone \u00e9tanche (facultatif)<\/p>\n<h3 dir=\"ltr\"><span style=\"color: #000000;\"><strong>\ud83d\udeab Ne convient pas pour<\/strong><\/span><\/h3>\n<p dir=\"ltr\">\ud83d\udd39 Les personnes souffrant de troubles m\u00e9dicaux graves<br \/>\n\ud83d\udd39 Personnes \u00e0 mobilit\u00e9 r\u00e9duite<\/p>\n<h2 dir=\"ltr\">\ud83d\udcb8\u00a0<strong>Prix et r\u00e9servation<\/strong><\/h2>\n<p dir=\"ltr\"><strong>\ud83d\udd39 R\u00e9server maintenant, payer le jour de la visite<\/strong><br \/>\n\ud83d\udd39 Contactez-nous via WhatsApp, Telegram, Viber, ou remplissez le formulaire de r\u00e9servation ci-dessous.<\/p>\n<h3>\u2139\ufe0f Informations utiles<\/h3>\n<p>Dur\u00e9e : environ 5-5,5 heures<br \/>\ud83d\udd39 D\u00e9parts quotidiens le matin\u00a0<br \/>\ud83d\udd39 Aucune exp\u00e9rience requise<br \/>\ud83d\udd39 Circuit en petit groupe pour plus de confort<\/p>\n<h3>\ud83d\udeab Ne convient pas pour<\/h3>\n<p>\ud83d\udd39 Femmes enceintes<br \/>\ud83d\udd39 Les h\u00f4tes souffrant de graves probl\u00e8mes de dos ou de c\u0153ur<\/p>\n<h2>\ud83c\udf92 Ce qu'il faut apporter<\/h2>\n<p>Lunettes de soleil, chapeau et cr\u00e8me solaire<br \/>\ud83d\udd39 V\u00eatements et maillots de bain confortables<br \/>\ud83d\udd39 Un peu d'argent pour les extras<\/p>\n<div class=\"elementor-element elementor-element-884d539 e-con-full e-flex e-con e-child\" data-id=\"884d539\" data-element_type=\"container\">\n<div id=\"description\" class=\"elementor-element elementor-element-337037cc elementor-widget elementor-widget-thim-ekits-tours-content\" data-id=\"337037cc\" data-element_type=\"widget\" data-widget_type=\"thim-ekits-tours-content.default\">\n<div class=\"elementor-widget-container\">\n<h2 class=\"thim-ekit-single-tour__content\">\ud83d\udcb8\u00a0<strong>Prix et r\u00e9servation<\/strong><\/h2>\n<div class=\"thim-ekit-single-tour__content\">\n<p><strong>\ud83d\udd39 R\u00e9server maintenant, payer le jour de la visite<\/strong><br \/>\ud83d\udd39 Contactez-nous via WhatsApp, Telegram, Viber, ou remplissez le formulaire de r\u00e9servation ci-dessous \ud83d\udc47\ud83c\udffc<\/p>\n<\/div>\n<\/div>\n<\/div>\n<\/div>\n<p>\u00c0 la recherche d'alternatives ? Parcourir <a href=\"https:\/\/excursionsworld.com\/fr\/excursions-a-belek\/\">plus de visites \u00e0 Belek<\/a>.<\/p>","protected":false},"excerpt":{"rendered":"<p>Profitez d'une <b>excursion d'une journ\u00e9e<\/b> \u00e0 Antalya <b>Aquaparc de Waterhill<\/b> d'Antalya et de Belek ! Enthousiasmant <b>diapositives<\/b>, <b>piscine \u00e0 vagues<\/b>, zones r\u00e9serv\u00e9es aux enfants, <b>d\u00e9jeuner<\/b>, et <b>transfert \u00e0 l'h\u00f4tel<\/b> inclus.<\/p>","protected":false},"featured_media":12762,"comment_status":"open","ping_status":"closed","template":"","meta":[],"product_brand":[],"product_cat":[126],"product_tag":[120],"class_list":{"0":"post-15358","1":"product","2":"type-product","3":"status-publish","4":"has-post-thumbnail","6":"tour_phys-belek-tours","7":"product_cat-belek-tours","8":"product_tag-belek","9":"pa_destination-belek-tours","11":"first","12":"instock","13":"sale","14":"shipping-taxable","15":"purchasable","16":"product-type-tour_phys"},"aioseo_notices":[],"_links":{"self":[{"href":"https:\/\/excursionsworld.com\/fr\/wp-json\/wp\/v2\/product\/15358","targetHints":{"allow":["GET"]}}],"collection":[{"href":"https:\/\/excursionsworld.com\/fr\/wp-json\/wp\/v2\/product"}],"about":[{"href":"https:\/\/excursionsworld.com\/fr\/wp-json\/wp\/v2\/types\/product"}],"replies":[{"embeddable":true,"href":"https:\/\/excursionsworld.com\/fr\/wp-json\/wp\/v2\/comments?post=15358"}],"wp:featuredmedia":[{"embeddable":true,"href":"https:\/\/excursionsworld.com\/fr\/wp-json\/wp\/v2\/media\/12762"}],"wp:attachment":[{"href":"https:\/\/excursionsworld.com\/fr\/wp-json\/wp\/v2\/media?parent=15358"}],"wp:term":[{"taxonomy":"product_brand","embeddable":true,"href":"https:\/\/excursionsworld.com\/fr\/wp-json\/wp\/v2\/product_brand?post=15358"},{"taxonomy":"product_cat","embeddable":true,"href":"https:\/\/excursionsworld.com\/fr\/wp-json\/wp\/v2\/product_cat?post=15358"},{"taxonomy":"product_tag","embeddable":true,"href":"https:\/\/excursionsworld.com\/fr\/wp-json\/wp\/v2\/product_tag?post=15358"}],"curies":[{"name":"wp","href":"https:\/\/api.w.org\/{rel}","templated":true}]}}