{"id":15360,"date":"2025-10-26T18:42:47","date_gmt":"2025-10-26T15:42:47","guid":{"rendered":"https:\/\/excursionsworld.com\/?post_type=product&#038;p=15360"},"modified":"2026-04-24T00:20:46","modified_gmt":"2026-04-23T21:20:46","slug":"land-of-legends-theme-park-belek","status":"publish","type":"product","link":"https:\/\/excursionsworld.com\/tours\/the-land-of-legends-theme-park-belek\/","title":{"rendered":"The Land of Legends Theme Park excursion depuis Belek"},"content":{"rendered":"<h2 dir=\"ltr\" data-pm-slice=\"1 1 []\"><span style=\"color: #000000;\"><strong>\ud83c\udfa2 Vue d'ensemble<\/strong><\/span><\/h2>\n<p dir=\"ltr\">Plongez dans une journ\u00e9e de sensations fortes au Land of Legends \u00e0 <a href=\"https:\/\/en.wikipedia.org\/wiki\/Belek\" target=\"_blank\" rel=\"noopener\">Belek<\/a> avec transferts depuis Belek et ses environs ! Profitez de toboggans palpitants, d\u00e9tendez-vous dans le parc aquatique et rencontrez des personnages au Nickelodeon Land. Id\u00e9al pour les familles et les amateurs de sensations fortes, cette excursion dure environ 7 \u00e0 8 heures.<\/p>\n<h3 dir=\"ltr\"><span style=\"color: #000000;\"><strong>Inclus :<\/strong><\/span><\/h3>\n<p dir=\"ltr\"><span style=\"color: #00ff00;\"><strong>\u2713<\/strong> <\/span>Prise en charge et retour \u00e0 l'h\u00f4tel<br \/>\n<span style=\"color: #00ff00;\"><strong>\u2713<\/strong> <\/span>Billet d'entr\u00e9e au Pays des l\u00e9gendes<br \/>\n<span style=\"color: #00ff00;\"><strong>\u2713<\/strong> <\/span>Assurance lors des transferts<br \/>\n<span style=\"color: #00ff00;\"><strong>\u2713<\/strong> <\/span>Bus confortable et climatis\u00e9<\/p>\n<h3 dir=\"ltr\"><span style=\"color: #000000;\"><strong>Non inclus :<\/strong><\/span><\/h3>\n<p dir=\"ltr\"><strong><span style=\"color: #ff0000;\">\u2717<\/span><\/strong> Nourriture et boissons<br \/>\n<strong><span style=\"color: #ff0000;\">\u2717 <\/span><\/strong>Photos et vid\u00e9os<br \/>\n<strong><span style=\"color: #ff0000;\">\u2717 <\/span><\/strong>Attractions haut de gamme (par exemple, nage avec les dauphins)<br \/>\n<strong><span style=\"color: #ff0000;\">\u2717 <\/span><\/strong>D\u00e9penses personnelles<\/p>\n<h2 dir=\"ltr\"><span style=\"color: #000000;\"><strong>\ud83c\udf0a Faits marquants<\/strong><\/span><\/h2>\n<p dir=\"ltr\">\ud83d\udd39 Des toboggans \u00e0 sensations fortes, dont l'Hyper Coaster de 62 m\u00e8tres<br \/>\nTyphoon Coaster de 43 m\u00e8tres et plus de 40 toboggans aquatiques<br \/>\nNickelodeon Land avec Bob l'\u00e9ponge et Paw Patrol<br \/>\n\ud83d\udd39 Parc aquatique \u00e9tendu avec piscines<br \/>\n\ud83d\udd39 Animations et attraction de la fus\u00e9e spatiale<\/p>\n<h2 dir=\"ltr\"><span style=\"color: #000000;\"><strong>\ud83d\udcd6 Description compl\u00e8te<\/strong><\/span><\/h2>\n<p dir=\"ltr\">Commencez votre journ\u00e9e par un transfert pratique de Belek ou des environs vers le Land of Legends \u00e0 Belek. Envolez-vous sur l'Hyper Coaster de 62 m\u00e8tres ou plongez dans la piscine depuis le Typhoon Coaster de 43 m\u00e8tres. Explorez plus de 40 toboggans aquatiques ou d\u00e9tendez-vous dans les piscines du parc aquatique. Les enfants et les adultes adoreront Nickelodeon Land, qui met en sc\u00e8ne les personnages de Bob l'\u00e9ponge et de Paw Patrol. Des man\u00e8ges qui font monter l'adr\u00e9naline aux animations amusantes, ce parc a tout pour plaire. Apr\u00e8s une journ\u00e9e riche en \u00e9motions, rentrez \u00e0 votre h\u00f4tel avec des souvenirs inoubliables.<\/p>\n<h3 dir=\"ltr\"><span style=\"color: #000000;\"><strong>\ud83d\uddfa\ufe0f Itin\u00e9raire de la visite<\/strong><\/span><\/h3>\n<p dir=\"ltr\">\ud83d\udd39 Prise en charge \u00e0 partir de Belek et des environs<br \/>\n\ud83d\udd39 Arriv\u00e9e au Pays des l\u00e9gendes \u00e0 Belek<br \/>\nTemps libre pour les attractions, le parc aquatique et Nickelodeon Land (~5-6 heures)<br \/>\nRetour \u00e0 l'h\u00f4tel<\/p>\n<h3 dir=\"ltr\"><span style=\"color: #000000;\"><strong>\u2139\ufe0f Informations utiles<\/strong><\/span><\/h3>\n<p dir=\"ltr\">Dur\u00e9e : ~7-8 heures (journ\u00e9e compl\u00e8te)<br \/>\n\ud83d\udd39 Convient aux personnes \u00e0 mobilit\u00e9 r\u00e9duite<br \/>\n\ud83d\udd39 Activit\u00e9 physique mod\u00e9r\u00e9e<br \/>\n\ud83d\udd39 Le bon doit \u00eatre \u00e9chang\u00e9 \u00e0 la billetterie<br \/>\n\ud83d\udd39 Les heures de fonctionnement peuvent varier<br \/>\n\ud83d\udd39 Les enfants de moins de 6 ans voyageant gratuitement n'ont pas de si\u00e8ge s\u00e9par\u00e9 dans le bus. Si le bus est plein, ils s'assoient sur les genoux d'un adulte, ou un si\u00e8ge s\u00e9par\u00e9 peut \u00eatre r\u00e9serv\u00e9<\/p>\n<h2 dir=\"ltr\"><span style=\"color: #000000;\"><strong>\ud83c\udf92 Ce qu'il faut apporter<\/strong><\/span><\/h2>\n<p dir=\"ltr\">Maillot de bain et serviette de bain<br \/>\n\ud83d\udd39 Chaussures d'eau<br \/>\n\ud83d\udd39 D\u00e9penses en esp\u00e8ces<\/p>\n<h3 dir=\"ltr\"><span style=\"color: #000000;\"><strong>\ud83d\udeab Ne convient pas pour<\/strong><\/span><\/h3>\n<p dir=\"ltr\">\ud83d\udd39 Femmes enceintes<\/p>\n<h2 dir=\"ltr\">\ud83d\udcb8\u00a0<strong>Prix et r\u00e9servation<\/strong><\/h2>\n<p dir=\"ltr\"><strong>\ud83d\udd39 R\u00e9server maintenant, payer le jour de la visite<\/strong><br \/>\n\ud83d\udd39 Contactez-nous via WhatsApp, Telegram, Viber, ou remplissez le formulaire de r\u00e9servation ci-dessous.<\/p>\n<h3>\u2139\ufe0f Informations utiles<\/h3>\n<p>Dur\u00e9e : environ 5-5,5 heures<br \/>\ud83d\udd39 D\u00e9parts quotidiens le matin\u00a0<br \/>\ud83d\udd39 Aucune exp\u00e9rience requise<br \/>\ud83d\udd39 Circuit en petit groupe pour plus de confort<\/p>\n<h3>\ud83d\udeab Ne convient pas pour<\/h3>\n<p>\ud83d\udd39 Femmes enceintes<br \/>\ud83d\udd39 Les h\u00f4tes souffrant de graves probl\u00e8mes de dos ou de c\u0153ur<\/p>\n<h2>\ud83c\udf92 Ce qu'il faut apporter<\/h2>\n<p>Lunettes de soleil, chapeau et cr\u00e8me solaire<br \/>\ud83d\udd39 V\u00eatements et maillots de bain confortables<br \/>\ud83d\udd39 Un peu d'argent pour les extras<\/p>\n<div class=\"elementor-element elementor-element-884d539 e-con-full e-flex e-con e-child\" data-id=\"884d539\" data-element_type=\"container\">\n<div id=\"description\" class=\"elementor-element elementor-element-337037cc elementor-widget elementor-widget-thim-ekits-tours-content\" data-id=\"337037cc\" data-element_type=\"widget\" data-widget_type=\"thim-ekits-tours-content.default\">\n<div class=\"elementor-widget-container\">\n<h2 class=\"thim-ekit-single-tour__content\">\ud83d\udcb8\u00a0<strong>Prix et r\u00e9servation<\/strong><\/h2>\n<div class=\"thim-ekit-single-tour__content\">\n<p><strong>\ud83d\udd39 R\u00e9server maintenant, payer le jour de la visite<\/strong><br \/>\ud83d\udd39 Contactez-nous via WhatsApp, Telegram, Viber, ou remplissez le formulaire de r\u00e9servation ci-dessous \ud83d\udc47\ud83c\udffc<\/p>\n<\/div>\n<\/div>\n<\/div>\n<\/div>\n<p>\u00c0 la recherche d'alternatives ? Parcourir <a href=\"https:\/\/excursionsworld.com\/fr\/excursions-a-belek\/\">plus de visites \u00e0 Belek<\/a>.<\/p>","protected":false},"excerpt":{"rendered":"<p>Visitez le parc \u00e0 th\u00e8me The Land of Legends au d\u00e9part de Belek ! Le plus grand parc aquatique de Turquie : toboggans \u00e0 sensations, Nickelodeon Land, piscines et amusements familiaux avec transferts \u00e0 l'h\u00f4tel inclus.<\/p>","protected":false},"featured_media":12791,"comment_status":"open","ping_status":"closed","template":"","meta":[],"product_brand":[],"product_cat":[126],"product_tag":[120],"class_list":{"0":"post-15360","1":"product","2":"type-product","3":"status-publish","4":"has-post-thumbnail","6":"tour_phys-belek-tours","7":"product_cat-belek-tours","8":"product_tag-belek","9":"pa_destination-belek-tours","11":"first","12":"instock","13":"sale","14":"shipping-taxable","15":"purchasable","16":"product-type-tour_phys"},"aioseo_notices":[],"_links":{"self":[{"href":"https:\/\/excursionsworld.com\/fr\/wp-json\/wp\/v2\/product\/15360","targetHints":{"allow":["GET"]}}],"collection":[{"href":"https:\/\/excursionsworld.com\/fr\/wp-json\/wp\/v2\/product"}],"about":[{"href":"https:\/\/excursionsworld.com\/fr\/wp-json\/wp\/v2\/types\/product"}],"replies":[{"embeddable":true,"href":"https:\/\/excursionsworld.com\/fr\/wp-json\/wp\/v2\/comments?post=15360"}],"wp:featuredmedia":[{"embeddable":true,"href":"https:\/\/excursionsworld.com\/fr\/wp-json\/wp\/v2\/media\/12791"}],"wp:attachment":[{"href":"https:\/\/excursionsworld.com\/fr\/wp-json\/wp\/v2\/media?parent=15360"}],"wp:term":[{"taxonomy":"product_brand","embeddable":true,"href":"https:\/\/excursionsworld.com\/fr\/wp-json\/wp\/v2\/product_brand?post=15360"},{"taxonomy":"product_cat","embeddable":true,"href":"https:\/\/excursionsworld.com\/fr\/wp-json\/wp\/v2\/product_cat?post=15360"},{"taxonomy":"product_tag","embeddable":true,"href":"https:\/\/excursionsworld.com\/fr\/wp-json\/wp\/v2\/product_tag?post=15360"}],"curies":[{"name":"wp","href":"https:\/\/api.w.org\/{rel}","templated":true}]}}