{"id":15361,"date":"2025-10-26T18:44:53","date_gmt":"2025-10-26T15:44:53","guid":{"rendered":"https:\/\/excursionsworld.com\/?post_type=product&#038;p=15361"},"modified":"2026-04-24T01:34:41","modified_gmt":"2026-04-23T22:34:41","slug":"hammam-turc-belek","status":"publish","type":"product","link":"https:\/\/excursionsworld.com\/tours\/belek-turkish-bath-hamam\/","title":{"rendered":"Belek : Hammam turc \u2013 exp\u00e9rience authentique"},"content":{"rendered":"<h2><strong>\ud83c\udfdd\ufe0f <span style=\"color: #000000;\">Vue d'ensemble<\/span><\/strong><\/h2>\n<p>Plongez dans la <strong>Exp\u00e9rience authentique de bain turc et de spa \u00e0 Side<\/strong>, L'h\u00f4tel est un lieu o\u00f9 les anciennes traditions de bien-\u00eatre rencontrent le confort moderne. Profitez d'une journ\u00e9e de d\u00e9tente dans l'un des meilleurs <strong>hamam<\/strong> Les centres de bien-\u00eatre de la r\u00e9gion disposent d'un sauna, d'un hammam, d'une salle de sel, d'un gommage corporel, d'un massage \u00e0 la mousse et d'un traitement \u00e0 l'huile rajeunissant. Id\u00e9al pour nettoyer votre peau et pr\u00e9parer un bronzage durable pendant vos vacances !<\/p>\n<h3><span style=\"color: #000000;\"><strong>\u00a0Inclus :<\/strong><\/span><\/h3>\n<p><span style=\"color: #00ff00;\"><strong>\u2713<\/strong><\/span> Prise en charge et retour \u00e0 l'h\u00f4tel<br \/><span style=\"color: #00ff00;\"><strong>\u2713 <\/strong><\/span>Acc\u00e8s au sauna, au hammam et \u00e0 la salle de sel<br \/><span style=\"color: #00ff00;\"><strong>\u2713 <\/strong><\/span>Gommage et massage \u00e0 la mousse de 30 minutes<br \/><span style=\"color: #00ff00;\"><strong>\u2713 <\/strong><\/span>Massage relaxant \u00e0 l'huile de 20 minutes<br \/><span style=\"color: #00ff00;\"><strong>\u2713 <\/strong><\/span>Masque et massage doux du visage<br \/><span style=\"color: #00ff00;\"><strong>\u2713 <\/strong><\/span>Serviettes, pantoufles, savon et gilet traditionnel (pestemal)<br \/><span style=\"color: #00ff00;\"><strong>\u2713 <\/strong><\/span>Service \u00e0 th\u00e9 ou \u00e0 pomme<br \/><span style=\"color: #00ff00;\"><strong>\u2713 <\/strong><\/span>Assurance compl\u00e8te<\/p>\n<h3><span style=\"color: #000000;\">\u00a0<strong>Non inclus :<\/strong><\/span><\/h3>\n<p><span style=\"color: #ff0000;\"><strong>\u2717<\/strong><\/span> D\u00e9penses personnelles<br \/><span style=\"color: #ff0000;\"><strong>\u2717 <\/strong><\/span>Services de massage suppl\u00e9mentaires<br \/><span style=\"color: #ff0000;\"><strong>\u2717 <\/strong><\/span>Shampooing pour cheveux<\/p>\n<h2><strong><span style=\"color: #000000;\">\ud83c\udf1f Points forts de la visite<\/span><\/strong><\/h2>\n<p>\ud83d\udd39 D\u00e9couvrez l'authentique hammam turc \u00e0 Side<br \/>\ud83d\udd39 Profitez d'un gommage relaxant et d'un massage \u00e0 la mousse sur une plateforme en marbre chauff\u00e9e<br \/>\ud83d\udd39 D\u00e9toxification dans le sauna, le hammam et les salles de sel<br \/>\ud83d\udd39 Recevez un massage rajeunissant \u00e0 l'huile et au visage<br \/>\ud83d\udd39 Vous vous sentez rafra\u00eechi, l\u00e9ger et pr\u00eat pour vos aventures de vacances.<\/p>\n<h2><span style=\"color: #000000;\"><strong>\ud83d\udcdc Description compl\u00e8te<\/strong><\/span><\/h2>\n<div>Entrez dans des si\u00e8cles de tradition du bien-\u00eatre avec le <strong>Visite du bain turc et du spa de Side<\/strong>, Les soins sont con\u00e7us pour d\u00e9tendre le corps et l'esprit. \u00c0 votre arriv\u00e9e, vous serez chaleureusement accueilli et recevrez une serviette, des pantoufles et un pestemal avant de commencer votre voyage de rajeunissement.<\/div>\n<div>Commencer dans le <strong>sauna, hammam et salle de sel<\/strong>, La chaleur et les min\u00e9raux aident \u00e0 ouvrir les pores et \u00e0 pr\u00e9parer la peau au nettoyage. Ensuite, vous vous rendrez dans la chambre int\u00e9rieure du hamam pour le clou du spectacle : un massage de la peau. <strong>gommage traditionnel et massage \u00e0 la mousse<\/strong> effectu\u00e9 sur une pierre de marbre chauff\u00e9e (gobektasi). Cette exfoliation en profondeur \u00e9limine les cellules mortes et les toxines, laissant la peau douce et soyeuse.<\/div>\n<div>Ensuite, vous pourrez vous d\u00e9tendre avec <strong>service \u00e0 th\u00e9 ou \u00e0 pomme<\/strong>, suivi d'un <strong>Massage \u00e0 l'huile aromatique de 20 minutes<\/strong> qui d\u00e9tend tous les muscles de votre corps. L'exp\u00e9rience se termine par un <strong>masque nourrissant et massage doux du visage<\/strong>, Vous \u00eates ainsi rafra\u00eechie et rayonnante.<\/div>\n<h3><span style=\"color: #000000;\"><strong>\ud83d\udd52 Itin\u00e9raire de la visite<\/strong><\/span><\/h3>\n<p>\ud83d\udd39 Prise en charge \u00e0 l'h\u00f4tel et transfert au centre thermal<br \/>\ud83d\udd39 S\u00e9ance de sauna, de vapeur et de salle de sel<br \/>\ud83d\udd39 Gommage du corps entier et massage \u00e0 la mousse<br \/>\ud83d\udd39 Petite pause d\u00e9tente avec du th\u00e9<br \/>\ud83d\udd39 Massage \u00e0 l'huile aromatique (20 minutes)<br \/>\ud83d\udd39 Masque et massage du visage<br \/>\ud83d\udd39 Transfert retour \u00e0 l'h\u00f4tel<\/p>\n<h3><span style=\"color: #000000;\"><strong>\u2139\ufe0f Informations utiles<\/strong><\/span><\/h3>\n<p>\ud83d\udd39 Convient aux hommes et aux femmes<br \/>\ud83d\udd39 Les enfants peuvent participer sous la supervision d'un adulte<br \/>\ud83d\udd39 Toutes les installations sont propres et hygi\u00e9niques<br \/>Dur\u00e9e du traitement : environ 2 heures<\/p>\n<h2><span style=\"color: #000000;\"><strong>\ud83c\udf92 Ce qu'il faut apporter<\/strong><\/span><\/h2>\n<p>Maillot de bain<br \/>Shampooing pour cheveux<\/p>\n<h3><span style=\"color: #000000;\"><strong>\ud83d\udeab Ne convient pas pour<\/strong><\/span><\/h3>\n<p>Les personnes souffrant d'asthme ou de troubles respiratoires graves<\/p>\n<h2 dir=\"ltr\">\ud83d\udcb8\u00a0<strong>Prix et r\u00e9servation<\/strong><\/h2>\n<p dir=\"ltr\"><strong>\ud83d\udd39 R\u00e9server maintenant, payer le jour de la visite<\/strong><br \/>\n\ud83d\udd39 Contactez-nous via WhatsApp, Telegram, Viber, ou remplissez le formulaire de r\u00e9servation ci-dessous.<\/p>\n<h3>\u2139\ufe0f Informations utiles<\/h3>\n<p>Dur\u00e9e : environ 5-5,5 heures<br \/>\ud83d\udd39 D\u00e9parts quotidiens le matin\u00a0<br \/>\ud83d\udd39 Aucune exp\u00e9rience requise<br \/>\ud83d\udd39 Circuit en petit groupe pour plus de confort<\/p>\n<h3>\ud83d\udeab Ne convient pas pour<\/h3>\n<p>\ud83d\udd39 Femmes enceintes<br \/>\ud83d\udd39 Les h\u00f4tes souffrant de graves probl\u00e8mes de dos ou de c\u0153ur<\/p>\n<h2>\ud83c\udf92 Ce qu'il faut apporter<\/h2>\n<p>Lunettes de soleil, chapeau et cr\u00e8me solaire<br \/>\ud83d\udd39 V\u00eatements et maillots de bain confortables<br \/>\ud83d\udd39 Un peu d'argent pour les extras<\/p>\n<div class=\"elementor-element elementor-element-884d539 e-con-full e-flex e-con e-child\" data-id=\"884d539\" data-element_type=\"container\">\n<div id=\"description\" class=\"elementor-element elementor-element-337037cc elementor-widget elementor-widget-thim-ekits-tours-content\" data-id=\"337037cc\" data-element_type=\"widget\" data-widget_type=\"thim-ekits-tours-content.default\">\n<div class=\"elementor-widget-container\">\n<h2 class=\"thim-ekit-single-tour__content\">\ud83d\udcb8\u00a0<strong>Prix et r\u00e9servation<\/strong><\/h2>\n<div class=\"thim-ekit-single-tour__content\">\n<p><strong>\ud83d\udd39 R\u00e9server maintenant, payer le jour de la visite<\/strong><br \/>\ud83d\udd39 Contactez-nous via WhatsApp, Telegram, Viber, ou remplissez le formulaire de r\u00e9servation ci-dessous \ud83d\udc47\ud83c\udffc<\/p>\n<\/div>\n<\/div>\n<\/div>\n<\/div>\n<p>\u00c0 la recherche d'alternatives ? Parcourir <a href=\"https:\/\/excursionsworld.com\/fr\/excursions-a-belek\/\">plus <a href=\"https:\/\/en.wikipedia.org\/wiki\/Belek\" target=\"_blank\" rel=\"noopener\">Belek<\/a> tours<\/a>.<\/p>","protected":false},"excerpt":{"rendered":"<p data-start=\"3442\" data-end=\"3600\">L'exp\u00e9rience de la <b>Bain turc de Belek<\/b>! Profitez d'un <b>Hamam authentique<\/b> rituel avec gommage, mousse et huile <b>massage<\/b>. Comprend un sauna, un bain de vapeur et <b>transfert<\/b>. Parfait <b>d\u00e9tente<\/b> pour commencer vos vacances.<\/p>","protected":false},"featured_media":12688,"comment_status":"open","ping_status":"closed","template":"","meta":[],"product_brand":[],"product_cat":[126],"product_tag":[120],"class_list":{"0":"post-15361","1":"product","2":"type-product","3":"status-publish","4":"has-post-thumbnail","6":"tour_phys-belek-tours","7":"product_cat-belek-tours","8":"product_tag-belek","9":"pa_destination-belek-tours","11":"first","12":"instock","13":"sale","14":"shipping-taxable","15":"purchasable","16":"product-type-tour_phys"},"aioseo_notices":[],"_links":{"self":[{"href":"https:\/\/excursionsworld.com\/fr\/wp-json\/wp\/v2\/product\/15361","targetHints":{"allow":["GET"]}}],"collection":[{"href":"https:\/\/excursionsworld.com\/fr\/wp-json\/wp\/v2\/product"}],"about":[{"href":"https:\/\/excursionsworld.com\/fr\/wp-json\/wp\/v2\/types\/product"}],"replies":[{"embeddable":true,"href":"https:\/\/excursionsworld.com\/fr\/wp-json\/wp\/v2\/comments?post=15361"}],"wp:featuredmedia":[{"embeddable":true,"href":"https:\/\/excursionsworld.com\/fr\/wp-json\/wp\/v2\/media\/12688"}],"wp:attachment":[{"href":"https:\/\/excursionsworld.com\/fr\/wp-json\/wp\/v2\/media?parent=15361"}],"wp:term":[{"taxonomy":"product_brand","embeddable":true,"href":"https:\/\/excursionsworld.com\/fr\/wp-json\/wp\/v2\/product_brand?post=15361"},{"taxonomy":"product_cat","embeddable":true,"href":"https:\/\/excursionsworld.com\/fr\/wp-json\/wp\/v2\/product_cat?post=15361"},{"taxonomy":"product_tag","embeddable":true,"href":"https:\/\/excursionsworld.com\/fr\/wp-json\/wp\/v2\/product_tag?post=15361"}],"curies":[{"name":"wp","href":"https:\/\/api.w.org\/{rel}","templated":true}]}}