{"id":15363,"date":"2025-10-26T18:47:04","date_gmt":"2025-10-26T15:47:04","guid":{"rendered":"https:\/\/excursionsworld.com\/?post_type=product&#038;p=15363"},"modified":"2026-04-24T00:20:47","modified_gmt":"2026-04-23T21:20:47","slug":"safari-quad-belek","status":"publish","type":"product","link":"https:\/\/excursionsworld.com\/tours\/belek-quad-safari\/","title":{"rendered":"Safari en quad \u00e0 Belek : Aventure 4x4 et Sensations Fortes"},"content":{"rendered":"<h2><strong>\ud83c\udfdd\ufe0f Vue d'ensemble<\/strong><\/h2>\n<div dir=\"ltr\">Embarquez pour une aventure palpitante en quad \u00e0 travers les montagnes du Taurus avec des transferts pratiques depuis votre h\u00f4tel <a href=\"https:\/\/en.wikipedia.org\/wiki\/Belek\" target=\"_blank\" rel=\"noopener\">Belek<\/a> et les environs ! Courez sur des sentiers forestiers, affrontez des chemins rocailleux et faites une pause rafra\u00eechissante au bord d'une rivi\u00e8re de montagne. Parfait pour les amateurs de sensations fortes \u2013 aucune exp\u00e9rience n\u00e9cessaire, car la formation compl\u00e8te et l'\u00e9quipement sont fournis.<\/div>\n<h3><strong>\u00a0Inclus :<\/strong><\/h3>\n<div dir=\"ltr\"><span style=\"color: #00ff00;\">\u2713<\/span> Prise en charge et retour \u00e0 l'h\u00f4tel<br \/>\n<span style=\"color: #00ff00;\">\u2713 <\/span>Guides professionnels<br \/>\n<span style=\"color: #00ff00;\">\u2713 <\/span>Assurance compl\u00e8te<br \/>\n<span style=\"color: #00ff00;\">\u2713 <\/span>\u00c9quipement de s\u00e9curit\u00e9 (casque, etc.)<\/div>\n<h3><strong>Non inclus :<\/strong><\/h3>\n<div dir=\"ltr\"><span style=\"color: #ff0000;\">\u2717<\/span> D\u00e9penses personnelles<br \/>\n<span style=\"color: #ff0000;\">\u2717<\/span> Photos et vid\u00e9os<br \/>\n<span style=\"color: #ff0000;\">\u2717<\/span> Boissons<\/div>\n<h2><strong>\ud83c\udf1f Points forts de la visite<\/strong><\/h2>\n<div dir=\"ltr\">\ud83d\udd39 20 km de parcours en quad \u00e0 travers les montagnes du Taurus, riches en adr\u00e9naline<br \/>\n\ud83d\udd39 Sentiers forestiers, chemins rocailleux et paysages \u00e0 couper le souffle<br \/>\n\ud83d\udd39 Halte panoramique au bord d'une rivi\u00e8re de montagne<br \/>\n\ud83d\udd39 Convient aux d\u00e9butants avec des instructions compl\u00e8tes<br \/>\n\ud83d\udd39 1,5 heure de pur plaisir hors route<\/div>\n<h2><strong>\ud83d\udcd6 Description compl\u00e8te<\/strong><\/h2>\n<div dir=\"ltr\">Votre aventure commence par un transfert confortable de votre h\u00f4tel \u00e0 Belek jusqu'\u00e0 la base de quad dans les montagnes du Taurus. \u00c0 votre arriv\u00e9e, vous recevrez un briefing sur la s\u00e9curit\u00e9 et tout l'\u00e9quipement n\u00e9cessaire, suivi d'un court essai de conduite pour vous familiariser avec votre quad.<\/div>\n<div dir=\"ltr\">Ensuite, le vrai plaisir commence : un voyage passionnant de 20 km \u00e0 travers des sentiers de montagne, des for\u00eats et des chemins poussi\u00e9reux, sous la conduite de guides exp\u00e9riment\u00e9s. \u00c0 mi-chemin, vous vous arr\u00eaterez pr\u00e8s d'une rivi\u00e8re de montagne pour vous d\u00e9tendre ou prendre des photos. Apr\u00e8s la pause, vous poursuivrez votre randonn\u00e9e tout-terrain avant de retourner \u00e0 la base. Une fois l'excursion termin\u00e9e, vous rentrerez confortablement \u00e0 votre h\u00f4tel.<\/div>\n<h3><strong>\ud83d\uddfa\ufe0f Itin\u00e9raire de la visite<\/strong><\/h3>\n<div dir=\"ltr\">\ud83d\udd39 Prise en charge \u00e0 partir des h\u00f4tels de Belek et des environs<br \/>\n\ud83d\udd39 Arriv\u00e9e \u00e0 la base de quad et briefing sur la s\u00e9curit\u00e9<br \/>\n\ud83d\udd39 Mise en place de l'\u00e9quipement et court essai de conduite (15 min)<br \/>\n\ud83d\udd39 Itin\u00e9raire guid\u00e9 de 20 km \u00e0 travers les montagnes et les for\u00eats<br \/>\n\ud83d\udd39 Halte pr\u00e8s d'une rivi\u00e8re de montagne (15-20 min)<br \/>\nRetour et transfert \u00e0 l'h\u00f4tel<\/div>\n<h3><strong>\u2139\ufe0f Informations utiles<\/strong><\/h3>\n<div dir=\"ltr\">Dur\u00e9e : environ 3 heures (transferts compris)<br \/>\n\ud83d\udd39 Pas de permis de conduire requis<br \/>\n\ud83d\udd39 \u00c2ge minimum du conducteur : 17 ans<br \/>\n\ud83d\udd39 Casque fourni<br \/>\n\ud83d\udd39 Niveau d'activit\u00e9 physique mod\u00e9r\u00e9 \u00e0 \u00e9lev\u00e9<br \/>\n\ud83d\udd39 Les enfants de moins de 5 ans voyagent gratuitement mais partagent le m\u00eame si\u00e8ge s'ils ne r\u00e9servent pas s\u00e9par\u00e9ment.<\/div>\n<h3><strong>\ud83d\udeab Ne convient pas pour<\/strong><\/h3>\n<div dir=\"ltr\">\ud83d\udd39 Femmes enceintes<br \/>\n\ud83d\udd39 Invit\u00e9s sous l'emprise de l'alcool<br \/>\n\ud83d\udd39 Personnes \u00e0 mobilit\u00e9 r\u00e9duite<\/div>\n<h2><strong>\ud83c\udf92 Ce qu'il faut apporter<\/strong><\/h2>\n<div dir=\"ltr\">\ud83d\udd39 V\u00eatements et chaussures confortables (s'attendre \u00e0 \u00eatre poussi\u00e9reux)<br \/>\n\ud83d\udd39 Cr\u00e8me solaire<br \/>\n\ud83d\udd39 Argent liquide pour les d\u00e9penses personnelles (boissons, photos, etc.)<\/div>\n<h2 dir=\"ltr\">\ud83d\udcb8\u00a0<strong>Prix et r\u00e9servation<\/strong><\/h2>\n<p dir=\"ltr\"><strong>\ud83d\udd39 R\u00e9server maintenant, payer le jour de la visite<\/strong><br \/>\n\ud83d\udd39 Contactez-nous via WhatsApp, Telegram, Viber, ou remplissez le formulaire de r\u00e9servation ci-dessous.<\/p>\n<h3>\u2139\ufe0f Informations utiles<\/h3>\n<p>Dur\u00e9e : environ 5-5,5 heures<br \/>\ud83d\udd39 D\u00e9parts quotidiens le matin\u00a0<br \/>\ud83d\udd39 Aucune exp\u00e9rience requise<br \/>\ud83d\udd39 Circuit en petit groupe pour plus de confort<\/p>\n<h3>\ud83d\udeab Ne convient pas pour<\/h3>\n<p>\ud83d\udd39 Femmes enceintes<br \/>\ud83d\udd39 Les h\u00f4tes souffrant de graves probl\u00e8mes de dos ou de c\u0153ur<\/p>\n<h2>\ud83c\udf92 Ce qu'il faut apporter<\/h2>\n<p>Lunettes de soleil, chapeau et cr\u00e8me solaire<br \/>\ud83d\udd39 V\u00eatements et maillots de bain confortables<br \/>\ud83d\udd39 Un peu d'argent pour les extras<\/p>\n<div class=\"elementor-element elementor-element-884d539 e-con-full e-flex e-con e-child\" data-id=\"884d539\" data-element_type=\"container\">\n<div id=\"description\" class=\"elementor-element elementor-element-337037cc elementor-widget elementor-widget-thim-ekits-tours-content\" data-id=\"337037cc\" data-element_type=\"widget\" data-widget_type=\"thim-ekits-tours-content.default\">\n<div class=\"elementor-widget-container\">\n<h2 class=\"thim-ekit-single-tour__content\">\ud83d\udcb8\u00a0<strong>Prix et r\u00e9servation<\/strong><\/h2>\n<div class=\"thim-ekit-single-tour__content\">\n<p><strong>\ud83d\udd39 R\u00e9server maintenant, payer le jour de la visite<\/strong><br \/>\ud83d\udd39 Contactez-nous via WhatsApp, Telegram, Viber, ou remplissez le formulaire de r\u00e9servation ci-dessous \ud83d\udc47\ud83c\udffc<\/p>\n<\/div>\n<\/div>\n<\/div>\n<\/div>\n<p>\u00c0 la recherche d'alternatives ? Parcourir <a href=\"https:\/\/excursionsworld.com\/fr\/excursions-a-belek\/\">plus de visites \u00e0 Belek<\/a>.<\/p>","protected":false},"excerpt":{"rendered":"<p data-start=\"2866\" data-end=\"3089\">Participez \u00e0 un passionnant safari en quad \u00e0 Belek dans les montagnes du Taurus ! Conduisez 20 km hors route, profitez d'une nature \u00e9poustouflante et rafra\u00eechissez-vous au bord d'une rivi\u00e8re de montagne. Aucune exp\u00e9rience n'est n\u00e9cessaire - transfert \u00e0 l'h\u00f4tel inclus.<\/p>","protected":false},"featured_media":15073,"comment_status":"open","ping_status":"closed","template":"","meta":[],"product_brand":[],"product_cat":[126],"product_tag":[120],"class_list":{"0":"post-15363","1":"product","2":"type-product","3":"status-publish","4":"has-post-thumbnail","6":"tour_phys-belek-tours","7":"product_cat-belek-tours","8":"product_tag-belek","9":"pa_destination-belek-tours","11":"first","12":"instock","13":"sale","14":"shipping-taxable","15":"purchasable","16":"product-type-tour_phys"},"aioseo_notices":[],"_links":{"self":[{"href":"https:\/\/excursionsworld.com\/fr\/wp-json\/wp\/v2\/product\/15363","targetHints":{"allow":["GET"]}}],"collection":[{"href":"https:\/\/excursionsworld.com\/fr\/wp-json\/wp\/v2\/product"}],"about":[{"href":"https:\/\/excursionsworld.com\/fr\/wp-json\/wp\/v2\/types\/product"}],"replies":[{"embeddable":true,"href":"https:\/\/excursionsworld.com\/fr\/wp-json\/wp\/v2\/comments?post=15363"}],"wp:featuredmedia":[{"embeddable":true,"href":"https:\/\/excursionsworld.com\/fr\/wp-json\/wp\/v2\/media\/15073"}],"wp:attachment":[{"href":"https:\/\/excursionsworld.com\/fr\/wp-json\/wp\/v2\/media?parent=15363"}],"wp:term":[{"taxonomy":"product_brand","embeddable":true,"href":"https:\/\/excursionsworld.com\/fr\/wp-json\/wp\/v2\/product_brand?post=15363"},{"taxonomy":"product_cat","embeddable":true,"href":"https:\/\/excursionsworld.com\/fr\/wp-json\/wp\/v2\/product_cat?post=15363"},{"taxonomy":"product_tag","embeddable":true,"href":"https:\/\/excursionsworld.com\/fr\/wp-json\/wp\/v2\/product_tag?post=15363"}],"curies":[{"name":"wp","href":"https:\/\/api.w.org\/{rel}","templated":true}]}}