{"id":15365,"date":"2025-10-26T18:56:49","date_gmt":"2025-10-26T15:56:49","guid":{"rendered":"https:\/\/excursionsworld.com\/?post_type=product&#038;p=15365"},"modified":"2026-04-24T00:20:48","modified_gmt":"2026-04-23T21:20:48","slug":"peche-en-mer-belek-bateau","status":"publish","type":"product","link":"https:\/\/excursionsworld.com\/tours\/belek-sea-fishing\/","title":{"rendered":"Excursion P\u00eache en Mer \u00e0 Belek en Bateau \u2013 Tout Inclus"},"content":{"rendered":"<h2><span style=\"color: #000000;\"><strong>\ud83c\udfa3 Vue d'ensemble<\/strong><\/span><\/h2>\n<p>\u00c9chappez \u00e0 l'atmosph\u00e8re tr\u00e9pidante des stations baln\u00e9aires et profitez d'une exp\u00e9rience de p\u00eache paisible dans la mer M\u00e9diterran\u00e9e ! Les <strong><a href=\"https:\/\/en.wikipedia.org\/wiki\/Belek\" target=\"_blank\" rel=\"noopener\">Belek<\/a> Tour de p\u00eache<\/strong> combine le sport, la d\u00e9tente et la nature - parfait pour les d\u00e9butants et les p\u00eacheurs exp\u00e9riment\u00e9s. Passez une matin\u00e9e rafra\u00eechissante en mer avec un capitaine professionnel qui vous emm\u00e8nera sur les meilleurs sites de p\u00eache pr\u00e8s de Belek.<\/p>\n<h3><span style=\"color: #000000;\"><strong>Inclus :<\/strong><\/span><\/h3>\n<p><span style=\"color: #00ff00;\"><strong>\u2713<\/strong><\/span> Prise en charge et retour \u00e0 l'h\u00f4tel\u00a0<br \/><span style=\"color: #00ff00;\"><strong>\u2713 <\/strong><\/span>Tout le mat\u00e9riel de p\u00eache et les app\u00e2ts<br \/><span style=\"color: #00ff00;\"><strong>\u2713 <\/strong><\/span>Capitaine et guide de p\u00eache professionnels<br \/><span style=\"color: #00ff00;\"><strong>\u2713 <\/strong><\/span>Petit-d\u00e9jeuner et d\u00e9jeuner \u00e0 bord<br \/><span style=\"color: #00ff00;\"><strong>\u2713 <\/strong><\/span>Boissons non alcoolis\u00e9es<br \/><span style=\"color: #00ff00;\"><strong>\u2713 <\/strong><\/span>Couverture d'assurance compl\u00e8te<br \/><span style=\"color: #00ff00;\"><strong>\u2713 <\/strong><\/span>Sonar (sondeur) et \u00e9quipement de s\u00e9curit\u00e9<\/p>\n<h3><strong>Non inclus :<\/strong><\/h3>\n<p><span style=\"color: #ff0000;\"><strong>\u2717<\/strong> <\/span>Boissons alcoolis\u00e9es<br \/><span style=\"color: #ff0000;\"><strong>\u2717<\/strong> <\/span>D\u00e9penses personnelles<\/p>\n<h2>\ud83c\udf0a <strong>Points forts de la visite<\/strong><\/h2>\n<p>\ud83d\udd39 Conseils d'experts - Dirig\u00e9 par un capitaine de p\u00eache professionnel qui garantit la s\u00e9curit\u00e9 et la r\u00e9ussite.<br \/>\ud83d\udd39 P\u00eache en haute mer - Exp\u00e9rience de la p\u00eache \u00e0 la ligne \u00e0 des profondeurs de 30 \u00e0 60 m\u00e8tres, avec tout l'\u00e9quipement fourni.<br \/>\ud83d\udd39 Richesse de la vie marine - Attrapez diverses esp\u00e8ces telles que le bar, le thon, la bonite, le poisson corail, le calmar et la pieuvre.<br \/>\ud83d\udd39 D\u00e9tente et vues - Faites une pause pour prendre un bain de soleil ou nager dans les eaux cristallines de la M\u00e9diterran\u00e9e.<br \/>\ud83d\udd39 Exp\u00e9rience authentique - Profitez d'une excursion personnelle en petit groupe \u00e0 bord d'un bateau de p\u00eache traditionnel.<\/p>\n<h3><span style=\"color: #000000;\"><strong>Itin\u00e9raire de la visite<\/strong><\/span><\/h3>\n<p>\ud83d\udd39 06:45 AM - Prise en charge \u00e0 l'h\u00f4tel \u00e0 partir des h\u00f4tels de Belek<br \/>\ud83d\udd39 Rencontrez votre capitaine et votre \u00e9quipage, recevez votre mat\u00e9riel de p\u00eache et pr\u00e9parez-vous au d\u00e9part.<br \/>\ud83d\udd39 Dirigez-vous vers les meilleurs sites de p\u00eache et profitez de votre temps de p\u00eache en b\u00e9n\u00e9ficiant de conseils.<br \/>\ud83d\udd39 Petit-d\u00e9jeuner et d\u00e9jeuner servis \u00e0 bord<br \/>\ud83d\udd39 Pause baignade et d\u00e9tente en option<br \/>\ud83d\udd39 Retour au port et transfert \u00e0 l'h\u00f4tel avant midi<\/p>\n<h3>\u2139\ufe0f Informations utiles<\/h3>\n<p>Dur\u00e9e : environ 5-5,5 heures<br \/>\ud83d\udd39 D\u00e9parts quotidiens le matin\u00a0<br \/>\ud83d\udd39 Aucune exp\u00e9rience requise<br \/>\ud83d\udd39 Circuit en petit groupe pour plus de confort<\/p>\n<h3>\ud83d\udeab Ne convient pas pour<\/h3>\n<p>\ud83d\udd39 Femmes enceintes<br \/>\ud83d\udd39 Les h\u00f4tes souffrant de graves probl\u00e8mes de dos ou de c\u0153ur<\/p>\n<h2>\ud83c\udf92 Ce qu'il faut apporter<\/h2>\n<p>Lunettes de soleil, chapeau et cr\u00e8me solaire<br \/>\ud83d\udd39 V\u00eatements et maillots de bain confortables<br \/>\ud83d\udd39 Un peu d'argent pour les extras<\/p>\n<div class=\"elementor-element elementor-element-884d539 e-con-full e-flex e-con e-child\" data-id=\"884d539\" data-element_type=\"container\">\n<div id=\"description\" class=\"elementor-element elementor-element-337037cc elementor-widget elementor-widget-thim-ekits-tours-content\" data-id=\"337037cc\" data-element_type=\"widget\" data-widget_type=\"thim-ekits-tours-content.default\">\n<div class=\"elementor-widget-container\">\n<h2 class=\"thim-ekit-single-tour__content\">\ud83d\udcb8\u00a0<strong>Prix et r\u00e9servation<\/strong><\/h2>\n<div class=\"thim-ekit-single-tour__content\">\n<p><strong>\ud83d\udd39 R\u00e9server maintenant, payer le jour de la visite<\/strong><br \/>\ud83d\udd39 Contactez-nous via WhatsApp, Telegram, Viber, ou remplissez le formulaire de r\u00e9servation ci-dessous \ud83d\udc47\ud83c\udffc<\/p>\n<\/div>\n<\/div>\n<\/div>\n<\/div>\n<p>\u00c0 la recherche d'alternatives ? Parcourir <a href=\"https:\/\/excursionsworld.com\/fr\/excursions-a-belek\/\">plus de visites \u00e0 Belek<\/a>.<\/p>","protected":false},"excerpt":{"rendered":"<p data-start=\"171\" data-end=\"381\">R\u00e9server le <b>Excursion de p\u00eache \u00e0 Belek<\/b>! Profitez d'un <b>deep-sea excursion<\/b> in the Mediterranean. <b>Petit d\u00e9jeuner<\/b>, <b>d\u00e9jeuner<\/b>, gear, and <b>transfert inclus<\/b>. Fish with an expert captain!<\/p>","protected":false},"featured_media":14069,"comment_status":"open","ping_status":"closed","template":"","meta":[],"product_brand":[],"product_cat":[126],"product_tag":[120],"class_list":{"0":"post-15365","1":"product","2":"type-product","3":"status-publish","4":"has-post-thumbnail","6":"tour_phys-belek-tours","7":"product_cat-belek-tours","8":"product_tag-belek","9":"pa_destination-belek-tours","11":"first","12":"instock","13":"sale","14":"shipping-taxable","15":"purchasable","16":"product-type-tour_phys"},"aioseo_notices":[],"_links":{"self":[{"href":"https:\/\/excursionsworld.com\/fr\/wp-json\/wp\/v2\/product\/15365","targetHints":{"allow":["GET"]}}],"collection":[{"href":"https:\/\/excursionsworld.com\/fr\/wp-json\/wp\/v2\/product"}],"about":[{"href":"https:\/\/excursionsworld.com\/fr\/wp-json\/wp\/v2\/types\/product"}],"replies":[{"embeddable":true,"href":"https:\/\/excursionsworld.com\/fr\/wp-json\/wp\/v2\/comments?post=15365"}],"wp:featuredmedia":[{"embeddable":true,"href":"https:\/\/excursionsworld.com\/fr\/wp-json\/wp\/v2\/media\/14069"}],"wp:attachment":[{"href":"https:\/\/excursionsworld.com\/fr\/wp-json\/wp\/v2\/media?parent=15365"}],"wp:term":[{"taxonomy":"product_brand","embeddable":true,"href":"https:\/\/excursionsworld.com\/fr\/wp-json\/wp\/v2\/product_brand?post=15365"},{"taxonomy":"product_cat","embeddable":true,"href":"https:\/\/excursionsworld.com\/fr\/wp-json\/wp\/v2\/product_cat?post=15365"},{"taxonomy":"product_tag","embeddable":true,"href":"https:\/\/excursionsworld.com\/fr\/wp-json\/wp\/v2\/product_tag?post=15365"}],"curies":[{"name":"wp","href":"https:\/\/api.w.org\/{rel}","templated":true}]}}