{"id":15368,"date":"2025-10-26T19:06:14","date_gmt":"2025-10-26T16:06:14","guid":{"rendered":"https:\/\/excursionsworld.com\/?post_type=product&#038;p=15368"},"modified":"2025-12-09T19:02:18","modified_gmt":"2025-12-09T16:02:18","slug":"relax-bateau-belek","status":"publish","type":"product","link":"https:\/\/excursionsworld.com\/tours\/relax-boat-belek\/","title":{"rendered":"Excursion en bateau relaxant \u00e0 partir de Belek - Excursion en mer en petit groupe \u00e0 Kemer"},"content":{"rendered":"<h3 data-start=\"0\" data-end=\"19\"><span style=\"color: #000000;\"><strong>\ud83c\udfdd\ufe0f Vue d'ensemble<\/strong><\/span><\/h3>\n<p data-start=\"21\" data-end=\"370\">Partir de <strong data-start=\"35\" data-end=\"44\">Belek<\/strong> pour une journ\u00e9e paisible et relaxante sur la mer avec les <strong data-start=\"97\" data-end=\"133\">Excursion en bateau de d\u00e9tente \u00e0 Kemer depuis Belek<\/strong>. Profitez des transferts vers l'h\u00f4tel, d'une croisi\u00e8re tranquille le long de la c\u00f4te turquoise, et de pauses baignades rafra\u00eechissantes dans des baies magnifiques telles que <strong data-start=\"249\" data-end=\"261\">Phaselis<\/strong>, <strong data-start=\"263\" data-end=\"275\">Paradis<\/strong>, et <strong data-start=\"281\" data-end=\"294\">Clair de lune<\/strong>. Parfait pour les familles et les couples qui recherchent le calme et l'absence de musique.<\/p>\n<h3 data-start=\"372\" data-end=\"387\"><span style=\"color: #000000;\"><strong>Inclus :<\/strong><\/span><\/h3>\n<p data-start=\"388\" data-end=\"529\"><span style=\"color: #00ff00;\"><strong>\u2713<\/strong> <\/span>Prise en charge et retour \u00e0 l'h\u00f4tel\u00a0<br data-start=\"449\" data-end=\"452\" \/><span style=\"color: #00ff00;\"><strong>\u2713<\/strong> <\/span>Guide professionnel<br data-start=\"472\" data-end=\"475\" \/><span style=\"color: #00ff00;\"><strong>\u2713<\/strong> <\/span>Assurance<br data-start=\"486\" data-end=\"489\" \/><span style=\"color: #00ff00;\"><strong>\u2713<\/strong> <\/span>D\u00e9jeuner (poulet grill\u00e9, riz, salade)<\/p>\n<h3 data-start=\"531\" data-end=\"550\"><span style=\"color: #000000;\"><strong>Non inclus :<\/strong><\/span><\/h3>\n<p data-start=\"551\" data-end=\"605\"><span style=\"color: #ff0000;\"><strong>\u2717<\/strong><\/span> Boissons<br data-start=\"559\" data-end=\"562\" \/><span style=\"color: #ff0000;\"><strong>\u2717<\/strong><\/span> D\u00e9penses personnelles<br data-start=\"581\" data-end=\"584\" \/><span style=\"color: #ff0000;\"><strong>\u2717<\/strong><\/span> Photos et vid\u00e9os<\/p>\n<h3 data-start=\"607\" data-end=\"632\"><span style=\"color: #000000;\"><strong>\ud83c\udf1f Points forts de la visite<\/strong><\/span><\/h3>\n<p data-start=\"633\" data-end=\"875\">\ud83d\udd39 Bateau paisible, sans musique, avec un nombre limit\u00e9 d'invit\u00e9s<br data-start=\"681\" data-end=\"684\" \/>\ud83d\udd39 Baignade dans les baies de Phaselis, Paradise et Moonlight<br data-start=\"737\" data-end=\"740\" \/>\ud83d\udd39 Naviguez le long de la grotte des pirates et de la c\u00f4te pittoresque<br data-start=\"789\" data-end=\"792\" \/>\ud83d\udd39 D\u00e9jeuner savoureux \u00e0 bord<br data-start=\"814\" data-end=\"817\" \/>\ud83d\udd39 Id\u00e9al pour les couples et les familles qui aiment les journ\u00e9es de mer calme<\/p>\n<h3 data-start=\"877\" data-end=\"903\"><span style=\"color: #000000;\"><strong>\ud83d\udcd6 Description compl\u00e8te<\/strong><\/span><\/h3>\n<p data-start=\"904\" data-end=\"1385\">Apr\u00e8s votre prise en charge \u00e0 l'h\u00f4tel \u00e0 Belek, vous vous rendrez \u00e0 <strong data-start=\"958\" data-end=\"972\">Port de Kemer<\/strong> pour monter \u00e0 bord d'un confortable bateau en bois.<br data-start=\"1008\" data-end=\"1011\" \/>La croisi\u00e8re navigue le long de la magnifique c\u00f4te m\u00e9diterran\u00e9enne avec plusieurs arr\u00eats pour de longues baignades - y compris <strong data-start=\"1112\" data-end=\"1128\">Baie de Phaselis<\/strong> (ruines anciennes), <strong data-start=\"1146\" data-end=\"1162\">Baie des Paradis<\/strong> (eau claire et collines verdoyantes), et <strong data-start=\"1198\" data-end=\"1215\">Baie du clair de lune<\/strong> (id\u00e9al pour les photos). Un d\u00e9licieux d\u00e9jeuner est servi \u00e0 bord. Sans musique bruyante ni foule, cette excursion en bateau relaxante est l'\u00e9chappatoire parfaite \u00e0 l'agitation des stations baln\u00e9aires de Belek.<\/p>\n<h3 data-start=\"1387\" data-end=\"1412\"><span style=\"color: #000000;\"><strong>\ud83d\uddfa\ufe0f Itin\u00e9raire de la visite<\/strong><\/span><\/h3>\n<p data-start=\"1413\" data-end=\"1718\">\ud83d\udd39 Prise en charge \u00e0 l'h\u00f4tel depuis Belek, Kadriye, Bo\u011fazkent<br data-start=\"1459\" data-end=\"1462\" \/>\ud83d\udd39 Transfert vers le port de Kemer<br data-start=\"1487\" data-end=\"1490\" \/>\ud83d\udd39 D\u00e9part du port de plaisance de Kemer<br data-start=\"1520\" data-end=\"1523\" \/>\ud83d\udd39 Arr\u00eat baignade \u00e0 la baie de Phaselis<br data-start=\"1555\" data-end=\"1558\" \/>Arr\u00eat baignade \u00e0 Paradise Bay<br data-start=\"1590\" data-end=\"1593\" \/>Arr\u00eat baignade \u00e0 Moonlight Bay<br data-start=\"1626\" data-end=\"1629\" \/>\ud83d\udd39 Visite de la grotte des pirates pour prendre des photos<br data-start=\"1662\" data-end=\"1665\" \/>\ud83d\udd39 Retour au port de Kemer et transfert vers les h\u00f4tels<\/p>\n<h3 data-start=\"1720\" data-end=\"1748\"><span style=\"color: #000000;\"><strong>\u2139\ufe0f Informations utiles<\/strong><\/span><\/h3>\n<p data-start=\"1749\" data-end=\"1977\">Dur\u00e9e : environ 8-9 heures (transfert inclus)<br data-start=\"1800\" data-end=\"1803\" \/>\ud83d\udd39 Ambiance calme, familiale et sans musique<br data-start=\"1854\" data-end=\"1857\" \/>\ud83d\udd39 Possibilit\u00e9 de d\u00e9jeuner v\u00e9g\u00e9tarien<br data-start=\"1893\" data-end=\"1896\" \/>\ud83d\udd39 \u00c9quipage anglophone<br data-start=\"1920\" data-end=\"1923\" \/>\ud83d\udd39 Les enfants de moins de 5 ans voyagent gratuitement mais partagent un si\u00e8ge dans le bus<\/p>\n<h3 data-start=\"1979\" data-end=\"2002\"><span style=\"color: #000000;\"><strong>\ud83c\udf92 Ce qu'il faut apporter<\/strong><\/span><\/h3>\n<p data-start=\"2003\" data-end=\"2112\">Maillot de bain et serviette de bain<br data-start=\"2024\" data-end=\"2027\" \/>\ud83d\udd39 Cr\u00e8me solaire et lunettes de soleil<br data-start=\"2054\" data-end=\"2057\" \/>\ud83d\udd39 Chapeau ou casquette<br data-start=\"2070\" data-end=\"2073\" \/>\ud83d\udd39 Petite somme d'argent pour les boissons ou les souvenirs<\/p>\n<h3 data-start=\"2114\" data-end=\"2140\"><span style=\"color: #000000;\"><strong>\ud83d\udeab Ne convient pas pour<\/strong><\/span><\/h3>\n<p data-start=\"2141\" data-end=\"2225\">\ud83d\udd39 Les clients qui souhaitent faire la f\u00eate ou une croisi\u00e8re avec de la musique forte<br data-start=\"2187\" data-end=\"2190\" \/>\ud83d\udd39 Personnes souffrant d'un mal de mer s\u00e9v\u00e8re<\/p>\n<h3 dir=\"ltr\">\ud83d\udcb8\u00a0<strong>Prix et r\u00e9servation<\/strong><\/h3>\n<p dir=\"ltr\"><strong>\ud83d\udd39 R\u00e9server maintenant, payer le jour de la visite<\/strong><br \/>\n\ud83d\udd39 Contactez-nous via WhatsApp, Telegram, Viber, ou remplissez le formulaire de r\u00e9servation ci-dessous. \ud83d\udc47\ud83c\udffc<\/p>","protected":false},"excerpt":{"rendered":"<p>R\u00e9server le <b>Belek VIP Yacht Tour<\/b>! Profitez du calme, <b>voyage en petit groupe<\/b> avec baignade, chaises longues et grillades <b>D\u00e9jeuner de bar<\/b>. Ultime <b>excursion relaxante<\/b>. <b>Transfert inclus<\/b>.<\/p>","protected":false},"featured_media":15218,"comment_status":"open","ping_status":"closed","template":"","meta":[],"product_brand":[],"product_cat":[126],"product_tag":[120],"class_list":{"0":"post-15368","1":"product","2":"type-product","3":"status-publish","4":"has-post-thumbnail","6":"tour_phys-belek-tours","7":"tour_phys-boat-tours","8":"product_cat-belek-tours","9":"product_tag-belek","10":"pa_destination-belek-tours","11":"pa_kategori-boat-tours","13":"first","14":"instock","15":"sale","16":"shipping-taxable","17":"purchasable","18":"product-type-tour_phys"},"aioseo_notices":[],"_links":{"self":[{"href":"https:\/\/excursionsworld.com\/fr\/wp-json\/wp\/v2\/product\/15368","targetHints":{"allow":["GET"]}}],"collection":[{"href":"https:\/\/excursionsworld.com\/fr\/wp-json\/wp\/v2\/product"}],"about":[{"href":"https:\/\/excursionsworld.com\/fr\/wp-json\/wp\/v2\/types\/product"}],"replies":[{"embeddable":true,"href":"https:\/\/excursionsworld.com\/fr\/wp-json\/wp\/v2\/comments?post=15368"}],"wp:featuredmedia":[{"embeddable":true,"href":"https:\/\/excursionsworld.com\/fr\/wp-json\/wp\/v2\/media\/15218"}],"wp:attachment":[{"href":"https:\/\/excursionsworld.com\/fr\/wp-json\/wp\/v2\/media?parent=15368"}],"wp:term":[{"taxonomy":"product_brand","embeddable":true,"href":"https:\/\/excursionsworld.com\/fr\/wp-json\/wp\/v2\/product_brand?post=15368"},{"taxonomy":"product_cat","embeddable":true,"href":"https:\/\/excursionsworld.com\/fr\/wp-json\/wp\/v2\/product_cat?post=15368"},{"taxonomy":"product_tag","embeddable":true,"href":"https:\/\/excursionsworld.com\/fr\/wp-json\/wp\/v2\/product_tag?post=15368"}],"curies":[{"name":"wp","href":"https:\/\/api.w.org\/{rel}","templated":true}]}}