{"id":15369,"date":"2025-10-26T19:22:16","date_gmt":"2025-10-26T16:22:16","guid":{"rendered":"https:\/\/excursionsworld.com\/?post_type=product&#038;p=15369"},"modified":"2026-04-24T00:20:49","modified_gmt":"2026-04-23T21:20:49","slug":"cappadoce-2-jours-belek","status":"publish","type":"product","link":"https:\/\/excursionsworld.com\/tours\/cappadocia-2-day-belek\/","title":{"rendered":"Circuit de 2 Jours en Cappadoce depuis Belek \u2013 Montgolfi\u00e8re &amp; Visites"},"content":{"rendered":"<h2><span style=\"color: #000000;\"><strong>\ud83c\udf04 Vue d'ensemble<\/strong><\/span><\/h2>\n<p>Rejoignez une visite guid\u00e9e de 2 jours au d\u00e9part de Belek et des environs (Bogazkent, Kadriye, Serik) pour d\u00e9couvrir la beaut\u00e9 magique de <a href=\"https:\/\/en.wikipedia.org\/wiki\/Cappadocia\" target=\"_blank\" rel=\"noopener\">Cappadoce<\/a>. Explorez les chemin\u00e9es de f\u00e9es, les villes souterraines et les \u00e9glises troglodytes avec un guide professionnel \u2014 un m\u00e9lange parfait d'histoire, de nature et de culture.<\/p>\n<h3><span style=\"color: #000000;\"><strong>Inclus :<\/strong><\/span><\/h3>\n<div><span style=\"color: #00ff00;\"><strong>\u2713<\/strong> <\/span>Prise en charge et retour \u00e0 l'h\u00f4tel<\/div>\n<div><span style=\"color: #00ff00;\"><strong>\u2713<\/strong> <\/span>1 nuit d'h\u00f4tel (chambre standard)<br \/><span style=\"color: #00ff00;\"><strong>\u2713<\/strong> <\/span>D\u00eener le premier soir<\/div>\n<div><span style=\"color: #00ff00;\"><strong>\u2713 <\/strong><\/span>Petit d\u00e9jeuner (Jour 2 - \u00e0 l'h\u00f4tel)<br \/><span style=\"color: #00ff00;\"><strong>\u2713<\/strong> <\/span>Droits d'entr\u00e9e dans les principaux sites<br \/><span style=\"color: #00ff00;\"><strong>\u2713<\/strong> <\/span>Guide professionnel<br \/><span style=\"color: #00ff00;\"><strong>\u2713<\/strong> <\/span>Assurance voyage<br \/><span style=\"color: #00ff00;\"><strong>\u2713<\/strong> <\/span>Bus climatis\u00e9<\/div>\n<h3><strong>Exclus :<\/strong><\/h3>\n<div><strong><span style=\"color: #ff0000;\">\u2717<\/span><\/strong> Boissons pendant les repas<br \/><strong><span style=\"color: #ff0000;\">\u2717 <\/span><\/strong>Suppl\u00e9ment chambre individuelle<br \/><strong><span style=\"color: #ff0000;\">\u2717 <\/span><\/strong>D\u00e9jeuner les deux jours<br \/><strong><span style=\"color: #ff0000;\">\u2717<\/span><\/strong> <strong>Activit\u00e9s optionnelles :<\/strong><\/div>\n<div><strong>\u2022<\/strong> Nuit turque 30\u20ac<br \/><strong>\u2022<\/strong> Tour Panoramique \u2013 En Bus \u2013 30\u20ac<br \/>\n<strong>\u2022<\/strong> Tour Panoramique \u2013 En Jeep \u2013 50\u20ac<\/div>\n<h2><span style=\"color: #000000;\"><strong>\ud83c\udff0 Points forts de la visite<\/strong><\/span><\/h2>\n<p>\ud83d\udd39 La vall\u00e9e de l'Amour et ses chemin\u00e9es de f\u00e9es<br \/>\ud83d\udd39 Ancienne ville souterraine - une merveille architecturale<br \/>Vall\u00e9e de Pa\u015faba\u011f avec des rochers en forme de champignon<br \/>\ud83d\udd39 Ch\u00e2teau d'Uchisar avec vue panoramique<br \/>\ud83d\udd39 Mus\u00e9e en plein air de Zelve - village troglodyte<br \/>\ud83d\udd39 Vall\u00e9e du Devrent avec des rochers en forme d'animaux<br \/>\ud83d\udd39 D\u00e9monstration de poterie \u00e0 Avanos<br \/>Vol en montgolfi\u00e8re au lever du soleil (facultatif)<\/p>\n<h2><span style=\"color: #000000;\"><strong>\ud83d\udcd6 Description compl\u00e8te<\/strong><\/span><\/h2>\n<p>Votre aventure en Cappadoce commence par un ramassage matinal \u00e0 Belek et dans les environs. Voyagez \u00e0 travers les montagnes du Taurus et d\u00e9couvrez l'une des r\u00e9gions les plus fascinantes de la Turquie. Visitez une ville souterraine, \u00e9merveillez-vous devant les chemin\u00e9es de f\u00e9es de la vall\u00e9e de l'Amour et profitez des vues panoramiques depuis le ch\u00e2teau d'Uchisar. Explorez les vall\u00e9es de Pa\u015faba\u011f et de Zelve, et assistez \u00e0 la fabrication de poteries \u00e0 Avanos. Apr\u00e8s l'enregistrement \u00e0 l'h\u00f4tel, vous profiterez d'un d\u00eener et d'un spectacle nocturne turc en option. Le deuxi\u00e8me jour, visite des \u00e9glises troglodytes, de la vall\u00e9e de l'Amour et d'un caravans\u00e9rail historique avant de retourner \u00e0 Belek.<\/p>\n<h3><span style=\"color: #000000;\"><strong>\ud83d\uddfa\ufe0f Itin\u00e9raire de la visite<\/strong><\/span><\/h3>\n<p><strong>Jour 1<\/strong><br \/>\ud83d\udd39 Prise en charge \u00e0 l'h\u00f4tel de Belek t\u00f4t le matin<br \/>\ud83d\udd39 Arr\u00eat petit-d\u00e9jeuner en cours de route<br \/>\ud83d\udd39 Visite de la ville souterraine<br \/>D\u00e9jeuner \u00e0 Uchisar<br \/>\ud83d\udd39 Visite du ch\u00e2teau d'Uchisar et de la vall\u00e9e de G\u00f6reme<br \/>\ud83d\udd39 Explorer Pa\u015faba\u011f et le centre de poterie Avanos<br \/>Enregistrement \u00e0 l'h\u00f4tel, d\u00eener, temps libre<\/p>\n<p><strong>Jour 2<\/strong><br \/>Petit d\u00e9jeuner \u00e0 l'h\u00f4tel<br \/>\ud83d\udd39 Visite de la vall\u00e9e de l'Amour et des \u00e9glises rupestres<br \/>\ud83d\udd39 Centre de tissage de tapis et caravans\u00e9rail<br \/>\ud83d\udd39 D\u00e9jeuner \u00e0 Konya<br \/>\ud83d\udd39 Retour aux h\u00f4tels de Belek<\/p>\n<h3><span style=\"color: #000000;\"><strong>\u2139\ufe0f Informations utiles<\/strong><\/span><\/h3>\n<p>Dur\u00e9e : environ 2 jours<br \/>\ud83d\udd39 Activit\u00e9 physique mod\u00e9r\u00e9e<br \/>\ud83d\udd39 Vol en montgolfi\u00e8re facultatif et d\u00e9pendant des conditions m\u00e9t\u00e9orologiques<br \/>\ud83d\udd39 H\u00e9bergement standard (suppl\u00e9ment pour chambre individuelle)<br \/>\ud83d\udd39 Les enfants de moins de 6 ans voyagent gratuitement mais partagent un si\u00e8ge s'ils ne r\u00e9servent pas s\u00e9par\u00e9ment.<\/p>\n<h2><span style=\"color: #000000;\"><strong>\ud83c\udf92 Ce qu'il faut apporter<\/strong><\/span><\/h2>\n<p>\ud83d\udd39 Passeport ou carte d'identit\u00e9<br \/>\ud83d\udd39 Chaussures de marche confortables<br \/>Lunettes de soleil, chapeau et cr\u00e8me solaire<br \/>\ud83d\udd39 Veste pour les matin\u00e9es ou soir\u00e9es fra\u00eeches<br \/>\ud83d\udd39 Appareil photo ou smartphone<br \/>\ud83d\udd39 Argent liquide pour les d\u00e9penses facultatives<\/p>\n<h3><span style=\"color: #000000;\"><strong>\ud83d\udeab Ne convient pas pour<\/strong><\/span><\/h3>\n<p>\ud83d\udd39 H\u00f4tes \u00e0 mobilit\u00e9 r\u00e9duite<br \/>\ud83d\udd39 Tr\u00e8s jeunes enfants<\/p>\n<h2 dir=\"ltr\">\ud83d\udcb8\u00a0<strong>Prix et r\u00e9servation<\/strong><\/h2>\n<p dir=\"ltr\"><strong>\ud83d\udd39 R\u00e9server maintenant, payer le jour de la visite<\/strong><br \/>\n\ud83d\udd39 Contactez-nous via WhatsApp, Telegram, Viber, ou remplissez le formulaire de r\u00e9servation ci-dessous. \ud83d\udc47\ud83c\udffc<\/p>\n<p>\u00c0 la recherche d'alternatives ? Parcourir <a href=\"https:\/\/excursionsworld.com\/fr\/excursions-a-belek\/\">Plus de visites de Belek en Cappadoce<\/a>.<\/p>","protected":false},"excerpt":{"rendered":"<p><b>Belek to Cappadocia 2-day trip<\/b>! D\u00e9couvrir <b>chemin\u00e9es de f\u00e9es<\/b>, <b>cave churches<\/b>, <b>villes souterraines<\/b>. <b>Excursion tout compris<\/b> avec <b>guide<\/b> &amp; <b>transfert<\/b>.<\/p>","protected":false},"featured_media":12798,"comment_status":"open","ping_status":"closed","template":"","meta":[],"product_brand":[],"product_cat":[126],"product_tag":[120],"class_list":{"0":"post-15369","1":"product","2":"type-product","3":"status-publish","4":"has-post-thumbnail","6":"tour_phys-belek-tours","7":"product_cat-belek-tours","8":"product_tag-belek","9":"pa_destination-belek-tours","11":"first","12":"instock","13":"sale","14":"shipping-taxable","15":"purchasable","16":"product-type-tour_phys"},"aioseo_notices":[],"_links":{"self":[{"href":"https:\/\/excursionsworld.com\/fr\/wp-json\/wp\/v2\/product\/15369","targetHints":{"allow":["GET"]}}],"collection":[{"href":"https:\/\/excursionsworld.com\/fr\/wp-json\/wp\/v2\/product"}],"about":[{"href":"https:\/\/excursionsworld.com\/fr\/wp-json\/wp\/v2\/types\/product"}],"replies":[{"embeddable":true,"href":"https:\/\/excursionsworld.com\/fr\/wp-json\/wp\/v2\/comments?post=15369"}],"wp:featuredmedia":[{"embeddable":true,"href":"https:\/\/excursionsworld.com\/fr\/wp-json\/wp\/v2\/media\/12798"}],"wp:attachment":[{"href":"https:\/\/excursionsworld.com\/fr\/wp-json\/wp\/v2\/media?parent=15369"}],"wp:term":[{"taxonomy":"product_brand","embeddable":true,"href":"https:\/\/excursionsworld.com\/fr\/wp-json\/wp\/v2\/product_brand?post=15369"},{"taxonomy":"product_cat","embeddable":true,"href":"https:\/\/excursionsworld.com\/fr\/wp-json\/wp\/v2\/product_cat?post=15369"},{"taxonomy":"product_tag","embeddable":true,"href":"https:\/\/excursionsworld.com\/fr\/wp-json\/wp\/v2\/product_tag?post=15369"}],"curies":[{"name":"wp","href":"https:\/\/api.w.org\/{rel}","templated":true}]}}