{"id":15370,"date":"2025-10-26T19:24:57","date_gmt":"2025-10-26T16:24:57","guid":{"rendered":"https:\/\/excursionsworld.com\/?post_type=product&#038;p=15370"},"modified":"2026-04-24T00:20:49","modified_gmt":"2026-04-23T21:20:49","slug":"pamukkale-salda-lac-belek","status":"publish","type":"product","link":"https:\/\/excursionsworld.com\/tours\/pamukkale-salda-lake-belek\/","title":{"rendered":"Excursion \u00e0 Pamukkale &amp; Lac Salda depuis Belek \u2013 Journ\u00e9e Compl\u00e8te"},"content":{"rendered":"<h2>\ud83c\udfdd\ufe0f <strong>Vue d'ensemble<\/strong><\/h2>\n<p>Rejoignez une excursion d'une journ\u00e9e compl\u00e8te au d\u00e9part de Belek pour explorer les merveilles naturelles de <a href=\"https:\/\/en.wikipedia.org\/wiki\/Pamukkale\" target=\"_blank\" rel=\"noopener\">Pamukkale<\/a> et le lac Salda turquoise ! Marchez sur les terrasses blanches de Pamukkale, d\u00e9couvrez les ruines antiques de Hi\u00e9rapolis et d\u00e9tendez-vous au bord des \u201c Maldives turques \u201d. Le circuit comprend le petit-d\u00e9jeuner, le d\u00e9jeuner, le d\u00eener et les transferts \u00e0 l'h\u00f4tel \u2014 une combinaison parfaite de nature, d'histoire et de confort.<\/p>\n<h3><strong>Inclus :<\/strong><\/h3>\n<p><strong><span style=\"color: #00ff00;\">\u2713<\/span> <\/strong>Prise en charge et retour \u00e0 l'h\u00f4tel\u00a0<br \/><strong><span style=\"color: #00ff00;\">\u2713<\/span> <\/strong>Bus climatis\u00e9<br \/><strong><span style=\"color: #00ff00;\">\u2713<\/span> <\/strong>Frais d'entr\u00e9e \u00e0 Pamukkale et Hierapolis<br \/><strong><span style=\"color: #00ff00;\">\u2713<\/span> <\/strong>Guide anglophone<br \/><strong><span style=\"color: #00ff00;\">\u2713<\/span> <\/strong>Assurance compl\u00e8te<br \/><strong><span style=\"color: #00ff00;\">\u2713<\/span> <\/strong>Petit-d\u00e9jeuner, d\u00e9jeuner et d\u00eener<\/p>\n<h3><strong>Non inclus :<\/strong><\/h3>\n<p><span style=\"color: #ff0000;\"><strong>\u2717<\/strong> <\/span>Entr\u00e9e de la piscine de Cl\u00e9op\u00e2tre<br \/><span style=\"color: #ff0000;\"><strong>\u2717<\/strong> <\/span>D\u00e9penses personnelles<br \/><span style=\"color: #ff0000;\"><strong>\u2717<\/strong> <\/span>Boissons<\/p>\n<h2>\ud83c\udf1f <strong>Points forts de la visite<\/strong><\/h2>\n<p>\ud83d\udd39 Marcher sur les travertins blancs de Pamukkale<br \/>\ud83d\udd39 Explorer la ville antique et le th\u00e9\u00e2tre de Hi\u00e9rapolis<br \/>\ud83d\udd39 Se d\u00e9tendre dans des piscines thermales naturelles<br \/>\ud83d\udd39 Visitez le lac Salda - les \u201cMaldives\u201d de la Turquie\u201d<br \/>\ud83d\udd39 D\u00e9guster des repas turcs traditionnels pendant le voyage<\/p>\n<h2>\ud83d\udcd6 <strong>Description compl\u00e8te<\/strong><\/h2>\n<p>Commencez votre aventure par une prise en charge matinale \u00e0 votre h\u00f4tel de Belek. Apr\u00e8s le petit-d\u00e9jeuner en cours de route, vous traverserez la campagne pittoresque en direction de Pamukkale, connue pour ses terrasses blanches et ses eaux curatives. Explorez Hierapolis, une ancienne ville thermale, o\u00f9 vous pourrez voir le th\u00e9\u00e2tre romain et le temple d'Apollon. Vous pouvez \u00e9galement vous baigner dans la piscine de Cl\u00e9op\u00e2tre (en option). Dans l'apr\u00e8s-midi, visite du c\u00e9l\u00e8bre lac Salda, admir\u00e9 pour sa couleur turquoise \u00e9clatante et ses rives d'un blanc doux. Prenez des photos inoubliables, d\u00e9tendez-vous dans la nature et d\u00eenez avant de rentrer confortablement \u00e0 votre h\u00f4tel \u00e0 Belek.<\/p>\n<h3>\ud83d\uddfa\ufe0f <strong>Itin\u00e9raire de la visite<\/strong><\/h3>\n<p>\ud83d\udd39 Prise en charge \u00e0 partir des h\u00f4tels de Belek<br \/>\ud83d\udd39 Petit d\u00e9jeuner en cours de route<br \/>\ud83d\udd39 Voyage \u00e0 Pamukkale<br \/>D\u00e9jeuner buffet<br \/>\ud83d\udd39 Visite des travertins de Pamukkale<br \/>Visite des ruines de Hierapolis<br \/>Temps libre pour la piscine de Cl\u00e9op\u00e2tre (facultatif)<br \/>\ud83d\udd39 Visite du lac Salda pour le tourisme et les photos<br \/>\ud83d\udd39 D\u00eener<br \/>\ud83d\udd39 Voyage de retour<br \/>Transfert de retour \u00e0 l'h\u00f4tel<\/p>\n<h3>\u2139\ufe0f <strong>Informations utiles<\/strong><\/h3>\n<p>Dur\u00e9e : environ 12 heures<br \/>\ud83d\udd39 L'itin\u00e9raire peut varier en fonction des conditions m\u00e9t\u00e9orologiques<br \/>\ud83d\udd39 Marche mod\u00e9r\u00e9e n\u00e9cessaire<br \/>\ud83d\udd39 Les enfants de moins de 5 ans voyagent gratuitement (si\u00e8ge partag\u00e9 si plein)<\/p>\n<h2>\ud83c\udf92 <strong>Ce qu'il faut apporter<\/strong><\/h2>\n<p>\ud83d\udd39 Pi\u00e8ce d'identit\u00e9 ou passeport<br \/>\ud83d\udd39 Chaussures confortables<br \/>Lunettes de soleil, chapeau et cr\u00e8me solaire<br \/>Maillot de bain et serviette de bain<br \/>\ud83d\udd39 Argent liquide pour les extras<\/p>\n<h3>\ud83d\udeab <strong>Ne convient pas<\/strong><\/h3>\n<p>\ud83d\udd39 Personnes \u00e0 mobilit\u00e9 r\u00e9duite<br \/>\ud83d\udd39 Conditions m\u00e9dicales graves<\/p>\n<h2 dir=\"ltr\">\ud83d\udcb8\u00a0<strong>Prix et r\u00e9servation<\/strong><\/h2>\n<p dir=\"ltr\"><strong>\ud83d\udd39 R\u00e9server maintenant, payer le jour de la visite<\/strong><br \/>\n\ud83d\udd39 Contactez-nous via WhatsApp, Telegram, Viber, ou remplissez le formulaire de r\u00e9servation ci-dessous. \ud83d\udc47\ud83c\udffc<\/p>\n<p>\u00c0 la recherche d'alternatives ? Parcourir <a href=\"https:\/\/excursionsworld.com\/fr\/excursions-a-belek\/\">Plus de visites de Belek \u00e0 Pamukkale<\/a>.<\/p>","protected":false},"excerpt":{"rendered":"<p>R\u00e9server le <b>Circuit Belek Pamukkale<\/b>! Visite des ruines de Hierapolis et du lac Salda. Toute la journ\u00e9e <b>voyage<\/b> avec des sources thermales, des repas et des <b>excursion<\/b>. <b>Transfert inclus<\/b>!<\/p>","protected":false},"featured_media":14072,"comment_status":"open","ping_status":"closed","template":"","meta":[],"product_brand":[],"product_cat":[126],"product_tag":[120],"class_list":{"0":"post-15370","1":"product","2":"type-product","3":"status-publish","4":"has-post-thumbnail","6":"tour_phys-belek-tours","7":"product_cat-belek-tours","8":"product_tag-belek","9":"pa_destination-belek-tours","11":"first","12":"instock","13":"sale","14":"shipping-taxable","15":"purchasable","16":"product-type-tour_phys"},"aioseo_notices":[],"_links":{"self":[{"href":"https:\/\/excursionsworld.com\/fr\/wp-json\/wp\/v2\/product\/15370","targetHints":{"allow":["GET"]}}],"collection":[{"href":"https:\/\/excursionsworld.com\/fr\/wp-json\/wp\/v2\/product"}],"about":[{"href":"https:\/\/excursionsworld.com\/fr\/wp-json\/wp\/v2\/types\/product"}],"replies":[{"embeddable":true,"href":"https:\/\/excursionsworld.com\/fr\/wp-json\/wp\/v2\/comments?post=15370"}],"wp:featuredmedia":[{"embeddable":true,"href":"https:\/\/excursionsworld.com\/fr\/wp-json\/wp\/v2\/media\/14072"}],"wp:attachment":[{"href":"https:\/\/excursionsworld.com\/fr\/wp-json\/wp\/v2\/media?parent=15370"}],"wp:term":[{"taxonomy":"product_brand","embeddable":true,"href":"https:\/\/excursionsworld.com\/fr\/wp-json\/wp\/v2\/product_brand?post=15370"},{"taxonomy":"product_cat","embeddable":true,"href":"https:\/\/excursionsworld.com\/fr\/wp-json\/wp\/v2\/product_cat?post=15370"},{"taxonomy":"product_tag","embeddable":true,"href":"https:\/\/excursionsworld.com\/fr\/wp-json\/wp\/v2\/product_tag?post=15370"}],"curies":[{"name":"wp","href":"https:\/\/api.w.org\/{rel}","templated":true}]}}