{"id":15371,"date":"2025-10-26T19:25:46","date_gmt":"2025-10-26T16:25:46","guid":{"rendered":"https:\/\/excursionsworld.com\/?post_type=product&#038;p=15371"},"modified":"2026-04-24T00:20:50","modified_gmt":"2026-04-23T21:20:50","slug":"pamukkale-montgolfiere-belek","status":"publish","type":"product","link":"https:\/\/excursionsworld.com\/tours\/pamukkale-hot-air-balloon-belek\/","title":{"rendered":"Excursion en Montgolfi\u00e8re \u00e0 Pamukkale depuis Belek \u2013 Journ\u00e9e Compl\u00e8te"},"content":{"rendered":"<h2>\ud83c\udfdd\ufe0f Vue d'ensemble<\/h2>\n<p>Vivez la magie de <a href=\"https:\/\/en.wikipedia.org\/wiki\/Pamukkale\" target=\"_blank\" rel=\"noopener\">Pamukkale<\/a> avec un vol en montgolfi\u00e8re au lever du soleil depuis Belek. Des transferts pratiques depuis les h\u00f4tels sont disponibles depuis Belek, Kadriye, Bo\u011fazkent, Kundu et les environs. Apr\u00e8s le vol, profitez d'une visite guid\u00e9e de Pamukkale et de la cit\u00e9 antique de Hi\u00e9rapolis, suivie d'un d\u00e9licieux d\u00e9jeuner.<\/p>\n<h3 dir=\"ltr\"><span style=\"color: #000000;\"><strong>Inclus :<\/strong><\/span><\/h3>\n<p dir=\"ltr\"><strong><span style=\"color: #00ff00;\">\u2713<\/span><\/strong> Prise en charge et retour \u00e0 l'h\u00f4tel<br \/>\n<strong><span style=\"color: #00ff00;\">\u2713 <\/span><\/strong>Bus climatis\u00e9<br \/>\n<strong><span style=\"color: #00ff00;\">\u2713 <\/span><\/strong>Vol en montgolfi\u00e8re<br \/>\n<strong><span style=\"color: #00ff00;\">\u2713 <\/span><\/strong><span style=\"color: #00ff00;\"><span style=\"color: #000000;\">Anglais<\/span><\/span>-Guide historien parlant<br \/>\n<strong><span style=\"color: #00ff00;\">\u2713 <\/span><\/strong>D\u00e9jeuner<br \/>\n<strong><span style=\"color: #00ff00;\">\u2713 <\/span><\/strong>Pilote professionnel<br \/>\n<strong><span style=\"color: #00ff00;\">\u2713 <\/span><\/strong>Certificat de vol<br \/>\n<strong><span style=\"color: #00ff00;\">\u2713 <\/span><\/strong>Assurance compl\u00e8te<\/p>\n<h3 dir=\"ltr\"><span style=\"color: #000000;\"><strong>Exclus :<\/strong><\/span><\/h3>\n<div dir=\"ltr\"><span style=\"color: #ff0000;\"><strong>\u2717 <\/strong><\/span>Frais d'entr\u00e9e \u00e0 Pamukkale et Hierapolis (40 \u20ac)<\/div>\n<div dir=\"ltr\"><span style=\"color: #ff0000;\"><strong>\u2717<\/strong><\/span> Entr\u00e9e de la piscine de Cl\u00e9op\u00e2tre<br \/>\n<span style=\"color: #ff0000;\"><strong>\u2717<\/strong><\/span> Boissons<\/div>\n<h2>\ud83c\udf1f Points Forts du Tour en Montgolfi\u00e8re \u00e0 Pamukkale<\/h2>\n<p>\ud83d\udd39 Montgolfi\u00e8re au lever du soleil au-dessus des terrasses blanches de Pamukkale<br \/>\ud83d\udd39 Des vues panoramiques \u00e9poustouflantes et des occasions uniques de prendre des photos<br \/>Champagne et certificat de vol \u00e0 l'atterrissage<br \/>\ud83d\udd39 Visite guid\u00e9e de Hierapolis, y compris le th\u00e9\u00e2tre romain et les tombes<br \/>Baignade facultative dans la piscine de Cl\u00e9op\u00e2tre (en suppl\u00e9ment)<\/p>\n<h2>\ud83d\udcd6 Description compl\u00e8te : Votre exp\u00e9rience de vol en montgolfi\u00e8re \u00e0 Pamukkale<\/h2>\n<p>La journ\u00e9e commence par une prise en charge matinale \u00e0 l'h\u00f4tel \u00e0 Belek, suivie d'un trajet confortable de 3,5 heures en voiture jusqu'\u00e0 Pamukkale. Embarquez pour un vol en montgolfi\u00e8re au lever du soleil au-dessus des terrasses blanches et des ruines antiques de Pamukkale. Prenez des photos inoubliables et d\u00e9gustez une coupe de champagne \u00e0 l'atterrissage, accompagn\u00e9e de votre certificat de vol. Ensuite, explorez l'ancienne ville de Hierapolis avec votre guide professionnel, en visitant le th\u00e9\u00e2tre romain, les thermes et d'autres sites historiques. Les clients qui le souhaitent peuvent se baigner dans la piscine de Cl\u00e9op\u00e2tre moyennant un suppl\u00e9ment. L'excursion se termine par un d\u00e9licieux d\u00e9jeuner avant le retour \u00e0 l'h\u00f4tel \u00e0 Belek.<\/p>\n<h3>\ud83d\uddfa\ufe0f Itin\u00e9raire de la visite<\/h3>\n<p>\ud83d\udd39 Prise en charge matinale \u00e0 l'h\u00f4tel \u00e0 Belek<br \/>\ud83d\udd39 Transfert \u00e0 Pamukkale<br \/>\ud83d\udd39 Vol en montgolfi\u00e8re au lever du soleil<br \/>Champagne et certificat de vol<br \/>\ud83d\udd39 Visite guid\u00e9e de Pamukkale et Hierapolis<br \/>Baignade facultative dans la piscine de Cl\u00e9op\u00e2tre<br \/>\ud83d\udd39 D\u00e9jeuner<br \/>\ud83d\udd39 Transfert retour \u00e0 l'h\u00f4tel<\/p>\n<h3>\u2139\ufe0f Informations utiles<\/h3>\n<p>Dur\u00e9e : environ 12 heures<br \/>Les vols en montgolfi\u00e8re peuvent \u00eatre annul\u00e9s en raison des conditions m\u00e9t\u00e9orologiques (remboursement int\u00e9gral de la partie vol).<br \/>\ud83d\udd39 Brefs arr\u00eats pr\u00e9vus en cours de route<br \/>\ud83d\udd39 Les enfants de moins de 5 ans voyagent gratuitement mais n'ont pas de si\u00e8ge s\u00e9par\u00e9 ; si le bus est plein, ils s'assoient sur les genoux d'un adulte ou un si\u00e8ge s\u00e9par\u00e9 peut \u00eatre r\u00e9serv\u00e9.<\/p>\n<h2>\ud83c\udf92 Ce qu'il faut apporter<\/h2>\n<p>\ud83d\udd39 Lunettes de soleil<br \/>\ud83d\udd39 Chapeau ou casquette<br \/>Maillot de bain et serviette de bain<br \/>\ud83d\udd39 V\u00eatements et chaussures de sport confortables<br \/>\ud83d\udd39 Argent liquide pour les d\u00e9penses personnelles<\/p>\n<h3>\ud83d\udeab Ne convient pas pour<\/h3>\n<p>\ud83d\udd39 Enfants de moins de 7 ans<br \/>\ud83d\udd39 Femmes enceintes<\/p>\n<h2 dir=\"ltr\">\ud83d\udcb8\u00a0<strong>Prix et r\u00e9servation<\/strong><\/h2>\n<p dir=\"ltr\"><strong>\ud83d\udd39 R\u00e9server maintenant, payer le jour de la visite<\/strong><br \/>\n\ud83d\udd39 Contactez-nous via WhatsApp, Telegram, Viber, ou remplissez le formulaire de r\u00e9servation ci-dessous. \ud83d\udc47\ud83c\udffc<\/p>\n<p>\u00c0 la recherche d'alternatives ? Parcourir <a href=\"https:\/\/excursionsworld.com\/fr\/excursions-a-belek\/\">Plus de visites de Belek \u00e0 Pamukkale<\/a>.<\/p>","protected":false},"excerpt":{"rendered":"<p><b>Excursion d'une journ\u00e9e de Belek \u00e0 Pamukkale<\/b>! R\u00e9servez votre <b>vol en montgolfi\u00e8re<\/b> &amp; <b>Visite de Hierapolis<\/b>. <b>Excursion tout compris<\/b> avec <b>guide<\/b> et sans faille <b>transfert<\/b>.<\/p>","protected":false},"featured_media":12607,"comment_status":"open","ping_status":"closed","template":"","meta":[],"product_brand":[],"product_cat":[126],"product_tag":[120],"class_list":{"0":"post-15371","1":"product","2":"type-product","3":"status-publish","4":"has-post-thumbnail","6":"tour_phys-belek-tours","7":"product_cat-belek-tours","8":"product_tag-belek","9":"pa_destination-belek-tours","11":"first","12":"instock","13":"sale","14":"shipping-taxable","15":"purchasable","16":"product-type-tour_phys"},"aioseo_notices":[],"_links":{"self":[{"href":"https:\/\/excursionsworld.com\/fr\/wp-json\/wp\/v2\/product\/15371","targetHints":{"allow":["GET"]}}],"collection":[{"href":"https:\/\/excursionsworld.com\/fr\/wp-json\/wp\/v2\/product"}],"about":[{"href":"https:\/\/excursionsworld.com\/fr\/wp-json\/wp\/v2\/types\/product"}],"replies":[{"embeddable":true,"href":"https:\/\/excursionsworld.com\/fr\/wp-json\/wp\/v2\/comments?post=15371"}],"wp:featuredmedia":[{"embeddable":true,"href":"https:\/\/excursionsworld.com\/fr\/wp-json\/wp\/v2\/media\/12607"}],"wp:attachment":[{"href":"https:\/\/excursionsworld.com\/fr\/wp-json\/wp\/v2\/media?parent=15371"}],"wp:term":[{"taxonomy":"product_brand","embeddable":true,"href":"https:\/\/excursionsworld.com\/fr\/wp-json\/wp\/v2\/product_brand?post=15371"},{"taxonomy":"product_cat","embeddable":true,"href":"https:\/\/excursionsworld.com\/fr\/wp-json\/wp\/v2\/product_cat?post=15371"},{"taxonomy":"product_tag","embeddable":true,"href":"https:\/\/excursionsworld.com\/fr\/wp-json\/wp\/v2\/product_tag?post=15371"}],"curies":[{"name":"wp","href":"https:\/\/api.w.org\/{rel}","templated":true}]}}