{"id":15372,"date":"2025-10-26T19:26:45","date_gmt":"2025-10-26T16:26:45","guid":{"rendered":"https:\/\/excursionsworld.com\/?post_type=product&#038;p=15372"},"modified":"2025-12-09T18:48:58","modified_gmt":"2025-12-09T15:48:58","slug":"demre-myra-kekova-belek","status":"publish","type":"product","link":"https:\/\/excursionsworld.com\/tours\/demre-myra-kekova-belek\/","title":{"rendered":"Excursion \u00e0 Demre, Myra &amp; Kekova depuis Belek \u2013 \u00c9glise Saint-Nicolas"},"content":{"rendered":"<h3 data-start=\"0\" data-end=\"19\"><span style=\"color: #000000;\"><strong>\ud83c\udfdd\ufe0f Vue d'ensemble<\/strong><\/span><\/h3>\n<p data-start=\"20\" data-end=\"364\">D\u00e9couvrez les merveilles antiques de la Lycie lors d'une excursion d'une journ\u00e9e au d\u00e9part de Belek ! Naviguez sur la ville engloutie de Kekova \u00e0 bord d'un yacht \u00e0 fond de verre, visitez les anciens tombeaux rupestres de Myra et explorez l'\u00e9glise Saint-Nicolas de Demre - la source d'inspiration du P\u00e8re No\u00ebl. Ce circuit combine parfaitement l'histoire, la culture et la beaut\u00e9 des paysages de la c\u00f4te m\u00e9diterran\u00e9enne.<\/p>\n<h3 data-start=\"366\" data-end=\"383\"><span style=\"color: #000000;\"><strong>\u00a0Inclus :<\/strong><\/span><\/h3>\n<p data-start=\"384\" data-end=\"586\"><span style=\"color: #00ff00;\"><strong>\u2713<\/strong> <\/span>Prise en charge et retour \u00e0 l'h\u00f4tel (r\u00e9gion de Belek)<br data-start=\"426\" data-end=\"429\" \/><span style=\"color: #00ff00;\"><strong>\u2713<\/strong> <\/span>Bus confortable et climatis\u00e9<br data-start=\"462\" data-end=\"465\" \/><span style=\"color: #00ff00;\"><strong>\u2713<\/strong> <\/span>Excursion en yacht \u00e0 fond de verre<br data-start=\"490\" data-end=\"493\" \/><span style=\"color: #00ff00;\"><strong>\u2713<\/strong> <\/span>Frais d'entr\u00e9e \u00e0 Myra<br data-start=\"516\" data-end=\"519\" \/><span style=\"color: #00ff00;\"><strong>\u2713<\/strong> <\/span>Guide professionnel anglophone<br data-start=\"539\" data-end=\"542\" \/><span style=\"color: #00ff00;\"><strong>\u2713<\/strong> <\/span>Assurance compl\u00e8te<br data-start=\"558\" data-end=\"561\" \/><span style=\"color: #00ff00;\"><strong>\u2713<\/strong> <\/span>D\u00e9jeuner local d\u00e9licieux<\/p>\n<h3 data-start=\"588\" data-end=\"609\">\u00a0<span style=\"color: #000000;\"><strong>Non inclus :<\/strong><\/span><\/h3>\n<p data-start=\"610\" data-end=\"708\"><span style=\"color: #ff0000;\"><strong>\u2717<\/strong> <\/span>Entr\u00e9e de l'\u00e9glise Saint-Nicolas (facultatif)<br data-start=\"651\" data-end=\"654\" \/><span style=\"color: #ff0000;\"><strong>\u2717<\/strong> <\/span>D\u00e9penses personnelles<br data-start=\"673\" data-end=\"676\" \/><span style=\"color: #ff0000;\"><strong>\u2717<\/strong> <\/span>Boissons<\/p>\n<h3 data-start=\"710\" data-end=\"735\"><span style=\"color: #000000;\"><strong>\ud83c\udf1f Points forts de la visite<\/strong><\/span><\/h3>\n<p data-start=\"736\" data-end=\"1065\">\ud83d\udd39 Croisi\u00e8re sur la cit\u00e9 engloutie de Kekova \u00e0 bord d'un yacht \u00e0 fond de verre<br data-start=\"800\" data-end=\"803\" \/>\ud83d\udd39 Explorer les tombes rupestres et le th\u00e9\u00e2tre romain de Myra<br data-start=\"862\" data-end=\"865\" \/>\ud83d\udd39 Visite de l'\u00e9glise Saint-Nicolas \u00e0 Demre, li\u00e9e au P\u00e8re No\u00ebl<br data-start=\"925\" data-end=\"928\" \/>\ud83d\udd39 Nager dans les eaux turquoises de la M\u00e9diterran\u00e9e pr\u00e8s de Kekova<br data-start=\"981\" data-end=\"984\" \/>\ud83d\udd39 Vue imprenable sur le ch\u00e2teau de Simena<br data-start=\"1018\" data-end=\"1021\" \/>\ud83d\udd39 Transferts confortables depuis les h\u00f4tels de Belek<\/p>\n<h3 data-start=\"1067\" data-end=\"1093\"><span style=\"color: #000000;\"><strong>\ud83d\udcd6 Description compl\u00e8te<\/strong><\/span><\/h3>\n<p data-start=\"1094\" data-end=\"1260\">Votre voyage commence par une prise en charge confortable le matin depuis votre h\u00f4tel \u00e0 Belek. Profitez d'un trajet pittoresque le long de la c\u00f4te m\u00e9diterran\u00e9enne jusqu'\u00e0 l'ancienne r\u00e9gion lycienne. La premi\u00e8re \u00e9tape est <strong data-start=\"1280\" data-end=\"1288\">Myra<\/strong>, La ville est connue pour ses impressionnantes tombes taill\u00e9es dans le roc et son th\u00e9\u00e2tre romain bien pr\u00e9serv\u00e9. Ensuite, visite de <strong data-start=\"1376\" data-end=\"1399\">\u00c9glise Saint-Nicolas<\/strong> \u00e0 Demre, d\u00e9di\u00e9 \u00e0 la figure r\u00e9elle qui a inspir\u00e9 le P\u00e8re No\u00ebl. Ensuite, vous pourrez profiter d'un <strong data-start=\"1489\" data-end=\"1512\">d\u00e9jeuner local turc<\/strong> avant de se rendre \u00e0 <strong data-start=\"1531\" data-end=\"1547\">Port de \u00c7aya\u011fz\u0131<\/strong>, o\u00f9 vous embarquerez \u00e0 bord d'un <strong data-start=\"1570\" data-end=\"1592\">yacht \u00e0 fond de verre<\/strong> pour une croisi\u00e8re relaxante vers <strong data-start=\"1618\" data-end=\"1635\">\u00cele de Kekova<\/strong>. Admirez la <strong data-start=\"1651\" data-end=\"1672\">ruines de la ville engloutie<\/strong> visibles sous les eaux cristallines, nagez pr\u00e8s de l'eau de mer. <strong data-start=\"1725\" data-end=\"1742\">Ch\u00e2teau de Simena<\/strong>, Vous pourrez ainsi profiter de la vue imprenable sur la c\u00f4te. Apr\u00e8s la croisi\u00e8re, d\u00e9tendez-vous pendant le trajet de retour vers votre h\u00f4tel \u00e0 Belek, rempli de souvenirs d'histoire et de beaut\u00e9.<\/p>\n<h3 data-start=\"1898\" data-end=\"1923\"><span style=\"color: #000000;\"><strong>\ud83d\uddfa\ufe0f Itin\u00e9raire de la visite<\/strong><\/span><\/h3>\n<p data-start=\"1924\" data-end=\"2232\">\ud83d\udd39 Prise en charge dans les h\u00f4tels de la r\u00e9gion de Belek<br data-start=\"1961\" data-end=\"1964\" \/>\ud83d\udd39 Visite des tombes rupestres de Myra et du th\u00e9\u00e2tre romain<br data-start=\"2011\" data-end=\"2014\" \/>Visite de l'\u00e9glise Saint-Nicolas \u00e0 Demre (entr\u00e9e facultative)<br data-start=\"2073\" data-end=\"2076\" \/>D\u00e9jeuner dans un restaurant local<br data-start=\"2106\" data-end=\"2109\" \/>\ud83d\udd39 Croisi\u00e8re en yacht \u00e0 fond de verre du port de \u00c7aya\u011fz\u0131 \u00e0 Kekova<br data-start=\"2165\" data-end=\"2168\" \/>Arr\u00eat baignade et visites touristiques<br data-start=\"2200\" data-end=\"2203\" \/>\ud83d\udd39 Transfert retour \u00e0 l'h\u00f4tel<\/p>\n<h3 data-start=\"2234\" data-end=\"2262\"><span style=\"color: #000000;\"><strong>\u2139\ufe0f Informations utiles<\/strong><\/span><\/h3>\n<p data-start=\"2263\" data-end=\"2428\">Dur\u00e9e : environ 9-10 heures<br data-start=\"2300\" data-end=\"2303\" \/>\ud83d\udd39 L'itin\u00e9raire peut varier en fonction des conditions m\u00e9t\u00e9orologiques ou maritimes.<br data-start=\"2357\" data-end=\"2360\" \/>\ud83d\udd39 Les enfants de moins de 6 ans voyagent gratuitement mais partagent les si\u00e8ges si le bus est plein.<\/p>\n<h3 data-start=\"2430\" data-end=\"2453\"><span style=\"color: #000000;\"><strong>\ud83c\udf92 Ce qu'il faut apporter<\/strong><\/span><\/h3>\n<p data-start=\"2454\" data-end=\"2562\">\ud83d\udd39 Chaussures confortables<br data-start=\"2474\" data-end=\"2477\" \/>Lunettes de soleil et cr\u00e8me solaire<br data-start=\"2504\" data-end=\"2507\" \/>Maillot de bain et serviette de bain<br data-start=\"2528\" data-end=\"2531\" \/>\ud83d\udd39 Argent liquide pour les d\u00e9penses personnelles<\/p>\n<h3 data-start=\"2564\" data-end=\"2590\"><span style=\"color: #000000;\"><strong>\ud83d\udeab Ne convient pas pour<\/strong><\/span><\/h3>\n<p data-start=\"2591\" data-end=\"2671\">\ud83d\udd39 Personnes \u00e0 mobilit\u00e9 r\u00e9duite<br data-start=\"2622\" data-end=\"2625\" \/>\ud83d\udd39 Voyageurs souffrant de troubles m\u00e9dicaux graves<\/p>\n<h3 dir=\"ltr\">\ud83d\udcb8\u00a0<strong>Prix et r\u00e9servation<\/strong><\/h3>\n<p dir=\"ltr\"><strong>\ud83d\udd39 R\u00e9server maintenant, payer le jour de la visite<\/strong><br \/>\n\ud83d\udd39 Contactez-nous via WhatsApp, Telegram, Viber, ou remplissez le formulaire de r\u00e9servation ci-dessous. \ud83d\udc47\ud83c\udffc<\/p>","protected":false},"excerpt":{"rendered":"<p>Livre l'histoire ultime <b>excursion<\/b> de <b>Antalya<\/b>! Inoubliable <b>excursion d'une journ\u00e9e<\/b> les tombes rupestres de Myra, l'\u00e9glise Saint-Nicolas et la ville engloutie de Kekova <b>excursion en bateau<\/b>.<\/p>","protected":false},"featured_media":12563,"comment_status":"open","ping_status":"closed","template":"","meta":[],"product_brand":[],"product_cat":[126],"product_tag":[120],"class_list":{"0":"post-15372","1":"product","2":"type-product","3":"status-publish","4":"has-post-thumbnail","6":"tour_phys-belek-tours","7":"product_cat-belek-tours","8":"product_tag-belek","9":"pa_destination-belek-tours","11":"first","12":"instock","13":"sale","14":"shipping-taxable","15":"purchasable","16":"product-type-tour_phys"},"aioseo_notices":[],"_links":{"self":[{"href":"https:\/\/excursionsworld.com\/fr\/wp-json\/wp\/v2\/product\/15372","targetHints":{"allow":["GET"]}}],"collection":[{"href":"https:\/\/excursionsworld.com\/fr\/wp-json\/wp\/v2\/product"}],"about":[{"href":"https:\/\/excursionsworld.com\/fr\/wp-json\/wp\/v2\/types\/product"}],"replies":[{"embeddable":true,"href":"https:\/\/excursionsworld.com\/fr\/wp-json\/wp\/v2\/comments?post=15372"}],"wp:featuredmedia":[{"embeddable":true,"href":"https:\/\/excursionsworld.com\/fr\/wp-json\/wp\/v2\/media\/12563"}],"wp:attachment":[{"href":"https:\/\/excursionsworld.com\/fr\/wp-json\/wp\/v2\/media?parent=15372"}],"wp:term":[{"taxonomy":"product_brand","embeddable":true,"href":"https:\/\/excursionsworld.com\/fr\/wp-json\/wp\/v2\/product_brand?post=15372"},{"taxonomy":"product_cat","embeddable":true,"href":"https:\/\/excursionsworld.com\/fr\/wp-json\/wp\/v2\/product_cat?post=15372"},{"taxonomy":"product_tag","embeddable":true,"href":"https:\/\/excursionsworld.com\/fr\/wp-json\/wp\/v2\/product_tag?post=15372"}],"curies":[{"name":"wp","href":"https:\/\/api.w.org\/{rel}","templated":true}]}}