{"id":15375,"date":"2025-10-26T19:30:16","date_gmt":"2025-10-26T16:30:16","guid":{"rendered":"https:\/\/excursionsworld.com\/?post_type=product&#038;p=15375"},"modified":"2026-04-23T05:59:36","modified_gmt":"2026-04-23T02:59:36","slug":"parapente-tandem-side","status":"publish","type":"product","link":"https:\/\/excursionsworld.com\/tours\/side-paragliding-tandem-flight\/","title":{"rendered":"Parapente \u00e0 Side \u2013 Vol en Tandem Plage Cl\u00e9op\u00e2tre &amp; Vue Mer"},"content":{"rendered":"<h2>\ud83c\udfdd\ufe0f Vue d'ensemble<\/h2>\n<p>Vivez le frisson du parapente en tandem au-dessus de <a href=\"https:\/\/en.wikipedia.org\/wiki\/Side,_Turkey\" target=\"_blank\" rel=\"noopener\">Side<\/a>\u2019sa magnifique c\u00f4te ! D\u00e9collez de la colline Yass\u0131 Tepe (\u2248700 m) et planez avec des vues panoramiques sur la M\u00e9diterran\u00e9e, des ruines antiques et des plages de sable. Aucune exp\u00e9rience n\u00e9cessaire \u2013 les pilotes licenci\u00e9s s'occupent de tout pendant que vous profitez d'un vol de 15 \u00e0 20 minutes.<\/p>\n<h3>\u00a0Inclus :<\/h3>\n<p><span style=\"color: #00ff00;\"><strong>\u2713<\/strong> <\/span>Prise en charge et retour \u00e0 l'h\u00f4tel\u00a0<br \/><span style=\"color: #00ff00;\"><strong>\u2713<\/strong> <\/span>Pilote professionnel licenci\u00e9\u00a0<br \/><span style=\"color: #00ff00;\"><strong>\u2713<\/strong> <\/span>Couverture d'assurance compl\u00e8te<br \/><span style=\"color: #00ff00;\"><strong>\u2713<\/strong> <\/span>Tous les \u00e9quipements de vol et de s\u00e9curit\u00e9<br \/><span style=\"color: #00ff00;\"><strong>\u2713<\/strong> <\/span>Transfert en 4\u00d74 jusqu'au point de d\u00e9part<br \/><span style=\"color: #00ff00;\"><strong>\u2713<\/strong> <\/span>Droit d'entr\u00e9e dans l'aire de d\u00e9collage<\/p>\n<h3>\u00a0Non inclus :<\/h3>\n<p><span style=\"color: #ff0000;\"><strong>\u2717<\/strong><\/span> D\u00e9penses personnelles (boissons, photos, souvenirs)<br \/><span style=\"color: #ff0000;\"><strong>\u2717<\/strong><\/span> Photos et vid\u00e9os professionnelles (disponibles \u00e0 l'achat)<br \/><span style=\"color: #ff0000;\"><strong>\u2717<\/strong><\/span> Pilote f\u00e9minin sur demande (suppl\u00e9ment de 15 \u20ac)<\/p>\n<h2>\ud83c\udf1f Points forts du paragliding de ce c\u00f4t\u00e9 : Vol en tandem au-dessus de<\/h2>\n<p>\ud83d\udd39 Parapente en tandem au-dessus du littoral de Side<br \/>\ud83d\udd39 Vues a\u00e9riennes \u00e9poustouflantes de ruines anciennes et de plages<br \/>\ud83d\udd39 D\u00e9collage en douceur depuis la colline de Yass\u0131 Tepe (~700 m)<br \/>\ud83d\udd39 Atterrissage en toute s\u00e9curit\u00e9 avec un pilote professionnel<br \/>\ud83d\udd39 Convient aux d\u00e9butants - aucune exp\u00e9rience pr\u00e9alable n'est requise<\/p>\n<h2>\ud83d\udcd6 Description Compl\u00e8te : Parapente Biplace : Vol Exp\u00e9rience en Tandem<\/h2>\n<p>Commencez par une prise en charge \u00e0 l'h\u00f4tel et un trajet pittoresque en 4\u00d74 jusqu'au point de d\u00e9collage sur les contreforts du Taurus. Apr\u00e8s un bref briefing sur la s\u00e9curit\u00e9, vous d\u00e9collerez avec votre pilote agr\u00e9\u00e9 et profiterez de 15 \u00e0 20 minutes d'envol au-dessus de la c\u00f4te et des ruines de Side. Atterrissez en douceur sur\/\u00e0 proximit\u00e9 de la plage, regardez les photos ou vid\u00e9os optionnelles, puis retournez \u00e0 votre h\u00f4tel avec des souvenirs inoubliables.<\/p>\n<h3>\ud83d\uddfa\ufe0f Itin\u00e9raire de la visite<\/h3>\n<p>\ud83d\udd39 Prise en charge \u00e0 partir des h\u00f4tels de Side et des environs<br \/>\ud83d\udd39 Arriv\u00e9e \u00e0 la station de parapente<br \/>\ud83d\udd39 Transfert en jeep 4\u00d74 vers la colline de Yass\u0131 Tepe (\u2248700 m).<br \/>\ud83d\udd39 Briefing sur la s\u00e9curit\u00e9 et v\u00e9rification de l'\u00e9quipement<br \/>\ud83d\udd39 Vol en tandem (15-20 minutes)<br \/>\ud83d\udd39 Atterrissage pr\u00e8s de la plage de Side<br \/>\ud83d\udd39 Transfert retour \u00e0 l'h\u00f4tel<\/p>\n<h3>\u2139\ufe0f Informations utiles<\/h3>\n<p>\ud83d\udd39 Dur\u00e9e : environ 2 \u00e0 3 heures (transferts compris)<br \/>Temps de vol : 15-20 minutes (en fonction des conditions m\u00e9t\u00e9orologiques)<br \/>\ud83d\udd39 Disponible tous les jours de 09:00 \u00e0 17:00 (sous r\u00e9serve de conditions)<br \/>\ud83d\udd39 Fonctionne toute l'ann\u00e9e lorsque le temps le permet<br \/>\ud83d\udd39 Recommand\u00e9 : v\u00eatements confortables et chaussures de sport<br \/>\ud83d\udd39 Apportez : des lunettes de soleil, de l'eau et une veste l\u00e9g\u00e8re s'il y a du vent.<\/p>\n<h2>\ud83c\udf92 Ce qu'il faut apporter<\/h2>\n<p>\ud83d\udd39 V\u00eatements confortables (shorts\/pantalons)<br \/>\ud83d\udd39 Chaussures de sport ou de course<br \/>\ud83d\udd39 Lunettes de soleil<br \/>\ud83d\udd39 Argent liquide pour les photos facultatives ou les d\u00e9penses personnelles<\/p>\n<h3>\ud83d\udeab Ne convient pas pour<\/h3>\n<p>\ud83d\udd39 Invit\u00e9s sous l'influence de l'alcool ou de drogues<br \/>\ud83d\udd39 Les personnes souffrant de graves probl\u00e8mes cardiaques, de colonne vert\u00e9brale ou de mobilit\u00e9<\/p>\n<h2 dir=\"ltr\">\ud83d\udcb8\u00a0<strong>Prix et r\u00e9servation<\/strong><\/h2>\n<p dir=\"ltr\"><strong>\ud83d\udd39 R\u00e9server maintenant, payer le jour de la visite<\/strong><br \/>\n\ud83d\udd39 Contactez-nous via WhatsApp, Telegram, Viber, ou remplissez le formulaire de r\u00e9servation ci-dessous. \ud83d\udc47\ud83c\udffc<\/p>\n<p>\u00c0 la recherche d'alternatives ? Parcourir <a href=\"https:\/\/excursionsworld.com\/fr\/urun-kategori\/excursions-a-side\/\">plus d'excursions<\/a>.<\/p>","protected":false},"excerpt":{"rendered":"<p><b>Vol biplace en parapente lat\u00e9ral<\/b>! S'envoler de 700 m pour un <b>mont\u00e9e d'adr\u00e9naline<\/b> et <b>une vue imprenable<\/b>. <b>Transfert<\/b> du c\u00f4t\u00e9 inclus. <b>Aucune exp\u00e9rience n'est n\u00e9cessaire !<\/b><\/p>","protected":false},"featured_media":15142,"comment_status":"open","ping_status":"closed","template":"","meta":[],"product_brand":[],"product_cat":[127],"product_tag":[122],"class_list":{"0":"post-15375","1":"product","2":"type-product","3":"status-publish","4":"has-post-thumbnail","6":"tour_phys-side-tours","7":"product_cat-side-tours","8":"product_tag-side","9":"pa_destination-side-tours","11":"first","12":"instock","13":"sale","14":"shipping-taxable","15":"purchasable","16":"product-type-tour_phys"},"aioseo_notices":[],"_links":{"self":[{"href":"https:\/\/excursionsworld.com\/fr\/wp-json\/wp\/v2\/product\/15375","targetHints":{"allow":["GET"]}}],"collection":[{"href":"https:\/\/excursionsworld.com\/fr\/wp-json\/wp\/v2\/product"}],"about":[{"href":"https:\/\/excursionsworld.com\/fr\/wp-json\/wp\/v2\/types\/product"}],"replies":[{"embeddable":true,"href":"https:\/\/excursionsworld.com\/fr\/wp-json\/wp\/v2\/comments?post=15375"}],"wp:featuredmedia":[{"embeddable":true,"href":"https:\/\/excursionsworld.com\/fr\/wp-json\/wp\/v2\/media\/15142"}],"wp:attachment":[{"href":"https:\/\/excursionsworld.com\/fr\/wp-json\/wp\/v2\/media?parent=15375"}],"wp:term":[{"taxonomy":"product_brand","embeddable":true,"href":"https:\/\/excursionsworld.com\/fr\/wp-json\/wp\/v2\/product_brand?post=15375"},{"taxonomy":"product_cat","embeddable":true,"href":"https:\/\/excursionsworld.com\/fr\/wp-json\/wp\/v2\/product_cat?post=15375"},{"taxonomy":"product_tag","embeddable":true,"href":"https:\/\/excursionsworld.com\/fr\/wp-json\/wp\/v2\/product_tag?post=15375"}],"curies":[{"name":"wp","href":"https:\/\/api.w.org\/{rel}","templated":true}]}}