{"id":15377,"date":"2025-10-26T19:32:36","date_gmt":"2025-10-26T16:32:36","guid":{"rendered":"https:\/\/excursionsworld.com\/?post_type=product&#038;p=15377"},"modified":"2026-04-24T00:20:51","modified_gmt":"2026-04-23T21:20:51","slug":"spectacle-dauphins-bain-side","status":"publish","type":"product","link":"https:\/\/excursionsworld.com\/tours\/dolphin-show-swim-side\/","title":{"rendered":"Spectacle de Dauphins &amp; Nage avec Dauphins \u00e0 Side"},"content":{"rendered":"<h2>\ud83c\udfdd\ufe0f <strong>Vue d'ensemble<\/strong><\/h2>\n<p>Profitez d'une journ\u00e9e de divertissement au spectacle des dauphins \u00e0 <a href=\"https:\/\/en.wikipedia.org\/wiki\/Side,_Turkey\" target=\"_blank\" rel=\"noopener\">Side<\/a>! Assistez \u00e0 un spectacle spectaculaire de dauphins et d'otaries, et rendez-le encore plus sp\u00e9cial avec une nage optionnelle avec les dauphins. Parfait pour les familles, les couples et les amoureux de la nature \u2013 comprend les transferts d'h\u00f4tel depuis les r\u00e9gions de Side, Kumk\u00f6y, Titreyeng\u00f6l et Evrenseki.<\/p>\n<h3><strong>Inclus :<\/strong><\/h3>\n<p><span style=\"color: #00ff00;\"><strong>\u2713<\/strong><\/span> Prise en charge et retour \u00e0 l'h\u00f4tel f<br \/><span style=\"color: #00ff00;\"><strong>\u2713 <\/strong><\/span>Entr\u00e9e au spectacle des dauphins et des otaries\u00a0<br \/><span style=\"color: #00ff00;\"><strong>\u2713 <\/strong><\/span>Formateurs professionnels et assistance au personnel<br \/><span style=\"color: #00ff00;\"><strong>\u2713 <\/strong><\/span>Couverture d'assurance compl\u00e8te<br \/><span style=\"color: #00ff00;\"><strong>\u2713 <\/strong><\/span>Nage facultative avec les dauphins<\/p>\n<h3><strong>Non inclus :<\/strong><\/h3>\n<div><strong><span style=\"color: #ff0000;\">\u2717 <\/span><\/strong>Nage facultative avec les dauphins<\/div>\n<div><strong><span style=\"color: #ff0000;\">\u2717<\/span><\/strong> D\u00e9penses personnelles, nourriture et boissons<br \/><strong><span style=\"color: #ff0000;\">\u2717 <\/span><\/strong>Photos et vid\u00e9os<\/div>\n<h2>\ud83c\udf1f <strong>Points forts de la visite<\/strong><\/h2>\n<p>\ud83d\udd39 Assister \u00e0 un spectacle de dauphins et d'otaries d'une dur\u00e9e d'une heure<br \/>S\u00e9ance facultative de 7 \u00e0 8 minutes de nage avec les dauphins<br \/>\ud83d\udd39 Une exp\u00e9rience s\u00fbre et agr\u00e9able pour tous les \u00e2ges<br \/>\ud83d\udd39 \u00c9ducatif et divertissant pour les familles et les enfants<br \/>\ud83d\udd39 Transferts confortables aller-retour \u00e0 l'h\u00f4tel inclus<\/p>\n<h2>\ud83d\udcd6 <strong>Description compl\u00e8te<\/strong><\/h2>\n<div>Commencez votre journ\u00e9e inoubliable par une prise en charge pratique \u00e0 l'h\u00f4tel depuis Side et les stations baln\u00e9aires environnantes. Apr\u00e8s un court trajet en voiture, vous arriverez au delphinarium o\u00f9 vous serez t\u00e9moin de l'intelligence, de l'agilit\u00e9 et de l'espi\u00e8glerie des dauphins et des otaries au cours d'un incroyable spectacle en direct. Pour une exp\u00e9rience plus interactive, participez \u00e0 la s\u00e9ance facultative de nage avec les dauphins - une rencontre unique de 7 \u00e0 8 minutes au cours de laquelle vous nagerez et jouerez sous la direction de dresseurs professionnels. Cette activit\u00e9 magique convient aux enfants de 3 ans et plus (avec l'aide de leurs parents). Apr\u00e8s le spectacle et la baignade facultative, vous aurez du temps libre pour regarder des photos et des vid\u00e9os professionnelles avant votre transfert confortable vers l'h\u00f4tel.<\/div>\n<h3>\ud83d\uddfa\ufe0f <strong>Itin\u00e9raire de la visite<\/strong><\/h3>\n<p>\ud83d\udd39 Prise en charge \u00e0 l'h\u00f4tel\u00a0<br \/>\ud83d\udd39 Arriv\u00e9e au Dolphinarium<br \/>\ud83d\udd39 Spectacle de dauphins et d'otaries (environ 1 heure)<br \/>\ud83d\udd39 Facultatif : S\u00e9ance de nage avec les dauphins<br \/>Temps libre pour les photos et les souvenirs<br \/>\ud83d\udd39 Transfert aller-retour vers les h\u00f4tels<\/p>\n<h3>\u2139\ufe0f <strong>Informations utiles<\/strong><\/h3>\n<p>Dur\u00e9e : Environ 4 heures (transferts compris)<br \/>S\u00e9ance de natation : 7-8 minutes par personne<br \/>\ud83d\udd39 Showtimes : Deux fois par jour (09:00 et 14:00)<br \/>\ud83d\udd39 La baignade doit \u00eatre r\u00e9serv\u00e9e \u00e0 l'avance<br \/>Les personnes \u00e9pileptiques ou souffrant de graves probl\u00e8mes de sant\u00e9 ne peuvent pas participer \u00e0 la baignade.<br \/>\ud83d\udd39 Aucun bijou ou accessoire n'est autoris\u00e9 pendant la baignade.<\/p>\n<h2>\ud83c\udf92 <strong>Ce qu'il faut apporter<\/strong><\/h2>\n<p>Maillot de bain et serviette (pour les participants qui nagent)<br \/>Lunettes de soleil et chapeau<br \/>\ud83d\udd39 Appareil photo ou t\u00e9l\u00e9phone pour les photos personnelles<br \/>\ud83d\udd39 Argent liquide pour les photos facultatives ou les souvenirs<\/p>\n<h3>\ud83d\udeab <strong>Ne convient pas<\/strong><\/h3>\n<p>\ud83d\udd39 Enfants de moins de 3 ans (ne peuvent pas participer \u00e0 la baignade)<br \/>\ud83d\udd39 Les h\u00f4tes \u00e9pileptiques ou \u00e0 mobilit\u00e9 r\u00e9duite<\/p>\n<h2 dir=\"ltr\">\ud83d\udcb8\u00a0<strong>Prix et r\u00e9servation<\/strong><\/h2>\n<p dir=\"ltr\"><strong>\ud83d\udd39 R\u00e9server maintenant, payer le jour de la visite<\/strong><br \/>\n\ud83d\udd39 Contactez-nous via WhatsApp, Telegram, Viber, ou remplissez le formulaire de r\u00e9servation ci-dessous. \ud83d\udc47\ud83c\udffc<\/p>\n<p>\u00c0 la recherche d'alternatives ? Parcourir <a href=\"https:\/\/excursionsworld.com\/fr\/excursions-a-side\/\">plus d'excursions<\/a>.<\/p>","protected":false},"excerpt":{"rendered":"<p>R\u00e9servez votre excursion au spectacle des dauphins ! Profitez d'un spectacle magique et, en option, nagez avec les dauphins. Une excursion id\u00e9ale pour les familles, avec transfert inclus. R\u00e9servation facile !<\/p>","protected":false},"featured_media":15139,"comment_status":"open","ping_status":"closed","template":"","meta":[],"product_brand":[],"product_cat":[127],"product_tag":[122],"class_list":{"0":"post-15377","1":"product","2":"type-product","3":"status-publish","4":"has-post-thumbnail","6":"tour_phys-side-tours","7":"product_cat-side-tours","8":"product_tag-side","9":"pa_destination-side-tours","11":"first","12":"instock","13":"sale","14":"shipping-taxable","15":"purchasable","16":"product-type-tour_phys"},"aioseo_notices":[],"_links":{"self":[{"href":"https:\/\/excursionsworld.com\/fr\/wp-json\/wp\/v2\/product\/15377","targetHints":{"allow":["GET"]}}],"collection":[{"href":"https:\/\/excursionsworld.com\/fr\/wp-json\/wp\/v2\/product"}],"about":[{"href":"https:\/\/excursionsworld.com\/fr\/wp-json\/wp\/v2\/types\/product"}],"replies":[{"embeddable":true,"href":"https:\/\/excursionsworld.com\/fr\/wp-json\/wp\/v2\/comments?post=15377"}],"wp:featuredmedia":[{"embeddable":true,"href":"https:\/\/excursionsworld.com\/fr\/wp-json\/wp\/v2\/media\/15139"}],"wp:attachment":[{"href":"https:\/\/excursionsworld.com\/fr\/wp-json\/wp\/v2\/media?parent=15377"}],"wp:term":[{"taxonomy":"product_brand","embeddable":true,"href":"https:\/\/excursionsworld.com\/fr\/wp-json\/wp\/v2\/product_brand?post=15377"},{"taxonomy":"product_cat","embeddable":true,"href":"https:\/\/excursionsworld.com\/fr\/wp-json\/wp\/v2\/product_cat?post=15377"},{"taxonomy":"product_tag","embeddable":true,"href":"https:\/\/excursionsworld.com\/fr\/wp-json\/wp\/v2\/product_tag?post=15377"}],"curies":[{"name":"wp","href":"https:\/\/api.w.org\/{rel}","templated":true}]}}