{"id":15378,"date":"2025-10-26T19:35:16","date_gmt":"2025-10-26T16:35:16","guid":{"rendered":"https:\/\/excursionsworld.com\/?post_type=product&#038;p=15378"},"modified":"2026-04-23T05:59:37","modified_gmt":"2026-04-23T02:59:37","slug":"bain-turc-hammam-side","status":"publish","type":"product","link":"https:\/\/excursionsworld.com\/tours\/side-turkish-bath-hamam\/","title":{"rendered":"Hamam Turc \u00e0 Side \u2013 Exp\u00e9rience Authentique de Bain de Vapeur"},"content":{"rendered":"<h2><strong>\ud83c\udfdd\ufe0f <span style=\"color: #000000;\">Vue d'ensemble<\/span><\/strong><\/h2>\n<p>Plongez dans la <strong>Exp\u00e9rience authentique de hammam et spa turc \u00e0 <a href=\"https:\/\/en.wikipedia.org\/wiki\/Side,_Turkey\" target=\"_blank\" rel=\"noopener\">Side<\/a><\/strong>, Le hammam est un lieu o\u00f9 les anciennes traditions de bien-\u00eatre rencontrent le confort moderne. Profitez d'une journ\u00e9e de d\u00e9tente dans l'un des meilleurs centres de hammam de la r\u00e9gion, avec sauna, hammam, salle de sel, gommage du corps, massage \u00e0 la mousse et traitement \u00e0 l'huile rajeunissant. Parfait pour nettoyer votre peau et pr\u00e9parer un bronzage durable pendant vos vacances !<\/p>\n<h3><span style=\"color: #000000;\"><strong>\u00a0Inclus :<\/strong><\/span><\/h3>\n<p><span style=\"color: #00ff00;\"><strong>\u2713<\/strong><\/span> Prise en charge et retour \u00e0 l'h\u00f4tel<br \/><span style=\"color: #00ff00;\"><strong>\u2713 <\/strong><\/span>Acc\u00e8s au sauna, au hammam et \u00e0 la salle de sel<br \/><span style=\"color: #00ff00;\"><strong>\u2713 <\/strong><\/span>Gommage et massage \u00e0 la mousse de 30 minutes<br \/><span style=\"color: #00ff00;\"><strong>\u2713 <\/strong><\/span>Massage relaxant \u00e0 l'huile de 20 minutes<br \/><span style=\"color: #00ff00;\"><strong>\u2713 <\/strong><\/span>Masque et massage doux du visage<br \/><span style=\"color: #00ff00;\"><strong>\u2713 <\/strong><\/span>Serviettes, pantoufles, savon et gilet traditionnel (pestemal)<br \/><span style=\"color: #00ff00;\"><strong>\u2713 <\/strong><\/span>Service \u00e0 th\u00e9 ou \u00e0 pomme<br \/><span style=\"color: #00ff00;\"><strong>\u2713 <\/strong><\/span>Assurance compl\u00e8te<\/p>\n<h3><span style=\"color: #000000;\">\u00a0<strong>Non inclus :<\/strong><\/span><\/h3>\n<p><span style=\"color: #ff0000;\"><strong>\u2717<\/strong><\/span> D\u00e9penses personnelles<br \/><span style=\"color: #ff0000;\"><strong>\u2717 <\/strong><\/span>Services de massage suppl\u00e9mentaires<br \/><span style=\"color: #ff0000;\"><strong>\u2717 <\/strong><\/span>Shampooing pour cheveux<\/p>\n<h2><strong><span style=\"color: #000000;\">\ud83c\udf1f Points forts de la visite<\/span><\/strong><\/h2>\n<p>\ud83d\udd39 D\u00e9couvrez l'authentique hammam turc \u00e0 Side<br \/>\ud83d\udd39 Profitez d'un gommage relaxant et d'un massage \u00e0 la mousse sur une plateforme en marbre chauff\u00e9e<br \/>\ud83d\udd39 D\u00e9toxification dans le sauna, le hammam et les salles de sel<br \/>\ud83d\udd39 Recevez un massage rajeunissant \u00e0 l'huile et au visage<br \/>\ud83d\udd39 Vous vous sentez rafra\u00eechi, l\u00e9ger et pr\u00eat pour vos aventures de vacances.<\/p>\n<h2><span style=\"color: #000000;\"><strong>\ud83d\udcdc Description compl\u00e8te<\/strong><\/span><\/h2>\n<div>Entrez dans des si\u00e8cles de tradition du bien-\u00eatre avec le <strong>Visite du bain turc et du spa de Side<\/strong>, Les soins sont con\u00e7us pour d\u00e9tendre le corps et l'esprit. \u00c0 votre arriv\u00e9e, vous serez chaleureusement accueilli et recevrez une serviette, des pantoufles et un pestemal avant de commencer votre voyage de rajeunissement. Commencez par le <strong>sauna, hammam et salle de sel<\/strong>, La chaleur et les min\u00e9raux aident \u00e0 ouvrir les pores et \u00e0 pr\u00e9parer la peau au nettoyage. Ensuite, vous vous rendrez dans la chambre int\u00e9rieure du hamam pour le clou du spectacle : un massage de la peau. <strong>gommage traditionnel et massage \u00e0 la mousse<\/strong> effectu\u00e9 sur une pierre de marbre chauff\u00e9e (gobektasi). Cette exfoliation en profondeur \u00e9limine les cellules mortes et les toxines, laissant la peau douce et soyeuse. Ensuite, d\u00e9tendez-vous avec <strong>service \u00e0 th\u00e9 ou \u00e0 pomme<\/strong>, suivi d'un <strong>Massage \u00e0 l'huile aromatique de 20 minutes<\/strong> qui d\u00e9tend tous les muscles de votre corps. L'exp\u00e9rience se termine par un <strong>masque nourrissant et massage doux du visage<\/strong>, Vous \u00eates ainsi rafra\u00eechie et rayonnante.<\/div>\n<h3><span style=\"color: #000000;\"><strong>\ud83d\udd52 Itin\u00e9raire de la visite<\/strong><\/span><\/h3>\n<p>\ud83d\udd39 Prise en charge \u00e0 l'h\u00f4tel et transfert au centre thermal<br \/>\ud83d\udd39 S\u00e9ance de sauna, de vapeur et de salle de sel<br \/>\ud83d\udd39 Gommage du corps entier et massage \u00e0 la mousse<br \/>\ud83d\udd39 Petite pause d\u00e9tente avec du th\u00e9<br \/>\ud83d\udd39 Massage \u00e0 l'huile aromatique (20 minutes)<br \/>\ud83d\udd39 Masque et massage du visage<br \/>\ud83d\udd39 Transfert retour \u00e0 l'h\u00f4tel<\/p>\n<h3><span style=\"color: #000000;\"><strong>\u2139\ufe0f Informations utiles<\/strong><\/span><\/h3>\n<p>\ud83d\udd39 Convient aux hommes et aux femmes<br \/>\ud83d\udd39 Les enfants peuvent participer sous la supervision d'un adulte<br \/>\ud83d\udd39 Toutes les installations sont propres et hygi\u00e9niques<br \/>Dur\u00e9e du traitement : environ 2 heures<\/p>\n<h2><span style=\"color: #000000;\"><strong>\ud83c\udf92 Ce qu'il faut apporter<\/strong><\/span><\/h2>\n<p>Maillot de bain<br \/>Shampooing pour cheveux<\/p>\n<h3><span style=\"color: #000000;\"><strong>\ud83d\udeab Ne convient pas pour<\/strong><\/span><\/h3>\n<p>Les personnes souffrant d'asthme ou de troubles respiratoires graves<\/p>\n<h2 dir=\"ltr\">\ud83d\udcb8\u00a0<strong>Prix et r\u00e9servation<\/strong><\/h2>\n<p dir=\"ltr\"><strong>\ud83d\udd39 R\u00e9server maintenant, payer le jour de la visite<\/strong><br \/>\n\ud83d\udd39 Contactez-nous via WhatsApp, Telegram, Viber, ou remplissez le formulaire de r\u00e9servation ci-dessous. \ud83d\udc47\ud83c\udffc<\/p>\n<p>\u00c0 la recherche d'alternatives ? Parcourir <a href=\"https:\/\/excursionsworld.com\/fr\/urun-kategori\/excursions-a-side\/\">plus d'excursions<\/a>.<\/p>","protected":false},"excerpt":{"rendered":"<p data-start=\"3442\" data-end=\"3600\">Faites l'exp\u00e9rience de l'authenticit\u00e9<strong> Hamam<\/strong> \u00e0 Side ! D\u00e9tendez-vous avec un sauna, un bain de vapeur, un massage \u00e0 la mousse ou \u00e0 l'huile dans le meilleur \u00e9tablissement de la ville. <strong>Bain turc <\/strong> spa. Transfert \u00e0 l'h\u00f4tel et service de th\u00e9 inclus.<\/p>","protected":false},"featured_media":12688,"comment_status":"open","ping_status":"closed","template":"","meta":[],"product_brand":[],"product_cat":[127],"product_tag":[122],"class_list":{"0":"post-15378","1":"product","2":"type-product","3":"status-publish","4":"has-post-thumbnail","6":"tour_phys-side-tours","7":"product_cat-side-tours","8":"product_tag-side","9":"pa_destination-side-tours","11":"first","12":"instock","13":"sale","14":"shipping-taxable","15":"purchasable","16":"product-type-tour_phys"},"aioseo_notices":[],"_links":{"self":[{"href":"https:\/\/excursionsworld.com\/fr\/wp-json\/wp\/v2\/product\/15378","targetHints":{"allow":["GET"]}}],"collection":[{"href":"https:\/\/excursionsworld.com\/fr\/wp-json\/wp\/v2\/product"}],"about":[{"href":"https:\/\/excursionsworld.com\/fr\/wp-json\/wp\/v2\/types\/product"}],"replies":[{"embeddable":true,"href":"https:\/\/excursionsworld.com\/fr\/wp-json\/wp\/v2\/comments?post=15378"}],"wp:featuredmedia":[{"embeddable":true,"href":"https:\/\/excursionsworld.com\/fr\/wp-json\/wp\/v2\/media\/12688"}],"wp:attachment":[{"href":"https:\/\/excursionsworld.com\/fr\/wp-json\/wp\/v2\/media?parent=15378"}],"wp:term":[{"taxonomy":"product_brand","embeddable":true,"href":"https:\/\/excursionsworld.com\/fr\/wp-json\/wp\/v2\/product_brand?post=15378"},{"taxonomy":"product_cat","embeddable":true,"href":"https:\/\/excursionsworld.com\/fr\/wp-json\/wp\/v2\/product_cat?post=15378"},{"taxonomy":"product_tag","embeddable":true,"href":"https:\/\/excursionsworld.com\/fr\/wp-json\/wp\/v2\/product_tag?post=15378"}],"curies":[{"name":"wp","href":"https:\/\/api.w.org\/{rel}","templated":true}]}}