{"id":15384,"date":"2025-10-26T20:08:07","date_gmt":"2025-10-26T17:08:07","guid":{"rendered":"https:\/\/excursionsworld.com\/?post_type=product&#038;p=15384"},"modified":"2026-04-23T05:59:40","modified_gmt":"2026-04-23T02:59:40","slug":"quad-safari-side","status":"publish","type":"product","link":"https:\/\/excursionsworld.com\/tours\/side-quad-safari\/","title":{"rendered":"Safari en Quad \u00e0 Side \u2013 Aventure Off-Road en ATV"},"content":{"rendered":"<h2><span style=\"color: #000000;\"><strong>\ud83c\udfdd\ufe0f Vue d'ensemble<\/strong><\/span><\/h2>\n<p>Roulez librement sur votre quad \u00e0 travers les magnifiques montagnes du Taurus pr\u00e8s de <a href=\"https:\/\/en.wikipedia.org\/wiki\/Side,_Turkey\" target=\"_blank\" rel=\"noopener\">Side<\/a>Respirez l'air frais des montagnes, profitez d'une nature spectaculaire et vivez une promenade amusante et aventureuse de 2 heures. Cette excursion offre une exp\u00e9rience inoubliable aux amateurs de sensations fortes comme aux d\u00e9butants.<\/p>\n<h3>\u00a0Inclus :<\/h3>\n<p><span style=\"color: #00ff00;\"><strong>\u2713<\/strong><\/span> Prise en charge et retour \u00e0 l'h\u00f4tel<br \/><span style=\"color: #00ff00;\"><strong>\u2713 <\/strong><\/span>Guides professionnels<br \/><span style=\"color: #00ff00;\"><strong>\u2713 <\/strong><\/span>Assurance compl\u00e8te<br \/><span style=\"color: #00ff00;\"><strong>\u2713 <\/strong><\/span>Randonn\u00e9e en quad de 2 heures<br \/><span style=\"color: #00ff00;\"><strong>\u2713 <\/strong><\/span>\u00c9quipement de s\u00e9curit\u00e9 (casque)<\/p>\n<h3><span style=\"color: #000000;\"><strong>\u00a0Non inclus :<\/strong><\/span><\/h3>\n<p><strong><span style=\"color: #ff0000;\">\u2717<\/span><\/strong> D\u00e9penses personnelles\u00a0<br \/><strong><span style=\"color: #ff0000;\">\u2717 <\/span><\/strong>Photos et vid\u00e9os<br \/><strong><span style=\"color: #ff0000;\">\u2717 <\/span><\/strong>Boissons<\/p>\n<h2><span style=\"color: #000000;\"><strong>\ud83c\udf1f Points forts de la visite<\/strong><\/span><\/h2>\n<p>\ud83d\udd39 2 heures d'aventure en quad dans les montagnes du Taurus pr\u00e8s de Side<br \/>\ud83d\udd39 Sentiers forestiers, chemins rocailleux, cours d'eau et \u00e9tangs<br \/>\ud83d\udd39 Aires de repos panoramiques en pleine nature<br \/>\ud83d\udd39 Convient aux d\u00e9butants avec des instructions compl\u00e8tes<br \/>\ud83d\udd39 La boue, la poussi\u00e8re et l'excitation du tout-terrain \u00e0 l'\u00e9tat pur<\/p>\n<h2><span style=\"color: #000000;\"><strong>\ud83d\udcd6 Description compl\u00e8te<\/strong><\/span><\/h2>\n<p>Apr\u00e8s un transfert confortable \u00e0 l'h\u00f4tel \u00e0 Side, vous arriverez \u00e0 la base de quad dans la campagne. Les instructeurs fournissent un briefing sur la s\u00e9curit\u00e9 et tout l'\u00e9quipement n\u00e9cessaire, suivi d'un court essai pour se familiariser avec le quad.<\/p>\n<p>L'aventure commence par une randonn\u00e9e guid\u00e9e de 20 km \u00e0 travers des for\u00eats, des collines, des chemins boueux et des ruisseaux. Des instructeurs vous accompagnent pour vous aider et r\u00e9pondre \u00e0 vos questions. \u00c0 mi-chemin, vous ferez une pause au bord d'une rivi\u00e8re pittoresque avant de poursuivre la randonn\u00e9e. L'excursion se termine par un transfert vers votre h\u00f4tel, cl\u00f4turant ainsi une journ\u00e9e pleine d'adr\u00e9naline dans la nature.<\/p>\n<h3><span style=\"color: #000000;\"><strong>\ud83d\uddfa\ufe0f Itin\u00e9raire de la visite<\/strong><\/span><\/h3>\n<p>\ud83d\udd39 Prise en charge \u00e0 partir des h\u00f4tels \u00e0 Side<br \/>\ud83d\udd39 Arriv\u00e9e \u00e0 la base de quad et briefing sur la s\u00e9curit\u00e9<br \/>\ud83d\udd39 Mise en place de l'\u00e9quipement et court trajet d'essai (15 min)<br \/>\ud83d\udd39 Itin\u00e9raire guid\u00e9 de 2 heures \u00e0 travers les montagnes et les sentiers forestiers<br \/>\ud83d\udd39 Halte pr\u00e8s d'une rivi\u00e8re (15-20 min)<br \/>Retour \u00e0 l'h\u00f4tel et d\u00e9p\u00f4t \u00e0 l'h\u00f4tel<\/p>\n<h3><span style=\"color: #000000;\"><strong>\u2139\ufe0f Informations utiles<\/strong><\/span><\/h3>\n<p>Dur\u00e9e : environ 3 heures (transferts compris)<br \/>\ud83d\udd39 Pas de permis de conduire n\u00e9cessaire<br \/>\ud83d\udd39 \u00c2ge minimum du conducteur : 17 ans<br \/>\ud83d\udd39 Casque fourni<br \/>\ud83d\udd39 Niveau d'activit\u00e9 physique mod\u00e9r\u00e9 \u00e0 \u00e9lev\u00e9<\/p>\n<h2><span style=\"color: #000000;\"><strong>\ud83c\udf92 Ce qu'il faut apporter<\/strong><\/span><\/h2>\n<p>\ud83d\udd39 V\u00eatements et chaussures confortables (s'attendre \u00e0 \u00eatre boueux)<br \/>\ud83d\udd39 Cr\u00e8me solaire<br \/>\ud83d\udd39 Lunettes de soleil<br \/>\ud83d\udd39 V\u00eatements de rechange<br \/>\ud83d\udd39 Argent liquide pour les d\u00e9penses personnelles (boissons, photos, etc.)<\/p>\n<h3><span style=\"color: #000000;\"><strong>\ud83d\udeab Ne convient pas pour<\/strong><\/span><\/h3>\n<p>\ud83d\udd39 Femmes enceintes<br \/>\ud83d\udd39 Invit\u00e9s sous l'emprise de l'alcool<br \/>\ud83d\udd39 Personnes \u00e0 mobilit\u00e9 r\u00e9duite<\/p>\n<h2 dir=\"ltr\">\ud83d\udcb8\u00a0<strong>Prix et r\u00e9servation<\/strong><\/h2>\n<p dir=\"ltr\"><strong>\ud83d\udd39 R\u00e9server maintenant, payer le jour de la visite<\/strong><br \/>\n\ud83d\udd39 Contactez-nous via WhatsApp, Telegram, Viber, ou remplissez le formulaire de r\u00e9servation ci-dessous. \ud83d\udc47\ud83c\udffc<\/p>\n<p>\u00c0 la recherche d'alternatives ? Parcourir <a href=\"https:\/\/excursionsworld.com\/fr\/urun-kategori\/excursions-a-side\/\">plus d'excursions<\/a>.<\/p>","protected":false},"excerpt":{"rendered":"<p data-start=\"2866\" data-end=\"3089\">R\u00e9servez votre <b>Safari en quad lat\u00e9ral<\/b>! Profitez d'un <b>Excursion passionnante en v\u00e9hicule tout-terrain<\/b> par le biais de la <b>Monts Taurus<\/b> &amp; sentiers boueux. Parfait pour <b>d\u00e9butants<\/b> et les amateurs d'aventure ! <b>Transfert<\/b> inclus.<\/p>","protected":false},"featured_media":15086,"comment_status":"open","ping_status":"closed","template":"","meta":[],"product_brand":[],"product_cat":[127],"product_tag":[122],"class_list":{"0":"post-15384","1":"product","2":"type-product","3":"status-publish","4":"has-post-thumbnail","6":"tour_phys-side-tours","7":"product_cat-side-tours","8":"product_tag-side","9":"pa_destination-side-tours","11":"first","12":"instock","13":"sale","14":"shipping-taxable","15":"purchasable","16":"product-type-tour_phys"},"aioseo_notices":[],"_links":{"self":[{"href":"https:\/\/excursionsworld.com\/fr\/wp-json\/wp\/v2\/product\/15384","targetHints":{"allow":["GET"]}}],"collection":[{"href":"https:\/\/excursionsworld.com\/fr\/wp-json\/wp\/v2\/product"}],"about":[{"href":"https:\/\/excursionsworld.com\/fr\/wp-json\/wp\/v2\/types\/product"}],"replies":[{"embeddable":true,"href":"https:\/\/excursionsworld.com\/fr\/wp-json\/wp\/v2\/comments?post=15384"}],"wp:featuredmedia":[{"embeddable":true,"href":"https:\/\/excursionsworld.com\/fr\/wp-json\/wp\/v2\/media\/15086"}],"wp:attachment":[{"href":"https:\/\/excursionsworld.com\/fr\/wp-json\/wp\/v2\/media?parent=15384"}],"wp:term":[{"taxonomy":"product_brand","embeddable":true,"href":"https:\/\/excursionsworld.com\/fr\/wp-json\/wp\/v2\/product_brand?post=15384"},{"taxonomy":"product_cat","embeddable":true,"href":"https:\/\/excursionsworld.com\/fr\/wp-json\/wp\/v2\/product_cat?post=15384"},{"taxonomy":"product_tag","embeddable":true,"href":"https:\/\/excursionsworld.com\/fr\/wp-json\/wp\/v2\/product_tag?post=15384"}],"curies":[{"name":"wp","href":"https:\/\/api.w.org\/{rel}","templated":true}]}}