{"id":15385,"date":"2025-10-26T20:08:58","date_gmt":"2025-10-26T17:08:58","guid":{"rendered":"https:\/\/excursionsworld.com\/?post_type=product&#038;p=15385"},"modified":"2026-04-23T05:59:40","modified_gmt":"2026-04-23T02:59:40","slug":"jeep-safari-side","status":"publish","type":"product","link":"https:\/\/excursionsworld.com\/tours\/side-jeep-safari\/","title":{"rendered":"Safari en Jeep \u00e0 Side \u2013 Aventure 4x4 dans les Monts Taurus"},"content":{"rendered":"<h2><strong><span style=\"color: #000000;\">\ud83d\ude99 Vue d'ensemble<\/span><\/strong><\/h2>\n<div>Rejoignez une entreprise passionnante <strong>jeep safari \u00e0 partir de <a href=\"https:\/\/en.wikipedia.org\/wiki\/Side,_Turkey\" target=\"_blank\" rel=\"noopener\">Side<\/a><\/strong>\u00a0et explorez la beaut\u00e9 sauvage des montagnes du Taurus ! Conduisez de puissantes jeeps 4\u00d74 \u00e0 travers des sentiers forestiers, des villages de montagne et des rivi\u00e8res. Profitez des arr\u00eats photos, d'un d\u00e9licieux d\u00e9jeuner barbecue et d'une baignade rafra\u00eechissante dans une rivi\u00e8re naturelle - le m\u00e9lange parfait d'aventure et de plaisir !<\/div>\n<h3><strong><span style=\"color: #000000;\">Inclus :<\/span><\/strong><\/h3>\n<div><strong><span style=\"color: #00ff00;\">\u2713<\/span><\/strong> Prise en charge et retour \u00e0 l'h\u00f4tel<br \/><strong><span style=\"color: #00ff00;\">\u2713 <\/span><\/strong>Chauffeurs professionnels anglophones<br \/><strong><span style=\"color: #00ff00;\">\u2713 <\/span><\/strong>4\u00d74 Land Rover Jeeps<br \/><strong><span style=\"color: #00ff00;\">\u2713 <\/span><\/strong>Assurance compl\u00e8te<br \/><strong><span style=\"color: #00ff00;\">\u2713 <\/span><\/strong>D\u00e9jeuner<\/div>\n<h3><strong>Non inclus :<\/strong><\/h3>\n<div><strong><span style=\"color: #ff0000;\">\u2717<\/span><\/strong> Boissons<br \/><strong><span style=\"color: #ff0000;\">\u2717 <\/span><\/strong>D\u00e9penses personnelles<br \/><strong><span style=\"color: #ff0000;\">\u2717 <\/span><\/strong>Photos et vid\u00e9os<\/div>\n<h2><strong>\ud83c\udf1f Points forts de la visite<\/strong><\/h2>\n<div>\ud83d\udd39 Excursion hors route palpitante \u00e0 travers les for\u00eats et les rivi\u00e8res<br \/>\ud83d\udd39 Visite d'un village turc traditionnel<br \/>\ud83d\udd39 Arr\u00eats photos et points de vue panoramiques<br \/>\ud83d\udd39 D\u00e9jeuner barbecue savoureux dans la nature<br \/>\ud83d\udd39 Pause baignade dans une rivi\u00e8re de montagne<br \/>\ud83d\udd39 Bataille d'eau facultative entre les jeeps<\/div>\n<h2><strong>\ud83d\udcd6 Description compl\u00e8te<\/strong><\/h2>\n<div>Votre aventure commence par une prise en charge \u00e0 votre h\u00f4tel \u00e0 Side. Vous rencontrerez votre sympathique chauffeur et votre guide, puis vous vous rendrez dans la ville de Side. <strong>Monts Taurus<\/strong> dans des jeeps \u00e0 toit ouvert. Profitez de paysages \u00e9poustouflants, de l'air frais et d'aper\u00e7us de la vie traditionnelle des villages. Faites des arr\u00eats photo le long de la route et ressentez l'excitation de la conduite hors route. Savourez un d\u00e9licieux <strong>D\u00e9jeuner barbecue<\/strong> dans un restaurant rustique entour\u00e9 par la nature. Ensuite, vous pourrez vous d\u00e9tendre ou vous baigner dans une rivi\u00e8re de montagne fra\u00eeche avant le retour. Sur le chemin du retour, participez \u00e0 une <strong>lutte contre l'eau<\/strong> pour une fin inoubliable !<\/div>\n<h3><strong>\ud83d\uddfa\ufe0f Itin\u00e9raire de la visite<\/strong><\/h3>\n<div>\ud83d\udd39 Prise en charge \u00e0 partir des h\u00f4tels secondaires<br \/>\ud83d\udd39 Traverser les montagnes du Taurus<br \/>\ud83d\udd39 Visite d'un village local<br \/>\ud83d\udd39 Arr\u00eats photos panoramiques<br \/>\ud83d\udd39 D\u00e9jeuner barbecue dans la nature<br \/>\ud83d\udd39 Pause natation dans une rivi\u00e8re<br \/>\ud83d\udd39 Bataille d'eau facultative<br \/>Retour \u00e0 l'h\u00f4tel<\/div>\n<h3><strong>\u2139\ufe0f Informations utiles<\/strong><\/h3>\n<div>Dur\u00e9e : environ 7-8 heures<br \/>\ud83d\udd39 Convient \u00e0 tous les \u00e2ges (les enfants doivent \u00eatre accompagn\u00e9s d'un adulte)<br \/>\ud83d\udd39 La visite peut \u00eatre modifi\u00e9e en fonction des conditions m\u00e9t\u00e9orologiques<\/div>\n<h2><strong>\ud83c\udf92 Ce qu'il faut apporter<\/strong><\/h2>\n<div>\ud83d\udd39 V\u00eatements et chaussures confortables<br \/>Lunettes de soleil et chapeau<br \/>\ud83d\udd39 Cr\u00e8me solaire<br \/>Maillot de bain et serviette de bain<br \/>\ud83d\udd39 Argent liquide pour les d\u00e9penses personnelles<\/div>\n<div>\n<h3><strong>\ud83d\udeab Ne convient pas pour<\/strong><\/h3>\n<div>\ud83d\udd39 Femmes enceintes<br \/>\ud83d\udd39 Les h\u00f4tes ayant des probl\u00e8mes de dos ou de cou<br \/>\ud83d\udd39 Personnes \u00e0 mobilit\u00e9 r\u00e9duite<\/div>\n<\/div>\n<h2 dir=\"ltr\">\ud83d\udcb8\u00a0<strong>Prix et r\u00e9servation<\/strong><\/h2>\n<p dir=\"ltr\"><strong>\ud83d\udd39 R\u00e9server maintenant, payer le jour de la visite<\/strong><br \/>\n\ud83d\udd39 Contactez-nous via WhatsApp, Telegram, Viber, ou remplissez le formulaire de r\u00e9servation ci-dessous. \ud83d\udc47\ud83c\udffc<\/p>\n<p>\u00c0 la recherche d'alternatives ? Parcourir <a href=\"https:\/\/excursionsworld.com\/fr\/urun-kategori\/excursions-a-side\/\">plus d'excursions<\/a>.<\/p>","protected":false},"excerpt":{"rendered":"<p data-start=\"2736\" data-end=\"2976\">Rejoindre le camp<strong data-start=\"2781\" data-end=\"2807\">\u00a0Safari en jeep<\/strong> et explorez les montagnes du Taurus \u00e0 bord de puissantes jeeps 4\u00d74. Visitez des villages de montagne, nagez dans des rivi\u00e8res, profitez d'un d\u00e9jeuner barbecue et vivez une journ\u00e9e compl\u00e8te d'aventure et de nature !<\/p>","protected":false},"featured_media":15069,"comment_status":"open","ping_status":"closed","template":"","meta":[],"product_brand":[],"product_cat":[127],"product_tag":[122],"class_list":{"0":"post-15385","1":"product","2":"type-product","3":"status-publish","4":"has-post-thumbnail","6":"tour_phys-side-tours","7":"product_cat-side-tours","8":"product_tag-side","9":"pa_destination-side-tours","11":"first","12":"instock","13":"sale","14":"shipping-taxable","15":"purchasable","16":"product-type-tour_phys"},"aioseo_notices":[],"_links":{"self":[{"href":"https:\/\/excursionsworld.com\/fr\/wp-json\/wp\/v2\/product\/15385","targetHints":{"allow":["GET"]}}],"collection":[{"href":"https:\/\/excursionsworld.com\/fr\/wp-json\/wp\/v2\/product"}],"about":[{"href":"https:\/\/excursionsworld.com\/fr\/wp-json\/wp\/v2\/types\/product"}],"replies":[{"embeddable":true,"href":"https:\/\/excursionsworld.com\/fr\/wp-json\/wp\/v2\/comments?post=15385"}],"wp:featuredmedia":[{"embeddable":true,"href":"https:\/\/excursionsworld.com\/fr\/wp-json\/wp\/v2\/media\/15069"}],"wp:attachment":[{"href":"https:\/\/excursionsworld.com\/fr\/wp-json\/wp\/v2\/media?parent=15385"}],"wp:term":[{"taxonomy":"product_brand","embeddable":true,"href":"https:\/\/excursionsworld.com\/fr\/wp-json\/wp\/v2\/product_brand?post=15385"},{"taxonomy":"product_cat","embeddable":true,"href":"https:\/\/excursionsworld.com\/fr\/wp-json\/wp\/v2\/product_cat?post=15385"},{"taxonomy":"product_tag","embeddable":true,"href":"https:\/\/excursionsworld.com\/fr\/wp-json\/wp\/v2\/product_tag?post=15385"}],"curies":[{"name":"wp","href":"https:\/\/api.w.org\/{rel}","templated":true}]}}