{"id":15386,"date":"2025-10-26T20:11:12","date_gmt":"2025-10-26T17:11:12","guid":{"rendered":"https:\/\/excursionsworld.com\/?post_type=product&#038;p=15386"},"modified":"2026-04-23T05:59:41","modified_gmt":"2026-04-23T02:59:41","slug":"peche-mer-side-bateau","status":"publish","type":"product","link":"https:\/\/excursionsworld.com\/tours\/side-sea-fishing\/","title":{"rendered":"P\u00eache en Mer \u00e0 Side \u2013 Tour en Bateau Tout Compris"},"content":{"rendered":"<h2><span style=\"color: #000000;\"><strong>\ud83c\udfa3 Vue d'ensemble<\/strong><\/span><\/h2>\n<p>Vivez l'exp\u00e9rience de la p\u00eache dans les eaux bleues et \u00e9tincelantes de la M\u00e9diterran\u00e9e avec le <strong><a href=\"https:\/\/en.wikipedia.org\/wiki\/Side,_Turkey\" target=\"_blank\" rel=\"noopener\">Side<\/a> Tour de p\u00eache<\/strong>! Cette aventure d'une demi-journ\u00e9e combine sport, d\u00e9tente et croisi\u00e8re pittoresque \u00e0 bord d'un confortable bateau de p\u00eache de 10 m\u00e8tres au d\u00e9part de Side Harbour. Parfaite pour les d\u00e9butants et les p\u00eacheurs exp\u00e9riment\u00e9s - ou m\u00eame pour ceux qui souhaitent simplement se d\u00e9tendre, prendre un bain de soleil et profiter de pauses baignades rafra\u00eechissantes.<\/p>\n<h3><span style=\"color: #000000;\"><strong>\u00a0Inclus :<\/strong><\/span><\/h3>\n<p><strong><span style=\"color: #00ff00;\">\u2713<\/span> <\/strong>Transferts \u00e0 l'h\u00f4tel (aller et retour)<br \/><strong><span style=\"color: #00ff00;\">\u2713<\/span> <\/strong>Couverture d'assurance compl\u00e8te<br \/><strong><span style=\"color: #00ff00;\">\u2713<\/span> <\/strong>Service professionnel de guide et d'instructeur<br \/><strong><span style=\"color: #00ff00;\">\u2713<\/span> <\/strong>Petit d\u00e9jeuner l\u00e9ger sur le bateau (excursion du matin)<br \/><strong><span style=\"color: #00ff00;\">\u2713<\/span> <\/strong>Mat\u00e9riel de p\u00eache et app\u00e2ts<br \/><strong><span style=\"color: #00ff00;\">\u2713<\/span> <\/strong>Th\u00e9 et caf\u00e9<\/p>\n<h3><span style=\"color: #000000;\">\u00a0Non inclus :<\/span><\/h3>\n<p><strong><span style=\"color: #ff0000;\">\u2717<\/span><\/strong> Boissons non alcoolis\u00e9es et boissons alcoolis\u00e9es<br \/><strong><span style=\"color: #ff0000;\">\u2717 <\/span><\/strong>Photos et DVD<br \/><strong><span style=\"color: #ff0000;\">\u2717 <\/span><\/strong>Service de cuisine de capture (5 \u20ac par personne, en option)<\/p>\n<h2><span style=\"color: #000000;\">\ud83c\udf1f Points forts de la visite<\/span><\/h2>\n<p>\ud83d\udd39 Exp\u00e9rience de p\u00eache authentique sur un petit bateau de 10 m\u00e8tres limit\u00e9 \u00e0 12 personnes<br \/>\ud83d\udd39 Guid\u00e9s par un p\u00eacheur professionnel qui conna\u00eet les meilleurs sites de p\u00eache locaux pr\u00e8s de Karaburun ou de l'\u00eele aux dauphins.<br \/>\ud83d\udd39 \u00c9quip\u00e9 d'un sonar pour de meilleurs r\u00e9sultats de p\u00eache \u00e0 30-60 m\u00e8tres de profondeur<br \/>\ud83d\udd39 Ambiance d\u00e9tendue avec des possibilit\u00e9s de baignade et de bronzage<br \/>\ud83d\udd39 Les sessions du matin (08:00-12:30) et de l'apr\u00e8s-midi (15:00-19:30) sont disponibles tous les jours.<\/p>\n<h2><span style=\"color: #000000;\">\ud83d\udcd6 Description compl\u00e8te<\/span><\/h2>\n<p>Votre aventure de p\u00eache commence par un transfert confortable de votre h\u00f4tel dans la r\u00e9gion de Side jusqu'au port. \u00c0 votre arriv\u00e9e, le sympathique capitaine vous accueillera \u00e0 bord et vous donnera un bref briefing sur l'itin\u00e9raire, le mat\u00e9riel de p\u00eache et la s\u00e9curit\u00e9.<br \/>Ensuite, vous mettrez le cap sur les riches zones de p\u00eache pr\u00e8s de Karaburun ou de l'\u00eele aux dauphins, o\u00f9 vous profiterez de 3 \u00e0 4 heures de p\u00eache amusante et relaxante.<br \/>Pendant l'excursion matinale, un petit d\u00e9jeuner l\u00e9ger est servi \u00e0 bord, tandis que tous les clients peuvent profiter d'une heure de baignade dans des eaux cristallines. Apr\u00e8s une journ\u00e9e passionnante en mer, le bateau retourne \u00e0 Side Harbour, o\u00f9 vous serez transf\u00e9r\u00e9 \u00e0 votre h\u00f4tel.<\/p>\n<h3><span style=\"color: #000000;\">\ud83d\uddfa\ufe0f Itin\u00e9raire de la visite<\/span><\/h3>\n<p>\ud83d\udd39 Prise en charge dans les h\u00f4tels de la r\u00e9gion de Side<br \/>Arriv\u00e9e \u00e0 Side Harbour et accueil du capitaine<br \/>\ud83d\udd39 Br\u00e8ve pr\u00e9sentation des zones de p\u00eache et de l'\u00e9quipement<br \/>3-4 heures de p\u00eache et de loisirs en mer<br \/>Petit d\u00e9jeuner l\u00e9ger (matin) ou pause baignade (tous les circuits)<br \/>\ud83d\udd39 Retour \u00e0 Side Harbour<br \/>\ud83d\udd39 D\u00e9pose \u00e0 l'h\u00f4tel<\/p>\n<h3><span style=\"color: #000000;\">\u2139\ufe0f Informations utiles<\/span><\/h3>\n<p>Dur\u00e9e : environ 5 heures (transferts compris)<br \/>\ud83d\udd39 Capacit\u00e9 : jusqu'\u00e0 12 invit\u00e9s<br \/>\ud83d\udd39 Aucune exp\u00e9rience n'est requise - des conseils complets sont fournis<br \/>\ud83d\udd39 Service de nettoyage et de cuisson du poisson disponible (5 \u20ac par personne)<br \/>\ud83d\udd39 Deux sessions quotidiennes : 08:00 et 15:00<\/p>\n<h2>\ud83c\udf92 Ce qu'il faut apporter<\/h2>\n<p>Lunettes de soleil et cr\u00e8me solaire<br \/>\ud83d\udd39 V\u00eatements et chaussures confortables<br \/>Maillot de bain et serviette de bain<br \/>\ud83d\udd39 Petite somme d'argent pour les extras facultatifs<\/p>\n<h3>\ud83d\udeab Ne convient pas pour<\/h3>\n<p>\ud83d\udd39 Femmes enceintes<br \/>\ud83d\udd39 Les h\u00f4tes souffrant de graves probl\u00e8mes de dos ou de c\u0153ur<\/p>\n<h2 dir=\"ltr\">\ud83d\udcb8\u00a0<strong>Prix et r\u00e9servation<\/strong><\/h2>\n<p dir=\"ltr\"><strong>\ud83d\udd39 R\u00e9server maintenant, payer le jour de la visite<\/strong><br \/>\n\ud83d\udd39 Contactez-nous via WhatsApp, Telegram, Viber, ou remplissez le formulaire de r\u00e9servation ci-dessous. \ud83d\udc47\ud83c\udffc<\/p>\n<p>\u00c0 la recherche d'alternatives ? Parcourir <a href=\"https:\/\/excursionsworld.com\/fr\/urun-kategori\/excursions-a-side\/\">plus d'excursions<\/a>.<\/p>","protected":false},"excerpt":{"rendered":"<p data-start=\"171\" data-end=\"381\">R\u00e9server le <b>Excursion de p\u00eache lat\u00e9rale<\/b>! Profitez d'un <b>Excursion de 4 heures en M\u00e9diterran\u00e9e<\/b> avec la p\u00eache, la natation et l'accompagnement d'un capitaine. <b>Transfert inclus<\/b>, Le mat\u00e9riel est fourni. Demi-journ\u00e9e id\u00e9ale <b>tourn\u00e9e<\/b>!<\/p>","protected":false},"featured_media":15809,"comment_status":"open","ping_status":"closed","template":"","meta":[],"product_brand":[],"product_cat":[127],"product_tag":[122],"class_list":{"0":"post-15386","1":"product","2":"type-product","3":"status-publish","4":"has-post-thumbnail","6":"tour_phys-side-tours","7":"product_cat-side-tours","8":"product_tag-side","9":"pa_destination-side-tours","11":"first","12":"instock","13":"sale","14":"shipping-taxable","15":"purchasable","16":"product-type-tour_phys"},"aioseo_notices":[],"_links":{"self":[{"href":"https:\/\/excursionsworld.com\/fr\/wp-json\/wp\/v2\/product\/15386","targetHints":{"allow":["GET"]}}],"collection":[{"href":"https:\/\/excursionsworld.com\/fr\/wp-json\/wp\/v2\/product"}],"about":[{"href":"https:\/\/excursionsworld.com\/fr\/wp-json\/wp\/v2\/types\/product"}],"replies":[{"embeddable":true,"href":"https:\/\/excursionsworld.com\/fr\/wp-json\/wp\/v2\/comments?post=15386"}],"wp:featuredmedia":[{"embeddable":true,"href":"https:\/\/excursionsworld.com\/fr\/wp-json\/wp\/v2\/media\/15809"}],"wp:attachment":[{"href":"https:\/\/excursionsworld.com\/fr\/wp-json\/wp\/v2\/media?parent=15386"}],"wp:term":[{"taxonomy":"product_brand","embeddable":true,"href":"https:\/\/excursionsworld.com\/fr\/wp-json\/wp\/v2\/product_brand?post=15386"},{"taxonomy":"product_cat","embeddable":true,"href":"https:\/\/excursionsworld.com\/fr\/wp-json\/wp\/v2\/product_cat?post=15386"},{"taxonomy":"product_tag","embeddable":true,"href":"https:\/\/excursionsworld.com\/fr\/wp-json\/wp\/v2\/product_tag?post=15386"}],"curies":[{"name":"wp","href":"https:\/\/api.w.org\/{rel}","templated":true}]}}