{"id":15387,"date":"2025-10-26T20:16:08","date_gmt":"2025-10-26T17:16:08","guid":{"rendered":"https:\/\/excursionsworld.com\/?post_type=product&#038;p=15387"},"modified":"2026-04-24T01:27:06","modified_gmt":"2026-04-23T22:27:06","slug":"plongee-snorkeling-side","status":"publish","type":"product","link":"https:\/\/excursionsworld.com\/tours\/side-scuba-diving-snorkeling\/","title":{"rendered":"Plong\u00e9e &amp; snorkeling \u00e0 Side \u2013 Scuba Diving"},"content":{"rendered":"<h2 dir=\"ltr\" data-pm-slice=\"1 1 []\"><strong>\ud83c\udf0a<\/strong>\u00a0Vue d'ensemble<\/h2>\n<p>Plongez dans le monde sous-marin fascinant de <a href=\"https:\/\/en.wikipedia.org\/wiki\/Side,_Turkey\" target=\"_blank\" rel=\"noopener\">Side<\/a> et d\u00e9couvrez le plus grand mus\u00e9e sous-marin d'Europe ! Parfait pour les d\u00e9butants et les plongeurs certifi\u00e9s, ce circuit propose deux plong\u00e9es guid\u00e9es, un d\u00e9licieux d\u00e9jeuner \u00e0 bord et le transfert depuis l'h\u00f4tel, le tout en une journ\u00e9e inoubliable.<\/p>\n<h3>\u00a0Inclus :<\/h3>\n<p><span style=\"color: #00ff00;\"><strong>\u2713<\/strong> <\/span>Prise en charge et retour \u00e0 l'h\u00f4tel<br \/>\n<span style=\"color: #00ff00;\"><strong>\u2713<\/strong> <\/span>Assurance compl\u00e8te<br \/>\n<span style=\"color: #00ff00;\"><strong>\u2713<\/strong> <\/span>Instructeurs de plong\u00e9e professionnels<br \/>\n<span style=\"color: #00ff00;\"><strong>\u2713<\/strong> <\/span>\u00c9quipement de plong\u00e9e complet<br \/>\n<span style=\"color: #00ff00;\"><strong>\u2713<\/strong> <\/span>Deux plong\u00e9es (Mus\u00e9e sous-marin)<br \/>\n<span style=\"color: #00ff00;\"><strong>\u2713<\/strong> <\/span>D\u00e9jeuner sur le bateau<\/p>\n<h3>\u00a0Non inclus :<\/h3>\n<p><strong><span style=\"color: #ff0000;\">\u2717<\/span> <\/strong>D\u00e9penses personnelles<br \/>\n<strong><span style=\"color: #ff0000;\">\u2717<\/span> <\/strong>Boissons<\/p>\n<h2>\ud83c\udf1f Points forts du circuit : plong\u00e9e sous-marine et snorkeling de ce c\u00f4t\u00e9<\/h2>\n<p>\ud83d\udd39 Explorez le plus grand mus\u00e9e sous-marin d'Europe<br \/>\n\ud83d\udd39 Deux plong\u00e9es guid\u00e9es par des instructeurs certifi\u00e9s<br \/>\n\ud83d\udd39 Parfait pour les d\u00e9butants et les plongeurs exp\u00e9riment\u00e9s<br \/>\n\ud83d\udd39 D\u00e9tente et d\u00e9jeuner \u00e0 bord entre les plong\u00e9es<br \/>\nTransfert gratuit depuis tous les h\u00f4tels de la r\u00e9gion<\/p>\n<h2>\ud83d\udcd6 Description compl\u00e8te : Votre exp\u00e9rience de plong\u00e9e sous-marine et de snorkeling \u00e0 vos c\u00f4t\u00e9s<\/h2>\n<p>Commencez votre journ\u00e9e par une prise en charge \u00e0 l'h\u00f4tel vers 09h00 et dirigez-vous vers Side Harbour. Apr\u00e8s l'embarquement, vous recevrez une formation compl\u00e8te et des instructions de s\u00e9curit\u00e9 de la part d'instructeurs professionnels. Profitez de deux plong\u00e9es au mus\u00e9e sous-marin - chaque plong\u00e9e dure 20 minutes pour les d\u00e9butants et jusqu'\u00e0 40 minutes pour les plongeurs certifi\u00e9s. Entre les plong\u00e9es, profitez d'un d\u00e9jeuner fra\u00eechement pr\u00e9par\u00e9 \u00e0 bord et d\u00e9tendez-vous au soleil. Apr\u00e8s la deuxi\u00e8me plong\u00e9e, retour au port et retour \u00e0 l'h\u00f4tel vers 16h00.<\/p>\n<h3>\ud83d\uddfa\ufe0f Itin\u00e9raire de la visite<\/h3>\n<p>\ud83d\udd39 09:00 - Prise en charge \u00e0 l'h\u00f4tel<br \/>\n\ud83d\udd39 Arriv\u00e9e \u00e0 Side Harbour et embarquement<br \/>\n\ud83d\udd39 Navigation vers le site de plong\u00e9e<br \/>\n\ud83d\udd39 Briefing sur la formation et la s\u00e9curit\u00e9<br \/>\n\ud83d\udd39 Premi\u00e8re plong\u00e9e (20-40 minutes)<br \/>\n\ud83d\udd39 D\u00e9jeuner sur le bateau<br \/>\n\ud83d\udd39 Deuxi\u00e8me plong\u00e9e (20-40 minutes)<br \/>\nRetour au port et d\u00e9p\u00f4t \u00e0 l'h\u00f4tel<\/p>\n<h3>\u2139\ufe0f Informations utiles<\/h3>\n<p>\ud83d\udd39 Disponible tous les jours<br \/>\n\ud83d\udd39 \u00c2ge minimum pour plonger : 14 ans<br \/>\n\ud83d\udd39 Les non-plongeurs peuvent s'inscrire \u00e0 moiti\u00e9 prix<br \/>\n\ud83d\udd39 Ne pas oublier : maillot de bain, serviette, cr\u00e8me solaire<\/p>\n<h2>\ud83c\udf92 Ce qu'il faut apporter<\/h2>\n<p>Maillot de bain et serviette de bain<br \/>\n\ud83d\udd39 Cr\u00e8me solaire et chapeau<br \/>\n\ud83d\udd39 V\u00eatements confortables<br \/>\n\ud83d\udd39 Un peu d'argent pour les extras<\/p>\n<h3>\ud83d\udeab Ne convient pas pour<\/h3>\n<p>\ud83d\udd39 Femmes enceintes<br \/>\n\ud83d\udd39 Les h\u00f4tes souffrant de graves probl\u00e8mes de dos ou de c\u0153ur<\/p>\n<h2 dir=\"ltr\">\ud83d\udcb8\u00a0<strong>Prix et r\u00e9servation<\/strong><\/h2>\n<p dir=\"ltr\"><strong>\ud83d\udd39 R\u00e9server maintenant, payer le jour de la visite<\/strong><br \/>\n\ud83d\udd39 Contactez-nous via WhatsApp, Telegram, Viber, ou remplissez le formulaire de r\u00e9servation ci-dessous. \ud83d\udc47\ud83c\udffc<\/p>\n<p>\u00c0 la recherche d'alternatives ? Parcourir <a href=\"https:\/\/excursionsworld.com\/fr\/excursions-a-side\/\">plus d'excursions<\/a>.<\/p>","protected":false},"excerpt":{"rendered":"<p>R\u00e9server le <b>Side Scuba Diving Tour<\/b>! Explore Europe&#8217;s largest <b>Underwater Museum<\/b> with two fully guided dives. Perfect <b>excursion<\/b> pour <b>d\u00e9butants<\/b> (min. 14 years). <b>Transfert inclus<\/b>.<\/p>","protected":false},"featured_media":12653,"comment_status":"open","ping_status":"closed","template":"","meta":[],"product_brand":[],"product_cat":[127],"product_tag":[122],"class_list":{"0":"post-15387","1":"product","2":"type-product","3":"status-publish","4":"has-post-thumbnail","6":"tour_phys-side-tours","7":"product_cat-side-tours","8":"product_tag-side","9":"pa_destination-side-tours","11":"first","12":"instock","13":"sale","14":"shipping-taxable","15":"purchasable","16":"product-type-tour_phys"},"aioseo_notices":[],"_links":{"self":[{"href":"https:\/\/excursionsworld.com\/fr\/wp-json\/wp\/v2\/product\/15387","targetHints":{"allow":["GET"]}}],"collection":[{"href":"https:\/\/excursionsworld.com\/fr\/wp-json\/wp\/v2\/product"}],"about":[{"href":"https:\/\/excursionsworld.com\/fr\/wp-json\/wp\/v2\/types\/product"}],"replies":[{"embeddable":true,"href":"https:\/\/excursionsworld.com\/fr\/wp-json\/wp\/v2\/comments?post=15387"}],"wp:featuredmedia":[{"embeddable":true,"href":"https:\/\/excursionsworld.com\/fr\/wp-json\/wp\/v2\/media\/12653"}],"wp:attachment":[{"href":"https:\/\/excursionsworld.com\/fr\/wp-json\/wp\/v2\/media?parent=15387"}],"wp:term":[{"taxonomy":"product_brand","embeddable":true,"href":"https:\/\/excursionsworld.com\/fr\/wp-json\/wp\/v2\/product_brand?post=15387"},{"taxonomy":"product_cat","embeddable":true,"href":"https:\/\/excursionsworld.com\/fr\/wp-json\/wp\/v2\/product_cat?post=15387"},{"taxonomy":"product_tag","embeddable":true,"href":"https:\/\/excursionsworld.com\/fr\/wp-json\/wp\/v2\/product_tag?post=15387"}],"curies":[{"name":"wp","href":"https:\/\/api.w.org\/{rel}","templated":true}]}}