{"id":15388,"date":"2025-10-26T20:17:47","date_gmt":"2025-10-26T17:17:47","guid":{"rendered":"https:\/\/excursionsworld.com\/?post_type=product&#038;p=15388"},"modified":"2026-04-23T05:59:42","modified_gmt":"2026-04-23T02:59:42","slug":"sapadere-canyon-riviere-dim-side","status":"publish","type":"product","link":"https:\/\/excursionsworld.com\/tours\/sapadere-canyon-dim-river-side\/","title":{"rendered":"Excursion au Canyon de Sapadere &amp; Rivi\u00e8re Dim depuis Side \u2013 Visite de la Grotte Dim"},"content":{"rendered":"<h2>\ud83c\udfdd\ufe0f Vue d'ensemble<\/h2>\n<p>\u00c9chappez \u00e0 la chaleur de l'\u00e9t\u00e9 et explorez les merveilles naturelles des monts Taurus gr\u00e2ce \u00e0 la <strong>Excursion au canyon de Sapadere et \u00e0 la rivi\u00e8re Dim depuis <a href=\"https:\/\/en.wikipedia.org\/wiki\/Side,_Turkey\" target=\"_blank\" rel=\"noopener\">Side<\/a><\/strong>. Cette aventure d'une journ\u00e9e enti\u00e8re vous emm\u00e8ne \u00e0 travers des paysages \u00e9poustouflants, des rivi\u00e8res cristallines et des canyons de montagne cach\u00e9s. C'est le moyen id\u00e9al de profiter de la nature, de se rafra\u00eechir et de se d\u00e9tendre loin de la c\u00f4te.<\/p>\n<h3>\u00a0Inclus :<\/h3>\n<p><strong><span style=\"color: #00ff00;\">\u2713<\/span> <\/strong>Prise en charge et retour \u00e0 l'h\u00f4tel\u00a0<br \/><strong><span style=\"color: #00ff00;\">\u2713<\/span> <\/strong>Service de guide professionnel<br \/><strong><span style=\"color: #00ff00;\">\u2713<\/span> <\/strong>Assurance compl\u00e8te<br \/><strong><span style=\"color: #00ff00;\">\u2713<\/span> <\/strong>D\u00e9jeuner \u00e0 Dim River<br \/><strong><span style=\"color: #00ff00;\">\u2713<\/span> <\/strong>Entr\u00e9e du canyon de Sapadere<\/p>\n<h3>\u00a0Non inclus :<\/h3>\n<p><strong><span style=\"color: #ff0000;\">\u2717 <\/span><\/strong>Entr\u00e9e \u00e0 la grotte de Dim (en option)<br \/><strong><span style=\"color: #ff0000;\">\u2717 <\/span><\/strong>Boissons<br \/><strong><span style=\"color: #ff0000;\">\u2717 <\/span><\/strong>D\u00e9penses personnelles (photos, souvenirs, etc.)<\/p>\n<h2>\ud83c\udf1f Points forts du circuit du canyon de Sapadere et de la rivi\u00e8re Dim<\/h2>\n<p>\ud83d\udd39 D\u00e9couvrir l'impressionnant <strong>Canyon de Sapadere<\/strong>, L'exp\u00e9rience de l'eau et de l'air est tr\u00e8s enrichissante, car elle permet de marcher le long d'une plate-forme en bois de 600 m\u00e8tres, \u00e0 c\u00f4t\u00e9 de cascades et de piscines naturelles.<br \/>\ud83d\udd39 Visite <strong>Dim Cave<\/strong>, Une merveille naturelle fascinante remplie de stalactites et de stalagmites.<br \/>\ud83d\udd39 D\u00e9tendez-vous et nagez dans les eaux fra\u00eeches de <strong>Rivi\u00e8re Dim<\/strong>, Les participants \u00e0 l'atelier ont pu profiter d'un d\u00e9licieux d\u00e9jeuner dans des tonnelles au bord de la rivi\u00e8re.<br \/>\ud83d\udd39 Une exp\u00e9rience de la nature amusante et familiale - parfaite pour se rafra\u00eechir et explorer les montagnes d'Alanya.<\/p>\n<h2>\ud83d\udcd6 Description compl\u00e8te : Votre Exp\u00e9rience du Canyon de Sapadere et de la Rivi\u00e8re Dim<\/h2>\n<p>Votre voyage commence par une prise en charge confortable \u00e0 votre h\u00f4tel de Side et un trajet panoramique vers les montagnes verdoyantes d'Alanya. Le premier arr\u00eat est <strong>Canyon de Sapadere<\/strong>, Les gorges de l'\u00eele d'Aarhus, une gorge \u00e0 couper le souffle o\u00f9 vous pourrez vous promener sur des sentiers en bois, admirer des cascades et m\u00eame vous rafra\u00eechir dans les eaux glac\u00e9es de la montagne. Ensuite, explorez la myst\u00e9rieuse <strong>Dim Cave<\/strong>, La ville est connue pour ses formations calcaires fascinantes et son atmosph\u00e8re fra\u00eeche.<br \/>Enfin, vous pourrez vous d\u00e9tendre \u00e0 <strong>Rivi\u00e8re Dim<\/strong>, Vous y d\u00e9jeunerez dans des gazebos flottants construits sur l'eau et vous vous baignerez avant de retourner \u00e0 votre h\u00f4tel.<\/p>\n<h3>\ud83d\uddfa\ufe0f Itin\u00e9raire de la visite<\/h3>\n<p>\ud83d\udd39 Prise en charge dans les h\u00f4tels de la r\u00e9gion de Side<br \/>\ud83d\udd39 Trajet panoramique en montagne et pause photo<br \/>\ud83d\udd39 Visite du canyon de Sapadere<br \/>\ud83d\udd39 Visite de la grotte de Dim (facultatif)<br \/>D\u00e9jeuner et pause baignade \u00e0 la rivi\u00e8re Dim<br \/>\ud83d\udd39 Transfert aller-retour vers les h\u00f4tels<\/p>\n<h3>\u2139\ufe0f Informations utiles<\/h3>\n<p>Dur\u00e9e : Environ 8 heures au total<br \/>\ud83d\udd39 Disponible tous les jours<br \/>\ud83d\udd39 V\u00e9hicules : Jeeps ou camionnettes \u00e0 toit ouvert pour des vues panoramiques.<br \/>\ud83d\udd39 Apportez : Maillot de bain, serviette, cr\u00e8me solaire et chaussures confortables.<\/p>\n<h2>\ud83c\udf92 Ce qu'il faut apporter<\/h2>\n<p>\ud83d\udd39 Chaussures de marche confortables<br \/>Maillot de bain et serviette de bain<br \/>Lunettes de soleil et cr\u00e8me solaire<br \/>\ud83d\udd39 Petite somme d'argent pour les boissons ou les d\u00e9penses personnelles<\/p>\n<h3>\ud83d\udeab Ne convient pas pour<\/h3>\n<p>\ud83d\udd39 Familles avec b\u00e9b\u00e9s<br \/>\ud83d\udd39 Les h\u00f4tes ayant des difficult\u00e9s de mobilit\u00e9 ou des probl\u00e8mes cardiaques<\/p>\n<h2 dir=\"ltr\">\ud83d\udcb8\u00a0<strong>Prix et r\u00e9servation<\/strong><\/h2>\n<p dir=\"ltr\"><strong>\ud83d\udd39 R\u00e9server maintenant, payer le jour de la visite<\/strong><br \/>\n\ud83d\udd39 Contactez-nous via WhatsApp, Telegram, Viber, ou remplissez le formulaire de r\u00e9servation ci-dessous. \ud83d\udc47\ud83c\udffc<\/p>\n<p>\u00c0 la recherche d'alternatives ? Parcourir <a href=\"https:\/\/excursionsworld.com\/fr\/urun-kategori\/excursions-a-side\/\">plus d'excursions<\/a>.<\/p>","protected":false},"excerpt":{"rendered":"<p>R\u00e9server le <b>Tour du canyon de Sapadere<\/b>! Profitez d'une nature <b>excursion<\/b> au canyon et <b>Rivi\u00e8re Dim<\/b> avec <b>d\u00e9jeuner<\/b> et la natation. Journ\u00e9e enti\u00e8re <b>voyage<\/b> avec <b>transfert inclus<\/b>.<\/p>","protected":false},"featured_media":15203,"comment_status":"open","ping_status":"closed","template":"","meta":[],"product_brand":[],"product_cat":[127],"product_tag":[122],"class_list":{"0":"post-15388","1":"product","2":"type-product","3":"status-publish","4":"has-post-thumbnail","6":"tour_phys-side-tours","7":"product_cat-side-tours","8":"product_tag-side","9":"pa_destination-side-tours","11":"first","12":"instock","13":"sale","14":"shipping-taxable","15":"purchasable","16":"product-type-tour_phys"},"aioseo_notices":[],"_links":{"self":[{"href":"https:\/\/excursionsworld.com\/fr\/wp-json\/wp\/v2\/product\/15388","targetHints":{"allow":["GET"]}}],"collection":[{"href":"https:\/\/excursionsworld.com\/fr\/wp-json\/wp\/v2\/product"}],"about":[{"href":"https:\/\/excursionsworld.com\/fr\/wp-json\/wp\/v2\/types\/product"}],"replies":[{"embeddable":true,"href":"https:\/\/excursionsworld.com\/fr\/wp-json\/wp\/v2\/comments?post=15388"}],"wp:featuredmedia":[{"embeddable":true,"href":"https:\/\/excursionsworld.com\/fr\/wp-json\/wp\/v2\/media\/15203"}],"wp:attachment":[{"href":"https:\/\/excursionsworld.com\/fr\/wp-json\/wp\/v2\/media?parent=15388"}],"wp:term":[{"taxonomy":"product_brand","embeddable":true,"href":"https:\/\/excursionsworld.com\/fr\/wp-json\/wp\/v2\/product_brand?post=15388"},{"taxonomy":"product_cat","embeddable":true,"href":"https:\/\/excursionsworld.com\/fr\/wp-json\/wp\/v2\/product_cat?post=15388"},{"taxonomy":"product_tag","embeddable":true,"href":"https:\/\/excursionsworld.com\/fr\/wp-json\/wp\/v2\/product_tag?post=15388"}],"curies":[{"name":"wp","href":"https:\/\/api.w.org\/{rel}","templated":true}]}}