{"id":15389,"date":"2025-10-26T20:19:06","date_gmt":"2025-10-26T17:19:06","guid":{"rendered":"https:\/\/excursionsworld.com\/?post_type=product&#038;p=15389"},"modified":"2026-04-24T00:20:54","modified_gmt":"2026-04-23T21:20:54","slug":"green-canyon-jeep-safari-side","status":"publish","type":"product","link":"https:\/\/excursionsworld.com\/tours\/green-canyon-jeep-safari-side\/","title":{"rendered":"Safari en Jeep au Green Canyon depuis Side \u2013 Aventure 4x4 Exclusive"},"content":{"rendered":"<h2>\ud83c\udfde\ufe0f Vue d'ensemble<\/h2>\n<p>Rejoindre le <strong>Excursion en Jeep Safari \u00e0 Green Canyon depuis <a href=\"https:\/\/en.wikipedia.org\/wiki\/Side,_Turkey\" target=\"_blank\" rel=\"noopener\">Side<\/a><\/strong> et de vivre une journ\u00e9e enti\u00e8re de <strong>la nature, l'aventure et le plaisir<\/strong>! Voyagez \u00e0 travers les magnifiques <strong>Barrage d'Oymap\u0131nar (Green Canyon)<\/strong> et le <strong>Monts Taurus<\/strong> dans des jeeps Land Rover \u00e0 toit ouvert et des bus cabrio. Ce circuit tout-terrain est id\u00e9al pour ceux qui recherchent un m\u00e9lange de sensations fortes, de paysages magnifiques et de culture locale.<\/p>\n<h3>Inclus :<\/h3>\n<p><span style=\"color: #00ff00;\"><strong>\u2713<\/strong><\/span> Prise en charge et retour \u00e0 l'h\u00f4tel\u00a0<br \/><span style=\"color: #00ff00;\"><strong>\u2713 <\/strong><\/span>Guide professionnel<br \/><span style=\"color: #00ff00;\"><strong>\u2713 <\/strong><\/span>Safari en jeep tout-terrain<br \/><span style=\"color: #00ff00;\"><strong>\u2713 <\/strong><\/span>Excursion d'une heure en bateau sur le lac Green<br \/><span style=\"color: #00ff00;\"><strong>\u2713 <\/strong><\/span>D\u00e9jeuner dans un restaurant au bord du lac<br \/><span style=\"color: #00ff00;\"><strong>\u2713 <\/strong><\/span>Assurance<\/p>\n<h3>Non inclus :<\/h3>\n<p><span style=\"color: #ff0000;\"><strong>\u2717<\/strong><\/span> Boissons<br \/><span style=\"color: #ff0000;\"><strong>\u2717 <\/strong><\/span>D\u00e9penses personnelles<br \/><span style=\"color: #ff0000;\"><strong>\u2717 <\/strong><\/span>Photos et vid\u00e9os<\/p>\n<h2>\ud83c\udf1f Points forts du safari en Jeep dans ce Green Canyon<\/h2>\n<p>\ud83d\udd39 Safari hors route passionnant dans les montagnes du Taurus<br \/>\ud83d\udd39 Excursion relaxante d'une heure en bateau sur le lac Vert<br \/>\ud83d\udd39 Visite d'un village nomade turc et de jardins fruitiers<br \/>\ud83d\udd39 Points de vue panoramiques sur la M\u00e9diterran\u00e9e et le canyon<br \/>\ud83d\udd39 Temps libre pour nager ou faire du cano\u00eb dans le lac<br \/>\ud83d\udd39 Id\u00e9al pour les familles, les couples et les amateurs d'aventure<\/p>\n<h2>\ud83d\udcd6 Description compl\u00e8te : Votre exp\u00e9rience Jeep Safari dans le Green Canyon<\/h2>\n<div>Votre <strong>Safari en Jeep du Canyon Vert depuis le c\u00f4t\u00e9<\/strong> Le voyage commence par une prise en charge confortable \u00e0 votre h\u00f4tel, suivie d'un trajet pittoresque jusqu'\u00e0 l'auberge de jeunesse. <strong>Barrage d'Oymap\u0131nar<\/strong>, L'un des plus beaux sites naturels de la r\u00e9gion. L'aventure commence par une <strong>voyage hors route<\/strong> par le biais de la <strong>les montagnes du Taurus couvertes de pins<\/strong>, avec des pauses photos \u00e0 l'adresse suivante <strong>aqueducs romains antiques<\/strong> et une visite \u00e0 un <strong>village nomade traditionnel<\/strong>, Vous y d\u00e9couvrirez des jardins fruitiers et un aper\u00e7u de la vie rurale turque. \u00c0 midi, vous d\u00e9gusterez un <strong>d\u00e9licieux d\u00e9jeuner<\/strong> dans un restaurant au bord du lac avec une vue panoramique sur la ville. <strong>lac \u00e9meraude-vert<\/strong>. Ensuite, d\u00e9tendez-vous avec un <strong>Excursion en bateau d'une heure<\/strong> sur les eaux calmes du lac Vert, entour\u00e9 d'un paysage de montagnes \u00e0 couper le souffle. Apr\u00e8s la croisi\u00e8re, vous aurez du temps libre pour <strong>nager, faire du cano\u00eb ou simplement se d\u00e9tendre<\/strong> avant d'entamer la deuxi\u00e8me partie de votre <strong>aventure tout-terrain<\/strong>. La journ\u00e9e se termine par un trajet confortable vers votre h\u00f4tel \u00e0 Side.<\/div>\n<h3>\ud83d\uddfa\ufe0f Itin\u00e9raire de la visite<\/h3>\n<p>\ud83d\udd39 Prise en charge \u00e0 partir des h\u00f4tels de Side et Manavgat<br \/>\ud83d\udd39 Conduite vers le Green Canyon en jeep \u00e0 toit ouvert<br \/>\ud83d\udd39 Premier tron\u00e7on hors route et arr\u00eat photo aux aqueducs romains<br \/>\ud83d\udd39 Visite d'un village nomade, de jardins fruitiers et d'un mini zoo<br \/>\ud83d\udd39 Point de vue panoramique sur la M\u00e9diterran\u00e9e<br \/>D\u00e9jeuner dans un restaurant au bord du lac<br \/>\ud83d\udd39 Excursion d'une heure en bateau sur le lac Green<br \/>\ud83d\udd39 Temps libre pour la natation ou le cano\u00eb-kayak<br \/>\ud83d\udd39 Deuxi\u00e8me section hors route<br \/>\ud83d\udd39 Transfert aller-retour vers les h\u00f4tels<\/p>\n<h3>\u2139\ufe0f Informations utiles<\/h3>\n<p>Dur\u00e9e : environ 7-8 heures<br \/>\ud83d\udd39 Convient aux familles et aux amateurs d'aventure<br \/>\ud83d\udd39 Guides anglophones<br \/>\ud83d\udd39 Apportez un maillot de bain si vous pr\u00e9voyez de vous baigner<br \/>\ud83d\udd39 Les enfants de moins de 5 ans voyagent gratuitement mais partagent un si\u00e8ge dans le bus<\/p>\n<h2>\ud83c\udf92 Ce qu'il faut apporter<\/h2>\n<p>Maillot de bain et serviette de bain<br \/>\ud83d\udd39 Cr\u00e8me solaire et lunettes de soleil<br \/>\ud83d\udd39 Chapeau ou casquette<br \/>Appareil photo ou t\u00e9l\u00e9phone<br \/>\ud83d\udd39 Petite somme d'argent pour les boissons ou les souvenirs<\/p>\n<h3>\ud83d\udeab Ne convient pas pour<\/h3>\n<p>\ud83d\udd39 Les h\u00f4tes ayant des probl\u00e8mes de dos ou de cou<br \/>\ud83d\udd39 Femmes enceintes<\/p>\n<h2 dir=\"ltr\">\ud83d\udcb8\u00a0<strong>Prix et r\u00e9servation<\/strong><\/h2>\n<p dir=\"ltr\"><strong>\ud83d\udd39 R\u00e9server maintenant, payer le jour de la visite<\/strong><br \/>\n\ud83d\udd39 Contactez-nous via WhatsApp, Telegram, Viber, ou remplissez le formulaire de r\u00e9servation ci-dessous. \ud83d\udc47\ud83c\udffc<\/p>\n<p>\u00c0 la recherche d'alternatives ? Parcourir <a href=\"https:\/\/excursionsworld.com\/fr\/excursions-a-side\/\">plus d'excursions<\/a>.<\/p>","protected":false},"excerpt":{"rendered":"<p data-start=\"2736\" data-end=\"2976\">Rejoindre le camp<strong data-start=\"2781\" data-end=\"2807\">\u00a0Safari en jeep<\/strong> et explorez les montagnes du Taurus \u00e0 bord de puissantes jeeps 4\u00d74. Visitez des villages de montagne, nagez dans des rivi\u00e8res, profitez d'un d\u00e9jeuner barbecue et vivez une journ\u00e9e compl\u00e8te d'aventure et de nature !<\/p>","protected":false},"featured_media":15297,"comment_status":"open","ping_status":"closed","template":"","meta":[],"product_brand":[],"product_cat":[127],"product_tag":[122],"class_list":{"0":"post-15389","1":"product","2":"type-product","3":"status-publish","4":"has-post-thumbnail","6":"tour_phys-side-tours","7":"product_cat-side-tours","8":"product_tag-side","9":"pa_destination-side-tours","11":"first","12":"instock","13":"sale","14":"shipping-taxable","15":"purchasable","16":"product-type-tour_phys"},"aioseo_notices":[],"_links":{"self":[{"href":"https:\/\/excursionsworld.com\/fr\/wp-json\/wp\/v2\/product\/15389","targetHints":{"allow":["GET"]}}],"collection":[{"href":"https:\/\/excursionsworld.com\/fr\/wp-json\/wp\/v2\/product"}],"about":[{"href":"https:\/\/excursionsworld.com\/fr\/wp-json\/wp\/v2\/types\/product"}],"replies":[{"embeddable":true,"href":"https:\/\/excursionsworld.com\/fr\/wp-json\/wp\/v2\/comments?post=15389"}],"wp:featuredmedia":[{"embeddable":true,"href":"https:\/\/excursionsworld.com\/fr\/wp-json\/wp\/v2\/media\/15297"}],"wp:attachment":[{"href":"https:\/\/excursionsworld.com\/fr\/wp-json\/wp\/v2\/media?parent=15389"}],"wp:term":[{"taxonomy":"product_brand","embeddable":true,"href":"https:\/\/excursionsworld.com\/fr\/wp-json\/wp\/v2\/product_brand?post=15389"},{"taxonomy":"product_cat","embeddable":true,"href":"https:\/\/excursionsworld.com\/fr\/wp-json\/wp\/v2\/product_cat?post=15389"},{"taxonomy":"product_tag","embeddable":true,"href":"https:\/\/excursionsworld.com\/fr\/wp-json\/wp\/v2\/product_tag?post=15389"}],"curies":[{"name":"wp","href":"https:\/\/api.w.org\/{rel}","templated":true}]}}