{"id":15392,"date":"2025-10-26T20:25:10","date_gmt":"2025-10-26T17:25:10","guid":{"rendered":"https:\/\/excursionsworld.com\/?post_type=product&#038;p=15392"},"modified":"2025-12-18T19:07:00","modified_gmt":"2025-12-18T16:07:00","slug":"pamukkale-salda-lac-side","status":"publish","type":"product","link":"https:\/\/excursionsworld.com\/tours\/pamukkale-salda-lake-side\/","title":{"rendered":"Excursion \u00e0 Pamukkale et Lac Salda depuis Side \u2013 Journ\u00e9e Enti\u00e8re"},"content":{"rendered":"<h3 data-start=\"245\" data-end=\"264\"><span style=\"color: #000000;\"><strong>\ud83c\udfdd\ufe0f Vue d'ensemble<\/strong><\/span><\/h3>\n<p data-start=\"265\" data-end=\"643\">Participez \u00e0 une excursion d'une journ\u00e9e au d\u00e9part de <strong data-start=\"291\" data-end=\"299\">Side<\/strong> pour d\u00e9couvrir la beaut\u00e9 \u00e0 couper le souffle de <strong data-start=\"338\" data-end=\"351\">Pamukkale<\/strong> et le turquoise <strong data-start=\"370\" data-end=\"384\">Lac de Salda<\/strong>! Marchez sur les terrasses de travertin blanc de Pamukkale, visitez l'ancienne cit\u00e9 de <strong data-start=\"459\" data-end=\"473\">Hi\u00e9rapolis<\/strong>, Les Maldives turques sont le lieu de pr\u00e9dilection des touristes pour se d\u00e9tendre. Ce circuit tout compris inclut le petit-d\u00e9jeuner, le d\u00e9jeuner, le d\u00eener et les transferts \u00e0 l'h\u00f4tel - un m\u00e9lange parfait de nature, d'histoire et de confort.<\/p>\n<h3 data-start=\"645\" data-end=\"660\"><span style=\"color: #000000;\"><strong>Inclus :<\/strong><\/span><\/h3>\n<p data-start=\"661\" data-end=\"839\"><span style=\"color: #00ff00;\"><strong>\u2713<\/strong><\/span> Prise en charge et retour \u00e0 l'h\u00f4tel<br data-start=\"688\" data-end=\"691\" \/><span style=\"color: #00ff00;\"><strong>\u2713 <\/strong><\/span>Bus climatis\u00e9<br data-start=\"712\" data-end=\"715\" \/><span style=\"color: #00ff00;\"><strong>\u2713 <\/strong><\/span>Frais d'entr\u00e9e \u00e0 Pamukkale et Hierapolis<br data-start=\"758\" data-end=\"761\" \/><span style=\"color: #00ff00;\"><strong>\u2713 <\/strong><\/span>Guide anglophone<br data-start=\"785\" data-end=\"788\" \/><span style=\"color: #00ff00;\"><strong>\u2713 <\/strong><\/span>Assurance compl\u00e8te<br data-start=\"804\" data-end=\"807\" \/><span style=\"color: #00ff00;\"><strong>\u2713 <\/strong><\/span>Petit-d\u00e9jeuner, d\u00e9jeuner et d\u00eener<\/p>\n<h3 data-start=\"841\" data-end=\"860\"><span style=\"color: #000000;\"><strong>Non inclus :<\/strong><\/span><\/h3>\n<p data-start=\"861\" data-end=\"926\"><span style=\"color: #ff0000;\"><strong>\u2717<\/strong> <\/span>Entr\u00e9e de la piscine de Cl\u00e9op\u00e2tre<br data-start=\"891\" data-end=\"894\" \/><span style=\"color: #ff0000;\"><strong>\u2717<\/strong> <\/span>D\u00e9penses personnelles<br data-start=\"913\" data-end=\"916\" \/><span style=\"color: #ff0000;\"><strong>\u2717<\/strong> <\/span>Boissons<\/p>\n<h3 data-start=\"928\" data-end=\"953\"><span style=\"color: #000000;\"><strong>\ud83c\udf1f Points forts de la visite<\/strong><\/span><\/h3>\n<p data-start=\"954\" data-end=\"1241\">\ud83d\udd39 Marcher pieds nus sur les terrasses enneig\u00e9es de Pamukkale<br data-start=\"1005\" data-end=\"1008\" \/>\ud83d\udd39 D\u00e9couverte des ruines antiques de Hi\u00e9rapolis et de son th\u00e9\u00e2tre romain<br data-start=\"1073\" data-end=\"1076\" \/>\ud83d\udd39 Se d\u00e9tendre dans des piscines thermales aux eaux bienfaisantes<br data-start=\"1121\" data-end=\"1124\" \/>\ud83d\udd39 Visite du lac turquoise de Salda, surnomm\u00e9 les \u201cMaldives\u201d de la Turquie\u201d<br data-start=\"1188\" data-end=\"1191\" \/>\ud83d\udd39 Savourer de d\u00e9licieux repas turcs pendant le voyage<\/p>\n<h3 data-start=\"1243\" data-end=\"1269\"><span style=\"color: #000000;\"><strong>\ud83d\udcd6 Description compl\u00e8te<\/strong><\/span><\/h3>\n<p data-start=\"1270\" data-end=\"1587\">Commencez votre voyage inoubliable t\u00f4t dans la matin\u00e9e, avec une prise en charge \u00e0 votre h\u00f4tel. <strong data-start=\"1346\" data-end=\"1360\">H\u00f4tel secondaire<\/strong>. Profitez d'un petit d\u00e9jeuner savoureux en chemin, alors que vous traversez une campagne magnifique. \u00c0 l'arriv\u00e9e \u00e0 Pamukkale, explorez les c\u00e9l\u00e8bres terrasses de calcium blanc et les ruines de Hierapolis, autrefois ville thermale de l'Empire romain. Vous verrez l'amphith\u00e9\u00e2tre antique, le temple d'Apollon et la n\u00e9cropole. Ceux qui le souhaitent peuvent se baigner dans la piscine de Cl\u00e9op\u00e2tre (en option, avec suppl\u00e9ment). Plus tard, vous vous rendrez \u00e0 <strong data-start=\"1753\" data-end=\"1767\">Lac de Salda<\/strong>, L'eau turquoise cristalline et le sable blanc sont des merveilles de la nature. Apr\u00e8s avoir admir\u00e9 le paysage et pris des photos, vous d\u00eenerez avant de retourner confortablement \u00e0 Side.<\/p>\n<h3 data-start=\"1953\" data-end=\"1978\"><span style=\"color: #000000;\"><strong>\ud83d\uddfa\ufe0f Itin\u00e9raire de la visite<\/strong><\/span><\/h3>\n<p data-start=\"1979\" data-end=\"2278\">\ud83d\udd39 Prise en charge \u00e0 partir des h\u00f4tels \u00e0 Side<br data-start=\"2008\" data-end=\"2011\" \/>\ud83d\udd39 Breakfast on the way<br data-start=\"2034\" data-end=\"2037\" \/>\ud83d\udd39 Route vers Pamukkale<br data-start=\"2058\" data-end=\"2061\" \/>\ud83d\udd39 Pause d\u00e9jeuner<br data-start=\"2075\" data-end=\"2078\" \/>\ud83d\udd39 Visite des travertins de Pamukkale et des ruines de Hierapolis<br data-start=\"2129\" data-end=\"2132\" \/>Temps libre pour la piscine de Cl\u00e9op\u00e2tre (facultatif)<br data-start=\"2176\" data-end=\"2179\" \/>\ud83d\udd39 Visite du lac Salda pour le tourisme et les photos<br data-start=\"2228\" data-end=\"2231\" \/>\ud83d\udd39 Pause d\u00eener<br data-start=\"2246\" data-end=\"2249\" \/>\ud83d\udd39 Retour aux h\u00f4tels de Side<\/p>\n<h3 data-start=\"2280\" data-end=\"2308\"><span style=\"color: #000000;\"><strong>\u2139\ufe0f Informations utiles<\/strong><\/span><\/h3>\n<p data-start=\"2309\" data-end=\"2470\">Dur\u00e9e : environ 12 heures<br data-start=\"2336\" data-end=\"2339\" \/>\ud83d\udd39 L'itin\u00e9raire peut \u00eatre modifi\u00e9 en fonction des conditions m\u00e9t\u00e9orologiques.<br data-start=\"2383\" data-end=\"2386\" \/>\ud83d\udd39 Marche mod\u00e9r\u00e9e n\u00e9cessaire<br data-start=\"2414\" data-end=\"2417\" \/>\ud83d\udd39 Les enfants de moins de 5 ans sont gratuits (si\u00e8ge partag\u00e9 s'il est plein)<\/p>\n<h3 data-start=\"2472\" data-end=\"2495\"><span style=\"color: #000000;\"><strong>\ud83c\udf92 Ce qu'il faut apporter<\/strong><\/span><\/h3>\n<p data-start=\"2496\" data-end=\"2615\">\ud83d\udd39 Pi\u00e8ce d'identit\u00e9 ou passeport<br data-start=\"2513\" data-end=\"2516\" \/>\ud83d\udd39 Chaussures confortables<br data-start=\"2536\" data-end=\"2539\" \/>Chapeau, lunettes de soleil, cr\u00e8me solaire<br data-start=\"2568\" data-end=\"2571\" \/>Maillot de bain et serviette de bain<br data-start=\"2592\" data-end=\"2595\" \/>\ud83d\udd39 Argent liquide pour les extras<\/p>\n<h3 data-start=\"2617\" data-end=\"2643\"><span style=\"color: #000000;\"><strong>\ud83d\udeab Ne convient pas pour<\/strong><\/span><\/h3>\n<p data-start=\"2644\" data-end=\"2720\">\ud83d\udd39 Personnes \u00e0 mobilit\u00e9 r\u00e9duite<br data-start=\"2675\" data-end=\"2678\" \/>\ud83d\udd39 Les personnes souffrant de troubles m\u00e9dicaux graves<\/p>\n<h3 dir=\"ltr\">\ud83d\udcb8\u00a0<strong>Prix et r\u00e9servation<\/strong><\/h3>\n<p dir=\"ltr\"><strong>\ud83d\udd39 R\u00e9server maintenant, payer le jour de la visite<\/strong><br \/>\n\ud83d\udd39 Contactez-nous via WhatsApp, Telegram, Viber, ou remplissez le formulaire de r\u00e9servation ci-dessous. \ud83d\udc47\ud83c\udffc<\/p>","protected":false},"excerpt":{"rendered":"<p>R\u00e9server le <b>Visite guid\u00e9e de Pamukkale<\/b>! Visite des ruines de Hierapolis et du lac Salda. Journ\u00e9e enti\u00e8re <b>excursion<\/b> avec des sources thermales, des repas et des <b>excursion d'une journ\u00e9e<\/b>.<\/p>","protected":false},"featured_media":14072,"comment_status":"open","ping_status":"closed","template":"","meta":[],"product_brand":[],"product_cat":[127],"product_tag":[122],"class_list":{"0":"post-15392","1":"product","2":"type-product","3":"status-publish","4":"has-post-thumbnail","6":"tour_phys-side-tours","7":"product_cat-side-tours","8":"product_tag-side","9":"pa_destination-side-tours","11":"first","12":"instock","13":"sale","14":"shipping-taxable","15":"purchasable","16":"product-type-tour_phys"},"aioseo_notices":[],"_links":{"self":[{"href":"https:\/\/excursionsworld.com\/fr\/wp-json\/wp\/v2\/product\/15392","targetHints":{"allow":["GET"]}}],"collection":[{"href":"https:\/\/excursionsworld.com\/fr\/wp-json\/wp\/v2\/product"}],"about":[{"href":"https:\/\/excursionsworld.com\/fr\/wp-json\/wp\/v2\/types\/product"}],"replies":[{"embeddable":true,"href":"https:\/\/excursionsworld.com\/fr\/wp-json\/wp\/v2\/comments?post=15392"}],"wp:featuredmedia":[{"embeddable":true,"href":"https:\/\/excursionsworld.com\/fr\/wp-json\/wp\/v2\/media\/14072"}],"wp:attachment":[{"href":"https:\/\/excursionsworld.com\/fr\/wp-json\/wp\/v2\/media?parent=15392"}],"wp:term":[{"taxonomy":"product_brand","embeddable":true,"href":"https:\/\/excursionsworld.com\/fr\/wp-json\/wp\/v2\/product_brand?post=15392"},{"taxonomy":"product_cat","embeddable":true,"href":"https:\/\/excursionsworld.com\/fr\/wp-json\/wp\/v2\/product_cat?post=15392"},{"taxonomy":"product_tag","embeddable":true,"href":"https:\/\/excursionsworld.com\/fr\/wp-json\/wp\/v2\/product_tag?post=15392"}],"curies":[{"name":"wp","href":"https:\/\/api.w.org\/{rel}","templated":true}]}}