{"id":15393,"date":"2025-10-26T20:26:15","date_gmt":"2025-10-26T17:26:15","guid":{"rendered":"https:\/\/excursionsworld.com\/?post_type=product&#038;p=15393"},"modified":"2026-04-24T00:20:55","modified_gmt":"2026-04-23T21:20:55","slug":"demre-myra-kekova-side","status":"publish","type":"product","link":"https:\/\/excursionsworld.com\/tours\/demre-myra-kekova-side\/","title":{"rendered":"Excursion \u00e0 Demre, Myra et Kekova depuis Side \u2013 \u00c9glise Saint-Nicolas"},"content":{"rendered":"<h2><span style=\"color: #000000;\"><strong>\ud83c\udfdd\ufe0f Vue d'ensemble<\/strong><\/span><\/h2>\n<p>Embarquez pour une excursion inoubliable d'une journ\u00e9e enti\u00e8re au d\u00e9part de <strong>Side<\/strong> \u00e0 l'ancienne r\u00e9gion de <strong>Lycie<\/strong>! Naviguez sur le <strong>ville engloutie de Kekova<\/strong> sur un yacht \u00e0 fond de verre, explorer les <strong>tombes rupestres de Myra<\/strong>, et visiter <strong>\u00c9glise Saint-Nicolas<\/strong> dans <a href=\"https:\/\/en.wikipedia.org\/wiki\/Demre\" target=\"_blank\" rel=\"noopener\">Demre<\/a> \u2014 la demeure l\u00e9gendaire du P\u00e8re No\u00ebl. Cette visite m\u00eale parfaitement <strong>histoire, culture et beaut\u00e9 m\u00e9diterran\u00e9enne<\/strong>, Il est donc id\u00e9al pour les familles et les explorateurs.<\/p>\n<h3>\u00a0<span style=\"color: #000000;\"><strong>Inclus<\/strong><\/span>:<\/h3>\n<p><strong><span style=\"color: #00ff00;\">\u2713<\/span> <\/strong>Prise en charge et retour \u00e0 l'h\u00f4tel (r\u00e9gion de Side et Manavgat)<br \/><strong><span style=\"color: #00ff00;\">\u2713<\/span> <\/strong>Bus confortable et climatis\u00e9<br \/><strong><span style=\"color: #00ff00;\">\u2713<\/span> <\/strong>Croisi\u00e8re en yacht \u00e0 fond de verre<br \/><strong><span style=\"color: #00ff00;\">\u2713<\/span> <\/strong>Frais d'entr\u00e9e \u00e0 Myra<br \/><strong><span style=\"color: #00ff00;\">\u2713<\/span> <\/strong>Guide professionnel anglophone<br \/><strong><span style=\"color: #00ff00;\">\u2713<\/span> <\/strong>Assurance compl\u00e8te<br \/><strong><span style=\"color: #00ff00;\">\u2713<\/span> <\/strong>D\u00e9jeuner dans un restaurant local<\/p>\n<h3><span style=\"color: #000000;\"><strong>\u00a0Non inclus :<\/strong><\/span><\/h3>\n<p><strong><span style=\"color: #ff0000;\">\u2717<\/span> <\/strong>Entr\u00e9e \u00e0 l'\u00e9glise Saint-Nicolas (facultatif)<br \/><strong><span style=\"color: #ff0000;\">\u2717<\/span> <\/strong>D\u00e9penses personnelles<br \/><strong><span style=\"color: #ff0000;\">\u2717<\/span> <\/strong>Photos et vid\u00e9os<br \/><strong><span style=\"color: #ff0000;\">\u2717<\/span> <\/strong>Boissons<\/p>\n<h2><span style=\"color: #000000;\"><strong>\ud83c\udf1f Points forts de la visite<\/strong><\/span><\/h2>\n<p>\ud83d\udd39 Route panoramique de Side le long de la c\u00f4te m\u00e9diterran\u00e9enne<br \/>\ud83d\udd39 Croisi\u00e8re sur la cit\u00e9 engloutie de Kekova \u00e0 bord d'un yacht \u00e0 fond de verre<br \/>\ud83d\udd39 Exploration des tombes rupestres et du th\u00e9\u00e2tre romain \u00e0 Myra<br \/>\ud83d\udd39 Visite de l'\u00e9glise Saint-Nicolas \u00e0 Demre - le lieu de naissance de la l\u00e9gende du P\u00e8re No\u00ebl<br \/>\ud83d\udd39 Nager dans les eaux turquoises de la M\u00e9diterran\u00e9e<br \/>\ud83d\udd39 Admirer la vue sur le ch\u00e2teau de Simena depuis le yacht<\/p>\n<h2><span style=\"color: #000000;\"><strong>\ud83d\udcd6 Description compl\u00e8te<\/strong><\/span><\/h2>\n<p>Votre aventure lycienne commence par une prise en charge matinale depuis votre h\u00f4tel \u00e0 <strong>Side<\/strong>. Profitez d'un trajet relaxant le long de la magnifique c\u00f4te en direction de <strong>Demre et Myra<\/strong>, deux des sites historiques les plus fascinants de Turquie. Le voyage commence \u00e0 <strong>Myra<\/strong>, o\u00f9 vous verrez d'impressionnants <strong>Tombes lyciennes taill\u00e9es dans le roc<\/strong> et d'une pi\u00e8ce remarquablement bien conserv\u00e9e <strong>Th\u00e9\u00e2tre romain<\/strong>. Poursuivre <strong>\u00c9glise Saint-Nicolas<\/strong>, Il a \u00e9t\u00e9 construit en l'honneur de l'\u00e9v\u00eaque bien-aim\u00e9 qui a inspir\u00e9 la l\u00e9gende du P\u00e8re No\u00ebl. Ensuite, vous pourrez profiter d'un <strong>d\u00e9jeuner traditionnel turc<\/strong> dans un restaurant local. Ensuite, rendez-vous \u00e0 <strong>Port de \u00c7aya\u011fz\u0131<\/strong> et monter \u00e0 bord d'un <strong>yacht \u00e0 fond de verre<\/strong> pour une croisi\u00e8re de 2,5 heures vers <strong>\u00cele de Kekova<\/strong>. D\u00e9couvrez les ruines myst\u00e9rieuses de la <strong>ville engloutie<\/strong> sous la mer d'un bleu limpide, nager dans une baie paisible et admirer les <strong>Ch\u00e2teau de Simena<\/strong> s'\u00e9levant au-dessus de la c\u00f4te. Apr\u00e8s une journ\u00e9e incroyable d'histoire, de culture et de nature, vous serez confortablement transf\u00e9r\u00e9 \u00e0 votre h\u00f4tel \u00e0 Side.<\/p>\n<h3><span style=\"color: #000000;\"><strong>\ud83d\uddfa\ufe0f Itin\u00e9raire de la visite<\/strong><\/span><\/h3>\n<p>\ud83d\udd39 Prise en charge \u00e0 partir des h\u00f4tels de Side et Manavgat<br \/>\ud83d\udd39 Visite des tombes rupestres de Myra et du th\u00e9\u00e2tre romain<br \/>Visite de l'\u00e9glise Saint-Nicolas (entr\u00e9e facultative)<br \/>D\u00e9jeuner dans un restaurant local<br \/>\ud83d\udd39 Croisi\u00e8re en yacht \u00e0 fond de verre \u00e0 Kekova<br \/>Arr\u00eat baignade et visites touristiques<br \/>Transfert aller-retour vers les h\u00f4tels de la r\u00e9gion<\/p>\n<h3><span style=\"color: #000000;\"><strong>\u2139\ufe0f Informations utiles<\/strong><\/span><\/h3>\n<p>Dur\u00e9e : environ 9-10 heures<br \/>\ud83d\udd39 L'itin\u00e9raire peut varier en fonction des conditions m\u00e9t\u00e9orologiques ou maritimes.<br \/>\ud83d\udd39 Les enfants de moins de 6 ans voyagent gratuitement mais partagent un si\u00e8ge si le bus est plein.<\/p>\n<h2><span style=\"color: #000000;\"><strong>\ud83c\udf92 Ce qu'il faut apporter<\/strong><\/span><\/h2>\n<p>\ud83d\udd39 Chaussures de marche confortables<br \/>Lunettes de soleil et cr\u00e8me solaire<br \/>Maillot de bain et serviette de bain<br \/>\ud83d\udd39 Argent liquide pour les d\u00e9penses personnelles<\/p>\n<h3><span style=\"color: #000000;\"><strong>\ud83d\udeab Ne convient pas pour<\/strong><\/span><\/h3>\n<p>\ud83d\udd39 Personnes \u00e0 mobilit\u00e9 r\u00e9duite<br \/>\ud83d\udd39 Voyageurs souffrant de troubles m\u00e9dicaux graves<\/p>\n<h2 dir=\"ltr\">\ud83d\udcb8\u00a0<strong>Prix et r\u00e9servation<\/strong><\/h2>\n<p dir=\"ltr\"><strong>\ud83d\udd39 R\u00e9server maintenant, payer le jour de la visite<\/strong><br \/>\n\ud83d\udd39 Contactez-nous via WhatsApp, Telegram, Viber, ou remplissez le formulaire de r\u00e9servation ci-dessous. \ud83d\udc47\ud83c\udffc<\/p>\n<p>\u00c0 la recherche d'alternatives ? Parcourir <a href=\"https:\/\/excursionsworld.com\/fr\/excursions-a-side\/\">plus d'excursions \u00e0 Demre<\/a>.<\/p>","protected":false},"excerpt":{"rendered":"<p>R\u00e9server l'histoire <b>excursion<\/b> de <b>Side<\/b>! Journ\u00e9e enti\u00e8re <b>voyage<\/b> aux tombes de Myra, \u00e0 l'\u00e9glise Saint-Nicolas et \u00e0 la ville engloutie de Kekova <b>excursion en bateau<\/b>. Unforgettable history!<\/p>","protected":false},"featured_media":12563,"comment_status":"open","ping_status":"closed","template":"","meta":[],"product_brand":[],"product_cat":[127],"product_tag":[122],"class_list":{"0":"post-15393","1":"product","2":"type-product","3":"status-publish","4":"has-post-thumbnail","6":"tour_phys-side-tours","7":"product_cat-side-tours","8":"product_tag-side","9":"pa_destination-side-tours","11":"first","12":"instock","13":"sale","14":"shipping-taxable","15":"purchasable","16":"product-type-tour_phys"},"aioseo_notices":[],"_links":{"self":[{"href":"https:\/\/excursionsworld.com\/fr\/wp-json\/wp\/v2\/product\/15393","targetHints":{"allow":["GET"]}}],"collection":[{"href":"https:\/\/excursionsworld.com\/fr\/wp-json\/wp\/v2\/product"}],"about":[{"href":"https:\/\/excursionsworld.com\/fr\/wp-json\/wp\/v2\/types\/product"}],"replies":[{"embeddable":true,"href":"https:\/\/excursionsworld.com\/fr\/wp-json\/wp\/v2\/comments?post=15393"}],"wp:featuredmedia":[{"embeddable":true,"href":"https:\/\/excursionsworld.com\/fr\/wp-json\/wp\/v2\/media\/12563"}],"wp:attachment":[{"href":"https:\/\/excursionsworld.com\/fr\/wp-json\/wp\/v2\/media?parent=15393"}],"wp:term":[{"taxonomy":"product_brand","embeddable":true,"href":"https:\/\/excursionsworld.com\/fr\/wp-json\/wp\/v2\/product_brand?post=15393"},{"taxonomy":"product_cat","embeddable":true,"href":"https:\/\/excursionsworld.com\/fr\/wp-json\/wp\/v2\/product_cat?post=15393"},{"taxonomy":"product_tag","embeddable":true,"href":"https:\/\/excursionsworld.com\/fr\/wp-json\/wp\/v2\/product_tag?post=15393"}],"curies":[{"name":"wp","href":"https:\/\/api.w.org\/{rel}","templated":true}]}}