{"id":15395,"date":"2025-10-26T20:28:29","date_gmt":"2025-10-26T17:28:29","guid":{"rendered":"https:\/\/excursionsworld.com\/?post_type=product&#038;p=15395"},"modified":"2026-04-24T00:20:56","modified_gmt":"2026-04-23T21:20:56","slug":"antalya-vieille-ville-cascades-side","status":"publish","type":"product","link":"https:\/\/excursionsworld.com\/tours\/antalya-old-town-waterfalls-side\/","title":{"rendered":"Visite d'Antalya au D\u00e9part de Side \u2013 Vieille Ville &amp; Cascades"},"content":{"rendered":"<h2><span style=\"color: #000000;\"><strong>\u2600\ufe0f Vue d'ensemble<\/strong><\/span><\/h2>\n<p>D\u00e9couvrez la beaut\u00e9 et le charme de <strong>Antalya<\/strong> pour une excursion d'une journ\u00e9e \u00e0 partir de <strong><a href=\"https:\/\/en.wikipedia.org\/wiki\/Side,_Turkey\" target=\"_blank\" rel=\"noopener\">Side<\/a><\/strong> et ses environs. Ce circuit comprend une excursion en bateau, des visites <strong>Cascades de D\u00fcden<\/strong>, un d\u00e9jeuner turc, et une promenade dans les rues de la ville. <strong>Kalei\u00e7i<\/strong>. Les transferts sont inclus depuis les h\u00f4tels de Side, Manavgat, Evrenseki, Titreyeng\u00f6l et Kumk\u00f6y.<\/p>\n<h3><span style=\"color: #000000;\"><strong>Inclus :<\/strong><\/span><\/h3>\n<div><span style=\"color: #00ff00;\"><strong>\u2713<\/strong> <\/span>Prise en charge et retour \u00e0 l'h\u00f4tel<br \/><span style=\"color: #00ff00;\"><strong>\u2713<\/strong> <\/span>Droits d'entr\u00e9e aux chutes d'eau de D\u00fcden (sup\u00e9rieures et inf\u00e9rieures)<br \/><span style=\"color: #00ff00;\"><strong>\u2713<\/strong> <\/span>Bus confortable et climatis\u00e9<br \/><span style=\"color: #00ff00;\"><strong>\u2713<\/strong> <\/span>Guide professionnel anglophone<br \/><span style=\"color: #00ff00;\"><strong>\u2713<\/strong> <\/span>D\u00e9jeuner dans un restaurant local<br \/><span style=\"color: #00ff00;\"><strong>\u2713<\/strong> <\/span>Assurance compl\u00e8te<\/div>\n<div><span style=\"color: #00ff00;\"><strong>\u2713<\/strong> <\/span>D\u00e9jeuner<\/div>\n<h3><span style=\"color: #000000;\"><strong>Non inclus :<\/strong><\/span><\/h3>\n<p><span style=\"color: #ff0000;\"><strong>\u2717<\/strong> <\/span>Excursion en bateau (si choisie en option)<br \/><span style=\"color: #ff0000;\"><strong>\u2717<\/strong> <\/span>Boissons<br \/><span style=\"color: #ff0000;\"><strong>\u2717<\/strong> <\/span>D\u00e9penses personnelles (photos, vid\u00e9os)<\/p>\n<h2><span style=\"color: #000000;\"><strong>\ud83c\udf1f Points forts de la visite<\/strong><\/span><\/h2>\n<p>\ud83d\udd39 Admirer la chute d'eau de Lower D\u00fcden, qui se jette en cascade de 40 m\u00e8tres dans la mer.<br \/>\ud83d\udd39 Promenade dans la vieille ville (Kalei\u00e7i) : Porte d'Hadrien, Minaret Yivli, Tour de l'Horloge<br \/>\ud83d\udd39 D\u00e9tendez-vous lors d'une excursion d'une heure en bateau depuis le vieux port d'Antalya.<br \/>\ud83d\udd39 Profitez de la verdure et de la fra\u00eecheur de la cascade du Haut-D\u00fcden<br \/>\ud83d\udd39 Visite d'un atelier local de fabrication de bijoux en argent<\/p>\n<h2><span style=\"color: #000000;\"><strong>\ud83d\udcdd Description compl\u00e8te<\/strong><\/span><\/h2>\n<p>Prise en charge \u00e0 votre h\u00f4tel \u00e0 <strong>Zones lat\u00e9rales ou proches<\/strong>. Traverser <strong>Kalei\u00e7i<\/strong>, La porte d'Hadrien, les rues, les mosqu\u00e9es et les boutiques. Profitez d'une heure de <strong>excursion en bateau<\/strong> (en option), suivi d'un d\u00e9jeuner dans un restaurant local. Visite <strong>Cascades de D\u00fcden inf\u00e9rieure et sup\u00e9rieure<\/strong>, et se termine par un <strong>atelier de bijoux en argent<\/strong>. Retourner \u00e0 Side avec des souvenirs marquants.<\/p>\n<h3><span style=\"color: #000000;\"><strong>\ud83d\udccd Itin\u00e9raire de la visite<\/strong><\/span><\/h3>\n<p>\ud83d\udd39 Prise en charge \u00e0 l'h\u00f4tel<br \/>\ud83d\udd39 Promenade dans la vieille ville (Kalei\u00e7i)<br \/>\ud83d\udd39 Excursion en bateau depuis le vieux port (1 heure, en option)<br \/>D\u00e9jeuner dans un restaurant local<br \/>\ud83d\udd39 Visite de la cascade de D\u00fcden inf\u00e9rieur<br \/>\ud83d\udd39 Visite de la cascade de D\u00fcden sup\u00e9rieur<br \/>\ud83d\udd39 S'arr\u00eater \u00e0 un atelier de bijouterie<br \/>Retour \u00e0 l'h\u00f4tel<\/p>\n<h3><span style=\"color: #000000;\"><strong>\u2139\ufe0f Informations utiles<\/strong><\/span><\/h3>\n<p>\ud83d\udd39 L'excursion en bateau peut \u00eatre annul\u00e9e ou modifi\u00e9e en raison des conditions m\u00e9t\u00e9orologiques.<br \/>\ud83d\udd39 L'itin\u00e9raire peut \u00eatre modifi\u00e9 pour am\u00e9liorer l'exp\u00e9rience du voyage.<br \/>Il s'agit d'une visite touristique ; la baignade n'est pas incluse.<br \/>\ud83d\udd39 Les enfants de moins de 5 ans voyageant gratuitement n'ont pas de si\u00e8ge s\u00e9par\u00e9 dans le bus. Si le bus est plein, ils s'assoient sur les genoux d'un adulte ou un si\u00e8ge s\u00e9par\u00e9 peut \u00eatre r\u00e9serv\u00e9<\/p>\n<h2><span style=\"color: #000000;\"><strong>\ud83c\udf92 Ce qu'il faut apporter<\/strong><\/span><\/h2>\n<p>\ud83d\udd39 Chaussures de marche confortables<br \/>\ud83d\udd39 Lunettes de soleil et couvre-chefs<br \/>\ud83d\udd39 Cr\u00e8me solaire<br \/>\ud83d\udd39 Appareil photo ou smartphone<br \/>\ud83d\udd39 Argent liquide pour les boissons et les d\u00e9penses personnelles<\/p>\n<h3><span style=\"color: #000000;\"><strong>\ud83d\udeab Ne convient pas pour<\/strong><\/span><\/h3>\n<p>\ud83d\udd39 Utilisateurs de fauteuils roulants<br \/>\ud83d\udd39 Personnes \u00e0 mobilit\u00e9 r\u00e9duite<\/p>\n<h2><span style=\"color: #000000;\"><strong>\ud83d\udcb8 Prix et r\u00e9servation<\/strong><\/span><\/h2>\n<p><strong>\ud83d\udd39 R\u00e9server maintenant, payer le jour de la visite<\/strong><br \/>\ud83d\udd39 Contactez-nous via <strong>WhatsApp<\/strong>, <strong>T\u00e9l\u00e9gramme<\/strong>, <strong>Viber<\/strong>, ou remplissez le formulaire de r\u00e9servation ci-dessous. \ud83d\udc47\ud83c\udffc<\/p>\n<p>\u00c0 la recherche d'alternatives ? Parcourir <a href=\"https:\/\/excursionsworld.com\/fr\/excursions-a-side\/\">plus d'excursions<\/a>.<\/p>","protected":false},"excerpt":{"rendered":"<p>R\u00e9server le <b>Antalya City Tour from Side<\/b>! Discover D\u00fcden Waterfalls &amp; Kalei\u00e7i. Full-day <b>excursion<\/b> avec <b>excursion en bateau<\/b>, lunch, and seamless <b>excursion d'une journ\u00e9e<\/b>.<\/p>","protected":false},"featured_media":15466,"comment_status":"open","ping_status":"closed","template":"","meta":[],"product_brand":[],"product_cat":[127],"product_tag":[122],"class_list":{"0":"post-15395","1":"product","2":"type-product","3":"status-publish","4":"has-post-thumbnail","6":"tour_phys-side-tours","7":"product_cat-side-tours","8":"product_tag-side","9":"pa_destination-side-tours","11":"first","12":"instock","13":"sale","14":"shipping-taxable","15":"purchasable","16":"product-type-tour_phys"},"aioseo_notices":[],"_links":{"self":[{"href":"https:\/\/excursionsworld.com\/fr\/wp-json\/wp\/v2\/product\/15395","targetHints":{"allow":["GET"]}}],"collection":[{"href":"https:\/\/excursionsworld.com\/fr\/wp-json\/wp\/v2\/product"}],"about":[{"href":"https:\/\/excursionsworld.com\/fr\/wp-json\/wp\/v2\/types\/product"}],"replies":[{"embeddable":true,"href":"https:\/\/excursionsworld.com\/fr\/wp-json\/wp\/v2\/comments?post=15395"}],"wp:featuredmedia":[{"embeddable":true,"href":"https:\/\/excursionsworld.com\/fr\/wp-json\/wp\/v2\/media\/15466"}],"wp:attachment":[{"href":"https:\/\/excursionsworld.com\/fr\/wp-json\/wp\/v2\/media?parent=15395"}],"wp:term":[{"taxonomy":"product_brand","embeddable":true,"href":"https:\/\/excursionsworld.com\/fr\/wp-json\/wp\/v2\/product_brand?post=15395"},{"taxonomy":"product_cat","embeddable":true,"href":"https:\/\/excursionsworld.com\/fr\/wp-json\/wp\/v2\/product_cat?post=15395"},{"taxonomy":"product_tag","embeddable":true,"href":"https:\/\/excursionsworld.com\/fr\/wp-json\/wp\/v2\/product_tag?post=15395"}],"curies":[{"name":"wp","href":"https:\/\/api.w.org\/{rel}","templated":true}]}}