{"id":15397,"date":"2025-10-27T22:28:02","date_gmt":"2025-10-27T19:28:02","guid":{"rendered":"https:\/\/excursionsworld.com\/?post_type=product&#038;p=15397"},"modified":"2026-04-24T00:20:56","modified_gmt":"2026-04-23T21:20:56","slug":"pamukkale-salda-lac-kemer","status":"publish","type":"product","link":"https:\/\/excursionsworld.com\/tours\/pamukkale-salda-lake-kemer\/","title":{"rendered":"Excursion \u00e0 Pamukkale &amp; Lac Salda depuis Kemer \u2013 Ch\u00e2teau de Coton &amp; Maldives Turques"},"content":{"rendered":"<h2>\u2600\ufe0f Vue d'ensemble<\/h2>\n<div>Participez \u00e0 un voyage inoubliable d'une journ\u00e9e enti\u00e8re \u00e0 partir de <strong>Kemer et environs <\/strong>(au d\u00e9part de Kemer, \u00c7amyuva, Tekirova, G\u00f6yn\u00fck, Beldibi) pour explorer deux des merveilles naturelles les plus \u00e9tonnantes de la Turquie. <strong><a href=\"https:\/\/en.wikipedia.org\/wiki\/Pamukkale\" target=\"_blank\" rel=\"noopener\">Pamukkale<\/a><\/strong> et <strong>Lac de Salda<\/strong>!<br \/>Marchez pieds nus sur les c\u00e9l\u00e8bres terrasses de travertin blanc de Pamukkale, explorez l'ancienne cit\u00e9 de <strong>Hi\u00e9rapolis<\/strong>, et se d\u00e9tendre au bord des eaux turquoises de l'oc\u00e9an Indien. <strong>Lac de Salda<\/strong>, souvent appel\u00e9es les \u201cMaldives turques\u201d.\u201d<\/div>\n<h3>\u00a0Inclus :<\/h3>\n<p><span style=\"color: #00ff00;\"><strong>\u2713<\/strong> <\/span>Prise en charge et retour \u00e0 l'h\u00f4tel<br \/><span style=\"color: #00ff00;\"><strong>\u2713<\/strong> <\/span>Bus climatis\u00e9 et confortable<br \/><span style=\"color: #00ff00;\"><strong>\u2713<\/strong> <\/span>Frais d'entr\u00e9e \u00e0 Pamukkale et Hierapolis<br \/><span style=\"color: #00ff00;\"><strong>\u2713<\/strong> <\/span>Guide professionnel anglophone<br \/><span style=\"color: #00ff00;\"><strong>\u2713<\/strong> <\/span>Assurance compl\u00e8te<br \/><span style=\"color: #00ff00;\"><strong>\u2713<\/strong> <\/span>\u00a0d\u00e9jeuner<\/p>\n<h3>\u00a0Non inclus :<\/h3>\n<p><span style=\"color: #ff0000;\"><strong>\u2717<\/strong> <\/span>Entr\u00e9e \u00e0 la piscine de Cl\u00e9op\u00e2tre (en option)<br \/><span style=\"color: #ff0000;\"><strong>\u2717<\/strong> <\/span>Boissons<br \/><span style=\"color: #ff0000;\"><strong>\u2717<\/strong> <\/span>D\u00e9penses personnelles<\/p>\n<h2>\ud83c\udf1f Points forts de cette excursion \u00e0 Pamukkale et au lac Salda<\/h2>\n<p>\ud83d\udd39 Marche sur les terrasses d'un blanc \u00e9blouissant de Pamukkale<br \/>\ud83d\udd39 D\u00e9couverte des ruines antiques de Hi\u00e9rapolis et de son th\u00e9\u00e2tre romain<br \/>\ud83d\udd39 Se d\u00e9tendre ou se baigner dans des piscines min\u00e9rales thermales<br \/>\ud83d\udd39 Visite de l'\u00e9poustouflante mer turquoise <strong>Lac de Salda<\/strong>, Connues sous le nom de \u201cMaldives\u201d de la Turquie\u201d<br \/>\ud83d\udd39 D\u00e9guster de d\u00e9licieux repas turcs tout au long de la journ\u00e9e<br \/>Transfert aller-retour confortable depuis la r\u00e9gion de Kemer<\/p>\n<h2>\ud83d\udcd6 Description compl\u00e8te : Votre exp\u00e9rience de la visite de Pamukkale et du lac Salda<\/h2>\n<p>L'aventure commence t\u00f4t le matin avec la prise en charge \u00e0 votre h\u00f4tel de <strong>Kemer ou villes voisines<\/strong>. Profitez d'un trajet pittoresque \u00e0 travers les montagnes du Taurus et d'un savoureux petit-d\u00e9jeuner turc en route.<br \/>\u00c0 l'arriv\u00e9e \u00e0 <strong>Pamukkale<\/strong>, Le site de l'h\u00f4tel de ville est un lieu de p\u00e8lerinage, o\u00f9 l'on peut explorer les terrasses blanches surr\u00e9alistes form\u00e9es par les sources thermales, et se promener dans les ruines anciennes de l'h\u00f4tel de ville. <strong>Hi\u00e9rapolis<\/strong>, La ville a \u00e9t\u00e9 autrefois une ville thermale de l'Empire romain.<br \/>Vous aurez l'occasion de voir le <strong>Th\u00e9\u00e2tre romain<\/strong>, <strong>Temple d'Apollon<\/strong>, et <strong>N\u00e9cropole<\/strong>, ou de faire un plongeon dans les eaux chaudes et riches en min\u00e9raux de l'\u00eele d'Aarhus. <strong>Piscine de Cl\u00e9op\u00e2tre<\/strong> (frais suppl\u00e9mentaires).<\/p>\n<p>Ensuite, continuez \u00e0 <strong>Lac de Salda<\/strong>, Le lac de crat\u00e8re de Kemer est c\u00e9l\u00e8bre pour son eau turquoise et ses sables blancs, souvent compar\u00e9s aux Maldives. D\u00e9tendez-vous, prenez des photos \u00e0 couper le souffle et savourez votre d\u00eener avant de rentrer \u00e0 Kemer.<br \/>Cette excursion d'une journ\u00e9e est un m\u00e9lange parfait de nature, d'histoire et de culture.<\/p>\n<h3>\ud83d\uddfa\ufe0f Itin\u00e9raire de la visite<\/h3>\n<p>\ud83d\udd39 Prise en charge \u00e0 partir des h\u00f4tels de Kemer et des environs<br \/>\ud83d\udd39 Arr\u00eat petit-d\u00e9jeuner sur le chemin<br \/>\ud83d\udd39 Route vers Pamukkale<br \/>\ud83d\udd39 Pause d\u00e9jeuner dans un restaurant local<br \/>\ud83d\udd39 Visite des travertins de Pamukkale et des ruines de Hierapolis<br \/>Temps de baignade facultatif \u00e0 la piscine de Cl\u00e9op\u00e2tre<br \/>\ud83d\udd39 D\u00e9part pour le lac Salda, visite et photos<br \/>\ud83d\udd39 Pause d\u00eener<br \/>Transfert aller-retour vers les h\u00f4tels de Kemer<\/p>\n<h3>\u2139\ufe0f Informations utiles<\/h3>\n<p>Dur\u00e9e : environ 13-14 heures (excursion d'une journ\u00e9e)<br \/>Distance : environ 290 km de Kemer \u00e0 Pamukkale<br \/>\ud83d\udd39 L'itin\u00e9raire peut varier en fonction des conditions m\u00e9t\u00e9orologiques et de la circulation.<br \/>\ud83d\udd39 Marche mod\u00e9r\u00e9e n\u00e9cessaire<br \/>\ud83d\udd39 Les enfants de moins de 5 ans voyagent gratuitement (si\u00e8ge partag\u00e9 si le bus est plein)<\/p>\n<h2>\ud83c\udf92 Ce qu'il faut apporter<\/h2>\n<p>\ud83d\udd39 Pi\u00e8ce d'identit\u00e9 ou passeport<br \/>\ud83d\udd39 Chaussures confortables<br \/>Maillot de bain et serviette (pour la piscine de Cl\u00e9op\u00e2tre ou le lac de Salda)<br \/>Chapeau, lunettes de soleil, cr\u00e8me solaire<br \/>\ud83d\udd39 Argent liquide pour les d\u00e9penses facultatives<\/p>\n<h3>\ud83d\udeab Ne convient pas pour<\/h3>\n<p>\ud83d\udd39 Personnes \u00e0 mobilit\u00e9 r\u00e9duite<br \/>\ud83d\udd39 Les personnes souffrant de probl\u00e8mes cardiaques ou de sant\u00e9 graves<\/p>\n<h2>\ud83d\udcb8 Prix et r\u00e9servation<\/h2>\n<p><strong>\ud83d\udd39 R\u00e9server maintenant - payer le jour de la visite<\/strong><br \/>\ud83d\udd39 Contactez-nous via WhatsApp, Telegram, ou Viber pour r\u00e9server votre place \ud83d\udc47\ud83c\udffd<\/p>\n<p>\u00c0 la recherche d'alternatives ? Parcourir <a href=\"https:\/\/excursionsworld.com\/fr\/excursions-a-kemer\/\">plus de circuits Kemer \u00e0 Pamukkale<\/a>.<\/p>","protected":false},"excerpt":{"rendered":"<p>R\u00e9server le <b>Kemer Pamukkale Salda Lake Tour<\/b>! Journ\u00e9e enti\u00e8re <b>voyage tout compris<\/b> aux travertins blancs et aux \u201cMaldives turques\u201d.\u201d <b>excursion<\/b>. Comprend les repas et le transfert !<\/p>","protected":false},"featured_media":14072,"comment_status":"open","ping_status":"closed","template":"","meta":[],"product_brand":[],"product_cat":[124],"product_tag":[105],"class_list":{"0":"post-15397","1":"product","2":"type-product","3":"status-publish","4":"has-post-thumbnail","6":"tour_phys-kemer-tours","7":"product_cat-kemer-tours","8":"product_tag-kemer","9":"pa_destination-kemer-tours","11":"first","12":"instock","13":"sale","14":"shipping-taxable","15":"purchasable","16":"product-type-tour_phys"},"aioseo_notices":[],"_links":{"self":[{"href":"https:\/\/excursionsworld.com\/fr\/wp-json\/wp\/v2\/product\/15397","targetHints":{"allow":["GET"]}}],"collection":[{"href":"https:\/\/excursionsworld.com\/fr\/wp-json\/wp\/v2\/product"}],"about":[{"href":"https:\/\/excursionsworld.com\/fr\/wp-json\/wp\/v2\/types\/product"}],"replies":[{"embeddable":true,"href":"https:\/\/excursionsworld.com\/fr\/wp-json\/wp\/v2\/comments?post=15397"}],"wp:featuredmedia":[{"embeddable":true,"href":"https:\/\/excursionsworld.com\/fr\/wp-json\/wp\/v2\/media\/14072"}],"wp:attachment":[{"href":"https:\/\/excursionsworld.com\/fr\/wp-json\/wp\/v2\/media?parent=15397"}],"wp:term":[{"taxonomy":"product_brand","embeddable":true,"href":"https:\/\/excursionsworld.com\/fr\/wp-json\/wp\/v2\/product_brand?post=15397"},{"taxonomy":"product_cat","embeddable":true,"href":"https:\/\/excursionsworld.com\/fr\/wp-json\/wp\/v2\/product_cat?post=15397"},{"taxonomy":"product_tag","embeddable":true,"href":"https:\/\/excursionsworld.com\/fr\/wp-json\/wp\/v2\/product_tag?post=15397"}],"curies":[{"name":"wp","href":"https:\/\/api.w.org\/{rel}","templated":true}]}}