{"id":15432,"date":"2025-10-28T11:54:09","date_gmt":"2025-10-28T08:54:09","guid":{"rendered":"https:\/\/excursionsworld.com\/?post_type=product&#038;p=15432"},"modified":"2026-04-24T00:20:56","modified_gmt":"2026-04-23T21:20:56","slug":"rafting-koprulu-canyon-antalya","status":"publish","type":"product","link":"https:\/\/excursionsworld.com\/tours\/rafting-koprulu-canyon-antalya\/","title":{"rendered":"Excursion Rafting au Canyon de K\u00f6pr\u00fcl\u00fc depuis Antalya \u2013 Aventure Journ\u00e9e Enti\u00e8re"},"content":{"rendered":"<h2>\ud83d\udea3\u200d\u2642\ufe0f Vue d'ensemble<\/h2>\n<p>Participez \u00e0 une exp\u00e9rience exaltante <strong>Aventure en rafting dans le canyon de K\u00f6pr\u00fcl\u00fc<\/strong> de <strong><a href=\"https:\/\/en.wikipedia.org\/wiki\/Antalya\" target=\"_blank\" rel=\"noopener\">Antalya<\/a><\/strong> et ses environs ! D\u00e9couvrez 14 km d'adr\u00e9naline pure \u00e0 travers 10 rapides, nagez dans des sections calmes de la rivi\u00e8re et profitez d'un d\u00e9jeuner au bord de la rivi\u00e8re, entour\u00e9 par la nature. Parfait pour les d\u00e9butants et les amateurs de sensations fortes.<\/p>\n<h3>Inclus :<\/h3>\n<p><span style=\"color: #00ff00;\"><strong>\u2713<\/strong> <\/span>Prise en charge et retour \u00e0 l'h\u00f4tel<br \/><span style=\"color: #00ff00;\"><strong>\u2713<\/strong> <\/span>Bus confortable et climatis\u00e9<br \/><span style=\"color: #00ff00;\"><strong>\u2713<\/strong> <\/span>Radeaux de 10 personnes<br \/><span style=\"color: #00ff00;\"><strong>\u2713<\/strong> <\/span>Guide professionnel<br \/><span style=\"color: #00ff00;\"><strong>\u2713<\/strong> <\/span>Assurance compl\u00e8te<br \/><span style=\"color: #00ff00;\"><strong>\u2713<\/strong> <\/span>D\u00e9jeuner<\/p>\n<h3>Non inclus :<\/h3>\n<p><span style=\"color: #ff0000;\"><strong>\u2717<\/strong> <\/span>Radeaux pour deux personnes (en suppl\u00e9ment)<br \/><span style=\"color: #ff0000;\"><strong>\u2717<\/strong> <\/span>Photos et vid\u00e9os<br \/><span style=\"color: #ff0000;\"><strong>\u2717<\/strong> <\/span>Boissons<br \/><span style=\"color: #ff0000;\"><strong>\u2717<\/strong> <\/span>Activit\u00e9s optionnelles (par exemple, zipline)<\/p>\n<h2>\ud83c\udf1f Points forts de cette excursion de rafting dans le canyon de K\u00f6pr\u00fcl\u00fc<\/h2>\n<p>\ud83d\udd39 Parcours de rafting de 14 km avec 10 rapides<br \/>Les eaux cristallines du canyon de K\u00f6pr\u00fcl\u00fc<br \/>\ud83d\udd39 Pauses de baignade dans des zones calmes<br \/>\ud83d\udd39 D\u00e9jeuner au bord de l'eau<br \/>\ud83d\udd39 Activit\u00e9s optionnelles de zipline ou de plong\u00e9e<br \/>\ud83d\udd39 Instructeurs professionnels et \u00e9quipement de s\u00e9curit\u00e9 complet<\/p>\n<h2>\ud83d\udcd6 Description compl\u00e8te : Votre exp\u00e9rience de rafting dans le canyon de K\u00f6pr\u00fcl\u00fc<\/h2>\n<p>D\u00e9part de votre h\u00f4tel d'Antalya et voyage vers le parc national du canyon de K\u00f6pr\u00fcl\u00fc, situ\u00e9 au c\u0153ur des montagnes du Taurus. \u00c0 l'arriv\u00e9e, vos guides vous fourniront les consignes de s\u00e9curit\u00e9 et l'\u00e9quipement n\u00e9cessaire avant de vous lancer sur un parcours de rafting palpitant de 14 km.<br \/>Profitez d'un m\u00e9lange parfait d'excitation et de d\u00e9tente - pagayez \u00e0 travers 10 rapides, nagez dans la rivi\u00e8re et arr\u00eatez-vous pour faire de la tyrolienne ou de la plong\u00e9e (en option, moyennant un suppl\u00e9ment). Un d\u00e9licieux d\u00e9jeuner sera servi dans un restaurant au bord de la rivi\u00e8re.<br \/>Apr\u00e8s avoir termin\u00e9 l'itin\u00e9raire, vous pouvez visionner les photos et les vid\u00e9os de votre circuit avant de retourner \u00e0 votre h\u00f4tel.<\/p>\n<h3>\ud83d\uddfa\ufe0f Itin\u00e9raire de la visite<\/h3>\n<p>\ud83d\udd39 Prise en charge \u00e0 Antalya et dans les environs<br \/>\ud83d\udd39 Arriv\u00e9e \u00e0 la base de K\u00f6pr\u00fcl\u00fc Canyon<br \/>\ud83d\udd39 Briefing sur la s\u00e9curit\u00e9 et v\u00e9rification de l'\u00e9quipement<br \/>\ud83d\udd39 Rafting 14 km (10 rapides)<br \/>Baignade et pause zipline en option<br \/>\ud83d\udd39 D\u00e9jeuner au bord de la rivi\u00e8re<br \/>\ud83d\udd39 Continuer le rafting jusqu'\u00e0 la ligne d'arriv\u00e9e<br \/>\ud83d\udd39 Retour aux h\u00f4tels d'Antalya<\/p>\n<h3>\u2139\ufe0f Informations utiles<\/h3>\n<p>Dur\u00e9e : ~7-8 heures<br \/>\ud83d\udd39 Aucune exp\u00e9rience de la natation n'est requise<br \/>\ud83d\udd39 Radeaux de 10 personnes inclus ; radeaux de 2 personnes en option<br \/>\ud83d\udd39 Chaussures et accessoires d'eau disponibles \u00e0 l'achat<br \/>\ud83d\udd39 Convient pour les \u00e2ges de 6 \u00e0 70 ans<br \/>\ud83d\udd39 Les enfants de moins de 5 ans voyagent gratuitement (si\u00e8ge partag\u00e9 si le bus est plein)<\/p>\n<h2>\ud83c\udf92 Ce qu'il faut apporter<\/h2>\n<p>Maillot de bain, serviette et v\u00eatements de rechange<br \/>\ud83d\udd39 Cr\u00e8me solaire<br \/>\ud83d\udd39 Chaussures d'eau<br \/>\ud83d\udd39 Argent liquide pour les d\u00e9penses personnelles<\/p>\n<h3>\ud83d\udeab Ne convient pas pour<\/h3>\n<p>\ud83d\udd39 Femmes enceintes<br \/>\ud83d\udd39 Personnes souffrant de probl\u00e8mes cardiaques<br \/>\ud83d\udd39 Enfants de moins de 4 ans<br \/>\ud83d\udd39 Voyageurs de plus de 70 ans<br \/>\ud83d\udd39 Utilisateurs de fauteuils roulants<\/p>\n<h2>\ud83d\udcb8 Prix et r\u00e9servation<\/h2>\n<p><strong>\ud83d\udd39 R\u00e9server maintenant - payer le jour de la visite<\/strong><br \/>\ud83d\udd39 Contactez-nous via WhatsApp, Telegram, ou Viber pour r\u00e9server votre place \ud83d\udc47\ud83c\udffc<\/p>\n<p>\u00c0 la recherche d'alternatives ? Parcourir <a href=\"https:\/\/excursionsworld.com\/fr\/excursions-a-antalya\/\">plus de visites \u00e0 Antalya<\/a>.<\/p>","protected":false},"excerpt":{"rendered":"<p>R\u00e9servez vos \u00e9motions <b>excursion d'une journ\u00e9e en rafting<\/b> de <b>Antalya<\/b>! Naviguer <b>14 km<\/b> de rapides en <b>Canyon de K\u00f6pr\u00fcl\u00fc<\/b>. Parfait pour <b>d\u00e9butants<\/b>! <b>D\u00e9jeuner<\/b> et <b>transfert<\/b> inclus.<\/p>","protected":false},"featured_media":12670,"comment_status":"open","ping_status":"closed","template":"","meta":[],"product_brand":[],"product_cat":[125],"product_tag":[107],"class_list":{"0":"post-15432","1":"product","2":"type-product","3":"status-publish","4":"has-post-thumbnail","6":"tour_phys-antalya-tours","7":"product_cat-antalya-tours","8":"product_tag-antalya","9":"pa_destination-antalya-tours","11":"first","12":"instock","13":"sale","14":"shipping-taxable","15":"purchasable","16":"product-type-tour_phys"},"aioseo_notices":[],"_links":{"self":[{"href":"https:\/\/excursionsworld.com\/fr\/wp-json\/wp\/v2\/product\/15432","targetHints":{"allow":["GET"]}}],"collection":[{"href":"https:\/\/excursionsworld.com\/fr\/wp-json\/wp\/v2\/product"}],"about":[{"href":"https:\/\/excursionsworld.com\/fr\/wp-json\/wp\/v2\/types\/product"}],"replies":[{"embeddable":true,"href":"https:\/\/excursionsworld.com\/fr\/wp-json\/wp\/v2\/comments?post=15432"}],"wp:featuredmedia":[{"embeddable":true,"href":"https:\/\/excursionsworld.com\/fr\/wp-json\/wp\/v2\/media\/12670"}],"wp:attachment":[{"href":"https:\/\/excursionsworld.com\/fr\/wp-json\/wp\/v2\/media?parent=15432"}],"wp:term":[{"taxonomy":"product_brand","embeddable":true,"href":"https:\/\/excursionsworld.com\/fr\/wp-json\/wp\/v2\/product_brand?post=15432"},{"taxonomy":"product_cat","embeddable":true,"href":"https:\/\/excursionsworld.com\/fr\/wp-json\/wp\/v2\/product_cat?post=15432"},{"taxonomy":"product_tag","embeddable":true,"href":"https:\/\/excursionsworld.com\/fr\/wp-json\/wp\/v2\/product_tag?post=15432"}],"curies":[{"name":"wp","href":"https:\/\/api.w.org\/{rel}","templated":true}]}}