{"id":15436,"date":"2025-10-28T12:30:04","date_gmt":"2025-10-28T09:30:04","guid":{"rendered":"https:\/\/excursionsworld.com\/?post_type=product&#038;p=15436"},"modified":"2026-04-24T00:20:57","modified_gmt":"2026-04-23T21:20:57","slug":"tazi-canyon-rafting-jeep-antalya","status":"publish","type":"product","link":"https:\/\/excursionsworld.com\/tours\/tazi-canyon-rafting-jeep-antalya\/","title":{"rendered":"Rafting au Canyon Taz\u0131 depuis Antalya avec Jeep Safari &amp; Tyrolienne"},"content":{"rendered":"<h2 dir=\"ltr\" data-pm-slice=\"1 1 []\"><strong>\ud83c\udfde\ufe0f Vue d'ensemble<\/strong><\/h2>\n<p dir=\"ltr\">Embarquez pour une aventure exaltante avec prise en charge et retour \u00e0 l'h\u00f4tel \u00e0 partir de <a href=\"https:\/\/en.wikipedia.org\/wiki\/Antalya\" target=\"_blank\" rel=\"noopener\">Antalya<\/a>. Profitez d'un safari exaltant en jeep \u00e0 travers les montagnes du Taurus, visitez le magnifique canyon de Taz\u0131 et essayez le rafting en option dans le canyon de K\u00f6pr\u00fcl\u00fc. Parfait pour les amoureux de la nature et les amateurs de sensations fortes !<\/p>\n<h3 dir=\"ltr\"><strong>Inclus :<\/strong><\/h3>\n<div dir=\"ltr\"><span style=\"color: #00ff00;\"><strong>\u2713<\/strong><\/span> Prise en charge et retour \u00e0 l'h\u00f4tel<br \/>\n<span style=\"color: #00ff00;\"><strong>\u2713 <\/strong><\/span>Bus confortable et climatis\u00e9<br \/>\n<span style=\"color: #00ff00;\"><strong>\u2713 <\/strong><\/span>Safari en jeep<br \/>\n<span style=\"color: #00ff00;\"><strong>\u2713 <\/strong><\/span>Rafting sur des radeaux de 10 personnes<br \/>\n<span style=\"color: #00ff00;\"><strong>\u2713 <\/strong><\/span>Assurance<br \/>\n<span style=\"color: #00ff00;\"><strong>\u2713 <\/strong><\/span>Guide<br \/>\n<span style=\"color: #00ff00;\"><strong>\u2713 <\/strong><\/span>D\u00e9jeuner<\/div>\n<div dir=\"ltr\"><span style=\"color: #00ff00;\"><strong>\u2713 <\/strong><\/span>Zipline<\/div>\n<h3 dir=\"ltr\"><strong>Non inclus :<\/strong><\/h3>\n<p dir=\"ltr\"><span style=\"color: #ff0000;\"><strong>\u2717<\/strong><\/span> Kayaks pour 2 personnes (en suppl\u00e9ment)<br \/>\n<span style=\"color: #ff0000;\"><strong>\u2717 <\/strong><\/span>Photos et vid\u00e9os<br \/>\n<span style=\"color: #ff0000;\"><strong>\u2717 <\/strong><\/span>Boissons<\/p>\n<h2 dir=\"ltr\"><strong>\ud83c\udf1f Points forts de la visite<\/strong><\/h2>\n<p dir=\"ltr\">\ud83d\udd39 Safari en jeep dans les montagnes du Taurus<br \/>\nVue imprenable sur le canyon de Taz\u0131 (\u201cEagle's Nest\u201d)<br \/>\n\ud83d\udd39 Rafting facultatif dans les rapides du canyon de K\u00f6pr\u00fcl\u00fc<br \/>\n\ud83d\udd39 Arr\u00eats photos panoramiques<br \/>\n\ud83d\udd39D\u00e9licieux d\u00e9jeuner au bord de la rivi\u00e8re<br \/>\n\ud83d\udd39Transferts pratiques depuis Antalya<\/p>\n<h2 dir=\"ltr\"><strong>\ud83d\udcd6 Description compl\u00e8te<\/strong><\/h2>\n<div dir=\"ltr\">L'excursion commence par un transfert depuis votre h\u00f4tel \u00e0 Antalya ou dans les environs, suivi d'un safari passionnant en jeep \u00e0 travers les montagnes du Taurus. La premi\u00e8re \u00e9tape est une base au bord de la rivi\u00e8re dans le canyon de K\u00f6pr\u00fcl\u00fc, o\u00f9 vous pouvez choisir de faire du rafting ou de vous d\u00e9tendre au bord de l'eau. Le rafting comprend l'\u00e9quipement complet et une s\u00e9ance d'information. Aucune exp\u00e9rience n'est n\u00e9cessaire.<\/div>\n<div dir=\"ltr\">Ensuite, vous monterez dans une jeep \u00e0 toit ouvert pour vous rendre au canyon de Taz\u0131, connu pour ses falaises spectaculaires. Temps libre au point de vue pour prendre des photos et se d\u00e9tendre (l'entr\u00e9e dans le canyon est interdite pour des raisons de s\u00e9curit\u00e9).<\/div>\n<div dir=\"ltr\">Retour au canyon de K\u00f6pr\u00fcl\u00fc pour la session principale de rafting (si vous avez choisi), en naviguant dans les rapides avec des arr\u00eats pour la baignade et les photos. L'excursion se termine par un savoureux d\u00e9jeuner au bord de la rivi\u00e8re et un retour \u00e0 l'h\u00f4tel.<\/div>\n<h3 dir=\"ltr\"><strong>\ud83d\uddfa\ufe0f Itin\u00e9raire de la visite<\/strong><\/h3>\n<p dir=\"ltr\">\ud83d\udd39 Prise en charge \u00e0 partir des h\u00f4tels d'Antalya<br \/>\n\ud83d\udd39 Safari en jeep dans les montagnes du Taurus<br \/>\n\ud83d\udd39 Arr\u00eat au canyon de K\u00f6pr\u00fcl\u00fc (option rafting ou relaxation)<br \/>\n1F539\u21a9 Excursion en jeep dans le canyon de Taz\u0131<br \/>\nTemps libre au point de vue du canyon de Taz\u0131<br \/>\n\ud83d\udd39 Rafting principal dans le canyon de K\u00f6pr\u00fcl\u00fc (si choisi)<br \/>\n\ud83d\udd39 D\u00e9jeuner au bord de l'eau<br \/>\nRetour \u00e0 l'h\u00f4tel<\/p>\n<h3 dir=\"ltr\"><strong>\u2139\ufe0f Informations utiles<\/strong><\/h3>\n<p dir=\"ltr\">Dur\u00e9e : ~8-9 heures<br \/>\n\ud83d\udd39 Aucune comp\u00e9tence en natation n'est requise pour le rafting<br \/>\n\ud83d\udd39 Radeaux de 10 personnes inclus ; kayaks de 2 personnes moyennant un suppl\u00e9ment.<br \/>\n\ud83d\udd39 Des chaussures d'eau, des sangles pour lunettes et des \u00e9tuis imperm\u00e9ables peuvent \u00eatre achet\u00e9s \u00e0 la base.<br \/>\n\ud83d\udd39 Les enfants b\u00e9n\u00e9ficiant de billets gratuits n'ont pas de si\u00e8ge s\u00e9par\u00e9 dans le bus et doivent s'asseoir sur les genoux d'un adulte.<br \/>\n\ud83d\udd39 Activit\u00e9 physique mod\u00e9r\u00e9e \u00e0 \u00e9lev\u00e9e (rafting et marche)<br \/>\n\ud83d\udd39 Les enfants de moins de 6 ans voyageant gratuitement n'ont pas de si\u00e8ge s\u00e9par\u00e9 dans le bus. Si le bus est plein, ils s'assoient sur les genoux d'un adulte, ou un si\u00e8ge s\u00e9par\u00e9 peut \u00eatre r\u00e9serv\u00e9<\/p>\n<h2 dir=\"ltr\"><strong>\ud83c\udf92 Ce qu'il faut apporter<\/strong><\/h2>\n<p dir=\"ltr\">Maillot de bain et serviette de bain<br \/>\n\ud83d\udd39 Cr\u00e8me solaire et chaussures d'eau<br \/>\n\ud83d\udd39 V\u00eatements de rechange pour la post-transplantation<br \/>\n\ud83d\udd39 Argent liquide pour les d\u00e9penses personnelles<\/p>\n<h3 dir=\"ltr\"><strong>\ud83d\udeab Ne convient pas pour<\/strong><\/h3>\n<p dir=\"ltr\">\ud83d\udd39 Les personnes souffrant de troubles cardiaques<br \/>\n\ud83d\udd39 Voyageurs de plus de 70 ans<br \/>\n\ud83d\udd39 Femmes enceintes<br \/>\n\ud83d\udd39 Enfants de moins de 4 ans<br \/>\n\ud83d\udd39 Les utilisateurs de fauteuils roulants ou les personnes \u00e0 mobilit\u00e9 r\u00e9duite<\/p>\n<h2>\ud83d\udcb8 Prix et r\u00e9servation<\/h2>\n<p><strong>\ud83d\udd39 R\u00e9server maintenant, payer le jour de la visite<\/strong><br \/>\ud83d\udd39 Contactez-nous via <strong>WhatsApp<\/strong>, <strong>T\u00e9l\u00e9gramme<\/strong>, <strong>Viber<\/strong>, ou remplissez le formulaire de r\u00e9servation ci-dessous. \ud83d\udc47\ud83c\udffc<\/p>\n<p>\u00c0 la recherche d'alternatives ? Parcourir <a href=\"https:\/\/excursionsworld.com\/fr\/excursions-a-antalya\/\">plus de visites \u00e0 Antalya<\/a>.<\/p>","protected":false},"excerpt":{"rendered":"<p>L'ultime <b>excursion d'aventure d'une journ\u00e9e<\/b>! Livre <b>Safari en jeep dans le canyon de Taz\u0131<\/b> &amp; <b>Rafting<\/b> <b>excursion<\/b> de <b>Antalya<\/b>. Explorez les falaises et vivez des sensations fortes sur les rapides ! <b>Transfert<\/b> inclus.<\/p>","protected":false},"featured_media":12667,"comment_status":"open","ping_status":"closed","template":"","meta":[],"product_brand":[],"product_cat":[125],"product_tag":[107],"class_list":{"0":"post-15436","1":"product","2":"type-product","3":"status-publish","4":"has-post-thumbnail","6":"tour_phys-antalya-tours","7":"product_cat-antalya-tours","8":"product_tag-antalya","9":"pa_destination-antalya-tours","11":"first","12":"instock","13":"sale","14":"shipping-taxable","15":"purchasable","16":"product-type-tour_phys"},"aioseo_notices":[],"_links":{"self":[{"href":"https:\/\/excursionsworld.com\/fr\/wp-json\/wp\/v2\/product\/15436","targetHints":{"allow":["GET"]}}],"collection":[{"href":"https:\/\/excursionsworld.com\/fr\/wp-json\/wp\/v2\/product"}],"about":[{"href":"https:\/\/excursionsworld.com\/fr\/wp-json\/wp\/v2\/types\/product"}],"replies":[{"embeddable":true,"href":"https:\/\/excursionsworld.com\/fr\/wp-json\/wp\/v2\/comments?post=15436"}],"wp:featuredmedia":[{"embeddable":true,"href":"https:\/\/excursionsworld.com\/fr\/wp-json\/wp\/v2\/media\/12667"}],"wp:attachment":[{"href":"https:\/\/excursionsworld.com\/fr\/wp-json\/wp\/v2\/media?parent=15436"}],"wp:term":[{"taxonomy":"product_brand","embeddable":true,"href":"https:\/\/excursionsworld.com\/fr\/wp-json\/wp\/v2\/product_brand?post=15436"},{"taxonomy":"product_cat","embeddable":true,"href":"https:\/\/excursionsworld.com\/fr\/wp-json\/wp\/v2\/product_cat?post=15436"},{"taxonomy":"product_tag","embeddable":true,"href":"https:\/\/excursionsworld.com\/fr\/wp-json\/wp\/v2\/product_tag?post=15436"}],"curies":[{"name":"wp","href":"https:\/\/api.w.org\/{rel}","templated":true}]}}