{"id":15438,"date":"2025-10-28T12:44:00","date_gmt":"2025-10-28T09:44:00","guid":{"rendered":"https:\/\/excursionsworld.com\/?post_type=product&#038;p=15438"},"modified":"2026-04-24T00:20:58","modified_gmt":"2026-04-23T21:20:58","slug":"tazi-canyon-rafting-jeep-belek","status":"publish","type":"product","link":"https:\/\/excursionsworld.com\/tours\/tazi-canyon-rafting-jeep-belek\/","title":{"rendered":"Excursion au canyon de Taz\u0131, rafting &amp; safari en jeep depuis Belek"},"content":{"rendered":"<h2>\ud83c\udfde\ufe0f Vue d'ensemble<\/h2>\n<p>Embarquez pour une aventure exaltante avec prise en charge et retour \u00e0 l'h\u00f4tel \u00e0 partir de <strong><a href=\"https:\/\/en.wikipedia.org\/wiki\/Belek\" target=\"_blank\" rel=\"noopener\">Belek<\/a>, Kadriye et Bo\u011fazkent<\/strong>. Profitez d'un safari en jeep passionnant \u00e0 travers les montagnes du Taurus, visitez les sites \u00e0 couper le souffle de la r\u00e9gion du Taurus. <strong>Canyon de Taz\u0131<\/strong>, et de faire du rafting (en option) <strong>Canyon de K\u00f6pr\u00fcl\u00fc<\/strong>. Un m\u00e9lange parfait d'adr\u00e9naline, de nature et de plaisir !<\/p>\n<h3><strong>Inclus :<\/strong><\/h3>\n<p><span style=\"color: #00ff00;\"><strong>\u2713<\/strong> <\/span>Prise en charge et retour \u00e0 l'h\u00f4tel<br \/><span style=\"color: #00ff00;\"><strong>\u2713<\/strong> <\/span>Bus confortable et climatis\u00e9<br \/><span style=\"color: #00ff00;\"><strong>\u2713<\/strong> <\/span>Safari en jeep<br \/><span style=\"color: #00ff00;\"><strong>\u2713<\/strong> <\/span>Rafting sur des radeaux de 10 personnes<br \/><span style=\"color: #00ff00;\"><strong>\u2713<\/strong> <\/span>Assurance<br \/><span style=\"color: #00ff00;\"><strong>\u2713<\/strong> <\/span>Guide<br \/><span style=\"color: #00ff00;\"><strong>\u2713<\/strong> <\/span>D\u00e9jeuner<br \/><span style=\"color: #00ff00;\"><strong>\u2713<\/strong> <\/span>Zipline<\/p>\n<h3><strong>Non inclus :<\/strong><\/h3>\n<p><span style=\"color: #ff0000;\"><strong>\u2717<\/strong> <\/span>Kayaks pour 2 personnes (en suppl\u00e9ment)<br \/><span style=\"color: #ff0000;\"><strong>\u2717<\/strong> <\/span>Photos et vid\u00e9os<br \/><span style=\"color: #ff0000;\"><strong>\u2717<\/strong> <\/span>Boissons<\/p>\n<h2>\ud83c\udf1f Points forts de la visite : Canyon de Taz\u0131, Rafting et Jeep<\/h2>\n<p>\ud83d\udd39 Safari en jeep dans les montagnes du Taurus<br \/>Vue panoramique du canyon de Taz\u0131 (\u201cNid d'aigle\u201d)<br \/>Rafting facultatif dans le canyon de K\u00f6pr\u00fcl\u00fc<br \/>\ud83d\udd39 Arr\u00eats photos panoramiques<br \/>\ud83d\udd39 D\u00e9jeuner au bord de l'eau<br \/>\ud83d\udd39 Transferts depuis la r\u00e9gion de Belek<\/p>\n<h2>\ud83d\udcd6 Description compl\u00e8te : Votre exp\u00e9rience Taz\u0131 Canyon, rafting et jeep<\/h2>\n<p>La journ\u00e9e commence par une prise en charge \u00e0 l'h\u00f4tel depuis Belek, Kadriye ou Bo\u011fazkent, en direction des pittoresques montagnes du Taurus. Profitez d'une aventure en jeep tout-terrain et rejoignez le camp de base dans le canyon de K\u00f6pr\u00fcl\u00fc. Ici, vous pouvez choisir de faire du rafting ou de vous d\u00e9tendre au bord de la rivi\u00e8re. Poursuivez votre route en jeep jusqu'\u00e0 <strong>Canyon de Taz\u0131<\/strong>, L'un des points de vue les plus impressionnants de Turquie. Temps libre pour prendre des photos et visiter la ville. Ensuite, vous repartirez pour une exp\u00e9rience de rafting pleine de plaisir et d'\u00e9claboussures, suivie d'un d\u00e9licieux d\u00e9jeuner au bord de la rivi\u00e8re avant de retourner \u00e0 votre h\u00f4tel.<\/p>\n<h3>\ud83d\uddfa\ufe0f Itin\u00e9raire de la visite<\/h3>\n<p>Prise en charge \u00e0 partir des h\u00f4tels de Belek, Kadriye, Bo\u011fazkent<br \/>\ud83d\udd39 Safari en jeep dans les montagnes du Taurus<br \/>\ud83d\udd39 Visite de la base du canyon de K\u00f6pr\u00fcl\u00fc (rafting en option)<br \/>\ud83d\udd39 Mont\u00e9e au point de vue du canyon de Taz\u0131<br \/>\ud83d\udd39 Temps libre pour les photos<br \/>\ud83d\udd39 Aventure en rafting<br \/>\ud83d\udd39 D\u00e9jeuner au bord de l'eau<br \/>Retour \u00e0 l'h\u00f4tel<\/p>\n<h3>\u2139\ufe0f Informations utiles<\/h3>\n<p>Dur\u00e9e : ~8-9 heures<br \/>\ud83d\udd39 Activit\u00e9 physique mod\u00e9r\u00e9e \u00e0 \u00e9lev\u00e9e<br \/>\ud83d\udd39 Aucune exp\u00e9rience n'est n\u00e9cessaire pour le rafting<br \/>\ud83d\udd39 Radeaux de 10 personnes inclus, kayaks de 2 personnes en suppl\u00e9ment.<br \/>\ud83d\udd39 Les enfants de moins de 6 ans voyagent gratuitement (pas de si\u00e8ge s\u00e9par\u00e9 sauf r\u00e9servation)<\/p>\n<h2>\ud83c\udf92 Ce qu'il faut apporter<\/h2>\n<p>Maillot de bain, serviette et cr\u00e8me solaire<br \/>\ud83d\udd39 Chaussures d'eau et v\u00eatements de rechange<br \/>\ud83d\udd39 Argent liquide pour les boissons ou les extras<\/p>\n<h3>\ud83d\udeab Ne convient pas pour<\/h3>\n<p>\ud83d\udd39 Les personnes souffrant de troubles cardiaques<br \/>\ud83d\udd39 Femmes enceintes<br \/>\ud83d\udd39 Enfants de moins de 4 ans<br \/>\ud83d\udd39 Voyageurs de plus de 70 ans<br \/>\ud83d\udd39 Utilisateurs de fauteuils roulants<\/p>\n<h2>\ud83d\udcb8 Prix et r\u00e9servation<\/h2>\n<p><strong>\ud83d\udd39 R\u00e9server maintenant, payer le jour de la visite<\/strong><br \/>\ud83d\udd39 Contactez-nous via <strong>WhatsApp<\/strong>, <strong>T\u00e9l\u00e9gramme<\/strong>, <strong>Viber<\/strong>, ou remplissez le formulaire de r\u00e9servation ci-dessous. \ud83d\udc47\ud83c\udffc<\/p>\n<p>\u00c0 la recherche d'alternatives ? Parcourir <a href=\"https:\/\/excursionsworld.com\/fr\/excursions-a-belek\/\">plus de visites \u00e0 Belek<\/a>.<\/p>","protected":false},"excerpt":{"rendered":"<p>R\u00e9server le <b>Belek Taz\u0131 Canyon Jeep Safari &amp; Rafting<\/b> combo ! L'aventure ultime d'une journ\u00e9e enti\u00e8re : Explorez les falaises et faites le plein de sensations fortes dans les rapides du K\u00f6pr\u00fcl\u00fc Canyon. <b>Transfert inclus<\/b>!<\/p>","protected":false},"featured_media":12667,"comment_status":"open","ping_status":"closed","template":"","meta":[],"product_brand":[],"product_cat":[126],"product_tag":[120],"class_list":{"0":"post-15438","1":"product","2":"type-product","3":"status-publish","4":"has-post-thumbnail","6":"tour_phys-belek-tours","7":"product_cat-belek-tours","8":"product_tag-belek","9":"pa_destination-belek-tours","11":"first","12":"instock","13":"sale","14":"shipping-taxable","15":"purchasable","16":"product-type-tour_phys"},"aioseo_notices":[],"_links":{"self":[{"href":"https:\/\/excursionsworld.com\/fr\/wp-json\/wp\/v2\/product\/15438","targetHints":{"allow":["GET"]}}],"collection":[{"href":"https:\/\/excursionsworld.com\/fr\/wp-json\/wp\/v2\/product"}],"about":[{"href":"https:\/\/excursionsworld.com\/fr\/wp-json\/wp\/v2\/types\/product"}],"replies":[{"embeddable":true,"href":"https:\/\/excursionsworld.com\/fr\/wp-json\/wp\/v2\/comments?post=15438"}],"wp:featuredmedia":[{"embeddable":true,"href":"https:\/\/excursionsworld.com\/fr\/wp-json\/wp\/v2\/media\/12667"}],"wp:attachment":[{"href":"https:\/\/excursionsworld.com\/fr\/wp-json\/wp\/v2\/media?parent=15438"}],"wp:term":[{"taxonomy":"product_brand","embeddable":true,"href":"https:\/\/excursionsworld.com\/fr\/wp-json\/wp\/v2\/product_brand?post=15438"},{"taxonomy":"product_cat","embeddable":true,"href":"https:\/\/excursionsworld.com\/fr\/wp-json\/wp\/v2\/product_cat?post=15438"},{"taxonomy":"product_tag","embeddable":true,"href":"https:\/\/excursionsworld.com\/fr\/wp-json\/wp\/v2\/product_tag?post=15438"}],"curies":[{"name":"wp","href":"https:\/\/api.w.org\/{rel}","templated":true}]}}