{"id":15440,"date":"2025-10-28T13:07:42","date_gmt":"2025-10-28T10:07:42","guid":{"rendered":"https:\/\/excursionsworld.com\/?post_type=product&#038;p=15440"},"modified":"2026-04-24T00:20:58","modified_gmt":"2026-04-23T21:20:58","slug":"tazi-canyon-rafting-jeep-alanya","status":"publish","type":"product","link":"https:\/\/excursionsworld.com\/tours\/tazi-canyon-rafting-jeep-alanya\/","title":{"rendered":"Excursion Combo Taz\u0131 Canyon: Rafting &amp; Jeep Safari depuis Alanya"},"content":{"rendered":"<h2><span style=\"color: #000000;\"><strong>\ud83c\udfde\ufe0f Vue d'ensemble<\/strong><\/span><\/h2>\n<p>Partir de <strong><a href=\"https:\/\/en.wikipedia.org\/wiki\/Alanya\" target=\"_blank\" rel=\"noopener\">Alanya<\/a>, Oba, Tosmur, Kestel, Mahmutlar, ou Konakl\u0131<\/strong> pour une journ\u00e9e palpitante dans la nature ! Profitez d'un safari en jeep \u00e0 travers les montagnes du Taurus, admirez les paysages spectaculaires de la vall\u00e9e de l'Orkhon. <strong>Canyon de Taz\u0131<\/strong>, et de faire du rafting (en option) <strong>Canyon de K\u00f6pr\u00fcl\u00fc<\/strong>. Un m\u00e9lange parfait d'excitation et de beaut\u00e9 des paysages !<\/p>\n<h3><strong>Inclus :<\/strong><\/h3>\n<p><span style=\"color: #00ff00;\"><strong>\u2713<\/strong> <\/span>Prise en charge et retour \u00e0 l'h\u00f4tel<br \/><span style=\"color: #00ff00;\"><strong>\u2713<\/strong> <\/span>Bus confortable et climatis\u00e9<br \/><span style=\"color: #00ff00;\"><strong>\u2713<\/strong> <\/span>Safari en jeep<br \/><span style=\"color: #00ff00;\"><strong>\u2713<\/strong> <\/span>Rafting sur des radeaux de 10 personnes<br \/><span style=\"color: #00ff00;\"><strong>\u2713<\/strong> <\/span>Assurance<br \/><span style=\"color: #00ff00;\"><strong>\u2713<\/strong> <\/span>Guide<br \/><span style=\"color: #00ff00;\"><strong>\u2713<\/strong> <\/span>D\u00e9jeuner<br \/><span style=\"color: #00ff00;\"><strong>\u2713<\/strong> <\/span>Zipline<\/p>\n<h3><strong>Non inclus :<\/strong><\/h3>\n<p><span style=\"color: #ff0000;\"><strong>\u2717<\/strong> <\/span>Kayaks pour 2 personnes (en suppl\u00e9ment)<br \/><span style=\"color: #ff0000;\"><strong>\u2717<\/strong> <\/span>D\u00e9penses personnelles<br \/><span style=\"color: #ff0000;\"><strong>\u2717<\/strong> <\/span>Photos et vid\u00e9os<br \/><span style=\"color: #ff0000;\"><strong>\u2717<\/strong> <\/span>Boissons<\/p>\n<h2><span style=\"color: #000000;\"><strong>\ud83c\udf1f Points forts de la visite<\/strong><\/span><\/h2>\n<p>\ud83d\udd39 Safari panoramique en jeep \u00e0 travers les montagnes<br \/>\ud83d\udd39 Point de vue exceptionnel sur le canyon de Taz\u0131<br \/>\ud83d\udd39 Aventure optionnelle de rafting dans le canyon de K\u00f6pr\u00fcl\u00fc<br \/>\ud83d\udd39 D\u00e9jeuner au bord de la rivi\u00e8re<br \/>\ud83d\udd39 Transferts depuis la r\u00e9gion d'Alanya<\/p>\n<h2><span style=\"color: #000000;\"><strong>\ud83d\udcd6 Description compl\u00e8te<\/strong><\/span><\/h2>\n<p>Apr\u00e8s une prise en charge \u00e0 l'h\u00f4tel \u00e0 partir d'Alanya ou des environs, vous vous dirigez vers la majestueuse ville d'Alanya. <strong>Monts Taurus<\/strong>. Votre aventure commence par un safari en jeep tout-terrain \u00e0 travers les for\u00eats de pins et les charmants villages de montagne. Arriv\u00e9e \u00e0 <strong>Canyon de K\u00f6pr\u00fcl\u00fc<\/strong> et choisissez entre le rafting sur des bateaux de 10 personnes ou la d\u00e9tente au bord de l'eau. Plus tard, continuez en jeep jusqu'au <strong>Canyon de Taz\u0131<\/strong> o\u00f9 vous profiterez de vues panoramiques \u00e0 couper le souffle. Terminez votre excursion par un d\u00e9licieux d\u00e9jeuner au bord de la rivi\u00e8re avant de rentrer \u00e0 Alanya.<\/p>\n<h3><span style=\"color: #000000;\"><strong>\ud83d\uddfa\ufe0f Itin\u00e9raire de la visite<\/strong><\/span><\/h3>\n<p>\ud83d\udd39 Prise en charge \u00e0 partir des h\u00f4tels d'Alanya, Oba, Tosmur, Kestel, Mahmutlar, Konakl\u0131<br \/>\ud83d\udd39 Safari en jeep sur les routes de montagne<br \/>\ud83d\udd39 Visite de la base du canyon de K\u00f6pr\u00fcl\u00fc (rafting en option)<br \/>\ud83d\udd39 Conduite jusqu'au point de vue du canyon de Taz\u0131<br \/>\ud83d\udd39 D\u00e9jeuner au bord de la rivi\u00e8re<br \/>\ud83d\udd39 Transfert de retour<\/p>\n<h3><span style=\"color: #000000;\"><strong>\u2139\ufe0f Informations utiles<\/strong><\/span><\/h3>\n<p>Dur\u00e9e : ~9 heures (journ\u00e9e compl\u00e8te)<br \/>\ud83d\udd39 Aucune exp\u00e9rience du rafting n'est requise<br \/>\ud83d\udd39 Les enfants de moins de 6 ans voyagent gratuitement (pas de si\u00e8ge s\u00e9par\u00e9 sauf r\u00e9servation)<br \/>\ud83d\udd39 Extras facultatifs : tyrolienne, kayak pour deux personnes<\/p>\n<h2><span style=\"color: #000000;\"><strong>\ud83c\udf92 Ce qu'il faut apporter<\/strong><\/span><\/h2>\n<p>Maillot de bain, serviette et cr\u00e8me solaire<br \/>\ud83d\udd39 Chaussures d'eau et v\u00eatements de rechange<br \/>\ud83d\udd39 Argent liquide pour les boissons ou les extras<\/p>\n<h3><span style=\"color: #000000;\"><strong>\ud83d\udeab Ne convient pas pour<\/strong><\/span><\/h3>\n<p>\ud83d\udd39 Les personnes souffrant de troubles cardiaques<br \/>\ud83d\udd39 Femmes enceintes<br \/>\ud83d\udd39 Enfants de moins de 4 ans<br \/>\ud83d\udd39 Voyageurs de plus de 70 ans<br \/>\ud83d\udd39 Utilisateurs de fauteuils roulants<\/p>\n<h2><span style=\"color: #000000;\"><strong>\ud83d\udcb8 Prix et r\u00e9servation<\/strong><\/span><\/h2>\n<p><strong>\ud83d\udd39 R\u00e9server maintenant, payer le jour de la visite<\/strong><br \/>\ud83d\udd39 Contactez-nous via <strong>WhatsApp<\/strong>, <strong>T\u00e9l\u00e9gramme<\/strong>, <strong>Viber<\/strong>, ou remplissez le formulaire de r\u00e9servation ci-dessous. \ud83d\udc47\ud83c\udffc<\/p>\n<p>\u00c0 la recherche d'alternatives ? Parcourir <a href=\"https:\/\/excursionsworld.com\/fr\/excursions-a-alanya\/\">plus de visites \u00e0 Alanya<\/a>.<\/p>","protected":false},"excerpt":{"rendered":"<p>R\u00e9server le <b>Alanya Taz\u0131 Canyon Jeep Safari &amp; Rafting<\/b> combo ! L'aventure ultime d'une journ\u00e9e enti\u00e8re : Explorez les falaises et faites le plein de sensations fortes dans les rapides du K\u00f6pr\u00fcl\u00fc Canyon. <b>Transfert inclus<\/b>!<\/p>","protected":false},"featured_media":12667,"comment_status":"open","ping_status":"closed","template":"","meta":[],"product_brand":[],"product_cat":[128],"product_tag":[111],"class_list":{"0":"post-15440","1":"product","2":"type-product","3":"status-publish","4":"has-post-thumbnail","6":"tour_phys-alanya-tours","7":"product_cat-alanya-tours","8":"product_tag-alanya","9":"pa_destination-alanya-tours","11":"first","12":"instock","13":"sale","14":"shipping-taxable","15":"purchasable","16":"product-type-tour_phys"},"aioseo_notices":[],"_links":{"self":[{"href":"https:\/\/excursionsworld.com\/fr\/wp-json\/wp\/v2\/product\/15440","targetHints":{"allow":["GET"]}}],"collection":[{"href":"https:\/\/excursionsworld.com\/fr\/wp-json\/wp\/v2\/product"}],"about":[{"href":"https:\/\/excursionsworld.com\/fr\/wp-json\/wp\/v2\/types\/product"}],"replies":[{"embeddable":true,"href":"https:\/\/excursionsworld.com\/fr\/wp-json\/wp\/v2\/comments?post=15440"}],"wp:featuredmedia":[{"embeddable":true,"href":"https:\/\/excursionsworld.com\/fr\/wp-json\/wp\/v2\/media\/12667"}],"wp:attachment":[{"href":"https:\/\/excursionsworld.com\/fr\/wp-json\/wp\/v2\/media?parent=15440"}],"wp:term":[{"taxonomy":"product_brand","embeddable":true,"href":"https:\/\/excursionsworld.com\/fr\/wp-json\/wp\/v2\/product_brand?post=15440"},{"taxonomy":"product_cat","embeddable":true,"href":"https:\/\/excursionsworld.com\/fr\/wp-json\/wp\/v2\/product_cat?post=15440"},{"taxonomy":"product_tag","embeddable":true,"href":"https:\/\/excursionsworld.com\/fr\/wp-json\/wp\/v2\/product_tag?post=15440"}],"curies":[{"name":"wp","href":"https:\/\/api.w.org\/{rel}","templated":true}]}}