{"id":15447,"date":"2025-10-28T16:02:52","date_gmt":"2025-10-28T13:02:52","guid":{"rendered":"https:\/\/excursionsworld.com\/?post_type=product&#038;p=15447"},"modified":"2026-04-24T00:20:59","modified_gmt":"2026-04-23T21:20:59","slug":"croisiere-pirate-coucher-soleil-kemer","status":"publish","type":"product","link":"https:\/\/excursionsworld.com\/tours\/kemer-pirate-sunset-boat-tour\/","title":{"rendered":"Kemer: Croisi\u00e8re en Bateau Pirate au Coucher du Soleil \u2013 Tout Inclus"},"content":{"rendered":"<h2>\ud83c\udff4\u200d\u2620\ufe0f Vue d'ensemble<\/h2>\n<p>Vivez une soir\u00e9e inoubliable sur le <strong>Excursion en bateau au coucher du soleil \u00e0 Gonster depuis <a href=\"https:\/\/en.wikipedia.org\/wiki\/Kemer,_Antalya\" target=\"_blank\" rel=\"noopener\">Kemer<\/a><\/strong> - une croisi\u00e8re tout compris de 4 heures \u00e0 bord du plus grand bateau pirate \u00e0 quatre ponts d'Europe. Profitez d'un coucher de soleil \u00e0 couper le souffle, de pauses baignades dans les baies Paradise et Moonlight, d'un d\u00e9licieux d\u00eener buffet ouvert, de boissons \u00e0 volont\u00e9 et d'une soir\u00e9e mousse anim\u00e9e, le tout en une soir\u00e9e m\u00e9diterran\u00e9enne magique.<\/p>\n<h3>\u00a0Inclus :<\/h3>\n<p><span style=\"color: #00ff00;\"><strong>\u2713<\/strong> <\/span>Prise en charge et retour \u00e0 l'h\u00f4tel\u00a0<br \/><span style=\"color: #00ff00;\"><strong>\u2713<\/strong> <\/span>D\u00eener sous forme de buffet ouvert (poulet, p\u00e2tes, pilaf, salades)<br \/><span style=\"color: #00ff00;\"><strong>\u2713<\/strong> <\/span>Boissons non alcoolis\u00e9es illimit\u00e9es, bi\u00e8re pression (Tuborg), vin rouge et blanc<br \/><span style=\"color: #00ff00;\"><strong>\u2713<\/strong> <\/span>F\u00eate de la mousse et divertissement<br \/><span style=\"color: #00ff00;\"><strong>\u2713<\/strong> <\/span>Equipage parlant anglais, russe et turc<br \/><span style=\"color: #00ff00;\"><strong>\u2713<\/strong> <\/span>Assurance compl\u00e8te<\/p>\n<h3>\u00a0Non inclus :<\/h3>\n<p><span style=\"color: #ff0000;\"><strong>\u2717<\/strong> <\/span>Autres boissons alcoolis\u00e9es<br \/><span style=\"color: #ff0000;\"><strong>\u2717<\/strong> <\/span>D\u00e9penses personnelles<br \/><span style=\"color: #ff0000;\"><strong>\u2717<\/strong> <\/span>Photos et vid\u00e9os<\/p>\n<h2>\ud83c\udf1f Faits saillants de la visite : Tour en bateau pirate au coucher du soleil \u00e0 Kemer<\/h2>\n<p>\ud83d\udd39 Sail on <strong>Le plus grand bateau pirate \u00e0 quatre ponts d'Europe, le \u201cGonster\u201d.\u201d<\/strong> avec une capacit\u00e9 de 394 personnes<br \/>\ud83d\udd39 Profitez de deux arr\u00eats de baignade \u00e0 <strong>Baie des Paradis<\/strong> et <strong>Baie du clair de lune<\/strong><br \/>\ud83d\udd39 Watch a breathtaking <strong>Coucher de soleil m\u00e9diterran\u00e9en<\/strong> depuis le pont sup\u00e9rieur<br \/>\ud83d\udd39 Feast on an <strong>d\u00eener buffet ouvert<\/strong> avec boissons \u00e0 volont\u00e9<br \/>\ud83d\udd39 Dansez, chantez, et riez \u00e0 la <strong>f\u00eate de la mousse &amp; animations<\/strong><br \/>\ud83d\udd39 Parfait pour les couples, les familles et les amis qui cherchent \u00e0 s'amuser et \u00e0 se d\u00e9tendre<\/p>\n<h2>\ud83d\udcd6 Description compl\u00e8te : Votre exp\u00e9rience de tour en bateau au coucher du soleil des pirates \u00e0 Kemer<\/h2>\n<p>Le <strong>Excursion en bateau au coucher du soleil \u00e0 Gonster<\/strong> offre un m\u00e9lange parfait d'aventure, de d\u00e9tente et de divertissement.<br \/>Apr\u00e8s une prise en charge \u00e0 l'h\u00f4tel \u00e0 Kemer et dans les environs, vous monterez \u00e0 bord du majestueux bateau pirate Gonster \u00e0 quatre ponts dans le port de Kemer. Alors que le navire navigue dans les eaux turquoises de la M\u00e9diterran\u00e9e, vous pourrez profiter de votre premier arr\u00eat baignade \u00e0 <strong>Baie des Paradis<\/strong>, La ville est entour\u00e9e de falaises couvertes de pins.<\/p>\n<p>Au coucher du soleil, un <strong>d\u00eener buffet ouvert<\/strong> Des plats turcs traditionnels seront servis \u00e0 bord. Profitez d'une quantit\u00e9 illimit\u00e9e de bi\u00e8re, de vin et de boissons non alcoolis\u00e9es tout en admirant le coucher de soleil peindre le ciel de teintes dor\u00e9es et rouges.<\/p>\n<p>La soir\u00e9e se poursuit par une <strong>f\u00eate de la mousse<\/strong> sur le pont sup\u00e9rieur - musique, danse et joie pour tous les \u00e2ges. Avant de repartir, vous vous arr\u00eaterez une fois de plus pour une baignade rafra\u00eechissante \u00e0 <strong>Baie du clair de lune<\/strong>, Un endroit id\u00e9al pour les photos de nuit.<\/p>\n<p>Retour au port vers 21:45 et transfert confortable vers votre h\u00f4tel.<\/p>\n<h3>\ud83d\uddfa\ufe0f Itin\u00e9raire de la visite<\/h3>\n<p>Prise en charge par l'h\u00f4tel \u00e0 partir de Kemer et des environs<br \/>\ud83d\udd39Boarding at Kemer Harbour<br \/>\ud83d\udd39D\u00e9part et briefing sur la s\u00e9curit\u00e9<br \/>Pause baignade \u00e0 Paradise Bay<br \/>\ud83d\udd39D\u00eener buffet ouvert au coucher du soleil<br \/>\ud83d\udd39Foam party &amp; entertainment<br \/>Arr\u00eat baignade \u00e0 Moonlight Bay<br \/>Retour au port de Kemer et transfert \u00e0 l'h\u00f4tel<\/p>\n<h3>\u2139\ufe0f Informations utiles<\/h3>\n<p>Dur\u00e9e : Environ 4 heures<br \/>\ud83d\udd39 Heure de d\u00e9part : 18h00 (arriver 30 minutes avant le d\u00e9part)<br \/>\ud83d\udd39 Langues de l'\u00e9quipage : Anglais, Russe, Turc<br \/>\ud83d\udd39 Une exp\u00e9rience familiale adapt\u00e9e \u00e0 tous les \u00e2ges<br \/>\ud83d\udd39 Grande capacit\u00e9 (394 personnes) avec terrasses int\u00e9rieures et ext\u00e9rieures<\/p>\n<h2>\ud83c\udf92 Ce qu'il faut apporter<\/h2>\n<p>Maillot de bain et serviette de bain<br \/>Cr\u00e8me solaire, lunettes de soleil et chapeau<br \/>\ud83d\udd39 Appareil photo ou smartphone<br \/>\ud83d\udd39 Un peu d'argent pour les extras<br \/>\ud83d\udd39 Sandales ou tongs confortables<\/p>\n<h3>\ud83d\udeab Ne convient pas pour<\/h3>\n<p>\ud83d\udd39 Femmes enceintes<br \/>\ud83d\udd39 Les h\u00f4tes souffrant d'un grave mal des transports<\/p>\n<h2><span style=\"color: #000000;\"><strong><img decoding=\"async\" class=\"emoji\" role=\"img\" draggable=\"false\" src=\"https:\/\/s.w.org\/images\/core\/emoji\/16.0.1\/svg\/1f4b8.svg\" alt=\"\ud83d\udcb8\" \/>\u00a0Prix et r\u00e9servation<\/strong><\/span><\/h2>\n<div class=\"elementor-element elementor-element-57a2f74 elementor-widget-divider--view-line elementor-widget elementor-widget-divider\" data-id=\"57a2f74\" data-element_type=\"widget\" data-widget_type=\"divider.default\">\n<div class=\"elementor-widget-container\"><strong>\ud83d\udd39 R\u00e9server maintenant, payer le jour de la visite<\/strong><br \/>\ud83d\udd39 Contactez-nous via <strong>WhatsApp<\/strong>,\u00a0<strong>T\u00e9l\u00e9gramme<\/strong>,\u00a0<strong>Viber<\/strong>, ou remplissez le formulaire de r\u00e9servation ci-dessous.\u00a0<img decoding=\"async\" class=\"emoji\" role=\"img\" draggable=\"false\" src=\"https:\/\/s.w.org\/images\/core\/emoji\/16.0.1\/svg\/1f447-1f3fd.svg\" alt=\"\ud83d\udc47\ud83c\udffd\" \/><\/div>\n<\/div>\n<p>\u00c0 la recherche d'alternatives ? Parcourir <a href=\"https:\/\/excursionsworld.com\/fr\/excursions-a-kemer\/\">Plus de visites \u00e0 Kemer<\/a>.<\/p>","protected":false},"excerpt":{"rendered":"<p>R\u00e9server le <b>Excursion en bateau au coucher du soleil \u00e0 Kemer Gonster<\/b>! Profitez d'un <b>croisi\u00e8re tout compris<\/b> avec f\u00eate de la mousse, d\u00eener, <b>boissons \u00e0 volont\u00e9<\/b>, et une vue imprenable sur le coucher de soleil m\u00e9diterran\u00e9en.<\/p>","protected":false},"featured_media":15448,"comment_status":"open","ping_status":"closed","template":"","meta":[],"product_brand":[],"product_cat":[124,130],"product_tag":[105],"class_list":{"0":"post-15447","1":"product","2":"type-product","3":"status-publish","4":"has-post-thumbnail","6":"tour_phys-kemer-tours","7":"tour_phys-pirate-boat-tours","8":"product_cat-kemer-tours","9":"product_cat-pirate-boat-tours","10":"product_tag-kemer","11":"pa_destination-kemer-tours","12":"pa_kategori-pirate-boat-tours","14":"first","15":"instock","16":"sale","17":"shipping-taxable","18":"purchasable","19":"product-type-tour_phys"},"aioseo_notices":[],"_links":{"self":[{"href":"https:\/\/excursionsworld.com\/fr\/wp-json\/wp\/v2\/product\/15447","targetHints":{"allow":["GET"]}}],"collection":[{"href":"https:\/\/excursionsworld.com\/fr\/wp-json\/wp\/v2\/product"}],"about":[{"href":"https:\/\/excursionsworld.com\/fr\/wp-json\/wp\/v2\/types\/product"}],"replies":[{"embeddable":true,"href":"https:\/\/excursionsworld.com\/fr\/wp-json\/wp\/v2\/comments?post=15447"}],"wp:featuredmedia":[{"embeddable":true,"href":"https:\/\/excursionsworld.com\/fr\/wp-json\/wp\/v2\/media\/15448"}],"wp:attachment":[{"href":"https:\/\/excursionsworld.com\/fr\/wp-json\/wp\/v2\/media?parent=15447"}],"wp:term":[{"taxonomy":"product_brand","embeddable":true,"href":"https:\/\/excursionsworld.com\/fr\/wp-json\/wp\/v2\/product_brand?post=15447"},{"taxonomy":"product_cat","embeddable":true,"href":"https:\/\/excursionsworld.com\/fr\/wp-json\/wp\/v2\/product_cat?post=15447"},{"taxonomy":"product_tag","embeddable":true,"href":"https:\/\/excursionsworld.com\/fr\/wp-json\/wp\/v2\/product_tag?post=15447"}],"curies":[{"name":"wp","href":"https:\/\/api.w.org\/{rel}","templated":true}]}}