{"id":15455,"date":"2025-10-28T21:15:13","date_gmt":"2025-10-28T18:15:13","guid":{"rendered":"https:\/\/excursionsworld.com\/?post_type=product&#038;p=15455"},"modified":"2026-04-24T00:20:59","modified_gmt":"2026-04-23T21:20:59","slug":"relax-bateau-antalya","status":"publish","type":"product","link":"https:\/\/excursionsworld.com\/tours\/relax-boat-antalya\/","title":{"rendered":"Excursion en bateau Relax depuis Antalya\u2013 Petit Groupe"},"content":{"rendered":"<h2>\ud83c\udfdd\ufe0f Vue d'ensemble<\/h2>\n<p>\u00c9chappez \u00e0 la ville et profitez d'une journ\u00e9e paisible en mer \u00e0 bord du <strong>Excursion en yacht relaxante \u00e0 Antalya vers <a href=\"https:\/\/en.wikipedia.org\/wiki\/Kemer,_Antalya\" target=\"_blank\" rel=\"noopener\">Kemer<\/a><\/strong>. Naviguez le long de la superbe c\u00f4te turquoise, nagez dans des baies tranquilles et d\u00e9tendez-vous sur le pont dans une atmosph\u00e8re calme et sans musique. Id\u00e9al pour les couples et les familles en qu\u00eate de confort et de s\u00e9r\u00e9nit\u00e9.<\/p>\n<h3>Inclus<\/h3>\n<p><strong><span style=\"color: #00ff00;\">\u2713<\/span><\/strong> Prise en charge et retour \u00e0 l'h\u00f4tel\u00a0<br \/><strong><span style=\"color: #00ff00;\">\u2713 <\/span><\/strong>Guide professionnel<br \/><strong><span style=\"color: #00ff00;\">\u2713 <\/span><\/strong>Assurance<br \/><strong><span style=\"color: #00ff00;\">\u2713 <\/span><\/strong>D\u00e9jeuner (poulet grill\u00e9, riz, salade)<\/p>\n<h3>Non inclus<\/h3>\n<p><strong><span style=\"color: #ff0000;\">\u2717<\/span> <\/strong>Boissons<br \/><strong><span style=\"color: #ff0000;\">\u2717<\/span> <\/strong>D\u00e9penses personnelles<br \/><strong><span style=\"color: #ff0000;\">\u2717<\/span> <\/strong>Photos et vid\u00e9os<\/p>\n<h2>\ud83c\udf1f points forts de la visite de ce yacht de relaxation depuis Antalya<\/h2>\n<p>\ud83d\udd39 Un yacht paisible, sans musique, avec un nombre limit\u00e9 d'invit\u00e9s<br \/>\ud83d\udd39 Baignade dans les baies de Phaselis, Paradise et Moonlight<br \/>\ud83d\udd39 Vues panoramiques sur le littoral de Kemer et la grotte des pirates<br \/>\ud83d\udd39 D\u00e9jeuner d\u00e9licieux servi \u00e0 bord<br \/>\ud83d\udd39 Id\u00e9al pour les familles et les amateurs de d\u00e9tente<\/p>\n<h2>\ud83d\udcd6 Description compl\u00e8te : Votre exp\u00e9rience de tour en yacht relaxant au d\u00e9part d'Antalya<\/h2>\n<p>Cette excursion d'une journ\u00e9e en yacht part du port de Kemer et comprend le transfert \u00e0 l'h\u00f4tel \u00e0 partir d'Antalya et des districts avoisinants.<br \/>Croisi\u00e8re le long de la c\u00f4te \u00e9poustouflante de Kemer, avec des arr\u00eats \u00e0 <strong>Baie de Phaselis<\/strong> de se baigner pr\u00e8s de ruines antiques, <strong>Baie des Paradis<\/strong> pour ses eaux claires et calmes, et <strong>Baie du clair de lune<\/strong> - un endroit id\u00e9al pour la baignade et les photos.<br \/>Profitez d'un d\u00e9licieux d\u00e9jeuner \u00e0 bord avant de rentrer au port dans l'apr\u00e8s-midi.<br \/>Il n'y a pas de musique forte ni de foule - juste le bruit de la mer et la beaut\u00e9 de la nature pour une \u00e9vasion relaxante.<\/p>\n<h3>\ud83d\uddfa\ufe0f Itin\u00e9raire de la visite<\/h3>\n<p>\ud83d\udd39 Prise en charge dans les h\u00f4tels de la r\u00e9gion d'Antalya<br \/>\ud83d\udd39 Transfert vers le port de Kemer<br \/>\ud83d\udd39 D\u00e9part en yacht et croisi\u00e8re le long de la c\u00f4te<br \/>\ud83d\udd39 Arr\u00eat baignade \u00e0 la baie de Phaselis<br \/>Arr\u00eat baignade \u00e0 Paradise Bay<br \/>Arr\u00eat baignade \u00e0 Moonlight Bay<br \/>\ud83d\udd39 Visite de la grotte des pirates pour prendre des photos<br \/>Retour au port de Kemer et transfert \u00e0 l'h\u00f4tel<\/p>\n<h3>\u2139\ufe0f Informations utiles<\/h3>\n<p>Dur\u00e9e : environ 7-8 heures (transferts compris)<br \/>\ud83d\udd39 Ambiance calme et familiale<br \/>\ud83d\udd39 Option v\u00e9g\u00e9tarienne disponible sur demande<br \/>\ud83d\udd39 \u00c9quipage anglophone<br \/>\ud83d\udd39 Les enfants de moins de 5 ans voyagent gratuitement mais partagent un si\u00e8ge dans le v\u00e9hicule de transfert<\/p>\n<h2>\ud83c\udf92 Ce qu'il faut apporter<\/h2>\n<p>Maillot de bain et serviette de bain<br \/>Lunettes de soleil et cr\u00e8me solaire<br \/>\ud83d\udd39 Chapeau ou casquette<br \/>\ud83d\udd39 Petite somme d'argent pour les boissons ou les souvenirs<\/p>\n<h3>\ud83d\udeab Ne convient pas pour<\/h3>\n<p>\ud83d\udd39 Les clients qui souhaitent faire la f\u00eate ou \u00e9couter de la musique forte<br \/>\ud83d\udd39 Personnes souffrant d'un mal de mer s\u00e9v\u00e8re<\/p>\n<h2>\ud83d\udcb8 Prix et r\u00e9servation<\/h2>\n<p><strong>\ud83d\udd39 R\u00e9server maintenant - payer le jour de la visite<\/strong><br \/>\ud83d\udd39 Contactez-nous via WhatsApp, Telegram, ou Viber pour les r\u00e9servations et les questions \ud83d\udc47\ud83c\udffc<\/p>\n<p>\u00c0 la recherche d'alternatives ? Parcourir <a href=\"https:\/\/excursionsworld.com\/fr\/excursions-a-antalya\/\">Plus de visites d'Antalya \u00e0 Kemer<\/a>.<\/p>","protected":false},"excerpt":{"rendered":"<p>Profitez d'une excursion en yacht relaxante au d\u00e9part d'Antalya - une excursion en mer luxueuse et priv\u00e9e avec transfert \u00e0 l'h\u00f4tel, chaises longues, baies turquoise et un d\u00e9licieux d\u00e9jeuner de bar.<\/p>","protected":false},"featured_media":15218,"comment_status":"open","ping_status":"closed","template":"","meta":[],"product_brand":[],"product_cat":[125],"product_tag":[107],"class_list":{"0":"post-15455","1":"product","2":"type-product","3":"status-publish","4":"has-post-thumbnail","6":"tour_phys-antalya-tours","7":"tour_phys-boat-tours","8":"product_cat-antalya-tours","9":"product_tag-antalya","10":"pa_destination-antalya-tours","11":"pa_kategori-boat-tours","13":"first","14":"instock","15":"sale","16":"shipping-taxable","17":"purchasable","18":"product-type-tour_phys"},"aioseo_notices":[],"_links":{"self":[{"href":"https:\/\/excursionsworld.com\/fr\/wp-json\/wp\/v2\/product\/15455","targetHints":{"allow":["GET"]}}],"collection":[{"href":"https:\/\/excursionsworld.com\/fr\/wp-json\/wp\/v2\/product"}],"about":[{"href":"https:\/\/excursionsworld.com\/fr\/wp-json\/wp\/v2\/types\/product"}],"replies":[{"embeddable":true,"href":"https:\/\/excursionsworld.com\/fr\/wp-json\/wp\/v2\/comments?post=15455"}],"wp:featuredmedia":[{"embeddable":true,"href":"https:\/\/excursionsworld.com\/fr\/wp-json\/wp\/v2\/media\/15218"}],"wp:attachment":[{"href":"https:\/\/excursionsworld.com\/fr\/wp-json\/wp\/v2\/media?parent=15455"}],"wp:term":[{"taxonomy":"product_brand","embeddable":true,"href":"https:\/\/excursionsworld.com\/fr\/wp-json\/wp\/v2\/product_brand?post=15455"},{"taxonomy":"product_cat","embeddable":true,"href":"https:\/\/excursionsworld.com\/fr\/wp-json\/wp\/v2\/product_cat?post=15455"},{"taxonomy":"product_tag","embeddable":true,"href":"https:\/\/excursionsworld.com\/fr\/wp-json\/wp\/v2\/product_tag?post=15455"}],"curies":[{"name":"wp","href":"https:\/\/api.w.org\/{rel}","templated":true}]}}