{"id":15456,"date":"2025-10-28T21:27:33","date_gmt":"2025-10-28T18:27:33","guid":{"rendered":"https:\/\/excursionsworld.com\/?post_type=product&#038;p=15456"},"modified":"2026-04-24T00:21:00","modified_gmt":"2026-04-23T21:21:00","slug":"porto-genoese-lagune-bleue-bateau-antalya","status":"publish","type":"product","link":"https:\/\/excursionsworld.com\/tours\/porto-genoese-blue-lagoon-boat-antalya\/","title":{"rendered":"Croisi\u00e8re Porto Genoese Excursion depuis Antalya \u2013 Lagune Bleue &amp; C\u00f4te"},"content":{"rendered":"<h2 dir=\"ltr\" data-pm-slice=\"1 1 []\"><span style=\"color: #000000;\"><strong>\u26f5 Vue d'ensemble<\/strong><\/span><\/h2>\n<p dir=\"ltr\">Profitez d'un voyage inoubliable en yacht depuis <a href=\"https:\/\/en.wikipedia.org\/wiki\/Antalya\" target=\"_blank\" rel=\"noopener\">Antalya<\/a>, Lara, Kundu, Belek, Bo\u011fazkent, Kadriye et Konyaalt\u0131 aux baies pittoresques d'Adrasan : Porto Genoese, Baie d'Akseki, Baie des Pirates et la Grotte Phosphorescente lumineuse. Les plages turquoise, un bain de boue revitalisant et un d\u00e9licieux d\u00e9jeuner \u00e0 bord en font la journ\u00e9e parfaite pour les amateurs de nature et de mer.<\/p>\n<h3 dir=\"ltr\"><strong>Inclus :<\/strong><\/h3>\n<p dir=\"ltr\"><span style=\"color: #00ff00;\"><strong>\u2713<\/strong><\/span> Prise en charge et retour \u00e0 l'h\u00f4tel<br \/>\n<span style=\"color: #00ff00;\"><strong>\u2713 <\/strong><\/span>Bus confortable et climatis\u00e9<br \/>\n<span style=\"color: #00ff00;\"><strong>\u2713 <\/strong><\/span>Assurance<br \/>\n<span style=\"color: #00ff00;\"><strong>\u2713 <\/strong><\/span>Guide<br \/>\n<span style=\"color: #00ff00;\"><strong>\u2713 <\/strong><\/span>D\u00e9jeuner et fruits de saison<br \/>\n<span style=\"color: #00ff00;\"><strong>\u2713 <\/strong><\/span>Th\u00e9 \u00e0 bord<\/p>\n<h3 dir=\"ltr\"><strong>Non inclus :<\/strong><\/h3>\n<p dir=\"ltr\"><span style=\"color: #ff0000;\"><strong>\u2717<\/strong><\/span> Boissons<br \/>\n<span style=\"color: #ff0000;\"><strong>\u2717 <\/strong><\/span>D\u00e9penses personnelles<br \/>\n<span style=\"color: #ff0000;\"><strong>\u2717 <\/strong><\/span>Photos et vid\u00e9os<\/p>\n<h2 dir=\"ltr\"><span style=\"color: #000000;\"><strong>\ud83c\udfdd\ufe0f Points forts de la visite<\/strong><\/span><\/h2>\n<p dir=\"ltr\">\ud83d\udd39 Baignade dans les eaux turquoises de la baie de Porto Genoese<br \/>\n\ud83d\udd39 Arr\u00eats \u00e0 Akseki et Pirate Bays<br \/>\n\ud83d\udd39 Croisi\u00e8re sur un \u00e9l\u00e9gant yacht de luxe<br \/>\n\ud83d\udd39 Bain d'argile relaxant<br \/>\n\ud83d\udd39 Possibilit\u00e9 de visiter la grotte magique des phosphorescents<br \/>\nD\u00e9jeuner et th\u00e9 d\u00e9licieux \u00e0 bord<\/p>\n<h2 dir=\"ltr\"><strong><span style=\"color: #000000;\">\ud83d\udcdc Description compl\u00e8te<\/span><\/strong><\/h2>\n<div>\u00a0Votre journ\u00e9e commence par un transfert depuis votre h\u00f4tel dans la r\u00e9gion d'Antalya jusqu'au port d'Adrasan. Une fois \u00e0 bord du yacht, vous prendrez le large pour une aventure maritime passionnante.<\/div>\n<div><strong>Baie d'Akseki<\/strong>: Le premier arr\u00eat est la baie d'Akseki, o\u00f9 vous aurez environ 30 minutes pour nager ou faire du snorkeling. Attention \u00e0 la pr\u00e9sence d'oursins - les chaussures de plong\u00e9e sont recommand\u00e9es.<\/div>\n<div><strong>Baie de Porto Genoese<\/strong>: Ensuite, vous arriverez \u00e0 la c\u00e9l\u00e8bre baie de Porto Genoese pour profiter de la mer pendant 60 minutes, prendre un bain d'argile et d\u00e9guster un d\u00e9licieux d\u00e9jeuner dans un paysage \u00e9poustouflant.<\/div>\n<div><strong>Pirate Bay<\/strong>: Apr\u00e8s 25 minutes de navigation, vous atteindrez la baie des pirates pour 40 minutes de baignade et de d\u00e9tente.<\/div>\n<div><strong>Grotte phosphorescente<\/strong>: Si le temps le permet, visite de la grotte phosphorescente, connue pour son effet lumineux et son atmosph\u00e8re captivante.<\/div>\n<div>\u00c0 la fin de l'excursion, vous retournerez au port et profiterez d'un transfert confortable vers votre h\u00f4tel.<\/div>\n<div dir=\"ltr\">\n<h3 dir=\"ltr\"><span style=\"color: #000000;\"><strong>\u2139\ufe0f Informations utiles<\/strong><\/span><\/h3>\n<p dir=\"ltr\">\ud83d\udd39 L'itin\u00e9raire peut \u00eatre modifi\u00e9 en fonction des conditions m\u00e9t\u00e9orologiques.<br \/>\n\ud83d\udd39 Certains arr\u00eats peuvent \u00eatre annul\u00e9s pour des raisons de s\u00e9curit\u00e9<br \/>\nIl ne s'agit pas d'une excursion consacr\u00e9e \u00e0 la plong\u00e9e avec tuba, mais vous pouvez apporter votre propre mat\u00e9riel.<br \/>\nDes chaussures antid\u00e9rapantes sont recommand\u00e9es.<br \/>\n\ud83d\udd39 Les enfants de moins de 5 ans voyageant gratuitement n'ont pas de si\u00e8ge s\u00e9par\u00e9 dans le bus. Si le bus est plein, ils s'assoient sur les genoux d'un adulte, ou un si\u00e8ge s\u00e9par\u00e9 peut \u00eatre r\u00e9serv\u00e9<\/p>\n<\/div>\n<h2 dir=\"ltr\"><span style=\"color: #000000;\"><strong>\ud83c\udf92 Ce qu'il faut apporter<\/strong><\/span><\/h2>\n<p dir=\"ltr\">Maillot de bain et serviette de bain<br \/>\nLunettes de soleil et cr\u00e8me solaire<br \/>\n\ud83d\udd39 Chapeau et bouteille d'eau<br \/>\n\ud83d\udd39 Mat\u00e9riel de plong\u00e9e avec tuba (facultatif)<\/p>\n<h3 dir=\"ltr\"><span style=\"color: #000000;\"><strong>\ud83d\udeab Ne convient pas pour<\/strong><\/span><\/h3>\n<p dir=\"ltr\">\ud83d\udd39 Personnes \u00e0 mobilit\u00e9 r\u00e9duite<br \/>\n\ud83d\udd39 Ceux qui sont sujets au mal de mer<\/p>\n<h2 dir=\"ltr\"><span style=\"color: #000000;\"><strong>\ud83d\udcb8 Prix et r\u00e9servation<\/strong><\/span><\/h2>\n<p dir=\"ltr\"><strong>\ud83d\udd39 R\u00e9server maintenant, payer le jour de la visite<\/strong><br \/>\n\ud83d\udd39 Contactez-nous via WhatsApp, Telegram, Viber, ou remplissez le formulaire de r\u00e9servation ci-dessous. \ud83d\udc47\ud83c\udffc<\/p>\n<p>\u00c0 la recherche d'alternatives ? Parcourir <a href=\"https:\/\/excursionsworld.com\/fr\/excursions-a-antalya\/\">plus de visites \u00e0 Antalya<\/a>.<\/p>","protected":false},"excerpt":{"rendered":"<p>R\u00e9servez ce s\u00e9jour inoubliable <b>excursion<\/b> de <b>Antalya<\/b>! Cette <b>visite quotidienne<\/b> \u00e0 Porto Genoese &amp; Blue Lagoon offre la baignade, le bain d'argile et le d\u00e9jeuner. La meilleure mer <b>voyage<\/b>!<\/p>","protected":false},"featured_media":12442,"comment_status":"open","ping_status":"closed","template":"","meta":[],"product_brand":[],"product_cat":[125],"product_tag":[107],"class_list":{"0":"post-15456","1":"product","2":"type-product","3":"status-publish","4":"has-post-thumbnail","6":"tour_phys-antalya-tours","7":"tour_phys-boat-tours","8":"product_cat-antalya-tours","9":"product_tag-antalya","10":"pa_destination-antalya-tours","11":"pa_kategori-boat-tours","13":"first","14":"instock","15":"sale","16":"shipping-taxable","17":"purchasable","18":"product-type-tour_phys"},"aioseo_notices":[],"_links":{"self":[{"href":"https:\/\/excursionsworld.com\/fr\/wp-json\/wp\/v2\/product\/15456","targetHints":{"allow":["GET"]}}],"collection":[{"href":"https:\/\/excursionsworld.com\/fr\/wp-json\/wp\/v2\/product"}],"about":[{"href":"https:\/\/excursionsworld.com\/fr\/wp-json\/wp\/v2\/types\/product"}],"replies":[{"embeddable":true,"href":"https:\/\/excursionsworld.com\/fr\/wp-json\/wp\/v2\/comments?post=15456"}],"wp:featuredmedia":[{"embeddable":true,"href":"https:\/\/excursionsworld.com\/fr\/wp-json\/wp\/v2\/media\/12442"}],"wp:attachment":[{"href":"https:\/\/excursionsworld.com\/fr\/wp-json\/wp\/v2\/media?parent=15456"}],"wp:term":[{"taxonomy":"product_brand","embeddable":true,"href":"https:\/\/excursionsworld.com\/fr\/wp-json\/wp\/v2\/product_brand?post=15456"},{"taxonomy":"product_cat","embeddable":true,"href":"https:\/\/excursionsworld.com\/fr\/wp-json\/wp\/v2\/product_cat?post=15456"},{"taxonomy":"product_tag","embeddable":true,"href":"https:\/\/excursionsworld.com\/fr\/wp-json\/wp\/v2\/product_tag?post=15456"}],"curies":[{"name":"wp","href":"https:\/\/api.w.org\/{rel}","templated":true}]}}